
{"id":91529,"date":"2022-09-03T12:07:49","date_gmt":"2022-09-03T12:07:49","guid":{"rendered":"https:\/\/elicrom.com\/?post_type=product&#038;p=91529"},"modified":"2022-09-03T12:07:49","modified_gmt":"2022-09-03T12:07:49","slug":"14881-sensor-de-conductividad-k5","status":"publish","type":"product","link":"https:\/\/elicrom.com\/?product=14881-sensor-de-conductividad-k5","title":{"rendered":"Sensor de conductividad (K=5)"},"content":{"rendered":"<p>M\u00e1xima precisi\u00f3n desde aplicaciones ultrapuras hasta altas conductividades. Constante de c\u00e9lula nominal (K) = 5.0, 3\/4 de pulgada NPT Kynar (PVDF) Ajuste de compresi\u00f3n, 7m (23ft) Cable digital, Electrodo de titanio<\/p>\n<p>Dise\u00f1o de alto rendimiento<br \/>\nCapacidad de medici\u00f3n de resistividad y conductividad<br \/>\nVers\u00e1tiles estilos de montaje<br \/>\nConector &#8220;Plug and Play&#8221; para controladores digitales Hach sc<\/p>\n<p>Especificaciones:<br \/>\n-Precisi\u00f3n: \u00b1 2% de lectura por encima de 200 \u03bcS \/ cm<br \/>\n-Longitud del cable: Longitud del cable de la sonda est\u00e1ndar 7 m (23 pies)<br \/>\n-Longitud del cable 2: 6 m<br \/>\n-Flujo: 0 &#8211; 3 m \/ s (0-10 ft.\/s), m\u00e1ximo, completamente sumergido<br \/>\n-Rango de medicion: 0 &#8211; 10000 \u00b5S\/cm<br \/>\n-Rango de temperatura de funcionamiento: -20 &#8211; 200 \u00b0 C<br \/>\n-Rango de presi\u00f3n: 0 &#8211; 300 psi (20.7 BAR)<br \/>\n-Repetibilidad: \u00b1 0.5 de lectura<br \/>\n-Tiempo de respuesta: 90% de la lectura dentro de los 30 segundos del cambio de paso<br \/>\n-Sensibilidad: \u00b1 .05% de la lectura<br \/>\n-Cable del sensor: Digital: PUR (polietileno) de 5 conductores, blindado, clasificado a 150 \u00b0 C (302 \u00b0 F)<br \/>\n-Compensaci\u00f3n de temperatura: Compensador de temperatura Pt 1000 RTD<br \/>\n-Medida de temperatura: -20 &#8211; 200 \u00b0 C (-4 &#8211; 392 \u00b0 F)<br \/>\n-Distancia de transmisi\u00f3n: 1000 m (3280 pies), m\u00e1ximo cuando se usa con una accesorio modular<\/p>\n","protected":false},"excerpt":{"rendered":"<p>M\u00e1xima precisi\u00f3n desde aplicaciones ultrapuras hasta altas conductividades. Constante de c\u00e9lula nominal (K) = 5.0, 3\/4 de pulgada NPT Kynar (PVDF) Ajuste de compresi\u00f3n, 7m (23ft) Cable digital, Electrodo de<\/p>\n","protected":false},"featured_media":141018,"comment_status":"open","ping_status":"closed","template":"","meta":[],"product_brand":[],"product_cat":[3486,3493,1950,3488],"product_tag":[],"class_list":{"0":"post-91529","1":"product","2":"type-product","3":"status-publish","4":"has-post-thumbnail","6":"product_cat-Analizadores-de-lquidos","7":"product_cat-Conductividad","8":"product_cat-instrumentacion-menu","9":"product_cat-Sensores1_05092022101442","11":"first","12":"instock","13":"taxable","14":"shipping-taxable","15":"product-type-simple"},"aioseo_notices":[],"yoast_head":"<!-- This site is optimized with the Yoast SEO Premium plugin v27.4 (Yoast SEO v27.5) - https:\/\/yoast.com\/product\/yoast-seo-premium-wordpress\/ -->\n<title>Sensor de conductividad (K=5) - ELICROM<\/title>\n<meta name=\"robots\" content=\"index, follow, max-snippet:-1, max-image-preview:large, max-video-preview:-1\" \/>\n<link rel=\"canonical\" href=\"https:\/\/elicrom.com\/?product=14881\" \/>\n<meta property=\"og:locale\" content=\"es_ES\" \/>\n<meta property=\"og:type\" content=\"article\" \/>\n<meta property=\"og:title\" content=\"Sensor de conductividad (K=5)\" \/>\n<meta property=\"og:description\" content=\"M\u00e1xima precisi\u00f3n desde aplicaciones ultrapuras hasta altas conductividades. Constante de c\u00e9lula nominal (K) = 5.0, 3\/4 de pulgada NPT Kynar (PVDF) Ajuste de compresi\u00f3n, 7m (23ft) Cable digital, Electrodo de\" \/>\n<meta property=\"og:url\" content=\"https:\/\/elicrom.com\/?product=14881\" \/>\n<meta property=\"og:site_name\" content=\"ELICROM\" \/>\n<meta property=\"article:publisher\" content=\"https:\/\/www.facebook.com\/elicromlatam\" \/>\n<meta name=\"twitter:card\" content=\"summary_large_image\" \/>\n<meta name=\"twitter:label1\" content=\"Tiempo de lectura\" \/>\n\t<meta name=\"twitter:data1\" content=\"1 minuto\" \/>\n<script type=\"application\/ld+json\" class=\"yoast-schema-graph\">{\"@context\":\"https:\\\/\\\/schema.org\",\"@graph\":[{\"@type\":\"WebPage\",\"@id\":\"https:\\\/\\\/elicrom.com\\\/?product=14881\",\"url\":\"https:\\\/\\\/elicrom.com\\\/?product=14881\",\"name\":\"Sensor de conductividad (K=5) - ELICROM\",\"isPartOf\":{\"@id\":\"https:\\\/\\\/elicrom.com\\\/#website\"},\"primaryImageOfPage\":{\"@id\":\"https:\\\/\\\/elicrom.com\\\/?product=14881#primaryimage\"},\"image\":{\"@id\":\"https:\\\/\\\/elicrom.com\\\/?product=14881#primaryimage\"},\"thumbnailUrl\":\"https:\\\/\\\/elicrom.com\\\/wp-content\\\/uploads\\\/2013\\\/05\\\/14881-0.jpg\",\"datePublished\":\"2022-09-03T12:07:49+00:00\",\"breadcrumb\":{\"@id\":\"https:\\\/\\\/elicrom.com\\\/?product=14881#breadcrumb\"},\"inLanguage\":\"es\",\"potentialAction\":[{\"@type\":\"ReadAction\",\"target\":[\"https:\\\/\\\/elicrom.com\\\/?product=14881\"]}]},{\"@type\":\"ImageObject\",\"inLanguage\":\"es\",\"@id\":\"https:\\\/\\\/elicrom.com\\\/?product=14881#primaryimage\",\"url\":\"https:\\\/\\\/elicrom.com\\\/wp-content\\\/uploads\\\/2013\\\/05\\\/14881-0.jpg\",\"contentUrl\":\"https:\\\/\\\/elicrom.com\\\/wp-content\\\/uploads\\\/2013\\\/05\\\/14881-0.jpg\",\"width\":800,\"height\":800},{\"@type\":\"BreadcrumbList\",\"@id\":\"https:\\\/\\\/elicrom.com\\\/?product=14881#breadcrumb\",\"itemListElement\":[{\"@type\":\"ListItem\",\"position\":1,\"name\":\"Portada\",\"item\":\"https:\\\/\\\/elicrom.com\\\/\"},{\"@type\":\"ListItem\",\"position\":2,\"name\":\"Tienda en L\u00ednea\",\"item\":\"https:\\\/\\\/elicrom.com\\\/?page_id=3853\"},{\"@type\":\"ListItem\",\"position\":3,\"name\":\"Sensor de conductividad (K=5)\"}]},{\"@type\":\"WebSite\",\"@id\":\"https:\\\/\\\/elicrom.com\\\/#website\",\"url\":\"https:\\\/\\\/elicrom.com\\\/\",\"name\":\"ELICROM\",\"description\":\"Especializados en actividades espec\u00edficas como son las \u00e1reas de Metrolog\u00eda, Medio Ambiente, Validaciones, Mantenimiento de Equipos de Laboratorio y Construcci\u00f3n\\\/Reformas de Laboratorios.\",\"publisher\":{\"@id\":\"https:\\\/\\\/elicrom.com\\\/#organization\"},\"potentialAction\":[{\"@type\":\"SearchAction\",\"target\":{\"@type\":\"EntryPoint\",\"urlTemplate\":\"https:\\\/\\\/elicrom.com\\\/?s={search_term_string}\"},\"query-input\":{\"@type\":\"PropertyValueSpecification\",\"valueRequired\":true,\"valueName\":\"search_term_string\"}}],\"inLanguage\":\"es\"},{\"@type\":[\"Organization\",\"Place\"],\"@id\":\"https:\\\/\\\/elicrom.com\\\/#organization\",\"name\":\"ELICROM CIA. LTDA.\",\"url\":\"https:\\\/\\\/elicrom.com\\\/\",\"logo\":{\"@id\":\"https:\\\/\\\/elicrom.com\\\/?product=14881#local-main-organization-logo\"},\"image\":{\"@id\":\"https:\\\/\\\/elicrom.com\\\/?product=14881#local-main-organization-logo\"},\"sameAs\":[\"https:\\\/\\\/www.facebook.com\\\/elicromlatam\",\"https:\\\/\\\/www.linkedin.com\\\/company\\\/elicrom-cia-ltda\\\/\",\"https:\\\/\\\/www.instagram.com\\\/elicromlatam\\\/\",\"https:\\\/\\\/www.youtube.com\\\/channel\\\/UCdxnNtnb97QtSjABhpwY4Pw\"],\"telephone\":[],\"openingHoursSpecification\":[{\"@type\":\"OpeningHoursSpecification\",\"dayOfWeek\":[\"Monday\",\"Tuesday\",\"Wednesday\",\"Thursday\",\"Friday\",\"Saturday\",\"Sunday\"],\"opens\":\"09:00\",\"closes\":\"17:00\"}]},{\"@type\":\"ImageObject\",\"inLanguage\":\"es\",\"@id\":\"https:\\\/\\\/elicrom.com\\\/?product=14881#local-main-organization-logo\",\"url\":\"https:\\\/\\\/elicrom.com\\\/wp-content\\\/uploads\\\/2026\\\/04\\\/logo-elicrom200X200.jpg\",\"contentUrl\":\"https:\\\/\\\/elicrom.com\\\/wp-content\\\/uploads\\\/2026\\\/04\\\/logo-elicrom200X200.jpg\",\"width\":200,\"height\":200,\"caption\":\"ELICROM CIA. LTDA.\"}]}<\/script>\n<!-- \/ Yoast SEO Premium plugin. -->","yoast_head_json":{"title":"Sensor de conductividad (K=5) - ELICROM","robots":{"index":"index","follow":"follow","max-snippet":"max-snippet:-1","max-image-preview":"max-image-preview:large","max-video-preview":"max-video-preview:-1"},"canonical":"https:\/\/elicrom.com\/?product=14881","og_locale":"es_ES","og_type":"article","og_title":"Sensor de conductividad (K=5)","og_description":"M\u00e1xima precisi\u00f3n desde aplicaciones ultrapuras hasta altas conductividades. Constante de c\u00e9lula nominal (K) = 5.0, 3\/4 de pulgada NPT Kynar (PVDF) Ajuste de compresi\u00f3n, 7m (23ft) Cable digital, Electrodo de","og_url":"https:\/\/elicrom.com\/?product=14881","og_site_name":"ELICROM","article_publisher":"https:\/\/www.facebook.com\/elicromlatam","twitter_card":"summary_large_image","twitter_misc":{"Tiempo de lectura":"1 minuto"},"schema":{"@context":"https:\/\/schema.org","@graph":[{"@type":"WebPage","@id":"https:\/\/elicrom.com\/?product=14881","url":"https:\/\/elicrom.com\/?product=14881","name":"Sensor de conductividad (K=5) - ELICROM","isPartOf":{"@id":"https:\/\/elicrom.com\/#website"},"primaryImageOfPage":{"@id":"https:\/\/elicrom.com\/?product=14881#primaryimage"},"image":{"@id":"https:\/\/elicrom.com\/?product=14881#primaryimage"},"thumbnailUrl":"https:\/\/elicrom.com\/wp-content\/uploads\/2013\/05\/14881-0.jpg","datePublished":"2022-09-03T12:07:49+00:00","breadcrumb":{"@id":"https:\/\/elicrom.com\/?product=14881#breadcrumb"},"inLanguage":"es","potentialAction":[{"@type":"ReadAction","target":["https:\/\/elicrom.com\/?product=14881"]}]},{"@type":"ImageObject","inLanguage":"es","@id":"https:\/\/elicrom.com\/?product=14881#primaryimage","url":"https:\/\/elicrom.com\/wp-content\/uploads\/2013\/05\/14881-0.jpg","contentUrl":"https:\/\/elicrom.com\/wp-content\/uploads\/2013\/05\/14881-0.jpg","width":800,"height":800},{"@type":"BreadcrumbList","@id":"https:\/\/elicrom.com\/?product=14881#breadcrumb","itemListElement":[{"@type":"ListItem","position":1,"name":"Portada","item":"https:\/\/elicrom.com\/"},{"@type":"ListItem","position":2,"name":"Tienda en L\u00ednea","item":"https:\/\/elicrom.com\/?page_id=3853"},{"@type":"ListItem","position":3,"name":"Sensor de conductividad (K=5)"}]},{"@type":"WebSite","@id":"https:\/\/elicrom.com\/#website","url":"https:\/\/elicrom.com\/","name":"ELICROM","description":"Especializados en actividades espec\u00edficas como son las \u00e1reas de Metrolog\u00eda, Medio Ambiente, Validaciones, Mantenimiento de Equipos de Laboratorio y Construcci\u00f3n\/Reformas de Laboratorios.","publisher":{"@id":"https:\/\/elicrom.com\/#organization"},"potentialAction":[{"@type":"SearchAction","target":{"@type":"EntryPoint","urlTemplate":"https:\/\/elicrom.com\/?s={search_term_string}"},"query-input":{"@type":"PropertyValueSpecification","valueRequired":true,"valueName":"search_term_string"}}],"inLanguage":"es"},{"@type":["Organization","Place"],"@id":"https:\/\/elicrom.com\/#organization","name":"ELICROM CIA. LTDA.","url":"https:\/\/elicrom.com\/","logo":{"@id":"https:\/\/elicrom.com\/?product=14881#local-main-organization-logo"},"image":{"@id":"https:\/\/elicrom.com\/?product=14881#local-main-organization-logo"},"sameAs":["https:\/\/www.facebook.com\/elicromlatam","https:\/\/www.linkedin.com\/company\/elicrom-cia-ltda\/","https:\/\/www.instagram.com\/elicromlatam\/","https:\/\/www.youtube.com\/channel\/UCdxnNtnb97QtSjABhpwY4Pw"],"telephone":[],"openingHoursSpecification":[{"@type":"OpeningHoursSpecification","dayOfWeek":["Monday","Tuesday","Wednesday","Thursday","Friday","Saturday","Sunday"],"opens":"09:00","closes":"17:00"}]},{"@type":"ImageObject","inLanguage":"es","@id":"https:\/\/elicrom.com\/?product=14881#local-main-organization-logo","url":"https:\/\/elicrom.com\/wp-content\/uploads\/2026\/04\/logo-elicrom200X200.jpg","contentUrl":"https:\/\/elicrom.com\/wp-content\/uploads\/2026\/04\/logo-elicrom200X200.jpg","width":200,"height":200,"caption":"ELICROM CIA. LTDA."}]}},"_links":{"self":[{"href":"https:\/\/elicrom.com\/index.php?rest_route=\/wp\/v2\/product\/91529","targetHints":{"allow":["GET"]}}],"collection":[{"href":"https:\/\/elicrom.com\/index.php?rest_route=\/wp\/v2\/product"}],"about":[{"href":"https:\/\/elicrom.com\/index.php?rest_route=\/wp\/v2\/types\/product"}],"replies":[{"embeddable":true,"href":"https:\/\/elicrom.com\/index.php?rest_route=%2Fwp%2Fv2%2Fcomments&post=91529"}],"wp:featuredmedia":[{"embeddable":true,"href":"https:\/\/elicrom.com\/index.php?rest_route=\/wp\/v2\/media\/141018"}],"wp:attachment":[{"href":"https:\/\/elicrom.com\/index.php?rest_route=%2Fwp%2Fv2%2Fmedia&parent=91529"}],"wp:term":[{"taxonomy":"product_brand","embeddable":true,"href":"https:\/\/elicrom.com\/index.php?rest_route=%2Fwp%2Fv2%2Fproduct_brand&post=91529"},{"taxonomy":"product_cat","embeddable":true,"href":"https:\/\/elicrom.com\/index.php?rest_route=%2Fwp%2Fv2%2Fproduct_cat&post=91529"},{"taxonomy":"product_tag","embeddable":true,"href":"https:\/\/elicrom.com\/index.php?rest_route=%2Fwp%2Fv2%2Fproduct_tag&post=91529"}],"curies":[{"name":"wp","href":"https:\/\/api.w.org\/{rel}","templated":true}]}}