{"id":86119,"date":"2022-09-03T08:33:13","date_gmt":"2022-09-03T08:33:13","guid":{"rendered":"https:\/\/elicrom.com\/?post_type=product&#038;p=86119"},"modified":"2022-09-03T08:33:13","modified_gmt":"2022-09-03T08:33:13","slug":"12161-reactivo-en-polvo-de-acido-borico-pk-100","status":"publish","type":"product","link":"https:\/\/elicrom.com\/?product=12161-reactivo-en-polvo-de-acido-borico-pk-100","title":{"rendered":"Reactivo en polvo de \u00e1cido b\u00f3rico  pk\/100"},"content":{"rendered":"<p>Especificaci\u00f3n:<br \/>\nPara la determinaci\u00f3n de Amon\u00edaco por destilaci\u00f3n<br \/>\nPar\u00e1metro de amoniaco: 0.02 &#8211; 2.50 mg\/L NH\u2083-N<br \/>\nPaquete de 100 sobres de polvo<br \/>\n\t\t<\/p>\n","protected":false},"excerpt":{"rendered":"<p>Especificaci\u00f3n: Para la determinaci\u00f3n de Amon\u00edaco por destilaci\u00f3n Par\u00e1metro de amoniaco: 0.02 &#8211; 2.50 mg\/L NH\u2083-N Paquete de 100 sobres de polvo<\/p>\n","protected":false},"featured_media":134870,"comment_status":"open","ping_status":"closed","template":"","meta":{"_acf_changed":false},"product_brand":[],"product_cat":[1,3439,3438],"product_tag":[],"class_list":{"0":"post-86119","1":"product","2":"type-product","3":"status-publish","4":"has-post-thumbnail","6":"product_cat-uncategorized","7":"product_cat-Hach","8":"product_cat-Reactivos-y-estndares","10":"first","11":"instock","12":"taxable","13":"shipping-taxable","14":"product-type-simple"},"acf":[],"aioseo_notices":[],"_links":{"self":[{"href":"https:\/\/elicrom.com\/index.php?rest_route=\/wp\/v2\/product\/86119","targetHints":{"allow":["GET"]}}],"collection":[{"href":"https:\/\/elicrom.com\/index.php?rest_route=\/wp\/v2\/product"}],"about":[{"href":"https:\/\/elicrom.com\/index.php?rest_route=\/wp\/v2\/types\/product"}],"replies":[{"embeddable":true,"href":"https:\/\/elicrom.com\/index.php?rest_route=%2Fwp%2Fv2%2Fcomments&post=86119"}],"wp:featuredmedia":[{"embeddable":true,"href":"https:\/\/elicrom.com\/index.php?rest_route=\/wp\/v2\/media\/134870"}],"wp:attachment":[{"href":"https:\/\/elicrom.com\/index.php?rest_route=%2Fwp%2Fv2%2Fmedia&parent=86119"}],"wp:term":[{"taxonomy":"product_brand","embeddable":true,"href":"https:\/\/elicrom.com\/index.php?rest_route=%2Fwp%2Fv2%2Fproduct_brand&post=86119"},{"taxonomy":"product_cat","embeddable":true,"href":"https:\/\/elicrom.com\/index.php?rest_route=%2Fwp%2Fv2%2Fproduct_cat&post=86119"},{"taxonomy":"product_tag","embeddable":true,"href":"https:\/\/elicrom.com\/index.php?rest_route=%2Fwp%2Fv2%2Fproduct_tag&post=86119"}],"curies":[{"name":"wp","href":"https:\/\/api.w.org\/{rel}","templated":true}]}}