
{"id":82091,"date":"2022-09-03T06:11:49","date_gmt":"2022-09-03T06:11:49","guid":{"rendered":"https:\/\/elicrom.com\/?post_type=product&#038;p=82091"},"modified":"2022-09-03T06:11:49","modified_gmt":"2022-09-03T06:11:49","slug":"10104-posicionador-electroneumatico-de-operacion-giratoria-precisor-ii-serie-265","status":"publish","type":"product","link":"https:\/\/elicrom.com\/?product=10104-posicionador-electroneumatico-de-operacion-giratoria-precisor-ii-serie-265","title":{"rendered":"Posicionador electroneum\u00e1tico de operaci\u00f3n giratoria precisor II serie 265"},"content":{"rendered":"<p>Los posicionadores electroneum\u00e1ticos PRECISOR II serie 265 de DWYER tienen un alto rendimiento con funcionamiento excepcional para aplicaciones industriales. Es posible controlar con precisi\u00f3n v\u00e1lvulas giratorias con actuadores neum\u00e1ticos sencillos o dobles, como v\u00e1lvulas esf\u00e9ricas y de mariposa. El posicionador PRECISOR II modula la v\u00e1lvula proporcionalmente utilizando una se\u00f1al de entrada el\u00e9ctrica de 4-20mA. Su dise\u00f1o robusto y duradero lo hace ideal para entornos dif\u00edciles, a la vez que mantiene la posici\u00f3n precisa y exacta de los elementos de control con conexiones NAMUR est\u00e1ndar y otros tipos de palancas, adem\u00e1s tiene una vers\u00e1til leva lineal para acci\u00f3n directa, acci\u00f3n inversa o rangos divididos.<\/p>\n<p>Especificaciones:<br \/>\n-Se\u00f1al de entrada: 4-20 mA CC.<br \/>\n-Impedancia de entrada: 250 \u00b115 ohmios<br \/>\n-Carrera: 0 a 90\u00b0.<br \/>\n-Material de la carcasa: Aluminio<br \/>\n-Suministro de aire: 20 a 101 psig (1.4 a 7.0 bar).<br \/>\n-Linealidad: \u00b12% de la escala completa.<br \/>\n-Hist\u00e9resis: 1% de la escala completa.<br \/>\n-Sensibilidad: \u00b10,5% de la escala completa.<br \/>\n-Repetitividad: \u00b10,5% de la escala completa.<br \/>\n-Conexi\u00f3n de suministro de aire: 1\/4&#8243; NPT.<br \/>\n-Conexi\u00f3n para man\u00f3metro: 1\/8&#8243; NPT.<br \/>\n-Conexiones el\u00e9ctricas: Terminal de tornillo.<br \/>\n-Conducto de conexi\u00f3n el\u00e9ctrica: 1\/2&#8243; NPT.<br \/>\n-Consumo de aire: 0,10 scfm (3 LPM) con suministro de 20 psig (1,4 bar).<br \/>\n-Capadidad de flujo: 28 scfm (80 LPM) con suministro de 20 psig (1,4 bar).<br \/>\n-Clasificaci\u00f3n de protecci\u00f3n: IP66.<br \/>\n-Temperatura de funcionamiento: -20 a 70\u00b0C<br \/>\n-Peso: 2,8 Kg<br \/>\n-Aprobaciones de agencias: CE<\/p>\n","protected":false},"excerpt":{"rendered":"<p>Los posicionadores electroneum\u00e1ticos PRECISOR II serie 265 de DWYER tienen un alto rendimiento con funcionamiento excepcional para aplicaciones industriales. Es posible controlar con precisi\u00f3n v\u00e1lvulas giratorias con actuadores neum\u00e1ticos sencillos<\/p>\n","protected":false},"featured_media":139796,"comment_status":"open","ping_status":"closed","template":"","meta":[],"product_brand":[],"product_cat":[3576,3577],"product_tag":[],"class_list":{"0":"post-82091","1":"product","2":"type-product","3":"status-publish","4":"has-post-thumbnail","6":"product_cat-general","7":"product_cat-ofertas","9":"first","10":"instock","11":"sale","12":"taxable","13":"shipping-taxable","14":"purchasable","15":"product-type-simple"},"aioseo_notices":[],"yoast_head":"<!-- This site is optimized with the Yoast SEO Premium plugin v27.4 (Yoast SEO v27.5) - https:\/\/yoast.com\/product\/yoast-seo-premium-wordpress\/ -->\n<title>Posicionador electroneum\u00e1tico de operaci\u00f3n giratoria precisor II serie 265 - ELICROM<\/title>\n<meta name=\"robots\" content=\"index, follow, max-snippet:-1, max-image-preview:large, max-video-preview:-1\" \/>\n<link rel=\"canonical\" href=\"https:\/\/elicrom.com\/?product=10104\" \/>\n<meta property=\"og:locale\" content=\"es_ES\" \/>\n<meta property=\"og:type\" content=\"article\" \/>\n<meta property=\"og:title\" content=\"Posicionador electroneum\u00e1tico de operaci\u00f3n giratoria precisor II serie 265\" \/>\n<meta property=\"og:description\" content=\"Los posicionadores electroneum\u00e1ticos PRECISOR II serie 265 de DWYER tienen un alto rendimiento con funcionamiento excepcional para aplicaciones industriales. Es posible controlar con precisi\u00f3n v\u00e1lvulas giratorias con actuadores neum\u00e1ticos sencillos\" \/>\n<meta property=\"og:url\" content=\"https:\/\/elicrom.com\/?product=10104\" \/>\n<meta property=\"og:site_name\" content=\"ELICROM\" \/>\n<meta property=\"article:publisher\" content=\"https:\/\/www.facebook.com\/elicromlatam\" \/>\n<meta name=\"twitter:card\" content=\"summary_large_image\" \/>\n<meta name=\"twitter:label1\" content=\"Tiempo de lectura\" \/>\n\t<meta name=\"twitter:data1\" content=\"1 minuto\" \/>\n<script type=\"application\/ld+json\" class=\"yoast-schema-graph\">{\"@context\":\"https:\\\/\\\/schema.org\",\"@graph\":[{\"@type\":\"WebPage\",\"@id\":\"https:\\\/\\\/elicrom.com\\\/?product=10104\",\"url\":\"https:\\\/\\\/elicrom.com\\\/?product=10104\",\"name\":\"Posicionador electroneum\u00e1tico de operaci\u00f3n giratoria precisor II serie 265 - ELICROM\",\"isPartOf\":{\"@id\":\"https:\\\/\\\/elicrom.com\\\/#website\"},\"primaryImageOfPage\":{\"@id\":\"https:\\\/\\\/elicrom.com\\\/?product=10104#primaryimage\"},\"image\":{\"@id\":\"https:\\\/\\\/elicrom.com\\\/?product=10104#primaryimage\"},\"thumbnailUrl\":\"https:\\\/\\\/elicrom.com\\\/wp-content\\\/uploads\\\/2013\\\/04\\\/10104-0.jpg\",\"datePublished\":\"2022-09-03T06:11:49+00:00\",\"breadcrumb\":{\"@id\":\"https:\\\/\\\/elicrom.com\\\/?product=10104#breadcrumb\"},\"inLanguage\":\"es\",\"potentialAction\":[{\"@type\":\"ReadAction\",\"target\":[\"https:\\\/\\\/elicrom.com\\\/?product=10104\"]}]},{\"@type\":\"ImageObject\",\"inLanguage\":\"es\",\"@id\":\"https:\\\/\\\/elicrom.com\\\/?product=10104#primaryimage\",\"url\":\"https:\\\/\\\/elicrom.com\\\/wp-content\\\/uploads\\\/2013\\\/04\\\/10104-0.jpg\",\"contentUrl\":\"https:\\\/\\\/elicrom.com\\\/wp-content\\\/uploads\\\/2013\\\/04\\\/10104-0.jpg\",\"width\":800,\"height\":800},{\"@type\":\"BreadcrumbList\",\"@id\":\"https:\\\/\\\/elicrom.com\\\/?product=10104#breadcrumb\",\"itemListElement\":[{\"@type\":\"ListItem\",\"position\":1,\"name\":\"Portada\",\"item\":\"https:\\\/\\\/elicrom.com\\\/\"},{\"@type\":\"ListItem\",\"position\":2,\"name\":\"Tienda en L\u00ednea\",\"item\":\"https:\\\/\\\/elicrom.com\\\/?page_id=3853\"},{\"@type\":\"ListItem\",\"position\":3,\"name\":\"Posicionador electroneum\u00e1tico de operaci\u00f3n giratoria precisor II serie 265\"}]},{\"@type\":\"WebSite\",\"@id\":\"https:\\\/\\\/elicrom.com\\\/#website\",\"url\":\"https:\\\/\\\/elicrom.com\\\/\",\"name\":\"ELICROM\",\"description\":\"Especializados en actividades espec\u00edficas como son las \u00e1reas de Metrolog\u00eda, Medio Ambiente, Validaciones, Mantenimiento de Equipos de Laboratorio y Construcci\u00f3n\\\/Reformas de Laboratorios.\",\"publisher\":{\"@id\":\"https:\\\/\\\/elicrom.com\\\/#organization\"},\"potentialAction\":[{\"@type\":\"SearchAction\",\"target\":{\"@type\":\"EntryPoint\",\"urlTemplate\":\"https:\\\/\\\/elicrom.com\\\/?s={search_term_string}\"},\"query-input\":{\"@type\":\"PropertyValueSpecification\",\"valueRequired\":true,\"valueName\":\"search_term_string\"}}],\"inLanguage\":\"es\"},{\"@type\":[\"Organization\",\"Place\"],\"@id\":\"https:\\\/\\\/elicrom.com\\\/#organization\",\"name\":\"ELICROM CIA. LTDA.\",\"url\":\"https:\\\/\\\/elicrom.com\\\/\",\"logo\":{\"@id\":\"https:\\\/\\\/elicrom.com\\\/?product=10104#local-main-organization-logo\"},\"image\":{\"@id\":\"https:\\\/\\\/elicrom.com\\\/?product=10104#local-main-organization-logo\"},\"sameAs\":[\"https:\\\/\\\/www.facebook.com\\\/elicromlatam\",\"https:\\\/\\\/www.linkedin.com\\\/company\\\/elicrom-cia-ltda\\\/\",\"https:\\\/\\\/www.instagram.com\\\/elicromlatam\\\/\",\"https:\\\/\\\/www.youtube.com\\\/channel\\\/UCdxnNtnb97QtSjABhpwY4Pw\"],\"telephone\":[],\"openingHoursSpecification\":[{\"@type\":\"OpeningHoursSpecification\",\"dayOfWeek\":[\"Monday\",\"Tuesday\",\"Wednesday\",\"Thursday\",\"Friday\",\"Saturday\",\"Sunday\"],\"opens\":\"09:00\",\"closes\":\"17:00\"}]},{\"@type\":\"ImageObject\",\"inLanguage\":\"es\",\"@id\":\"https:\\\/\\\/elicrom.com\\\/?product=10104#local-main-organization-logo\",\"url\":\"https:\\\/\\\/elicrom.com\\\/wp-content\\\/uploads\\\/2026\\\/04\\\/logo-elicrom200X200.jpg\",\"contentUrl\":\"https:\\\/\\\/elicrom.com\\\/wp-content\\\/uploads\\\/2026\\\/04\\\/logo-elicrom200X200.jpg\",\"width\":200,\"height\":200,\"caption\":\"ELICROM CIA. LTDA.\"}]}<\/script>\n<!-- \/ Yoast SEO Premium plugin. -->","yoast_head_json":{"title":"Posicionador electroneum\u00e1tico de operaci\u00f3n giratoria precisor II serie 265 - ELICROM","robots":{"index":"index","follow":"follow","max-snippet":"max-snippet:-1","max-image-preview":"max-image-preview:large","max-video-preview":"max-video-preview:-1"},"canonical":"https:\/\/elicrom.com\/?product=10104","og_locale":"es_ES","og_type":"article","og_title":"Posicionador electroneum\u00e1tico de operaci\u00f3n giratoria precisor II serie 265","og_description":"Los posicionadores electroneum\u00e1ticos PRECISOR II serie 265 de DWYER tienen un alto rendimiento con funcionamiento excepcional para aplicaciones industriales. Es posible controlar con precisi\u00f3n v\u00e1lvulas giratorias con actuadores neum\u00e1ticos sencillos","og_url":"https:\/\/elicrom.com\/?product=10104","og_site_name":"ELICROM","article_publisher":"https:\/\/www.facebook.com\/elicromlatam","twitter_card":"summary_large_image","twitter_misc":{"Tiempo de lectura":"1 minuto"},"schema":{"@context":"https:\/\/schema.org","@graph":[{"@type":"WebPage","@id":"https:\/\/elicrom.com\/?product=10104","url":"https:\/\/elicrom.com\/?product=10104","name":"Posicionador electroneum\u00e1tico de operaci\u00f3n giratoria precisor II serie 265 - ELICROM","isPartOf":{"@id":"https:\/\/elicrom.com\/#website"},"primaryImageOfPage":{"@id":"https:\/\/elicrom.com\/?product=10104#primaryimage"},"image":{"@id":"https:\/\/elicrom.com\/?product=10104#primaryimage"},"thumbnailUrl":"https:\/\/elicrom.com\/wp-content\/uploads\/2013\/04\/10104-0.jpg","datePublished":"2022-09-03T06:11:49+00:00","breadcrumb":{"@id":"https:\/\/elicrom.com\/?product=10104#breadcrumb"},"inLanguage":"es","potentialAction":[{"@type":"ReadAction","target":["https:\/\/elicrom.com\/?product=10104"]}]},{"@type":"ImageObject","inLanguage":"es","@id":"https:\/\/elicrom.com\/?product=10104#primaryimage","url":"https:\/\/elicrom.com\/wp-content\/uploads\/2013\/04\/10104-0.jpg","contentUrl":"https:\/\/elicrom.com\/wp-content\/uploads\/2013\/04\/10104-0.jpg","width":800,"height":800},{"@type":"BreadcrumbList","@id":"https:\/\/elicrom.com\/?product=10104#breadcrumb","itemListElement":[{"@type":"ListItem","position":1,"name":"Portada","item":"https:\/\/elicrom.com\/"},{"@type":"ListItem","position":2,"name":"Tienda en L\u00ednea","item":"https:\/\/elicrom.com\/?page_id=3853"},{"@type":"ListItem","position":3,"name":"Posicionador electroneum\u00e1tico de operaci\u00f3n giratoria precisor II serie 265"}]},{"@type":"WebSite","@id":"https:\/\/elicrom.com\/#website","url":"https:\/\/elicrom.com\/","name":"ELICROM","description":"Especializados en actividades espec\u00edficas como son las \u00e1reas de Metrolog\u00eda, Medio Ambiente, Validaciones, Mantenimiento de Equipos de Laboratorio y Construcci\u00f3n\/Reformas de Laboratorios.","publisher":{"@id":"https:\/\/elicrom.com\/#organization"},"potentialAction":[{"@type":"SearchAction","target":{"@type":"EntryPoint","urlTemplate":"https:\/\/elicrom.com\/?s={search_term_string}"},"query-input":{"@type":"PropertyValueSpecification","valueRequired":true,"valueName":"search_term_string"}}],"inLanguage":"es"},{"@type":["Organization","Place"],"@id":"https:\/\/elicrom.com\/#organization","name":"ELICROM CIA. LTDA.","url":"https:\/\/elicrom.com\/","logo":{"@id":"https:\/\/elicrom.com\/?product=10104#local-main-organization-logo"},"image":{"@id":"https:\/\/elicrom.com\/?product=10104#local-main-organization-logo"},"sameAs":["https:\/\/www.facebook.com\/elicromlatam","https:\/\/www.linkedin.com\/company\/elicrom-cia-ltda\/","https:\/\/www.instagram.com\/elicromlatam\/","https:\/\/www.youtube.com\/channel\/UCdxnNtnb97QtSjABhpwY4Pw"],"telephone":[],"openingHoursSpecification":[{"@type":"OpeningHoursSpecification","dayOfWeek":["Monday","Tuesday","Wednesday","Thursday","Friday","Saturday","Sunday"],"opens":"09:00","closes":"17:00"}]},{"@type":"ImageObject","inLanguage":"es","@id":"https:\/\/elicrom.com\/?product=10104#local-main-organization-logo","url":"https:\/\/elicrom.com\/wp-content\/uploads\/2026\/04\/logo-elicrom200X200.jpg","contentUrl":"https:\/\/elicrom.com\/wp-content\/uploads\/2026\/04\/logo-elicrom200X200.jpg","width":200,"height":200,"caption":"ELICROM CIA. LTDA."}]}},"_links":{"self":[{"href":"https:\/\/elicrom.com\/index.php?rest_route=\/wp\/v2\/product\/82091","targetHints":{"allow":["GET"]}}],"collection":[{"href":"https:\/\/elicrom.com\/index.php?rest_route=\/wp\/v2\/product"}],"about":[{"href":"https:\/\/elicrom.com\/index.php?rest_route=\/wp\/v2\/types\/product"}],"replies":[{"embeddable":true,"href":"https:\/\/elicrom.com\/index.php?rest_route=%2Fwp%2Fv2%2Fcomments&post=82091"}],"wp:featuredmedia":[{"embeddable":true,"href":"https:\/\/elicrom.com\/index.php?rest_route=\/wp\/v2\/media\/139796"}],"wp:attachment":[{"href":"https:\/\/elicrom.com\/index.php?rest_route=%2Fwp%2Fv2%2Fmedia&parent=82091"}],"wp:term":[{"taxonomy":"product_brand","embeddable":true,"href":"https:\/\/elicrom.com\/index.php?rest_route=%2Fwp%2Fv2%2Fproduct_brand&post=82091"},{"taxonomy":"product_cat","embeddable":true,"href":"https:\/\/elicrom.com\/index.php?rest_route=%2Fwp%2Fv2%2Fproduct_cat&post=82091"},{"taxonomy":"product_tag","embeddable":true,"href":"https:\/\/elicrom.com\/index.php?rest_route=%2Fwp%2Fv2%2Fproduct_tag&post=82091"}],"curies":[{"name":"wp","href":"https:\/\/api.w.org\/{rel}","templated":true}]}}