
{"id":79363,"date":"2022-09-03T04:23:34","date_gmt":"2022-09-03T04:23:34","guid":{"rendered":"https:\/\/elicrom.com\/?post_type=product&#038;p=79363"},"modified":"2022-09-03T04:23:34","modified_gmt":"2022-09-03T04:23:34","slug":"8739-kit-simulador-de-temperatura-para-ldo-3100","status":"publish","type":"product","link":"https:\/\/elicrom.com\/?product=8739-kit-simulador-de-temperatura-para-ldo-3100","title":{"rendered":"Kit simulador de temperatura para LDO 3100"},"content":{"rendered":"<p>Especificaciones:<br \/>\n-Kit de simuladores de resistencia fija.<br \/>\n-Simulador de 25\u00b0C<br \/>\n-Simulador de 5\u00b0C<br \/>\n-Simulador de -0V o 25\u00b0C<\/p>\n","protected":false},"excerpt":{"rendered":"<p>Especificaciones: -Kit de simuladores de resistencia fija. -Simulador de 25\u00b0C -Simulador de 5\u00b0C -Simulador de -0V o 25\u00b0C<\/p>\n","protected":false},"featured_media":141036,"comment_status":"open","ping_status":"closed","template":"","meta":[],"product_brand":[],"product_cat":[1950,3554,3498],"product_tag":[],"class_list":{"0":"post-79363","1":"product","2":"type-product","3":"status-publish","4":"has-post-thumbnail","6":"product_cat-instrumentacion-menu","7":"product_cat-Sensores","8":"product_cat-Temperatura","10":"first","11":"instock","12":"taxable","13":"shipping-taxable","14":"product-type-simple"},"aioseo_notices":[],"yoast_head":"<!-- This site is optimized with the Yoast SEO Premium plugin v27.4 (Yoast SEO v27.5) - https:\/\/yoast.com\/product\/yoast-seo-premium-wordpress\/ -->\n<title>Kit simulador de temperatura para LDO 3100 - ELICROM<\/title>\n<meta name=\"robots\" content=\"index, follow, max-snippet:-1, max-image-preview:large, max-video-preview:-1\" \/>\n<link rel=\"canonical\" href=\"https:\/\/elicrom.com\/?product=8739\" \/>\n<meta property=\"og:locale\" content=\"es_ES\" \/>\n<meta property=\"og:type\" content=\"article\" \/>\n<meta property=\"og:title\" content=\"Kit simulador de temperatura para LDO 3100\" \/>\n<meta property=\"og:description\" content=\"Especificaciones: -Kit de simuladores de resistencia fija. -Simulador de 25\u00b0C -Simulador de 5\u00b0C -Simulador de -0V o 25\u00b0C\" \/>\n<meta property=\"og:url\" content=\"https:\/\/elicrom.com\/?product=8739\" \/>\n<meta property=\"og:site_name\" content=\"ELICROM\" \/>\n<meta property=\"article:publisher\" content=\"https:\/\/www.facebook.com\/elicromlatam\" \/>\n<meta name=\"twitter:card\" content=\"summary_large_image\" \/>\n<script type=\"application\/ld+json\" class=\"yoast-schema-graph\">{\"@context\":\"https:\\\/\\\/schema.org\",\"@graph\":[{\"@type\":\"WebPage\",\"@id\":\"https:\\\/\\\/elicrom.com\\\/?product=8739\",\"url\":\"https:\\\/\\\/elicrom.com\\\/?product=8739\",\"name\":\"Kit simulador de temperatura para LDO 3100 - ELICROM\",\"isPartOf\":{\"@id\":\"https:\\\/\\\/elicrom.com\\\/#website\"},\"primaryImageOfPage\":{\"@id\":\"https:\\\/\\\/elicrom.com\\\/?product=8739#primaryimage\"},\"image\":{\"@id\":\"https:\\\/\\\/elicrom.com\\\/?product=8739#primaryimage\"},\"thumbnailUrl\":\"https:\\\/\\\/elicrom.com\\\/wp-content\\\/uploads\\\/2013\\\/04\\\/8739-0.jpg\",\"datePublished\":\"2022-09-03T04:23:34+00:00\",\"breadcrumb\":{\"@id\":\"https:\\\/\\\/elicrom.com\\\/?product=8739#breadcrumb\"},\"inLanguage\":\"es\",\"potentialAction\":[{\"@type\":\"ReadAction\",\"target\":[\"https:\\\/\\\/elicrom.com\\\/?product=8739\"]}]},{\"@type\":\"ImageObject\",\"inLanguage\":\"es\",\"@id\":\"https:\\\/\\\/elicrom.com\\\/?product=8739#primaryimage\",\"url\":\"https:\\\/\\\/elicrom.com\\\/wp-content\\\/uploads\\\/2013\\\/04\\\/8739-0.jpg\",\"contentUrl\":\"https:\\\/\\\/elicrom.com\\\/wp-content\\\/uploads\\\/2013\\\/04\\\/8739-0.jpg\",\"width\":800,\"height\":800},{\"@type\":\"BreadcrumbList\",\"@id\":\"https:\\\/\\\/elicrom.com\\\/?product=8739#breadcrumb\",\"itemListElement\":[{\"@type\":\"ListItem\",\"position\":1,\"name\":\"Portada\",\"item\":\"https:\\\/\\\/elicrom.com\\\/\"},{\"@type\":\"ListItem\",\"position\":2,\"name\":\"Tienda en L\u00ednea\",\"item\":\"https:\\\/\\\/elicrom.com\\\/?page_id=3853\"},{\"@type\":\"ListItem\",\"position\":3,\"name\":\"Kit simulador de temperatura para LDO 3100\"}]},{\"@type\":\"WebSite\",\"@id\":\"https:\\\/\\\/elicrom.com\\\/#website\",\"url\":\"https:\\\/\\\/elicrom.com\\\/\",\"name\":\"ELICROM\",\"description\":\"Especializados en actividades espec\u00edficas como son las \u00e1reas de Metrolog\u00eda, Medio Ambiente, Validaciones, Mantenimiento de Equipos de Laboratorio y Construcci\u00f3n\\\/Reformas de Laboratorios.\",\"publisher\":{\"@id\":\"https:\\\/\\\/elicrom.com\\\/#organization\"},\"potentialAction\":[{\"@type\":\"SearchAction\",\"target\":{\"@type\":\"EntryPoint\",\"urlTemplate\":\"https:\\\/\\\/elicrom.com\\\/?s={search_term_string}\"},\"query-input\":{\"@type\":\"PropertyValueSpecification\",\"valueRequired\":true,\"valueName\":\"search_term_string\"}}],\"inLanguage\":\"es\"},{\"@type\":[\"Organization\",\"Place\"],\"@id\":\"https:\\\/\\\/elicrom.com\\\/#organization\",\"name\":\"ELICROM CIA. LTDA.\",\"url\":\"https:\\\/\\\/elicrom.com\\\/\",\"logo\":{\"@id\":\"https:\\\/\\\/elicrom.com\\\/?product=8739#local-main-organization-logo\"},\"image\":{\"@id\":\"https:\\\/\\\/elicrom.com\\\/?product=8739#local-main-organization-logo\"},\"sameAs\":[\"https:\\\/\\\/www.facebook.com\\\/elicromlatam\",\"https:\\\/\\\/www.linkedin.com\\\/company\\\/elicrom-cia-ltda\\\/\",\"https:\\\/\\\/www.instagram.com\\\/elicromlatam\\\/\",\"https:\\\/\\\/www.youtube.com\\\/channel\\\/UCdxnNtnb97QtSjABhpwY4Pw\"],\"telephone\":[],\"openingHoursSpecification\":[{\"@type\":\"OpeningHoursSpecification\",\"dayOfWeek\":[\"Monday\",\"Tuesday\",\"Wednesday\",\"Thursday\",\"Friday\",\"Saturday\",\"Sunday\"],\"opens\":\"09:00\",\"closes\":\"17:00\"}]},{\"@type\":\"ImageObject\",\"inLanguage\":\"es\",\"@id\":\"https:\\\/\\\/elicrom.com\\\/?product=8739#local-main-organization-logo\",\"url\":\"https:\\\/\\\/elicrom.com\\\/wp-content\\\/uploads\\\/2026\\\/04\\\/logo-elicrom200X200.jpg\",\"contentUrl\":\"https:\\\/\\\/elicrom.com\\\/wp-content\\\/uploads\\\/2026\\\/04\\\/logo-elicrom200X200.jpg\",\"width\":200,\"height\":200,\"caption\":\"ELICROM CIA. LTDA.\"}]}<\/script>\n<!-- \/ Yoast SEO Premium plugin. -->","yoast_head_json":{"title":"Kit simulador de temperatura para LDO 3100 - ELICROM","robots":{"index":"index","follow":"follow","max-snippet":"max-snippet:-1","max-image-preview":"max-image-preview:large","max-video-preview":"max-video-preview:-1"},"canonical":"https:\/\/elicrom.com\/?product=8739","og_locale":"es_ES","og_type":"article","og_title":"Kit simulador de temperatura para LDO 3100","og_description":"Especificaciones: -Kit de simuladores de resistencia fija. -Simulador de 25\u00b0C -Simulador de 5\u00b0C -Simulador de -0V o 25\u00b0C","og_url":"https:\/\/elicrom.com\/?product=8739","og_site_name":"ELICROM","article_publisher":"https:\/\/www.facebook.com\/elicromlatam","twitter_card":"summary_large_image","schema":{"@context":"https:\/\/schema.org","@graph":[{"@type":"WebPage","@id":"https:\/\/elicrom.com\/?product=8739","url":"https:\/\/elicrom.com\/?product=8739","name":"Kit simulador de temperatura para LDO 3100 - ELICROM","isPartOf":{"@id":"https:\/\/elicrom.com\/#website"},"primaryImageOfPage":{"@id":"https:\/\/elicrom.com\/?product=8739#primaryimage"},"image":{"@id":"https:\/\/elicrom.com\/?product=8739#primaryimage"},"thumbnailUrl":"https:\/\/elicrom.com\/wp-content\/uploads\/2013\/04\/8739-0.jpg","datePublished":"2022-09-03T04:23:34+00:00","breadcrumb":{"@id":"https:\/\/elicrom.com\/?product=8739#breadcrumb"},"inLanguage":"es","potentialAction":[{"@type":"ReadAction","target":["https:\/\/elicrom.com\/?product=8739"]}]},{"@type":"ImageObject","inLanguage":"es","@id":"https:\/\/elicrom.com\/?product=8739#primaryimage","url":"https:\/\/elicrom.com\/wp-content\/uploads\/2013\/04\/8739-0.jpg","contentUrl":"https:\/\/elicrom.com\/wp-content\/uploads\/2013\/04\/8739-0.jpg","width":800,"height":800},{"@type":"BreadcrumbList","@id":"https:\/\/elicrom.com\/?product=8739#breadcrumb","itemListElement":[{"@type":"ListItem","position":1,"name":"Portada","item":"https:\/\/elicrom.com\/"},{"@type":"ListItem","position":2,"name":"Tienda en L\u00ednea","item":"https:\/\/elicrom.com\/?page_id=3853"},{"@type":"ListItem","position":3,"name":"Kit simulador de temperatura para LDO 3100"}]},{"@type":"WebSite","@id":"https:\/\/elicrom.com\/#website","url":"https:\/\/elicrom.com\/","name":"ELICROM","description":"Especializados en actividades espec\u00edficas como son las \u00e1reas de Metrolog\u00eda, Medio Ambiente, Validaciones, Mantenimiento de Equipos de Laboratorio y Construcci\u00f3n\/Reformas de Laboratorios.","publisher":{"@id":"https:\/\/elicrom.com\/#organization"},"potentialAction":[{"@type":"SearchAction","target":{"@type":"EntryPoint","urlTemplate":"https:\/\/elicrom.com\/?s={search_term_string}"},"query-input":{"@type":"PropertyValueSpecification","valueRequired":true,"valueName":"search_term_string"}}],"inLanguage":"es"},{"@type":["Organization","Place"],"@id":"https:\/\/elicrom.com\/#organization","name":"ELICROM CIA. LTDA.","url":"https:\/\/elicrom.com\/","logo":{"@id":"https:\/\/elicrom.com\/?product=8739#local-main-organization-logo"},"image":{"@id":"https:\/\/elicrom.com\/?product=8739#local-main-organization-logo"},"sameAs":["https:\/\/www.facebook.com\/elicromlatam","https:\/\/www.linkedin.com\/company\/elicrom-cia-ltda\/","https:\/\/www.instagram.com\/elicromlatam\/","https:\/\/www.youtube.com\/channel\/UCdxnNtnb97QtSjABhpwY4Pw"],"telephone":[],"openingHoursSpecification":[{"@type":"OpeningHoursSpecification","dayOfWeek":["Monday","Tuesday","Wednesday","Thursday","Friday","Saturday","Sunday"],"opens":"09:00","closes":"17:00"}]},{"@type":"ImageObject","inLanguage":"es","@id":"https:\/\/elicrom.com\/?product=8739#local-main-organization-logo","url":"https:\/\/elicrom.com\/wp-content\/uploads\/2026\/04\/logo-elicrom200X200.jpg","contentUrl":"https:\/\/elicrom.com\/wp-content\/uploads\/2026\/04\/logo-elicrom200X200.jpg","width":200,"height":200,"caption":"ELICROM CIA. LTDA."}]}},"_links":{"self":[{"href":"https:\/\/elicrom.com\/index.php?rest_route=\/wp\/v2\/product\/79363","targetHints":{"allow":["GET"]}}],"collection":[{"href":"https:\/\/elicrom.com\/index.php?rest_route=\/wp\/v2\/product"}],"about":[{"href":"https:\/\/elicrom.com\/index.php?rest_route=\/wp\/v2\/types\/product"}],"replies":[{"embeddable":true,"href":"https:\/\/elicrom.com\/index.php?rest_route=%2Fwp%2Fv2%2Fcomments&post=79363"}],"wp:featuredmedia":[{"embeddable":true,"href":"https:\/\/elicrom.com\/index.php?rest_route=\/wp\/v2\/media\/141036"}],"wp:attachment":[{"href":"https:\/\/elicrom.com\/index.php?rest_route=%2Fwp%2Fv2%2Fmedia&parent=79363"}],"wp:term":[{"taxonomy":"product_brand","embeddable":true,"href":"https:\/\/elicrom.com\/index.php?rest_route=%2Fwp%2Fv2%2Fproduct_brand&post=79363"},{"taxonomy":"product_cat","embeddable":true,"href":"https:\/\/elicrom.com\/index.php?rest_route=%2Fwp%2Fv2%2Fproduct_cat&post=79363"},{"taxonomy":"product_tag","embeddable":true,"href":"https:\/\/elicrom.com\/index.php?rest_route=%2Fwp%2Fv2%2Fproduct_tag&post=79363"}],"curies":[{"name":"wp","href":"https:\/\/api.w.org\/{rel}","templated":true}]}}