
{"id":77195,"date":"2022-09-03T01:41:19","date_gmt":"2022-09-03T01:41:19","guid":{"rendered":"https:\/\/elicrom.com\/?post_type=product&#038;p=77195"},"modified":"2022-09-03T01:41:19","modified_gmt":"2022-09-03T01:41:19","slug":"7652-rele-de-contacto-spdt-de-20-amp-240vac","status":"publish","type":"product","link":"https:\/\/elicrom.com\/?product=7652-rele-de-contacto-spdt-de-20-amp-240vac","title":{"rendered":"Rel\u00e9 de contacto SPDT de 20 Amp 240VAC"},"content":{"rendered":"<p>Especificaciones:<br \/>\n-Producto: Rel\u00e9s de cubos<br \/>\n-Voltaje de la bobina: 240 VAC<br \/>\n-R\u00e9gimen de corriente del contacto: 20 Amperios<br \/>\n-Voltaje de conmutaci\u00f3n: 277 VAC, 220 VDC<br \/>\n-Terminaci\u00f3n de la bobina: Terminal de conexi\u00f3n r\u00e1pida<br \/>\n-Forma de contacto: SPDT <\/p>\n","protected":false},"excerpt":{"rendered":"<p>Especificaciones: -Producto: Rel\u00e9s de cubos -Voltaje de la bobina: 240 VAC -R\u00e9gimen de corriente del contacto: 20 Amperios -Voltaje de conmutaci\u00f3n: 277 VAC, 220 VDC -Terminaci\u00f3n de la bobina: Terminal<\/p>\n","protected":false},"featured_media":139582,"comment_status":"open","ping_status":"closed","template":"","meta":[],"product_brand":[],"product_cat":[3576,1950,3577,3691],"product_tag":[],"class_list":{"0":"post-77195","1":"product","2":"type-product","3":"status-publish","4":"has-post-thumbnail","6":"product_cat-general","7":"product_cat-instrumentacion-menu","8":"product_cat-ofertas","9":"product_cat-rels","11":"first","12":"instock","13":"sale","14":"taxable","15":"shipping-taxable","16":"purchasable","17":"product-type-simple"},"aioseo_notices":[],"yoast_head":"<!-- This site is optimized with the Yoast SEO Premium plugin v27.4 (Yoast SEO v27.5) - https:\/\/yoast.com\/product\/yoast-seo-premium-wordpress\/ -->\n<title>Rel\u00e9 de contacto SPDT de 20 Amp 240VAC  - ELICROM<\/title>\n<meta name=\"robots\" content=\"index, follow, max-snippet:-1, max-image-preview:large, max-video-preview:-1\" \/>\n<link rel=\"canonical\" href=\"https:\/\/elicrom.com\/?product=7652\" \/>\n<meta property=\"og:locale\" content=\"es_ES\" \/>\n<meta property=\"og:type\" content=\"article\" \/>\n<meta property=\"og:title\" content=\"Rel\u00e9 de contacto SPDT de 20 Amp 240VAC\" \/>\n<meta property=\"og:description\" content=\"Especificaciones: -Producto: Rel\u00e9s de cubos -Voltaje de la bobina: 240 VAC -R\u00e9gimen de corriente del contacto: 20 Amperios -Voltaje de conmutaci\u00f3n: 277 VAC, 220 VDC -Terminaci\u00f3n de la bobina: Terminal\" \/>\n<meta property=\"og:url\" content=\"https:\/\/elicrom.com\/?product=7652\" \/>\n<meta property=\"og:site_name\" content=\"ELICROM\" \/>\n<meta property=\"article:publisher\" content=\"https:\/\/www.facebook.com\/elicromlatam\" \/>\n<meta name=\"twitter:card\" content=\"summary_large_image\" \/>\n<script type=\"application\/ld+json\" class=\"yoast-schema-graph\">{\"@context\":\"https:\\\/\\\/schema.org\",\"@graph\":[{\"@type\":\"WebPage\",\"@id\":\"https:\\\/\\\/elicrom.com\\\/?product=7652\",\"url\":\"https:\\\/\\\/elicrom.com\\\/?product=7652\",\"name\":\"Rel\u00e9 de contacto SPDT de 20 Amp 240VAC - ELICROM\",\"isPartOf\":{\"@id\":\"https:\\\/\\\/elicrom.com\\\/#website\"},\"primaryImageOfPage\":{\"@id\":\"https:\\\/\\\/elicrom.com\\\/?product=7652#primaryimage\"},\"image\":{\"@id\":\"https:\\\/\\\/elicrom.com\\\/?product=7652#primaryimage\"},\"thumbnailUrl\":\"https:\\\/\\\/elicrom.com\\\/wp-content\\\/uploads\\\/2013\\\/03\\\/7652-0.jpg\",\"datePublished\":\"2022-09-03T01:41:19+00:00\",\"breadcrumb\":{\"@id\":\"https:\\\/\\\/elicrom.com\\\/?product=7652#breadcrumb\"},\"inLanguage\":\"es\",\"potentialAction\":[{\"@type\":\"ReadAction\",\"target\":[\"https:\\\/\\\/elicrom.com\\\/?product=7652\"]}]},{\"@type\":\"ImageObject\",\"inLanguage\":\"es\",\"@id\":\"https:\\\/\\\/elicrom.com\\\/?product=7652#primaryimage\",\"url\":\"https:\\\/\\\/elicrom.com\\\/wp-content\\\/uploads\\\/2013\\\/03\\\/7652-0.jpg\",\"contentUrl\":\"https:\\\/\\\/elicrom.com\\\/wp-content\\\/uploads\\\/2013\\\/03\\\/7652-0.jpg\",\"width\":800,\"height\":800},{\"@type\":\"BreadcrumbList\",\"@id\":\"https:\\\/\\\/elicrom.com\\\/?product=7652#breadcrumb\",\"itemListElement\":[{\"@type\":\"ListItem\",\"position\":1,\"name\":\"Portada\",\"item\":\"https:\\\/\\\/elicrom.com\\\/\"},{\"@type\":\"ListItem\",\"position\":2,\"name\":\"Tienda en L\u00ednea\",\"item\":\"https:\\\/\\\/elicrom.com\\\/?page_id=3853\"},{\"@type\":\"ListItem\",\"position\":3,\"name\":\"Rel\u00e9 de contacto SPDT de 20 Amp 240VAC\"}]},{\"@type\":\"WebSite\",\"@id\":\"https:\\\/\\\/elicrom.com\\\/#website\",\"url\":\"https:\\\/\\\/elicrom.com\\\/\",\"name\":\"ELICROM\",\"description\":\"Especializados en actividades espec\u00edficas como son las \u00e1reas de Metrolog\u00eda, Medio Ambiente, Validaciones, Mantenimiento de Equipos de Laboratorio y Construcci\u00f3n\\\/Reformas de Laboratorios.\",\"publisher\":{\"@id\":\"https:\\\/\\\/elicrom.com\\\/#organization\"},\"potentialAction\":[{\"@type\":\"SearchAction\",\"target\":{\"@type\":\"EntryPoint\",\"urlTemplate\":\"https:\\\/\\\/elicrom.com\\\/?s={search_term_string}\"},\"query-input\":{\"@type\":\"PropertyValueSpecification\",\"valueRequired\":true,\"valueName\":\"search_term_string\"}}],\"inLanguage\":\"es\"},{\"@type\":[\"Organization\",\"Place\"],\"@id\":\"https:\\\/\\\/elicrom.com\\\/#organization\",\"name\":\"ELICROM CIA. LTDA.\",\"url\":\"https:\\\/\\\/elicrom.com\\\/\",\"logo\":{\"@id\":\"https:\\\/\\\/elicrom.com\\\/?product=7652#local-main-organization-logo\"},\"image\":{\"@id\":\"https:\\\/\\\/elicrom.com\\\/?product=7652#local-main-organization-logo\"},\"sameAs\":[\"https:\\\/\\\/www.facebook.com\\\/elicromlatam\",\"https:\\\/\\\/www.linkedin.com\\\/company\\\/elicrom-cia-ltda\\\/\",\"https:\\\/\\\/www.instagram.com\\\/elicromlatam\\\/\",\"https:\\\/\\\/www.youtube.com\\\/channel\\\/UCdxnNtnb97QtSjABhpwY4Pw\"],\"telephone\":[],\"openingHoursSpecification\":[{\"@type\":\"OpeningHoursSpecification\",\"dayOfWeek\":[\"Monday\",\"Tuesday\",\"Wednesday\",\"Thursday\",\"Friday\",\"Saturday\",\"Sunday\"],\"opens\":\"09:00\",\"closes\":\"17:00\"}]},{\"@type\":\"ImageObject\",\"inLanguage\":\"es\",\"@id\":\"https:\\\/\\\/elicrom.com\\\/?product=7652#local-main-organization-logo\",\"url\":\"https:\\\/\\\/elicrom.com\\\/wp-content\\\/uploads\\\/2026\\\/04\\\/logo-elicrom200X200.jpg\",\"contentUrl\":\"https:\\\/\\\/elicrom.com\\\/wp-content\\\/uploads\\\/2026\\\/04\\\/logo-elicrom200X200.jpg\",\"width\":200,\"height\":200,\"caption\":\"ELICROM CIA. LTDA.\"}]}<\/script>\n<!-- \/ Yoast SEO Premium plugin. -->","yoast_head_json":{"title":"Rel\u00e9 de contacto SPDT de 20 Amp 240VAC  - ELICROM","robots":{"index":"index","follow":"follow","max-snippet":"max-snippet:-1","max-image-preview":"max-image-preview:large","max-video-preview":"max-video-preview:-1"},"canonical":"https:\/\/elicrom.com\/?product=7652","og_locale":"es_ES","og_type":"article","og_title":"Rel\u00e9 de contacto SPDT de 20 Amp 240VAC","og_description":"Especificaciones: -Producto: Rel\u00e9s de cubos -Voltaje de la bobina: 240 VAC -R\u00e9gimen de corriente del contacto: 20 Amperios -Voltaje de conmutaci\u00f3n: 277 VAC, 220 VDC -Terminaci\u00f3n de la bobina: Terminal","og_url":"https:\/\/elicrom.com\/?product=7652","og_site_name":"ELICROM","article_publisher":"https:\/\/www.facebook.com\/elicromlatam","twitter_card":"summary_large_image","schema":{"@context":"https:\/\/schema.org","@graph":[{"@type":"WebPage","@id":"https:\/\/elicrom.com\/?product=7652","url":"https:\/\/elicrom.com\/?product=7652","name":"Rel\u00e9 de contacto SPDT de 20 Amp 240VAC - ELICROM","isPartOf":{"@id":"https:\/\/elicrom.com\/#website"},"primaryImageOfPage":{"@id":"https:\/\/elicrom.com\/?product=7652#primaryimage"},"image":{"@id":"https:\/\/elicrom.com\/?product=7652#primaryimage"},"thumbnailUrl":"https:\/\/elicrom.com\/wp-content\/uploads\/2013\/03\/7652-0.jpg","datePublished":"2022-09-03T01:41:19+00:00","breadcrumb":{"@id":"https:\/\/elicrom.com\/?product=7652#breadcrumb"},"inLanguage":"es","potentialAction":[{"@type":"ReadAction","target":["https:\/\/elicrom.com\/?product=7652"]}]},{"@type":"ImageObject","inLanguage":"es","@id":"https:\/\/elicrom.com\/?product=7652#primaryimage","url":"https:\/\/elicrom.com\/wp-content\/uploads\/2013\/03\/7652-0.jpg","contentUrl":"https:\/\/elicrom.com\/wp-content\/uploads\/2013\/03\/7652-0.jpg","width":800,"height":800},{"@type":"BreadcrumbList","@id":"https:\/\/elicrom.com\/?product=7652#breadcrumb","itemListElement":[{"@type":"ListItem","position":1,"name":"Portada","item":"https:\/\/elicrom.com\/"},{"@type":"ListItem","position":2,"name":"Tienda en L\u00ednea","item":"https:\/\/elicrom.com\/?page_id=3853"},{"@type":"ListItem","position":3,"name":"Rel\u00e9 de contacto SPDT de 20 Amp 240VAC"}]},{"@type":"WebSite","@id":"https:\/\/elicrom.com\/#website","url":"https:\/\/elicrom.com\/","name":"ELICROM","description":"Especializados en actividades espec\u00edficas como son las \u00e1reas de Metrolog\u00eda, Medio Ambiente, Validaciones, Mantenimiento de Equipos de Laboratorio y Construcci\u00f3n\/Reformas de Laboratorios.","publisher":{"@id":"https:\/\/elicrom.com\/#organization"},"potentialAction":[{"@type":"SearchAction","target":{"@type":"EntryPoint","urlTemplate":"https:\/\/elicrom.com\/?s={search_term_string}"},"query-input":{"@type":"PropertyValueSpecification","valueRequired":true,"valueName":"search_term_string"}}],"inLanguage":"es"},{"@type":["Organization","Place"],"@id":"https:\/\/elicrom.com\/#organization","name":"ELICROM CIA. LTDA.","url":"https:\/\/elicrom.com\/","logo":{"@id":"https:\/\/elicrom.com\/?product=7652#local-main-organization-logo"},"image":{"@id":"https:\/\/elicrom.com\/?product=7652#local-main-organization-logo"},"sameAs":["https:\/\/www.facebook.com\/elicromlatam","https:\/\/www.linkedin.com\/company\/elicrom-cia-ltda\/","https:\/\/www.instagram.com\/elicromlatam\/","https:\/\/www.youtube.com\/channel\/UCdxnNtnb97QtSjABhpwY4Pw"],"telephone":[],"openingHoursSpecification":[{"@type":"OpeningHoursSpecification","dayOfWeek":["Monday","Tuesday","Wednesday","Thursday","Friday","Saturday","Sunday"],"opens":"09:00","closes":"17:00"}]},{"@type":"ImageObject","inLanguage":"es","@id":"https:\/\/elicrom.com\/?product=7652#local-main-organization-logo","url":"https:\/\/elicrom.com\/wp-content\/uploads\/2026\/04\/logo-elicrom200X200.jpg","contentUrl":"https:\/\/elicrom.com\/wp-content\/uploads\/2026\/04\/logo-elicrom200X200.jpg","width":200,"height":200,"caption":"ELICROM CIA. LTDA."}]}},"_links":{"self":[{"href":"https:\/\/elicrom.com\/index.php?rest_route=\/wp\/v2\/product\/77195","targetHints":{"allow":["GET"]}}],"collection":[{"href":"https:\/\/elicrom.com\/index.php?rest_route=\/wp\/v2\/product"}],"about":[{"href":"https:\/\/elicrom.com\/index.php?rest_route=\/wp\/v2\/types\/product"}],"replies":[{"embeddable":true,"href":"https:\/\/elicrom.com\/index.php?rest_route=%2Fwp%2Fv2%2Fcomments&post=77195"}],"wp:featuredmedia":[{"embeddable":true,"href":"https:\/\/elicrom.com\/index.php?rest_route=\/wp\/v2\/media\/139582"}],"wp:attachment":[{"href":"https:\/\/elicrom.com\/index.php?rest_route=%2Fwp%2Fv2%2Fmedia&parent=77195"}],"wp:term":[{"taxonomy":"product_brand","embeddable":true,"href":"https:\/\/elicrom.com\/index.php?rest_route=%2Fwp%2Fv2%2Fproduct_brand&post=77195"},{"taxonomy":"product_cat","embeddable":true,"href":"https:\/\/elicrom.com\/index.php?rest_route=%2Fwp%2Fv2%2Fproduct_cat&post=77195"},{"taxonomy":"product_tag","embeddable":true,"href":"https:\/\/elicrom.com\/index.php?rest_route=%2Fwp%2Fv2%2Fproduct_tag&post=77195"}],"curies":[{"name":"wp","href":"https:\/\/api.w.org\/{rel}","templated":true}]}}