
{"id":74713,"date":"2022-09-03T00:14:14","date_gmt":"2022-09-03T00:14:14","guid":{"rendered":"https:\/\/elicrom.com\/?post_type=product&#038;p=74713"},"modified":"2022-09-03T00:14:14","modified_gmt":"2022-09-03T00:14:14","slug":"6410-microstato-jumo-etron-m100-de-dos-canales-701066","status":"publish","type":"product","link":"https:\/\/elicrom.com\/?product=6410-microstato-jumo-etron-m100-de-dos-canales-701066","title":{"rendered":"Microstato Jumo Etron M100 de dos canales (701066)"},"content":{"rendered":"<p>El 701066 es un microstato electr\u00f3nico de 2 canales para uso universal y para la conexi\u00f3n a sondas de temperatura RTD Pt100, Pt1000, KTY1X-6 o KTY2X-6. Las dos entradas de medici\u00f3n miden las temperaturas que est\u00e1n disponibles como el valor real y que se pueden asignar a los rel\u00e9s como el usuario lo crea conveniente. 3 rel\u00e9s (1 contacto de conmutaci\u00f3n y 2 contactos N \/ O) est\u00e1n disponibles. Un rel\u00e9 adicional (1 contacto de conmutaci\u00f3n) o un zumbador est\u00e1 disponible como opci\u00f3n. Los valores medidos y los par\u00e1metros se visualizan en una pantalla de tres d\u00edgitos con fondo iluminado. Los estados de conmutaci\u00f3n de los rel\u00e9s K1 a K4 est\u00e1n indicados por LEDs amarillos. La conexi\u00f3n el\u00e9ctrica se realiza a trav\u00e9s de bornes de tornillo. El dispositivo es accionado y parametrizado mediante 4 teclas.<br \/>\nCaracter\u00edsticas<br \/>\n\u20222 entradas anal\u00f3gicas para sondas de temperatura RTD Pt100, Pt1000, KTY1X-6 o KTY2X-6 en circuito de 2 hilos<br \/>\n\u2022Disponible con un m\u00e1ximo de dos rel\u00e9s de 16 A y dos rel\u00e9s de 8 A<br \/>\n\u2022Todas las funciones de rel\u00e9 se pueden asignar libremente a las dos entradas anal\u00f3gicas.<br \/>\n\u2022Opcionalmente disponible con zumbador para alarma ac\u00fastica<br \/>\n\u2022Linealizaci\u00f3n espec\u00edfica del cliente programable mediante programa de instalaci\u00f3n<br \/>\n\u2022Contador de horas de servicio con contador de servicio integrado<br \/>\n\u2022Alarma mediante rel\u00e9 o zumbador<br \/>\n\u2022Disponible con registrador de datos y interfaz RS485.<br \/>\n\u2022El registrador de datos registra las entradas de medici\u00f3n y los estados de conmutaci\u00f3n de todos los rel\u00e9s.<br \/>\n\u2022Liberaci\u00f3n individual de hasta 8 par\u00e1metros para el nivel de operaci\u00f3n<br \/>\n\u2022El nivel de par\u00e1metro protegido por c\u00f3digo evita el acceso no autorizado a los datos del dispositivo<br \/>\n\u2022Cumple los requisitos seg\u00fan DIN EN 12830 y DIN EN 13485<br \/>\n\u2022Programa de configuraci\u00f3n para configurar el dispositivo y evaluar el registrador de datos<\/p>\n","protected":false},"excerpt":{"rendered":"<p>El 701066 es un microstato electr\u00f3nico de 2 canales para uso universal y para la conexi\u00f3n a sondas de temperatura RTD Pt100, Pt1000, KTY1X-6 o KTY2X-6. Las dos entradas de<\/p>\n","protected":false},"featured_media":143383,"comment_status":"open","ping_status":"closed","template":"","meta":[],"product_brand":[],"product_cat":[3553,1950,3554,3498],"product_tag":[],"class_list":{"0":"post-74713","1":"product","2":"type-product","3":"status-publish","4":"has-post-thumbnail","6":"product_cat-Accesorios1_05092022101831","7":"product_cat-instrumentacion-menu","8":"product_cat-Sensores","9":"product_cat-Temperatura","11":"first","12":"instock","13":"taxable","14":"shipping-taxable","15":"purchasable","16":"product-type-simple"},"aioseo_notices":[],"yoast_head":"<!-- This site is optimized with the Yoast SEO Premium plugin v27.4 (Yoast SEO v27.5) - https:\/\/yoast.com\/product\/yoast-seo-premium-wordpress\/ -->\n<title>Microstato Jumo Etron M100 de dos canales (701066) - ELICROM<\/title>\n<meta name=\"robots\" content=\"index, follow, max-snippet:-1, max-image-preview:large, max-video-preview:-1\" \/>\n<link rel=\"canonical\" href=\"https:\/\/elicrom.com\/?product=6410\" \/>\n<meta property=\"og:locale\" content=\"es_ES\" \/>\n<meta property=\"og:type\" content=\"article\" \/>\n<meta property=\"og:title\" content=\"Microstato Jumo Etron M100 de dos canales (701066)\" \/>\n<meta property=\"og:description\" content=\"El 701066 es un microstato electr\u00f3nico de 2 canales para uso universal y para la conexi\u00f3n a sondas de temperatura RTD Pt100, Pt1000, KTY1X-6 o KTY2X-6. Las dos entradas de\" \/>\n<meta property=\"og:url\" content=\"https:\/\/elicrom.com\/?product=6410\" \/>\n<meta property=\"og:site_name\" content=\"ELICROM\" \/>\n<meta property=\"article:publisher\" content=\"https:\/\/www.facebook.com\/elicromlatam\" \/>\n<meta name=\"twitter:card\" content=\"summary_large_image\" \/>\n<meta name=\"twitter:label1\" content=\"Tiempo de lectura\" \/>\n\t<meta name=\"twitter:data1\" content=\"2 minutos\" \/>\n<script type=\"application\/ld+json\" class=\"yoast-schema-graph\">{\"@context\":\"https:\\\/\\\/schema.org\",\"@graph\":[{\"@type\":\"WebPage\",\"@id\":\"https:\\\/\\\/elicrom.com\\\/?product=6410\",\"url\":\"https:\\\/\\\/elicrom.com\\\/?product=6410\",\"name\":\"Microstato Jumo Etron M100 de dos canales (701066) - ELICROM\",\"isPartOf\":{\"@id\":\"https:\\\/\\\/elicrom.com\\\/#website\"},\"primaryImageOfPage\":{\"@id\":\"https:\\\/\\\/elicrom.com\\\/?product=6410#primaryimage\"},\"image\":{\"@id\":\"https:\\\/\\\/elicrom.com\\\/?product=6410#primaryimage\"},\"thumbnailUrl\":\"https:\\\/\\\/elicrom.com\\\/wp-content\\\/uploads\\\/2013\\\/03\\\/6410-0.jpg\",\"datePublished\":\"2022-09-03T00:14:14+00:00\",\"breadcrumb\":{\"@id\":\"https:\\\/\\\/elicrom.com\\\/?product=6410#breadcrumb\"},\"inLanguage\":\"es\",\"potentialAction\":[{\"@type\":\"ReadAction\",\"target\":[\"https:\\\/\\\/elicrom.com\\\/?product=6410\"]}]},{\"@type\":\"ImageObject\",\"inLanguage\":\"es\",\"@id\":\"https:\\\/\\\/elicrom.com\\\/?product=6410#primaryimage\",\"url\":\"https:\\\/\\\/elicrom.com\\\/wp-content\\\/uploads\\\/2013\\\/03\\\/6410-0.jpg\",\"contentUrl\":\"https:\\\/\\\/elicrom.com\\\/wp-content\\\/uploads\\\/2013\\\/03\\\/6410-0.jpg\",\"width\":800,\"height\":800},{\"@type\":\"BreadcrumbList\",\"@id\":\"https:\\\/\\\/elicrom.com\\\/?product=6410#breadcrumb\",\"itemListElement\":[{\"@type\":\"ListItem\",\"position\":1,\"name\":\"Portada\",\"item\":\"https:\\\/\\\/elicrom.com\\\/\"},{\"@type\":\"ListItem\",\"position\":2,\"name\":\"Tienda en L\u00ednea\",\"item\":\"https:\\\/\\\/elicrom.com\\\/?page_id=3853\"},{\"@type\":\"ListItem\",\"position\":3,\"name\":\"Microstato Jumo Etron M100 de dos canales (701066)\"}]},{\"@type\":\"WebSite\",\"@id\":\"https:\\\/\\\/elicrom.com\\\/#website\",\"url\":\"https:\\\/\\\/elicrom.com\\\/\",\"name\":\"ELICROM\",\"description\":\"Especializados en actividades espec\u00edficas como son las \u00e1reas de Metrolog\u00eda, Medio Ambiente, Validaciones, Mantenimiento de Equipos de Laboratorio y Construcci\u00f3n\\\/Reformas de Laboratorios.\",\"publisher\":{\"@id\":\"https:\\\/\\\/elicrom.com\\\/#organization\"},\"potentialAction\":[{\"@type\":\"SearchAction\",\"target\":{\"@type\":\"EntryPoint\",\"urlTemplate\":\"https:\\\/\\\/elicrom.com\\\/?s={search_term_string}\"},\"query-input\":{\"@type\":\"PropertyValueSpecification\",\"valueRequired\":true,\"valueName\":\"search_term_string\"}}],\"inLanguage\":\"es\"},{\"@type\":[\"Organization\",\"Place\"],\"@id\":\"https:\\\/\\\/elicrom.com\\\/#organization\",\"name\":\"ELICROM CIA. LTDA.\",\"url\":\"https:\\\/\\\/elicrom.com\\\/\",\"logo\":{\"@id\":\"https:\\\/\\\/elicrom.com\\\/?product=6410#local-main-organization-logo\"},\"image\":{\"@id\":\"https:\\\/\\\/elicrom.com\\\/?product=6410#local-main-organization-logo\"},\"sameAs\":[\"https:\\\/\\\/www.facebook.com\\\/elicromlatam\",\"https:\\\/\\\/www.linkedin.com\\\/company\\\/elicrom-cia-ltda\\\/\",\"https:\\\/\\\/www.instagram.com\\\/elicromlatam\\\/\",\"https:\\\/\\\/www.youtube.com\\\/channel\\\/UCdxnNtnb97QtSjABhpwY4Pw\"],\"telephone\":[],\"openingHoursSpecification\":[{\"@type\":\"OpeningHoursSpecification\",\"dayOfWeek\":[\"Monday\",\"Tuesday\",\"Wednesday\",\"Thursday\",\"Friday\",\"Saturday\",\"Sunday\"],\"opens\":\"09:00\",\"closes\":\"17:00\"}]},{\"@type\":\"ImageObject\",\"inLanguage\":\"es\",\"@id\":\"https:\\\/\\\/elicrom.com\\\/?product=6410#local-main-organization-logo\",\"url\":\"https:\\\/\\\/elicrom.com\\\/wp-content\\\/uploads\\\/2026\\\/04\\\/logo-elicrom200X200.jpg\",\"contentUrl\":\"https:\\\/\\\/elicrom.com\\\/wp-content\\\/uploads\\\/2026\\\/04\\\/logo-elicrom200X200.jpg\",\"width\":200,\"height\":200,\"caption\":\"ELICROM CIA. LTDA.\"}]}<\/script>\n<!-- \/ Yoast SEO Premium plugin. -->","yoast_head_json":{"title":"Microstato Jumo Etron M100 de dos canales (701066) - ELICROM","robots":{"index":"index","follow":"follow","max-snippet":"max-snippet:-1","max-image-preview":"max-image-preview:large","max-video-preview":"max-video-preview:-1"},"canonical":"https:\/\/elicrom.com\/?product=6410","og_locale":"es_ES","og_type":"article","og_title":"Microstato Jumo Etron M100 de dos canales (701066)","og_description":"El 701066 es un microstato electr\u00f3nico de 2 canales para uso universal y para la conexi\u00f3n a sondas de temperatura RTD Pt100, Pt1000, KTY1X-6 o KTY2X-6. Las dos entradas de","og_url":"https:\/\/elicrom.com\/?product=6410","og_site_name":"ELICROM","article_publisher":"https:\/\/www.facebook.com\/elicromlatam","twitter_card":"summary_large_image","twitter_misc":{"Tiempo de lectura":"2 minutos"},"schema":{"@context":"https:\/\/schema.org","@graph":[{"@type":"WebPage","@id":"https:\/\/elicrom.com\/?product=6410","url":"https:\/\/elicrom.com\/?product=6410","name":"Microstato Jumo Etron M100 de dos canales (701066) - ELICROM","isPartOf":{"@id":"https:\/\/elicrom.com\/#website"},"primaryImageOfPage":{"@id":"https:\/\/elicrom.com\/?product=6410#primaryimage"},"image":{"@id":"https:\/\/elicrom.com\/?product=6410#primaryimage"},"thumbnailUrl":"https:\/\/elicrom.com\/wp-content\/uploads\/2013\/03\/6410-0.jpg","datePublished":"2022-09-03T00:14:14+00:00","breadcrumb":{"@id":"https:\/\/elicrom.com\/?product=6410#breadcrumb"},"inLanguage":"es","potentialAction":[{"@type":"ReadAction","target":["https:\/\/elicrom.com\/?product=6410"]}]},{"@type":"ImageObject","inLanguage":"es","@id":"https:\/\/elicrom.com\/?product=6410#primaryimage","url":"https:\/\/elicrom.com\/wp-content\/uploads\/2013\/03\/6410-0.jpg","contentUrl":"https:\/\/elicrom.com\/wp-content\/uploads\/2013\/03\/6410-0.jpg","width":800,"height":800},{"@type":"BreadcrumbList","@id":"https:\/\/elicrom.com\/?product=6410#breadcrumb","itemListElement":[{"@type":"ListItem","position":1,"name":"Portada","item":"https:\/\/elicrom.com\/"},{"@type":"ListItem","position":2,"name":"Tienda en L\u00ednea","item":"https:\/\/elicrom.com\/?page_id=3853"},{"@type":"ListItem","position":3,"name":"Microstato Jumo Etron M100 de dos canales (701066)"}]},{"@type":"WebSite","@id":"https:\/\/elicrom.com\/#website","url":"https:\/\/elicrom.com\/","name":"ELICROM","description":"Especializados en actividades espec\u00edficas como son las \u00e1reas de Metrolog\u00eda, Medio Ambiente, Validaciones, Mantenimiento de Equipos de Laboratorio y Construcci\u00f3n\/Reformas de Laboratorios.","publisher":{"@id":"https:\/\/elicrom.com\/#organization"},"potentialAction":[{"@type":"SearchAction","target":{"@type":"EntryPoint","urlTemplate":"https:\/\/elicrom.com\/?s={search_term_string}"},"query-input":{"@type":"PropertyValueSpecification","valueRequired":true,"valueName":"search_term_string"}}],"inLanguage":"es"},{"@type":["Organization","Place"],"@id":"https:\/\/elicrom.com\/#organization","name":"ELICROM CIA. LTDA.","url":"https:\/\/elicrom.com\/","logo":{"@id":"https:\/\/elicrom.com\/?product=6410#local-main-organization-logo"},"image":{"@id":"https:\/\/elicrom.com\/?product=6410#local-main-organization-logo"},"sameAs":["https:\/\/www.facebook.com\/elicromlatam","https:\/\/www.linkedin.com\/company\/elicrom-cia-ltda\/","https:\/\/www.instagram.com\/elicromlatam\/","https:\/\/www.youtube.com\/channel\/UCdxnNtnb97QtSjABhpwY4Pw"],"telephone":[],"openingHoursSpecification":[{"@type":"OpeningHoursSpecification","dayOfWeek":["Monday","Tuesday","Wednesday","Thursday","Friday","Saturday","Sunday"],"opens":"09:00","closes":"17:00"}]},{"@type":"ImageObject","inLanguage":"es","@id":"https:\/\/elicrom.com\/?product=6410#local-main-organization-logo","url":"https:\/\/elicrom.com\/wp-content\/uploads\/2026\/04\/logo-elicrom200X200.jpg","contentUrl":"https:\/\/elicrom.com\/wp-content\/uploads\/2026\/04\/logo-elicrom200X200.jpg","width":200,"height":200,"caption":"ELICROM CIA. LTDA."}]}},"_links":{"self":[{"href":"https:\/\/elicrom.com\/index.php?rest_route=\/wp\/v2\/product\/74713","targetHints":{"allow":["GET"]}}],"collection":[{"href":"https:\/\/elicrom.com\/index.php?rest_route=\/wp\/v2\/product"}],"about":[{"href":"https:\/\/elicrom.com\/index.php?rest_route=\/wp\/v2\/types\/product"}],"replies":[{"embeddable":true,"href":"https:\/\/elicrom.com\/index.php?rest_route=%2Fwp%2Fv2%2Fcomments&post=74713"}],"wp:featuredmedia":[{"embeddable":true,"href":"https:\/\/elicrom.com\/index.php?rest_route=\/wp\/v2\/media\/143383"}],"wp:attachment":[{"href":"https:\/\/elicrom.com\/index.php?rest_route=%2Fwp%2Fv2%2Fmedia&parent=74713"}],"wp:term":[{"taxonomy":"product_brand","embeddable":true,"href":"https:\/\/elicrom.com\/index.php?rest_route=%2Fwp%2Fv2%2Fproduct_brand&post=74713"},{"taxonomy":"product_cat","embeddable":true,"href":"https:\/\/elicrom.com\/index.php?rest_route=%2Fwp%2Fv2%2Fproduct_cat&post=74713"},{"taxonomy":"product_tag","embeddable":true,"href":"https:\/\/elicrom.com\/index.php?rest_route=%2Fwp%2Fv2%2Fproduct_tag&post=74713"}],"curies":[{"name":"wp","href":"https:\/\/api.w.org\/{rel}","templated":true}]}}