
{"id":72079,"date":"2022-09-02T22:28:29","date_gmt":"2022-09-02T22:28:29","guid":{"rendered":"https:\/\/elicrom.com\/?post_type=product&#038;p=72079"},"modified":"2024-11-27T08:56:21","modified_gmt":"2024-11-27T13:56:21","slug":"5091-filtro-de-jeringa-minisart-rcsrp25-25mm-045-m","status":"publish","type":"product","link":"https:\/\/elicrom.com\/?product=5091-filtro-de-jeringa-minisart-rcsrp25-25mm-045-m","title":{"rendered":"Filtro de jeringa Minisart RCSRP25 \u230025mm 0,45 \u00b5m"},"content":{"rendered":"<p>Los filtros de jeringa Minisart \u00ae SRP no est\u00e9riles se suministran en paquetes a granel. Esto reduce el desperdicio y facilita el manejo siempre que la aplicaci\u00f3n permita la clarificaci\u00f3n en condiciones no est\u00e9riles, como es el caso de la mayor\u00eda de los pasos de preparaci\u00f3n de muestras antes del an\u00e1lisis HPLC o GC.<\/p>\n<p>Especificaciones:<br \/>\n-Volumen de retenci\u00f3n: \u2264 100 \u2013 200 \u00b5L<br \/>\n-Rendimiento total: Hasta 100ml<br \/>\n-Rango de pH: 1.0 \u2013 14.0<br \/>\n-Filtros de jeringa Minisart SRP con una membrana PTFE limpia y qu\u00edmicamente inerte.<br \/>\n-Embalaje: Sin esterilizar, empaquetado a granel<br \/>\n-Tipo: Filtro de jeringa con Luer-slip macho<br \/>\n-Di\u00e1metro: 25 mm<br \/>\n-Reacci\u00f3n al agua: Hidrof\u00f3bico<br \/>\n-Tama\u00f1o del poro: 0,45 \u00b5m<br \/>\n-Material de la membrana: Politetrafluoroetileno (PTFE)<br \/>\n-Material de la carcasa: Polipropileno (PP)<br \/>\n-Papel de filtro\/color de membrana: Blanco (opaco) \/ Impreso<br \/>\n-Tasa de flujo: \u2265 260 mL\/min para metanol a 1 bar (14,5 psi) \/ \u2265 3000 ml\/min para aire a 0,1 bar (1,5 psi)<br \/>\n-Volumen de retenci\u00f3n: 0,1 ml<br \/>\n-Temperatura m\u00e1x.: 127 \u00b0C\/30 m\u00edn<br \/>\n-\u00c1rea de filtrado: 4,8 cm\u00b2<br \/>\n-Entrada de conectores: Bloqueo Luer hembra<br \/>\n-Salida de conectores: Conector macho luer slip<br \/>\n-Di\u00e1metro del filtro: 25 mm<br \/>\n-Presi\u00f3n m\u00e1xima: 4,5 bar<br \/>\n-Esterilizaci\u00f3n: Sin esterilizaci\u00f3n adicional<br \/>\n-Dimensiones (An x P x Al): 130 x 270 x 310 mm<br \/>\n-Cantidad: Unidades<\/p>\n","protected":false},"excerpt":{"rendered":"<p>Los filtros de jeringa Minisart \u00ae SRP no est\u00e9riles se suministran en paquetes a granel. Esto reduce el desperdicio y facilita el manejo siempre que la aplicaci\u00f3n permita la clarificaci\u00f3n<\/p>\n","protected":false},"featured_media":135191,"comment_status":"open","ping_status":"closed","template":"","meta":[],"product_brand":[],"product_cat":[1,3402,3410],"product_tag":[],"class_list":{"0":"post-72079","1":"product","2":"type-product","3":"status-publish","4":"has-post-thumbnail","6":"product_cat-uncategorized","7":"product_cat-Filtracin","8":"product_cat-Filtros-de-jeringa","10":"first","11":"instock","12":"taxable","13":"shipping-taxable","14":"product-type-simple"},"aioseo_notices":[],"yoast_head":"<!-- This site is optimized with the Yoast SEO Premium plugin v27.4 (Yoast SEO v27.5) - https:\/\/yoast.com\/product\/yoast-seo-premium-wordpress\/ -->\n<title>Filtro de jeringa Minisart RCSRP25 \u230025mm 0,45 \u00b5m - ELICROM<\/title>\n<meta name=\"robots\" content=\"index, follow, max-snippet:-1, max-image-preview:large, max-video-preview:-1\" \/>\n<link rel=\"canonical\" href=\"https:\/\/elicrom.com\/?product=5091\" \/>\n<meta property=\"og:locale\" content=\"es_ES\" \/>\n<meta property=\"og:type\" content=\"article\" \/>\n<meta property=\"og:title\" content=\"Filtro de jeringa Minisart RCSRP25 \u230025mm 0,45 \u00b5m\" \/>\n<meta property=\"og:description\" content=\"Los filtros de jeringa Minisart \u00ae SRP no est\u00e9riles se suministran en paquetes a granel. Esto reduce el desperdicio y facilita el manejo siempre que la aplicaci\u00f3n permita la clarificaci\u00f3n\" \/>\n<meta property=\"og:url\" content=\"https:\/\/elicrom.com\/?product=5091\" \/>\n<meta property=\"og:site_name\" content=\"ELICROM\" \/>\n<meta property=\"article:publisher\" content=\"https:\/\/www.facebook.com\/elicromlatam\" \/>\n<meta property=\"article:modified_time\" content=\"2024-11-27T13:56:21+00:00\" \/>\n<meta property=\"og:image\" content=\"https:\/\/elicrom.com\/wp-content\/uploads\/2013\/02\/5091-0.jpeg\" \/>\n\t<meta property=\"og:image:width\" content=\"800\" \/>\n\t<meta property=\"og:image:height\" content=\"800\" \/>\n\t<meta property=\"og:image:type\" content=\"image\/jpeg\" \/>\n<meta name=\"twitter:card\" content=\"summary_large_image\" \/>\n<meta name=\"twitter:label1\" content=\"Tiempo de lectura\" \/>\n\t<meta name=\"twitter:data1\" content=\"1 minuto\" \/>\n<script type=\"application\/ld+json\" class=\"yoast-schema-graph\">{\"@context\":\"https:\\\/\\\/schema.org\",\"@graph\":[{\"@type\":\"WebPage\",\"@id\":\"https:\\\/\\\/elicrom.com\\\/?product=5091\",\"url\":\"https:\\\/\\\/elicrom.com\\\/?product=5091\",\"name\":\"Filtro de jeringa Minisart RCSRP25 \u230025mm 0,45 \u00b5m - ELICROM\",\"isPartOf\":{\"@id\":\"https:\\\/\\\/elicrom.com\\\/#website\"},\"primaryImageOfPage\":{\"@id\":\"https:\\\/\\\/elicrom.com\\\/?product=5091#primaryimage\"},\"image\":{\"@id\":\"https:\\\/\\\/elicrom.com\\\/?product=5091#primaryimage\"},\"thumbnailUrl\":\"https:\\\/\\\/elicrom.com\\\/wp-content\\\/uploads\\\/2013\\\/02\\\/5091-0.jpeg\",\"datePublished\":\"2022-09-02T22:28:29+00:00\",\"dateModified\":\"2024-11-27T13:56:21+00:00\",\"breadcrumb\":{\"@id\":\"https:\\\/\\\/elicrom.com\\\/?product=5091#breadcrumb\"},\"inLanguage\":\"es\",\"potentialAction\":[{\"@type\":\"ReadAction\",\"target\":[\"https:\\\/\\\/elicrom.com\\\/?product=5091\"]}]},{\"@type\":\"ImageObject\",\"inLanguage\":\"es\",\"@id\":\"https:\\\/\\\/elicrom.com\\\/?product=5091#primaryimage\",\"url\":\"https:\\\/\\\/elicrom.com\\\/wp-content\\\/uploads\\\/2013\\\/02\\\/5091-0.jpeg\",\"contentUrl\":\"https:\\\/\\\/elicrom.com\\\/wp-content\\\/uploads\\\/2013\\\/02\\\/5091-0.jpeg\",\"width\":800,\"height\":800},{\"@type\":\"BreadcrumbList\",\"@id\":\"https:\\\/\\\/elicrom.com\\\/?product=5091#breadcrumb\",\"itemListElement\":[{\"@type\":\"ListItem\",\"position\":1,\"name\":\"Portada\",\"item\":\"https:\\\/\\\/elicrom.com\\\/\"},{\"@type\":\"ListItem\",\"position\":2,\"name\":\"Tienda en L\u00ednea\",\"item\":\"https:\\\/\\\/elicrom.com\\\/?page_id=3853\"},{\"@type\":\"ListItem\",\"position\":3,\"name\":\"Filtro de jeringa Minisart RCSRP25 \u230025mm 0,45 \u00b5m\"}]},{\"@type\":\"WebSite\",\"@id\":\"https:\\\/\\\/elicrom.com\\\/#website\",\"url\":\"https:\\\/\\\/elicrom.com\\\/\",\"name\":\"ELICROM\",\"description\":\"Especializados en actividades espec\u00edficas como son las \u00e1reas de Metrolog\u00eda, Medio Ambiente, Validaciones, Mantenimiento de Equipos de Laboratorio y Construcci\u00f3n\\\/Reformas de Laboratorios.\",\"publisher\":{\"@id\":\"https:\\\/\\\/elicrom.com\\\/#organization\"},\"potentialAction\":[{\"@type\":\"SearchAction\",\"target\":{\"@type\":\"EntryPoint\",\"urlTemplate\":\"https:\\\/\\\/elicrom.com\\\/?s={search_term_string}\"},\"query-input\":{\"@type\":\"PropertyValueSpecification\",\"valueRequired\":true,\"valueName\":\"search_term_string\"}}],\"inLanguage\":\"es\"},{\"@type\":[\"Organization\",\"Place\"],\"@id\":\"https:\\\/\\\/elicrom.com\\\/#organization\",\"name\":\"ELICROM CIA. LTDA.\",\"url\":\"https:\\\/\\\/elicrom.com\\\/\",\"logo\":{\"@id\":\"https:\\\/\\\/elicrom.com\\\/?product=5091#local-main-organization-logo\"},\"image\":{\"@id\":\"https:\\\/\\\/elicrom.com\\\/?product=5091#local-main-organization-logo\"},\"sameAs\":[\"https:\\\/\\\/www.facebook.com\\\/elicromlatam\",\"https:\\\/\\\/www.linkedin.com\\\/company\\\/elicrom-cia-ltda\\\/\",\"https:\\\/\\\/www.instagram.com\\\/elicromlatam\\\/\",\"https:\\\/\\\/www.youtube.com\\\/channel\\\/UCdxnNtnb97QtSjABhpwY4Pw\"],\"telephone\":[],\"openingHoursSpecification\":[{\"@type\":\"OpeningHoursSpecification\",\"dayOfWeek\":[\"Monday\",\"Tuesday\",\"Wednesday\",\"Thursday\",\"Friday\",\"Saturday\",\"Sunday\"],\"opens\":\"09:00\",\"closes\":\"17:00\"}]},{\"@type\":\"ImageObject\",\"inLanguage\":\"es\",\"@id\":\"https:\\\/\\\/elicrom.com\\\/?product=5091#local-main-organization-logo\",\"url\":\"https:\\\/\\\/elicrom.com\\\/wp-content\\\/uploads\\\/2026\\\/04\\\/logo-elicrom200X200.jpg\",\"contentUrl\":\"https:\\\/\\\/elicrom.com\\\/wp-content\\\/uploads\\\/2026\\\/04\\\/logo-elicrom200X200.jpg\",\"width\":200,\"height\":200,\"caption\":\"ELICROM CIA. LTDA.\"}]}<\/script>\n<!-- \/ Yoast SEO Premium plugin. -->","yoast_head_json":{"title":"Filtro de jeringa Minisart RCSRP25 \u230025mm 0,45 \u00b5m - ELICROM","robots":{"index":"index","follow":"follow","max-snippet":"max-snippet:-1","max-image-preview":"max-image-preview:large","max-video-preview":"max-video-preview:-1"},"canonical":"https:\/\/elicrom.com\/?product=5091","og_locale":"es_ES","og_type":"article","og_title":"Filtro de jeringa Minisart RCSRP25 \u230025mm 0,45 \u00b5m","og_description":"Los filtros de jeringa Minisart \u00ae SRP no est\u00e9riles se suministran en paquetes a granel. Esto reduce el desperdicio y facilita el manejo siempre que la aplicaci\u00f3n permita la clarificaci\u00f3n","og_url":"https:\/\/elicrom.com\/?product=5091","og_site_name":"ELICROM","article_publisher":"https:\/\/www.facebook.com\/elicromlatam","article_modified_time":"2024-11-27T13:56:21+00:00","og_image":[{"width":800,"height":800,"url":"https:\/\/elicrom.com\/wp-content\/uploads\/2013\/02\/5091-0.jpeg","type":"image\/jpeg"}],"twitter_card":"summary_large_image","twitter_misc":{"Tiempo de lectura":"1 minuto"},"schema":{"@context":"https:\/\/schema.org","@graph":[{"@type":"WebPage","@id":"https:\/\/elicrom.com\/?product=5091","url":"https:\/\/elicrom.com\/?product=5091","name":"Filtro de jeringa Minisart RCSRP25 \u230025mm 0,45 \u00b5m - ELICROM","isPartOf":{"@id":"https:\/\/elicrom.com\/#website"},"primaryImageOfPage":{"@id":"https:\/\/elicrom.com\/?product=5091#primaryimage"},"image":{"@id":"https:\/\/elicrom.com\/?product=5091#primaryimage"},"thumbnailUrl":"https:\/\/elicrom.com\/wp-content\/uploads\/2013\/02\/5091-0.jpeg","datePublished":"2022-09-02T22:28:29+00:00","dateModified":"2024-11-27T13:56:21+00:00","breadcrumb":{"@id":"https:\/\/elicrom.com\/?product=5091#breadcrumb"},"inLanguage":"es","potentialAction":[{"@type":"ReadAction","target":["https:\/\/elicrom.com\/?product=5091"]}]},{"@type":"ImageObject","inLanguage":"es","@id":"https:\/\/elicrom.com\/?product=5091#primaryimage","url":"https:\/\/elicrom.com\/wp-content\/uploads\/2013\/02\/5091-0.jpeg","contentUrl":"https:\/\/elicrom.com\/wp-content\/uploads\/2013\/02\/5091-0.jpeg","width":800,"height":800},{"@type":"BreadcrumbList","@id":"https:\/\/elicrom.com\/?product=5091#breadcrumb","itemListElement":[{"@type":"ListItem","position":1,"name":"Portada","item":"https:\/\/elicrom.com\/"},{"@type":"ListItem","position":2,"name":"Tienda en L\u00ednea","item":"https:\/\/elicrom.com\/?page_id=3853"},{"@type":"ListItem","position":3,"name":"Filtro de jeringa Minisart RCSRP25 \u230025mm 0,45 \u00b5m"}]},{"@type":"WebSite","@id":"https:\/\/elicrom.com\/#website","url":"https:\/\/elicrom.com\/","name":"ELICROM","description":"Especializados en actividades espec\u00edficas como son las \u00e1reas de Metrolog\u00eda, Medio Ambiente, Validaciones, Mantenimiento de Equipos de Laboratorio y Construcci\u00f3n\/Reformas de Laboratorios.","publisher":{"@id":"https:\/\/elicrom.com\/#organization"},"potentialAction":[{"@type":"SearchAction","target":{"@type":"EntryPoint","urlTemplate":"https:\/\/elicrom.com\/?s={search_term_string}"},"query-input":{"@type":"PropertyValueSpecification","valueRequired":true,"valueName":"search_term_string"}}],"inLanguage":"es"},{"@type":["Organization","Place"],"@id":"https:\/\/elicrom.com\/#organization","name":"ELICROM CIA. LTDA.","url":"https:\/\/elicrom.com\/","logo":{"@id":"https:\/\/elicrom.com\/?product=5091#local-main-organization-logo"},"image":{"@id":"https:\/\/elicrom.com\/?product=5091#local-main-organization-logo"},"sameAs":["https:\/\/www.facebook.com\/elicromlatam","https:\/\/www.linkedin.com\/company\/elicrom-cia-ltda\/","https:\/\/www.instagram.com\/elicromlatam\/","https:\/\/www.youtube.com\/channel\/UCdxnNtnb97QtSjABhpwY4Pw"],"telephone":[],"openingHoursSpecification":[{"@type":"OpeningHoursSpecification","dayOfWeek":["Monday","Tuesday","Wednesday","Thursday","Friday","Saturday","Sunday"],"opens":"09:00","closes":"17:00"}]},{"@type":"ImageObject","inLanguage":"es","@id":"https:\/\/elicrom.com\/?product=5091#local-main-organization-logo","url":"https:\/\/elicrom.com\/wp-content\/uploads\/2026\/04\/logo-elicrom200X200.jpg","contentUrl":"https:\/\/elicrom.com\/wp-content\/uploads\/2026\/04\/logo-elicrom200X200.jpg","width":200,"height":200,"caption":"ELICROM CIA. LTDA."}]}},"_links":{"self":[{"href":"https:\/\/elicrom.com\/index.php?rest_route=\/wp\/v2\/product\/72079","targetHints":{"allow":["GET"]}}],"collection":[{"href":"https:\/\/elicrom.com\/index.php?rest_route=\/wp\/v2\/product"}],"about":[{"href":"https:\/\/elicrom.com\/index.php?rest_route=\/wp\/v2\/types\/product"}],"replies":[{"embeddable":true,"href":"https:\/\/elicrom.com\/index.php?rest_route=%2Fwp%2Fv2%2Fcomments&post=72079"}],"wp:featuredmedia":[{"embeddable":true,"href":"https:\/\/elicrom.com\/index.php?rest_route=\/wp\/v2\/media\/135191"}],"wp:attachment":[{"href":"https:\/\/elicrom.com\/index.php?rest_route=%2Fwp%2Fv2%2Fmedia&parent=72079"}],"wp:term":[{"taxonomy":"product_brand","embeddable":true,"href":"https:\/\/elicrom.com\/index.php?rest_route=%2Fwp%2Fv2%2Fproduct_brand&post=72079"},{"taxonomy":"product_cat","embeddable":true,"href":"https:\/\/elicrom.com\/index.php?rest_route=%2Fwp%2Fv2%2Fproduct_cat&post=72079"},{"taxonomy":"product_tag","embeddable":true,"href":"https:\/\/elicrom.com\/index.php?rest_route=%2Fwp%2Fv2%2Fproduct_tag&post=72079"}],"curies":[{"name":"wp","href":"https:\/\/api.w.org\/{rel}","templated":true}]}}