
{"id":68529,"date":"2022-09-02T20:18:52","date_gmt":"2022-09-02T20:18:52","guid":{"rendered":"https:\/\/elicrom.com\/?post_type=product&#038;p=68529"},"modified":"2023-05-11T09:32:32","modified_gmt":"2023-05-11T14:32:32","slug":"3315-kit-gsm-w-de-la-base-de-datos-comet","status":"publish","type":"product","link":"https:\/\/elicrom.com\/?product=3315-kit-gsm-w-de-la-base-de-datos-comet","title":{"rendered":"Kit GSM w de la base de datos comet"},"content":{"rendered":"<p>Remitente de SMS es una parte integral de la base de datos de software Comet. Este servicio se encarga de enviar mensajes SMS a la alarma<br \/>\nun receptor de tel\u00e9fono m\u00f3vil a trav\u00e9s de un m\u00f3dem conectado al PC o servidor donde est\u00e1 instalado la base de datos Comet.<br \/>\nAcaba de comprar GSM-KIT-W, m\u00f3dem GSM conectado a su ordenador para instalar la base de datos Comet en su ordenador o servidor, y<br \/>\nusted tiene la vigilancia de 24 horas de eventos cr\u00edticos.<br \/>\nCon este servicio de bajo costo puede prevenir costosos da\u00f1os a la salud, los bienes y propiedades.<br \/>\nA trav\u00e9s del uso Kit GSM servicio \u00fanico remitente de SMS, que es parte de la base de datos de software de base de datos Comet.<\/p>\n<p>El paquete incluye un suministro de m\u00f3dem, antena, cable de comunicaci\u00f3n y el poder<br \/>\nKit para ordenar f\u00e1cil contiene de:<br \/>\nLP012 &#8211; adaptador COM<br \/>\nLP040 &#8211; m\u00f3dem GSM \/ GPRS<br \/>\nMP009 \/ 1 &#8211; Antena 3 dB para el m\u00f3dem<br \/>\nA1940 &#8211; Ac \/ adaptador de corriente continua para m\u00f3dem<br \/>\nQMS2901 &#8211; Cable para la configuraci\u00f3n del m\u00f3dem<\/p>\n","protected":false},"excerpt":{"rendered":"<p>Remitente de SMS es una parte integral de la base de datos de software Comet. Este servicio se encarga de enviar mensajes SMS a la alarma un receptor de tel\u00e9fono<\/p>\n","protected":false},"featured_media":68530,"comment_status":"open","ping_status":"closed","template":"","meta":[],"product_brand":[],"product_cat":[3576,3577],"product_tag":[],"class_list":{"0":"post-68529","1":"product","2":"type-product","3":"status-publish","4":"has-post-thumbnail","6":"product_cat-general","7":"product_cat-ofertas","9":"first","10":"instock","11":"sale","12":"taxable","13":"shipping-taxable","14":"purchasable","15":"product-type-simple"},"aioseo_notices":[],"yoast_head":"<!-- This site is optimized with the Yoast SEO Premium plugin v27.4 (Yoast SEO v27.5) - https:\/\/yoast.com\/product\/yoast-seo-premium-wordpress\/ -->\n<title>Kit GSM w de la base de datos comet - ELICROM<\/title>\n<meta name=\"robots\" content=\"index, follow, max-snippet:-1, max-image-preview:large, max-video-preview:-1\" \/>\n<link rel=\"canonical\" href=\"https:\/\/elicrom.com\/?product=3315\" \/>\n<meta property=\"og:locale\" content=\"es_ES\" \/>\n<meta property=\"og:type\" content=\"article\" \/>\n<meta property=\"og:title\" content=\"Kit GSM w de la base de datos comet\" \/>\n<meta property=\"og:description\" content=\"Remitente de SMS es una parte integral de la base de datos de software Comet. Este servicio se encarga de enviar mensajes SMS a la alarma un receptor de tel\u00e9fono\" \/>\n<meta property=\"og:url\" content=\"https:\/\/elicrom.com\/?product=3315\" \/>\n<meta property=\"og:site_name\" content=\"ELICROM\" \/>\n<meta property=\"article:publisher\" content=\"https:\/\/www.facebook.com\/elicromlatam\" \/>\n<meta property=\"article:modified_time\" content=\"2023-05-11T14:32:32+00:00\" \/>\n<meta name=\"twitter:card\" content=\"summary_large_image\" \/>\n<meta name=\"twitter:label1\" content=\"Tiempo de lectura\" \/>\n\t<meta name=\"twitter:data1\" content=\"1 minuto\" \/>\n<script type=\"application\/ld+json\" class=\"yoast-schema-graph\">{\"@context\":\"https:\\\/\\\/schema.org\",\"@graph\":[{\"@type\":\"WebPage\",\"@id\":\"https:\\\/\\\/elicrom.com\\\/?product=3315\",\"url\":\"https:\\\/\\\/elicrom.com\\\/?product=3315\",\"name\":\"Kit GSM w de la base de datos comet - ELICROM\",\"isPartOf\":{\"@id\":\"https:\\\/\\\/elicrom.com\\\/#website\"},\"primaryImageOfPage\":{\"@id\":\"https:\\\/\\\/elicrom.com\\\/?product=3315#primaryimage\"},\"image\":{\"@id\":\"https:\\\/\\\/elicrom.com\\\/?product=3315#primaryimage\"},\"thumbnailUrl\":\"https:\\\/\\\/elicrom.com\\\/wp-content\\\/uploads\\\/2013\\\/02\\\/3315-0.jpg\",\"datePublished\":\"2022-09-02T20:18:52+00:00\",\"dateModified\":\"2023-05-11T14:32:32+00:00\",\"breadcrumb\":{\"@id\":\"https:\\\/\\\/elicrom.com\\\/?product=3315#breadcrumb\"},\"inLanguage\":\"es\",\"potentialAction\":[{\"@type\":\"ReadAction\",\"target\":[\"https:\\\/\\\/elicrom.com\\\/?product=3315\"]}]},{\"@type\":\"ImageObject\",\"inLanguage\":\"es\",\"@id\":\"https:\\\/\\\/elicrom.com\\\/?product=3315#primaryimage\",\"url\":\"https:\\\/\\\/elicrom.com\\\/wp-content\\\/uploads\\\/2013\\\/02\\\/3315-0.jpg\",\"contentUrl\":\"https:\\\/\\\/elicrom.com\\\/wp-content\\\/uploads\\\/2013\\\/02\\\/3315-0.jpg\",\"width\":411,\"height\":410},{\"@type\":\"BreadcrumbList\",\"@id\":\"https:\\\/\\\/elicrom.com\\\/?product=3315#breadcrumb\",\"itemListElement\":[{\"@type\":\"ListItem\",\"position\":1,\"name\":\"Portada\",\"item\":\"https:\\\/\\\/elicrom.com\\\/\"},{\"@type\":\"ListItem\",\"position\":2,\"name\":\"Tienda en L\u00ednea\",\"item\":\"https:\\\/\\\/elicrom.com\\\/?page_id=3853\"},{\"@type\":\"ListItem\",\"position\":3,\"name\":\"Kit GSM w de la base de datos comet\"}]},{\"@type\":\"WebSite\",\"@id\":\"https:\\\/\\\/elicrom.com\\\/#website\",\"url\":\"https:\\\/\\\/elicrom.com\\\/\",\"name\":\"ELICROM\",\"description\":\"Especializados en actividades espec\u00edficas como son las \u00e1reas de Metrolog\u00eda, Medio Ambiente, Validaciones, Mantenimiento de Equipos de Laboratorio y Construcci\u00f3n\\\/Reformas de Laboratorios.\",\"publisher\":{\"@id\":\"https:\\\/\\\/elicrom.com\\\/#organization\"},\"potentialAction\":[{\"@type\":\"SearchAction\",\"target\":{\"@type\":\"EntryPoint\",\"urlTemplate\":\"https:\\\/\\\/elicrom.com\\\/?s={search_term_string}\"},\"query-input\":{\"@type\":\"PropertyValueSpecification\",\"valueRequired\":true,\"valueName\":\"search_term_string\"}}],\"inLanguage\":\"es\"},{\"@type\":[\"Organization\",\"Place\"],\"@id\":\"https:\\\/\\\/elicrom.com\\\/#organization\",\"name\":\"ELICROM CIA. LTDA.\",\"url\":\"https:\\\/\\\/elicrom.com\\\/\",\"logo\":{\"@id\":\"https:\\\/\\\/elicrom.com\\\/?product=3315#local-main-organization-logo\"},\"image\":{\"@id\":\"https:\\\/\\\/elicrom.com\\\/?product=3315#local-main-organization-logo\"},\"sameAs\":[\"https:\\\/\\\/www.facebook.com\\\/elicromlatam\",\"https:\\\/\\\/www.linkedin.com\\\/company\\\/elicrom-cia-ltda\\\/\",\"https:\\\/\\\/www.instagram.com\\\/elicromlatam\\\/\",\"https:\\\/\\\/www.youtube.com\\\/channel\\\/UCdxnNtnb97QtSjABhpwY4Pw\"],\"telephone\":[],\"openingHoursSpecification\":[{\"@type\":\"OpeningHoursSpecification\",\"dayOfWeek\":[\"Monday\",\"Tuesday\",\"Wednesday\",\"Thursday\",\"Friday\",\"Saturday\",\"Sunday\"],\"opens\":\"09:00\",\"closes\":\"17:00\"}]},{\"@type\":\"ImageObject\",\"inLanguage\":\"es\",\"@id\":\"https:\\\/\\\/elicrom.com\\\/?product=3315#local-main-organization-logo\",\"url\":\"https:\\\/\\\/elicrom.com\\\/wp-content\\\/uploads\\\/2026\\\/04\\\/logo-elicrom200X200.jpg\",\"contentUrl\":\"https:\\\/\\\/elicrom.com\\\/wp-content\\\/uploads\\\/2026\\\/04\\\/logo-elicrom200X200.jpg\",\"width\":200,\"height\":200,\"caption\":\"ELICROM CIA. LTDA.\"}]}<\/script>\n<!-- \/ Yoast SEO Premium plugin. -->","yoast_head_json":{"title":"Kit GSM w de la base de datos comet - ELICROM","robots":{"index":"index","follow":"follow","max-snippet":"max-snippet:-1","max-image-preview":"max-image-preview:large","max-video-preview":"max-video-preview:-1"},"canonical":"https:\/\/elicrom.com\/?product=3315","og_locale":"es_ES","og_type":"article","og_title":"Kit GSM w de la base de datos comet","og_description":"Remitente de SMS es una parte integral de la base de datos de software Comet. Este servicio se encarga de enviar mensajes SMS a la alarma un receptor de tel\u00e9fono","og_url":"https:\/\/elicrom.com\/?product=3315","og_site_name":"ELICROM","article_publisher":"https:\/\/www.facebook.com\/elicromlatam","article_modified_time":"2023-05-11T14:32:32+00:00","twitter_card":"summary_large_image","twitter_misc":{"Tiempo de lectura":"1 minuto"},"schema":{"@context":"https:\/\/schema.org","@graph":[{"@type":"WebPage","@id":"https:\/\/elicrom.com\/?product=3315","url":"https:\/\/elicrom.com\/?product=3315","name":"Kit GSM w de la base de datos comet - ELICROM","isPartOf":{"@id":"https:\/\/elicrom.com\/#website"},"primaryImageOfPage":{"@id":"https:\/\/elicrom.com\/?product=3315#primaryimage"},"image":{"@id":"https:\/\/elicrom.com\/?product=3315#primaryimage"},"thumbnailUrl":"https:\/\/elicrom.com\/wp-content\/uploads\/2013\/02\/3315-0.jpg","datePublished":"2022-09-02T20:18:52+00:00","dateModified":"2023-05-11T14:32:32+00:00","breadcrumb":{"@id":"https:\/\/elicrom.com\/?product=3315#breadcrumb"},"inLanguage":"es","potentialAction":[{"@type":"ReadAction","target":["https:\/\/elicrom.com\/?product=3315"]}]},{"@type":"ImageObject","inLanguage":"es","@id":"https:\/\/elicrom.com\/?product=3315#primaryimage","url":"https:\/\/elicrom.com\/wp-content\/uploads\/2013\/02\/3315-0.jpg","contentUrl":"https:\/\/elicrom.com\/wp-content\/uploads\/2013\/02\/3315-0.jpg","width":411,"height":410},{"@type":"BreadcrumbList","@id":"https:\/\/elicrom.com\/?product=3315#breadcrumb","itemListElement":[{"@type":"ListItem","position":1,"name":"Portada","item":"https:\/\/elicrom.com\/"},{"@type":"ListItem","position":2,"name":"Tienda en L\u00ednea","item":"https:\/\/elicrom.com\/?page_id=3853"},{"@type":"ListItem","position":3,"name":"Kit GSM w de la base de datos comet"}]},{"@type":"WebSite","@id":"https:\/\/elicrom.com\/#website","url":"https:\/\/elicrom.com\/","name":"ELICROM","description":"Especializados en actividades espec\u00edficas como son las \u00e1reas de Metrolog\u00eda, Medio Ambiente, Validaciones, Mantenimiento de Equipos de Laboratorio y Construcci\u00f3n\/Reformas de Laboratorios.","publisher":{"@id":"https:\/\/elicrom.com\/#organization"},"potentialAction":[{"@type":"SearchAction","target":{"@type":"EntryPoint","urlTemplate":"https:\/\/elicrom.com\/?s={search_term_string}"},"query-input":{"@type":"PropertyValueSpecification","valueRequired":true,"valueName":"search_term_string"}}],"inLanguage":"es"},{"@type":["Organization","Place"],"@id":"https:\/\/elicrom.com\/#organization","name":"ELICROM CIA. LTDA.","url":"https:\/\/elicrom.com\/","logo":{"@id":"https:\/\/elicrom.com\/?product=3315#local-main-organization-logo"},"image":{"@id":"https:\/\/elicrom.com\/?product=3315#local-main-organization-logo"},"sameAs":["https:\/\/www.facebook.com\/elicromlatam","https:\/\/www.linkedin.com\/company\/elicrom-cia-ltda\/","https:\/\/www.instagram.com\/elicromlatam\/","https:\/\/www.youtube.com\/channel\/UCdxnNtnb97QtSjABhpwY4Pw"],"telephone":[],"openingHoursSpecification":[{"@type":"OpeningHoursSpecification","dayOfWeek":["Monday","Tuesday","Wednesday","Thursday","Friday","Saturday","Sunday"],"opens":"09:00","closes":"17:00"}]},{"@type":"ImageObject","inLanguage":"es","@id":"https:\/\/elicrom.com\/?product=3315#local-main-organization-logo","url":"https:\/\/elicrom.com\/wp-content\/uploads\/2026\/04\/logo-elicrom200X200.jpg","contentUrl":"https:\/\/elicrom.com\/wp-content\/uploads\/2026\/04\/logo-elicrom200X200.jpg","width":200,"height":200,"caption":"ELICROM CIA. LTDA."}]}},"_links":{"self":[{"href":"https:\/\/elicrom.com\/index.php?rest_route=\/wp\/v2\/product\/68529","targetHints":{"allow":["GET"]}}],"collection":[{"href":"https:\/\/elicrom.com\/index.php?rest_route=\/wp\/v2\/product"}],"about":[{"href":"https:\/\/elicrom.com\/index.php?rest_route=\/wp\/v2\/types\/product"}],"replies":[{"embeddable":true,"href":"https:\/\/elicrom.com\/index.php?rest_route=%2Fwp%2Fv2%2Fcomments&post=68529"}],"wp:featuredmedia":[{"embeddable":true,"href":"https:\/\/elicrom.com\/index.php?rest_route=\/wp\/v2\/media\/68530"}],"wp:attachment":[{"href":"https:\/\/elicrom.com\/index.php?rest_route=%2Fwp%2Fv2%2Fmedia&parent=68529"}],"wp:term":[{"taxonomy":"product_brand","embeddable":true,"href":"https:\/\/elicrom.com\/index.php?rest_route=%2Fwp%2Fv2%2Fproduct_brand&post=68529"},{"taxonomy":"product_cat","embeddable":true,"href":"https:\/\/elicrom.com\/index.php?rest_route=%2Fwp%2Fv2%2Fproduct_cat&post=68529"},{"taxonomy":"product_tag","embeddable":true,"href":"https:\/\/elicrom.com\/index.php?rest_route=%2Fwp%2Fv2%2Fproduct_tag&post=68529"}],"curies":[{"name":"wp","href":"https:\/\/api.w.org\/{rel}","templated":true}]}}