{"id":67469,"date":"2022-09-02T19:15:03","date_gmt":"2022-09-02T19:15:03","guid":{"rendered":"https:\/\/elicrom.com\/?post_type=product&#038;p=67469"},"modified":"2022-09-02T19:15:03","modified_gmt":"2022-09-02T19:15:03","slug":"2785-kit-de-reactivos-de-depuradores-de-oxigeno","status":"publish","type":"product","link":"https:\/\/elicrom.com\/?product=2785-kit-de-reactivos-de-depuradores-de-oxigeno","title":{"rendered":"Kit de reactivos de depuradores de ox\u00edgeno"},"content":{"rendered":"<p>Especificaciones:<br \/>\n-M\u00e9todo:8140<br \/>\n-Nombre del m\u00e9todo:Reducci\u00f3n de hierro<br \/>\n-N\u00famero de pruebas: 100<br \/>\n-Par\u00e1metro: carro\u00f1eros de ox\u00edgeno<br \/>\n-Rango: 5 &#8211; 600 Carbohidrazida<br \/>\n-Rango 2:3 &#8211; 450 \u00b5g\/L DEHA<br \/>\n-Rango 3:9 &#8211; 1000 \u00b5g\/L Hidroquinona<br \/>\n-Rango 4:13 &#8211; 1500 \u00b5g\/L Eritorbi\u010dna kiselina \/ izoaskorbinska kiselina (ISA)<br \/>\n-Rango 5:15 &#8211; 1000 \u00b5g\/L Metiletilcetoxima (MEKO)<br \/>\n-Vida \u00fatil (d\u00edas) a partir de la fecha de env\u00edo: 150<br \/>\n\t\t<\/p>\n","protected":false},"excerpt":{"rendered":"<p>Especificaciones: -M\u00e9todo:8140 -Nombre del m\u00e9todo:Reducci\u00f3n de hierro -N\u00famero de pruebas: 100 -Par\u00e1metro: carro\u00f1eros de ox\u00edgeno -Rango: 5 &#8211; 600 Carbohidrazida -Rango 2:3 &#8211; 450 \u00b5g\/L DEHA -Rango 3:9 &#8211; 1000<\/p>\n","protected":false},"featured_media":67470,"comment_status":"open","ping_status":"closed","template":"","meta":{"_acf_changed":false},"product_brand":[],"product_cat":[1,3439,3438],"product_tag":[],"class_list":{"0":"post-67469","1":"product","2":"type-product","3":"status-publish","4":"has-post-thumbnail","6":"product_cat-uncategorized","7":"product_cat-Hach","8":"product_cat-Reactivos-y-estndares","10":"first","11":"instock","12":"taxable","13":"shipping-taxable","14":"product-type-simple"},"acf":[],"aioseo_notices":[],"_links":{"self":[{"href":"https:\/\/elicrom.com\/index.php?rest_route=\/wp\/v2\/product\/67469","targetHints":{"allow":["GET"]}}],"collection":[{"href":"https:\/\/elicrom.com\/index.php?rest_route=\/wp\/v2\/product"}],"about":[{"href":"https:\/\/elicrom.com\/index.php?rest_route=\/wp\/v2\/types\/product"}],"replies":[{"embeddable":true,"href":"https:\/\/elicrom.com\/index.php?rest_route=%2Fwp%2Fv2%2Fcomments&post=67469"}],"wp:featuredmedia":[{"embeddable":true,"href":"https:\/\/elicrom.com\/index.php?rest_route=\/wp\/v2\/media\/67470"}],"wp:attachment":[{"href":"https:\/\/elicrom.com\/index.php?rest_route=%2Fwp%2Fv2%2Fmedia&parent=67469"}],"wp:term":[{"taxonomy":"product_brand","embeddable":true,"href":"https:\/\/elicrom.com\/index.php?rest_route=%2Fwp%2Fv2%2Fproduct_brand&post=67469"},{"taxonomy":"product_cat","embeddable":true,"href":"https:\/\/elicrom.com\/index.php?rest_route=%2Fwp%2Fv2%2Fproduct_cat&post=67469"},{"taxonomy":"product_tag","embeddable":true,"href":"https:\/\/elicrom.com\/index.php?rest_route=%2Fwp%2Fv2%2Fproduct_tag&post=67469"}],"curies":[{"name":"wp","href":"https:\/\/api.w.org\/{rel}","templated":true}]}}