
{"id":64383,"date":"2022-09-02T16:38:55","date_gmt":"2022-09-02T16:38:55","guid":{"rendered":"https:\/\/elicrom.com\/?post_type=product&#038;p=64383"},"modified":"2022-09-02T16:38:55","modified_gmt":"2022-09-02T16:38:55","slug":"1242-portafiltros-de-acero-inoxidable-500-ml-de-1-puesto","status":"publish","type":"product","link":"https:\/\/elicrom.com\/?product=1242-portafiltros-de-acero-inoxidable-500-ml-de-1-puesto","title":{"rendered":"Portafiltros de acero inoxidable, 500 ml de 1 puesto"},"content":{"rendered":"<p>Especificaciones<br \/>\n-Tipo: 1 puesto<br \/>\n-Capacidad de embudo: 500 ml<br \/>\n-Para filtros de: \u00d8 47 &#8211; 50 mm<br \/>\n-Presi\u00f3n m\u00e1xima de funcionamiento: 2 bar<br \/>\n-Para los filtros de 47 a 50 mm de di\u00e1metro.<br \/>\n-Piezo Como individuo \u00fatil para \u00e9l Frasco de aspiraci\u00f3n.<br \/>\nEsterilizaci\u00f3n: Mediante autoclave (m\u00e1x. 134 \u00b0C), mediante calor seco (m\u00e1x. 180 \u00b0C), mediante secado por llama, mediante otros m\u00e9todos de acuerdo con ISO 8199<\/p>\n<p>Caracteristicas:<br \/>\n-Aparato de acero inoxidable con control de vac\u00edo para la determinaci\u00f3n del n\u00famero de colonias y recogida de part\u00edculas.<br \/>\n-Se garantiza una distribuci\u00f3n uniforme de los residuos s\u00f3lidos (bacterias, part\u00edculas) sobre la superficie de la membrana. -Manejo sencillo.<br \/>\n-Esterilizaci\u00f3n por llameado.<br \/>\n-Se han dise\u00f1ado espec\u00edficamente para aplicaciones en las que interesan las part\u00edculas o microorganismos retenidos en la -Superficie de la membrana del filtro.<br \/>\n-El soporte de la base del filtro de acero inoxidable asegura una distribuci\u00f3n homog\u00e9nea de los residuos. Un manejo sencillo es muy importante en relaci\u00f3n a los ex\u00e1menes rutinarios.<br \/>\n-Las tapas de acero inoxidable en la base permiten activar o desactivar el vac\u00edo.<br \/>\n-Las pinzas especiales de cerrado simplifican la incorporaci\u00f3n o la retirada de los embudos, lo que contribuye a la facilidad de uso.<\/p>\n","protected":false},"excerpt":{"rendered":"<p>Especificaciones -Tipo: 1 puesto -Capacidad de embudo: 500 ml -Para filtros de: \u00d8 47 &#8211; 50 mm -Presi\u00f3n m\u00e1xima de funcionamiento: 2 bar -Para los filtros de 47 a 50<\/p>\n","protected":false},"featured_media":139240,"comment_status":"open","ping_status":"closed","template":"","meta":[],"product_brand":[],"product_cat":[1,3402,3582],"product_tag":[],"class_list":{"0":"post-64383","1":"product","2":"type-product","3":"status-publish","4":"has-post-thumbnail","6":"product_cat-uncategorized","7":"product_cat-Filtracin","8":"product_cat-portafiltros","10":"first","11":"instock","12":"taxable","13":"shipping-taxable","14":"product-type-simple"},"aioseo_notices":[],"yoast_head":"<!-- This site is optimized with the Yoast SEO Premium plugin v27.4 (Yoast SEO v27.5) - https:\/\/yoast.com\/product\/yoast-seo-premium-wordpress\/ -->\n<title>Portafiltros de acero inoxidable, 500 ml de 1 puesto  - ELICROM<\/title>\n<meta name=\"robots\" content=\"index, follow, max-snippet:-1, max-image-preview:large, max-video-preview:-1\" \/>\n<link rel=\"canonical\" href=\"https:\/\/elicrom.com\/?product=1242\" \/>\n<meta property=\"og:locale\" content=\"es_ES\" \/>\n<meta property=\"og:type\" content=\"article\" \/>\n<meta property=\"og:title\" content=\"Portafiltros de acero inoxidable, 500 ml de 1 puesto\" \/>\n<meta property=\"og:description\" content=\"Especificaciones -Tipo: 1 puesto -Capacidad de embudo: 500 ml -Para filtros de: \u00d8 47 &#8211; 50 mm -Presi\u00f3n m\u00e1xima de funcionamiento: 2 bar -Para los filtros de 47 a 50\" \/>\n<meta property=\"og:url\" content=\"https:\/\/elicrom.com\/?product=1242\" \/>\n<meta property=\"og:site_name\" content=\"ELICROM\" \/>\n<meta property=\"article:publisher\" content=\"https:\/\/www.facebook.com\/elicromlatam\" \/>\n<meta name=\"twitter:card\" content=\"summary_large_image\" \/>\n<meta name=\"twitter:label1\" content=\"Tiempo de lectura\" \/>\n\t<meta name=\"twitter:data1\" content=\"1 minuto\" \/>\n<script type=\"application\/ld+json\" class=\"yoast-schema-graph\">{\"@context\":\"https:\\\/\\\/schema.org\",\"@graph\":[{\"@type\":\"WebPage\",\"@id\":\"https:\\\/\\\/elicrom.com\\\/?product=1242\",\"url\":\"https:\\\/\\\/elicrom.com\\\/?product=1242\",\"name\":\"Portafiltros de acero inoxidable, 500 ml de 1 puesto - ELICROM\",\"isPartOf\":{\"@id\":\"https:\\\/\\\/elicrom.com\\\/#website\"},\"primaryImageOfPage\":{\"@id\":\"https:\\\/\\\/elicrom.com\\\/?product=1242#primaryimage\"},\"image\":{\"@id\":\"https:\\\/\\\/elicrom.com\\\/?product=1242#primaryimage\"},\"thumbnailUrl\":\"https:\\\/\\\/elicrom.com\\\/wp-content\\\/uploads\\\/2013\\\/01\\\/1242-0.jpg\",\"datePublished\":\"2022-09-02T16:38:55+00:00\",\"breadcrumb\":{\"@id\":\"https:\\\/\\\/elicrom.com\\\/?product=1242#breadcrumb\"},\"inLanguage\":\"es\",\"potentialAction\":[{\"@type\":\"ReadAction\",\"target\":[\"https:\\\/\\\/elicrom.com\\\/?product=1242\"]}]},{\"@type\":\"ImageObject\",\"inLanguage\":\"es\",\"@id\":\"https:\\\/\\\/elicrom.com\\\/?product=1242#primaryimage\",\"url\":\"https:\\\/\\\/elicrom.com\\\/wp-content\\\/uploads\\\/2013\\\/01\\\/1242-0.jpg\",\"contentUrl\":\"https:\\\/\\\/elicrom.com\\\/wp-content\\\/uploads\\\/2013\\\/01\\\/1242-0.jpg\",\"width\":800,\"height\":800},{\"@type\":\"BreadcrumbList\",\"@id\":\"https:\\\/\\\/elicrom.com\\\/?product=1242#breadcrumb\",\"itemListElement\":[{\"@type\":\"ListItem\",\"position\":1,\"name\":\"Portada\",\"item\":\"https:\\\/\\\/elicrom.com\\\/\"},{\"@type\":\"ListItem\",\"position\":2,\"name\":\"Tienda en L\u00ednea\",\"item\":\"https:\\\/\\\/elicrom.com\\\/?page_id=3853\"},{\"@type\":\"ListItem\",\"position\":3,\"name\":\"Portafiltros de acero inoxidable, 500 ml de 1 puesto\"}]},{\"@type\":\"WebSite\",\"@id\":\"https:\\\/\\\/elicrom.com\\\/#website\",\"url\":\"https:\\\/\\\/elicrom.com\\\/\",\"name\":\"ELICROM\",\"description\":\"Especializados en actividades espec\u00edficas como son las \u00e1reas de Metrolog\u00eda, Medio Ambiente, Validaciones, Mantenimiento de Equipos de Laboratorio y Construcci\u00f3n\\\/Reformas de Laboratorios.\",\"publisher\":{\"@id\":\"https:\\\/\\\/elicrom.com\\\/#organization\"},\"potentialAction\":[{\"@type\":\"SearchAction\",\"target\":{\"@type\":\"EntryPoint\",\"urlTemplate\":\"https:\\\/\\\/elicrom.com\\\/?s={search_term_string}\"},\"query-input\":{\"@type\":\"PropertyValueSpecification\",\"valueRequired\":true,\"valueName\":\"search_term_string\"}}],\"inLanguage\":\"es\"},{\"@type\":[\"Organization\",\"Place\"],\"@id\":\"https:\\\/\\\/elicrom.com\\\/#organization\",\"name\":\"ELICROM CIA. LTDA.\",\"url\":\"https:\\\/\\\/elicrom.com\\\/\",\"logo\":{\"@id\":\"https:\\\/\\\/elicrom.com\\\/?product=1242#local-main-organization-logo\"},\"image\":{\"@id\":\"https:\\\/\\\/elicrom.com\\\/?product=1242#local-main-organization-logo\"},\"sameAs\":[\"https:\\\/\\\/www.facebook.com\\\/elicromlatam\",\"https:\\\/\\\/www.linkedin.com\\\/company\\\/elicrom-cia-ltda\\\/\",\"https:\\\/\\\/www.instagram.com\\\/elicromlatam\\\/\",\"https:\\\/\\\/www.youtube.com\\\/channel\\\/UCdxnNtnb97QtSjABhpwY4Pw\"],\"telephone\":[],\"openingHoursSpecification\":[{\"@type\":\"OpeningHoursSpecification\",\"dayOfWeek\":[\"Monday\",\"Tuesday\",\"Wednesday\",\"Thursday\",\"Friday\",\"Saturday\",\"Sunday\"],\"opens\":\"09:00\",\"closes\":\"17:00\"}]},{\"@type\":\"ImageObject\",\"inLanguage\":\"es\",\"@id\":\"https:\\\/\\\/elicrom.com\\\/?product=1242#local-main-organization-logo\",\"url\":\"https:\\\/\\\/elicrom.com\\\/wp-content\\\/uploads\\\/2026\\\/04\\\/logo-elicrom200X200.jpg\",\"contentUrl\":\"https:\\\/\\\/elicrom.com\\\/wp-content\\\/uploads\\\/2026\\\/04\\\/logo-elicrom200X200.jpg\",\"width\":200,\"height\":200,\"caption\":\"ELICROM CIA. LTDA.\"}]}<\/script>\n<!-- \/ Yoast SEO Premium plugin. -->","yoast_head_json":{"title":"Portafiltros de acero inoxidable, 500 ml de 1 puesto  - ELICROM","robots":{"index":"index","follow":"follow","max-snippet":"max-snippet:-1","max-image-preview":"max-image-preview:large","max-video-preview":"max-video-preview:-1"},"canonical":"https:\/\/elicrom.com\/?product=1242","og_locale":"es_ES","og_type":"article","og_title":"Portafiltros de acero inoxidable, 500 ml de 1 puesto","og_description":"Especificaciones -Tipo: 1 puesto -Capacidad de embudo: 500 ml -Para filtros de: \u00d8 47 &#8211; 50 mm -Presi\u00f3n m\u00e1xima de funcionamiento: 2 bar -Para los filtros de 47 a 50","og_url":"https:\/\/elicrom.com\/?product=1242","og_site_name":"ELICROM","article_publisher":"https:\/\/www.facebook.com\/elicromlatam","twitter_card":"summary_large_image","twitter_misc":{"Tiempo de lectura":"1 minuto"},"schema":{"@context":"https:\/\/schema.org","@graph":[{"@type":"WebPage","@id":"https:\/\/elicrom.com\/?product=1242","url":"https:\/\/elicrom.com\/?product=1242","name":"Portafiltros de acero inoxidable, 500 ml de 1 puesto - ELICROM","isPartOf":{"@id":"https:\/\/elicrom.com\/#website"},"primaryImageOfPage":{"@id":"https:\/\/elicrom.com\/?product=1242#primaryimage"},"image":{"@id":"https:\/\/elicrom.com\/?product=1242#primaryimage"},"thumbnailUrl":"https:\/\/elicrom.com\/wp-content\/uploads\/2013\/01\/1242-0.jpg","datePublished":"2022-09-02T16:38:55+00:00","breadcrumb":{"@id":"https:\/\/elicrom.com\/?product=1242#breadcrumb"},"inLanguage":"es","potentialAction":[{"@type":"ReadAction","target":["https:\/\/elicrom.com\/?product=1242"]}]},{"@type":"ImageObject","inLanguage":"es","@id":"https:\/\/elicrom.com\/?product=1242#primaryimage","url":"https:\/\/elicrom.com\/wp-content\/uploads\/2013\/01\/1242-0.jpg","contentUrl":"https:\/\/elicrom.com\/wp-content\/uploads\/2013\/01\/1242-0.jpg","width":800,"height":800},{"@type":"BreadcrumbList","@id":"https:\/\/elicrom.com\/?product=1242#breadcrumb","itemListElement":[{"@type":"ListItem","position":1,"name":"Portada","item":"https:\/\/elicrom.com\/"},{"@type":"ListItem","position":2,"name":"Tienda en L\u00ednea","item":"https:\/\/elicrom.com\/?page_id=3853"},{"@type":"ListItem","position":3,"name":"Portafiltros de acero inoxidable, 500 ml de 1 puesto"}]},{"@type":"WebSite","@id":"https:\/\/elicrom.com\/#website","url":"https:\/\/elicrom.com\/","name":"ELICROM","description":"Especializados en actividades espec\u00edficas como son las \u00e1reas de Metrolog\u00eda, Medio Ambiente, Validaciones, Mantenimiento de Equipos de Laboratorio y Construcci\u00f3n\/Reformas de Laboratorios.","publisher":{"@id":"https:\/\/elicrom.com\/#organization"},"potentialAction":[{"@type":"SearchAction","target":{"@type":"EntryPoint","urlTemplate":"https:\/\/elicrom.com\/?s={search_term_string}"},"query-input":{"@type":"PropertyValueSpecification","valueRequired":true,"valueName":"search_term_string"}}],"inLanguage":"es"},{"@type":["Organization","Place"],"@id":"https:\/\/elicrom.com\/#organization","name":"ELICROM CIA. LTDA.","url":"https:\/\/elicrom.com\/","logo":{"@id":"https:\/\/elicrom.com\/?product=1242#local-main-organization-logo"},"image":{"@id":"https:\/\/elicrom.com\/?product=1242#local-main-organization-logo"},"sameAs":["https:\/\/www.facebook.com\/elicromlatam","https:\/\/www.linkedin.com\/company\/elicrom-cia-ltda\/","https:\/\/www.instagram.com\/elicromlatam\/","https:\/\/www.youtube.com\/channel\/UCdxnNtnb97QtSjABhpwY4Pw"],"telephone":[],"openingHoursSpecification":[{"@type":"OpeningHoursSpecification","dayOfWeek":["Monday","Tuesday","Wednesday","Thursday","Friday","Saturday","Sunday"],"opens":"09:00","closes":"17:00"}]},{"@type":"ImageObject","inLanguage":"es","@id":"https:\/\/elicrom.com\/?product=1242#local-main-organization-logo","url":"https:\/\/elicrom.com\/wp-content\/uploads\/2026\/04\/logo-elicrom200X200.jpg","contentUrl":"https:\/\/elicrom.com\/wp-content\/uploads\/2026\/04\/logo-elicrom200X200.jpg","width":200,"height":200,"caption":"ELICROM CIA. LTDA."}]}},"_links":{"self":[{"href":"https:\/\/elicrom.com\/index.php?rest_route=\/wp\/v2\/product\/64383","targetHints":{"allow":["GET"]}}],"collection":[{"href":"https:\/\/elicrom.com\/index.php?rest_route=\/wp\/v2\/product"}],"about":[{"href":"https:\/\/elicrom.com\/index.php?rest_route=\/wp\/v2\/types\/product"}],"replies":[{"embeddable":true,"href":"https:\/\/elicrom.com\/index.php?rest_route=%2Fwp%2Fv2%2Fcomments&post=64383"}],"wp:featuredmedia":[{"embeddable":true,"href":"https:\/\/elicrom.com\/index.php?rest_route=\/wp\/v2\/media\/139240"}],"wp:attachment":[{"href":"https:\/\/elicrom.com\/index.php?rest_route=%2Fwp%2Fv2%2Fmedia&parent=64383"}],"wp:term":[{"taxonomy":"product_brand","embeddable":true,"href":"https:\/\/elicrom.com\/index.php?rest_route=%2Fwp%2Fv2%2Fproduct_brand&post=64383"},{"taxonomy":"product_cat","embeddable":true,"href":"https:\/\/elicrom.com\/index.php?rest_route=%2Fwp%2Fv2%2Fproduct_cat&post=64383"},{"taxonomy":"product_tag","embeddable":true,"href":"https:\/\/elicrom.com\/index.php?rest_route=%2Fwp%2Fv2%2Fproduct_tag&post=64383"}],"curies":[{"name":"wp","href":"https:\/\/api.w.org\/{rel}","templated":true}]}}