{"id":64233,"date":"2022-09-02T16:35:12","date_gmt":"2022-09-02T16:35:12","guid":{"rendered":"https:\/\/elicrom.com\/?post_type=product&#038;p=64233"},"modified":"2022-09-02T16:35:12","modified_gmt":"2022-09-02T16:35:12","slug":"1173-solucion-de-iones-ferricos-100-ml","status":"publish","type":"product","link":"https:\/\/elicrom.com\/?product=1173-solucion-de-iones-ferricos-100-ml","title":{"rendered":"Soluci\u00f3n de iones f\u00e9rricos 100 ml"},"content":{"rendered":"<p>Especificaciones:<br \/>\nSoluci\u00f3n de i\u00f3n f\u00e9rrico, 100 ml<br \/>\nPara la determinaci\u00f3n colorim\u00e9trica de cloruro por el m\u00e9todo de tiocianato merc\u00farico.<br \/>\nRango: 0,1 a 25,0 mg<br \/>\nNombre del m\u00e9todo: Mercurio tiocianato<br \/>\nN\u00famero de pruebas: 100<br \/>\nPar\u00e1metro: Cloruro<br \/>\nPlataforma: Soluci\u00f3n<br \/>\nCantidad: 100 ml<br \/>\n\t\t\t\t\t\t<\/p>\n","protected":false},"excerpt":{"rendered":"<p>Especificaciones: Soluci\u00f3n de i\u00f3n f\u00e9rrico, 100 ml Para la determinaci\u00f3n colorim\u00e9trica de cloruro por el m\u00e9todo de tiocianato merc\u00farico. Rango: 0,1 a 25,0 mg Nombre del m\u00e9todo: Mercurio tiocianato N\u00famero<\/p>\n","protected":false},"featured_media":64234,"comment_status":"open","ping_status":"closed","template":"","meta":{"_acf_changed":false},"product_brand":[],"product_cat":[1,3439,3438],"product_tag":[],"class_list":{"0":"post-64233","1":"product","2":"type-product","3":"status-publish","4":"has-post-thumbnail","6":"product_cat-uncategorized","7":"product_cat-Hach","8":"product_cat-Reactivos-y-estndares","10":"first","11":"instock","12":"taxable","13":"shipping-taxable","14":"product-type-simple"},"acf":[],"aioseo_notices":[],"_links":{"self":[{"href":"https:\/\/elicrom.com\/index.php?rest_route=\/wp\/v2\/product\/64233","targetHints":{"allow":["GET"]}}],"collection":[{"href":"https:\/\/elicrom.com\/index.php?rest_route=\/wp\/v2\/product"}],"about":[{"href":"https:\/\/elicrom.com\/index.php?rest_route=\/wp\/v2\/types\/product"}],"replies":[{"embeddable":true,"href":"https:\/\/elicrom.com\/index.php?rest_route=%2Fwp%2Fv2%2Fcomments&post=64233"}],"wp:featuredmedia":[{"embeddable":true,"href":"https:\/\/elicrom.com\/index.php?rest_route=\/wp\/v2\/media\/64234"}],"wp:attachment":[{"href":"https:\/\/elicrom.com\/index.php?rest_route=%2Fwp%2Fv2%2Fmedia&parent=64233"}],"wp:term":[{"taxonomy":"product_brand","embeddable":true,"href":"https:\/\/elicrom.com\/index.php?rest_route=%2Fwp%2Fv2%2Fproduct_brand&post=64233"},{"taxonomy":"product_cat","embeddable":true,"href":"https:\/\/elicrom.com\/index.php?rest_route=%2Fwp%2Fv2%2Fproduct_cat&post=64233"},{"taxonomy":"product_tag","embeddable":true,"href":"https:\/\/elicrom.com\/index.php?rest_route=%2Fwp%2Fv2%2Fproduct_tag&post=64233"}],"curies":[{"name":"wp","href":"https:\/\/api.w.org\/{rel}","templated":true}]}}