{"id":63687,"date":"2022-09-02T16:20:03","date_gmt":"2022-09-02T16:20:03","guid":{"rendered":"https:\/\/elicrom.com\/?post_type=product&#038;p=63687"},"modified":"2022-09-02T16:20:03","modified_gmt":"2022-09-02T16:20:03","slug":"900-solucion-estandar-de-acido-sulfurico-525-n-1-l","status":"publish","type":"product","link":"https:\/\/elicrom.com\/?product=900-solucion-estandar-de-acido-sulfurico-525-n-1-l","title":{"rendered":"Soluci\u00f3n est\u00e1ndar de \u00e1cido sulf\u00farico, 5,25 N, 1 L"},"content":{"rendered":"<p><a href=\"https:\/\/elicrom.com\/producto\/900-solucion-estandar-de-acido-sulfurico-525-n-1-l\/\" style=\"color:#000000;\"><\/p>\n<h2 style=\"font-size: 18px;\">Soluci\u00f3n est\u00e1ndar de \u00e1cido sulf\u00farico, 5,25 N, 1 L<\/p>\n<h2><\/a><\/p>\n<p>Soluci\u00f3n est\u00e1ndar de \u00e1cido sulf\u00farico multiusos. Se utiliza para la digesti\u00f3n de muestras y el ajuste del pH. Botella de 1 litro.<\/p>\n<p>Especificaciones:<br \/>\n-Concentraci\u00f3n: 5,25 N<br \/>\n-Plataforma: Soluci\u00f3n<br \/>\n-Volumen: 1 L<br \/>\n-Cantidad: 1<\/p>\n<p>Aplicaciones:<br \/>\n-Acuicultura<br \/>\n-Agua de la caldera<br \/>\n-Agua de refrigeraci\u00f3n<br \/>\n-aguas subterr\u00e1neas<br \/>\n-aguas residuales industriales<br \/>\n-Afluente para aguas residuales<br \/>\n-Protecci\u00f3n de membranas<br \/>\n-Agua municipal<br \/>\n-Agua potable<br \/>\n-Tratamiento previo<br \/>\n-Tratamiento primario<br \/>\n-Laboratorio de control de calidad<br \/>\n-Recreaci\u00f3n\/Piscina<br \/>\n-Tratamiento secundario<br \/>\n-Fuente de agua<br \/>\n-Ciclo de vapor<br \/>\n-Tratamiento terciario<br \/>\n-Acondicionamiento del agua<br \/>\n-Ciclo del agua<br \/>\n-Reutilizaci\u00f3n del agua<\/p>\n","protected":false},"excerpt":{"rendered":"<p>Soluci\u00f3n est\u00e1ndar de \u00e1cido sulf\u00farico, 5,25 N, 1 L Soluci\u00f3n est\u00e1ndar de \u00e1cido sulf\u00farico multiusos. Se utiliza para la digesti\u00f3n de muestras y el ajuste del pH. Botella de 1<\/p>\n","protected":false},"featured_media":144512,"comment_status":"open","ping_status":"closed","template":"","meta":{"_acf_changed":false},"product_brand":[],"product_cat":[1,3439,3438],"product_tag":[],"class_list":{"0":"post-63687","1":"product","2":"type-product","3":"status-publish","4":"has-post-thumbnail","6":"product_cat-uncategorized","7":"product_cat-Hach","8":"product_cat-Reactivos-y-estndares","10":"first","11":"instock","12":"taxable","13":"shipping-taxable","14":"purchasable","15":"product-type-simple"},"acf":[],"aioseo_notices":[],"_links":{"self":[{"href":"https:\/\/elicrom.com\/index.php?rest_route=\/wp\/v2\/product\/63687","targetHints":{"allow":["GET"]}}],"collection":[{"href":"https:\/\/elicrom.com\/index.php?rest_route=\/wp\/v2\/product"}],"about":[{"href":"https:\/\/elicrom.com\/index.php?rest_route=\/wp\/v2\/types\/product"}],"replies":[{"embeddable":true,"href":"https:\/\/elicrom.com\/index.php?rest_route=%2Fwp%2Fv2%2Fcomments&post=63687"}],"wp:featuredmedia":[{"embeddable":true,"href":"https:\/\/elicrom.com\/index.php?rest_route=\/wp\/v2\/media\/144512"}],"wp:attachment":[{"href":"https:\/\/elicrom.com\/index.php?rest_route=%2Fwp%2Fv2%2Fmedia&parent=63687"}],"wp:term":[{"taxonomy":"product_brand","embeddable":true,"href":"https:\/\/elicrom.com\/index.php?rest_route=%2Fwp%2Fv2%2Fproduct_brand&post=63687"},{"taxonomy":"product_cat","embeddable":true,"href":"https:\/\/elicrom.com\/index.php?rest_route=%2Fwp%2Fv2%2Fproduct_cat&post=63687"},{"taxonomy":"product_tag","embeddable":true,"href":"https:\/\/elicrom.com\/index.php?rest_route=%2Fwp%2Fv2%2Fproduct_tag&post=63687"}],"curies":[{"name":"wp","href":"https:\/\/api.w.org\/{rel}","templated":true}]}}