{"id":63341,"date":"2022-09-02T16:10:27","date_gmt":"2022-09-02T16:10:27","guid":{"rendered":"https:\/\/elicrom.com\/?post_type=product&#038;p=63341"},"modified":"2023-05-28T11:33:55","modified_gmt":"2023-05-28T16:33:55","slug":"727-termometro-digital-de-bolsillo-50-a-150-c","status":"publish","type":"product","link":"https:\/\/elicrom.com\/?product=727-termometro-digital-de-bolsillo-50-a-150-c","title":{"rendered":"Term\u00f3metro digital de bolsillo -50 A 150 \u00baC"},"content":{"rendered":"<p>Caracter\u00edsticas:<br \/>\n-Rango: -50 A 150 \u00baC (-58 A 302 \u00baF)<br \/>\n-Resoluci\u00f3n: 0.1 \u00baC<br \/>\n-Exactitud: 1 \u00baC<br \/>\n-Longitud de sonda: 125 mm<\/p>\n<p>Caracter\u00edsticas:<br \/>\n-Tienen ventaja sobre los antiguos term\u00f3metros de mercurio en que estabilizan con mayor rapidez, son f\u00e1cilmente portables, no se quiebran, tienen mayor resoluci\u00f3n y no tienen el venenoso mercurio.<br \/>\n-Resistente al agua<br \/>\n-Pantalla horizontal<br \/>\n-Sensor de acero inoxidable<br \/>\n-Vaina de protecci\u00f3n del sensor<\/p>\n","protected":false},"excerpt":{"rendered":"<p>Caracter\u00edsticas: -Rango: -50 A 150 \u00baC (-58 A 302 \u00baF) -Resoluci\u00f3n: 0.1 \u00baC -Exactitud: 1 \u00baC -Longitud de sonda: 125 mm Caracter\u00edsticas: -Tienen ventaja sobre los antiguos term\u00f3metros de mercurio<\/p>\n","protected":false},"featured_media":63342,"comment_status":"open","ping_status":"closed","template":"","meta":{"_acf_changed":false},"product_brand":[],"product_cat":[1,3443,3449,3451],"product_tag":[],"class_list":{"0":"post-63341","1":"product","2":"type-product","3":"status-publish","4":"has-post-thumbnail","6":"product_cat-uncategorized","7":"product_cat-Temperatura1_05092022101209","8":"product_cat-Termmetros-digitales","9":"product_cat-Tipo-pluma","11":"first","12":"instock","13":"taxable","14":"shipping-taxable","15":"purchasable","16":"product-type-simple"},"acf":[],"aioseo_notices":[],"_links":{"self":[{"href":"https:\/\/elicrom.com\/index.php?rest_route=\/wp\/v2\/product\/63341","targetHints":{"allow":["GET"]}}],"collection":[{"href":"https:\/\/elicrom.com\/index.php?rest_route=\/wp\/v2\/product"}],"about":[{"href":"https:\/\/elicrom.com\/index.php?rest_route=\/wp\/v2\/types\/product"}],"replies":[{"embeddable":true,"href":"https:\/\/elicrom.com\/index.php?rest_route=%2Fwp%2Fv2%2Fcomments&post=63341"}],"wp:featuredmedia":[{"embeddable":true,"href":"https:\/\/elicrom.com\/index.php?rest_route=\/wp\/v2\/media\/63342"}],"wp:attachment":[{"href":"https:\/\/elicrom.com\/index.php?rest_route=%2Fwp%2Fv2%2Fmedia&parent=63341"}],"wp:term":[{"taxonomy":"product_brand","embeddable":true,"href":"https:\/\/elicrom.com\/index.php?rest_route=%2Fwp%2Fv2%2Fproduct_brand&post=63341"},{"taxonomy":"product_cat","embeddable":true,"href":"https:\/\/elicrom.com\/index.php?rest_route=%2Fwp%2Fv2%2Fproduct_cat&post=63341"},{"taxonomy":"product_tag","embeddable":true,"href":"https:\/\/elicrom.com\/index.php?rest_route=%2Fwp%2Fv2%2Fproduct_tag&post=63341"}],"curies":[{"name":"wp","href":"https:\/\/api.w.org\/{rel}","templated":true}]}}