{"id":62895,"date":"2022-09-02T15:57:58","date_gmt":"2022-09-02T15:57:58","guid":{"rendered":"https:\/\/elicrom.com\/?post_type=product&#038;p=62895"},"modified":"2022-09-02T15:57:58","modified_gmt":"2022-09-02T15:57:58","slug":"504-aspirador-de-pipetas-com-pip-0-a-10-ml","status":"publish","type":"product","link":"https:\/\/elicrom.com\/?product=504-aspirador-de-pipetas-com-pip-0-a-10-ml","title":{"rendered":"Aspirador de pipetas COM-PIP  0 a 10 ml"},"content":{"rendered":"<p>Especificaciones:<br \/>\nCapacidad: 0 a 10 ml<br \/>\nMaterial: Polipropileno<br \/>\nColor: Verde<\/p>\n<p>Caracteristicas:<br \/>\n-Aspirador de pipetas de color verde en polipropileno y \u00e9mbolos con juntas de silicona para capacidades de hasta 10ml.<br \/>\n-Precisi\u00f3n y seguridad.<br \/>\n-Dise\u00f1o ergon\u00f3mico que permite las opciones de llenado y vaciado sin cambiar de posici\u00f3n manual.<br \/>\n-Alojamiento el\u00e1stico de caucho termopl\u00e1stico para la introducci\u00f3n de cualquier tipo de pipetas.<br \/>\n-Pulsador lateral para vaciado autom\u00e1tico.<br \/>\n-F\u00e1cilmente desmontable para su limpieza<\/p>\n<p><\/p>\n","protected":false},"excerpt":{"rendered":"<p>Especificaciones: Capacidad: 0 a 10 ml Material: Polipropileno Color: Verde Caracteristicas: -Aspirador de pipetas de color verde en polipropileno y \u00e9mbolos con juntas de silicona para capacidades de hasta 10ml.<\/p>\n","protected":false},"featured_media":134978,"comment_status":"open","ping_status":"closed","template":"","meta":{"_acf_changed":false},"product_brand":[],"product_cat":[3586,1,3334],"product_tag":[],"class_list":{"0":"post-62895","1":"product","2":"type-product","3":"status-publish","4":"has-post-thumbnail","6":"product_cat-auxiliar-de-pipeteado","7":"product_cat-uncategorized","8":"product_cat-Material-volumtrico","10":"first","11":"instock","12":"taxable","13":"shipping-taxable","14":"product-type-simple"},"acf":[],"aioseo_notices":[],"_links":{"self":[{"href":"https:\/\/elicrom.com\/index.php?rest_route=\/wp\/v2\/product\/62895","targetHints":{"allow":["GET"]}}],"collection":[{"href":"https:\/\/elicrom.com\/index.php?rest_route=\/wp\/v2\/product"}],"about":[{"href":"https:\/\/elicrom.com\/index.php?rest_route=\/wp\/v2\/types\/product"}],"replies":[{"embeddable":true,"href":"https:\/\/elicrom.com\/index.php?rest_route=%2Fwp%2Fv2%2Fcomments&post=62895"}],"wp:featuredmedia":[{"embeddable":true,"href":"https:\/\/elicrom.com\/index.php?rest_route=\/wp\/v2\/media\/134978"}],"wp:attachment":[{"href":"https:\/\/elicrom.com\/index.php?rest_route=%2Fwp%2Fv2%2Fmedia&parent=62895"}],"wp:term":[{"taxonomy":"product_brand","embeddable":true,"href":"https:\/\/elicrom.com\/index.php?rest_route=%2Fwp%2Fv2%2Fproduct_brand&post=62895"},{"taxonomy":"product_cat","embeddable":true,"href":"https:\/\/elicrom.com\/index.php?rest_route=%2Fwp%2Fv2%2Fproduct_cat&post=62895"},{"taxonomy":"product_tag","embeddable":true,"href":"https:\/\/elicrom.com\/index.php?rest_route=%2Fwp%2Fv2%2Fproduct_tag&post=62895"}],"curies":[{"name":"wp","href":"https:\/\/api.w.org\/{rel}","templated":true}]}}