
{"id":62883,"date":"2022-09-02T15:57:37","date_gmt":"2022-09-02T15:57:37","guid":{"rendered":"https:\/\/elicrom.com\/?post_type=product&#038;p=62883"},"modified":"2022-09-02T15:57:37","modified_gmt":"2022-09-02T15:57:37","slug":"498-campana-de-extraccion-de-gases-fh1500a","status":"publish","type":"product","link":"https:\/\/elicrom.com\/?product=498-campana-de-extraccion-de-gases-fh1500a","title":{"rendered":"Campana de extracci\u00f3n de gases FH1500(A)"},"content":{"rendered":"<p>La campana extractora es un tipo de sistema de ventilaci\u00f3n de presi\u00f3n negativa para proteger el operador y el entorno del laboratorio. El aire de la habitaci\u00f3n fluye hacia el interior desde la abertura frontal de la campana extractora y es ventilado constantemente por el soplador de extracci\u00f3n.<\/p>\n<p>Especificaciones:<br \/>\n-Modelo: FH1500 (A)<br \/>\n-Consumo: 500 W<br \/>\n-Superficie de trabajo m\u00e1s alta: 850 mm<br \/>\n-Apertura m\u00e1xima: 520 mm<br \/>\n-Fuente de alimentaci\u00f3n: 220V \u00b1 10%, 60 \/ 50H<br \/>\n-Velocidad del aire: 0.3 ~ 0.8m \/ s<br \/>\n-Ruido:  \u226468 dB<br \/>\n-Conducto de escape: PVC, Longitud est\u00e1ndar: 4 metros. \u03a6300 mm<br \/>\n-L\u00e1mpara LED: 16W*1<br \/>\n-L\u00e1mpara UV: Emisi\u00f3n de 253,7 nan\u00f3metros para una descontaminaci\u00f3n m\u00e1s eficiente<br \/>\n-Soplador centr\u00edfugo incorporado, velocidad ajustable<br \/>\n-Ventana delantera: Vidrio templado de 5 mm, Motorizado, Ajustable en altura<br \/>\n-Tama\u00f1o externo: (W x D x H): 1540 x 800 x 2200 mm<br \/>\n-Tama\u00f1o interno: (W x D x H): 1320 x 670 x 730 mm<br \/>\nMaterial:<br \/>\n-Exterior: Acero laminado en fr\u00edo con recubrimiento en polvo antibacteriano<br \/>\n-Interior: Tablero laminado compacto con buena funci\u00f3n de resistencia a \u00e1cidos y \u00e1lcalis<br \/>\n-Mesa de trabajo: Resina fen\u00f3lica resistente a productos qu\u00edmicos<\/p>\n<p>Incluye:<br \/>\n-L\u00e1mpara UV*2, l\u00e1mpara LED, grifo de agua, grifo de gas, fregadero de agua, armario base<br \/>\n-Carga total de 2 enchufes estancos: 500W<br \/>\n-Conducto de escape de PVC de 4,3 metros, correa de tuber\u00eda*2<\/p>\n<p>Caracter\u00edsticas:<br \/>\n1. L\u00e1mpara UV para esterilizaci\u00f3n.<br \/>\n2. Resistente a \u00e1cidos y \u00e1lcalis d\u00e9biles.<br \/>\n3. Velocidad del aire ajustable: 9 niveles.<br \/>\n4. Ventana frontal motorizada, ajustable en altura.<br \/>\n5. Sistema de control por microprocesador, pantalla LED.<br \/>\n6. Con funci\u00f3n de memoria en caso de corte de energ\u00eda.<\/p>\n","protected":false},"excerpt":{"rendered":"<p>La campana extractora es un tipo de sistema de ventilaci\u00f3n de presi\u00f3n negativa para proteger el operador y el entorno del laboratorio. El aire de la habitaci\u00f3n fluye hacia el<\/p>\n","protected":false},"featured_media":62884,"comment_status":"open","ping_status":"closed","template":"","meta":[],"product_brand":[],"product_cat":[3330,3368,1],"product_tag":[],"class_list":{"0":"post-62883","1":"product","2":"type-product","3":"status-publish","4":"has-post-thumbnail","6":"product_cat-Cabinas-y-campanas","7":"product_cat-Campana-de-extraccion","8":"product_cat-uncategorized","10":"first","11":"instock","12":"taxable","13":"shipping-taxable","14":"product-type-simple"},"aioseo_notices":[],"yoast_head":"<!-- This site is optimized with the Yoast SEO Premium plugin v27.4 (Yoast SEO v27.5) - https:\/\/yoast.com\/product\/yoast-seo-premium-wordpress\/ -->\n<title>Campana de extracci\u00f3n de gases FH1500(A) - ELICROM<\/title>\n<meta name=\"robots\" content=\"index, follow, max-snippet:-1, max-image-preview:large, max-video-preview:-1\" \/>\n<link rel=\"canonical\" href=\"https:\/\/elicrom.com\/?product=498\" \/>\n<meta property=\"og:locale\" content=\"es_ES\" \/>\n<meta property=\"og:type\" content=\"article\" \/>\n<meta property=\"og:title\" content=\"Campana de extracci\u00f3n de gases FH1500(A)\" \/>\n<meta property=\"og:description\" content=\"La campana extractora es un tipo de sistema de ventilaci\u00f3n de presi\u00f3n negativa para proteger el operador y el entorno del laboratorio. El aire de la habitaci\u00f3n fluye hacia el\" \/>\n<meta property=\"og:url\" content=\"https:\/\/elicrom.com\/?product=498\" \/>\n<meta property=\"og:site_name\" content=\"ELICROM\" \/>\n<meta property=\"article:publisher\" content=\"https:\/\/www.facebook.com\/elicromlatam\" \/>\n<meta name=\"twitter:card\" content=\"summary_large_image\" \/>\n<meta name=\"twitter:label1\" content=\"Tiempo de lectura\" \/>\n\t<meta name=\"twitter:data1\" content=\"1 minuto\" \/>\n<script type=\"application\/ld+json\" class=\"yoast-schema-graph\">{\"@context\":\"https:\\\/\\\/schema.org\",\"@graph\":[{\"@type\":\"WebPage\",\"@id\":\"https:\\\/\\\/elicrom.com\\\/?product=498\",\"url\":\"https:\\\/\\\/elicrom.com\\\/?product=498\",\"name\":\"Campana de extracci\u00f3n de gases FH1500(A) - ELICROM\",\"isPartOf\":{\"@id\":\"https:\\\/\\\/elicrom.com\\\/#website\"},\"primaryImageOfPage\":{\"@id\":\"https:\\\/\\\/elicrom.com\\\/?product=498#primaryimage\"},\"image\":{\"@id\":\"https:\\\/\\\/elicrom.com\\\/?product=498#primaryimage\"},\"thumbnailUrl\":\"https:\\\/\\\/elicrom.com\\\/wp-content\\\/uploads\\\/2013\\\/01\\\/498-0-scaled.jpg\",\"datePublished\":\"2022-09-02T15:57:37+00:00\",\"breadcrumb\":{\"@id\":\"https:\\\/\\\/elicrom.com\\\/?product=498#breadcrumb\"},\"inLanguage\":\"es\",\"potentialAction\":[{\"@type\":\"ReadAction\",\"target\":[\"https:\\\/\\\/elicrom.com\\\/?product=498\"]}]},{\"@type\":\"ImageObject\",\"inLanguage\":\"es\",\"@id\":\"https:\\\/\\\/elicrom.com\\\/?product=498#primaryimage\",\"url\":\"https:\\\/\\\/elicrom.com\\\/wp-content\\\/uploads\\\/2013\\\/01\\\/498-0-scaled.jpg\",\"contentUrl\":\"https:\\\/\\\/elicrom.com\\\/wp-content\\\/uploads\\\/2013\\\/01\\\/498-0-scaled.jpg\",\"width\":1810,\"height\":2560},{\"@type\":\"BreadcrumbList\",\"@id\":\"https:\\\/\\\/elicrom.com\\\/?product=498#breadcrumb\",\"itemListElement\":[{\"@type\":\"ListItem\",\"position\":1,\"name\":\"Portada\",\"item\":\"https:\\\/\\\/elicrom.com\\\/\"},{\"@type\":\"ListItem\",\"position\":2,\"name\":\"Tienda en L\u00ednea\",\"item\":\"https:\\\/\\\/elicrom.com\\\/?page_id=3853\"},{\"@type\":\"ListItem\",\"position\":3,\"name\":\"Privado: Campana de extracci\u00f3n de gases FH1500(A)\"}]},{\"@type\":\"WebSite\",\"@id\":\"https:\\\/\\\/elicrom.com\\\/#website\",\"url\":\"https:\\\/\\\/elicrom.com\\\/\",\"name\":\"ELICROM\",\"description\":\"Especializados en actividades espec\u00edficas como son las \u00e1reas de Metrolog\u00eda, Medio Ambiente, Validaciones, Mantenimiento de Equipos de Laboratorio y Construcci\u00f3n\\\/Reformas de Laboratorios.\",\"publisher\":{\"@id\":\"https:\\\/\\\/elicrom.com\\\/#organization\"},\"potentialAction\":[{\"@type\":\"SearchAction\",\"target\":{\"@type\":\"EntryPoint\",\"urlTemplate\":\"https:\\\/\\\/elicrom.com\\\/?s={search_term_string}\"},\"query-input\":{\"@type\":\"PropertyValueSpecification\",\"valueRequired\":true,\"valueName\":\"search_term_string\"}}],\"inLanguage\":\"es\"},{\"@type\":[\"Organization\",\"Place\"],\"@id\":\"https:\\\/\\\/elicrom.com\\\/#organization\",\"name\":\"ELICROM CIA. LTDA.\",\"url\":\"https:\\\/\\\/elicrom.com\\\/\",\"logo\":{\"@id\":\"https:\\\/\\\/elicrom.com\\\/?product=498#local-main-organization-logo\"},\"image\":{\"@id\":\"https:\\\/\\\/elicrom.com\\\/?product=498#local-main-organization-logo\"},\"sameAs\":[\"https:\\\/\\\/www.facebook.com\\\/elicromlatam\",\"https:\\\/\\\/www.linkedin.com\\\/company\\\/elicrom-cia-ltda\\\/\",\"https:\\\/\\\/www.instagram.com\\\/elicromlatam\\\/\",\"https:\\\/\\\/www.youtube.com\\\/channel\\\/UCdxnNtnb97QtSjABhpwY4Pw\"],\"telephone\":[],\"openingHoursSpecification\":[{\"@type\":\"OpeningHoursSpecification\",\"dayOfWeek\":[\"Monday\",\"Tuesday\",\"Wednesday\",\"Thursday\",\"Friday\",\"Saturday\",\"Sunday\"],\"opens\":\"09:00\",\"closes\":\"17:00\"}]},{\"@type\":\"ImageObject\",\"inLanguage\":\"es\",\"@id\":\"https:\\\/\\\/elicrom.com\\\/?product=498#local-main-organization-logo\",\"url\":\"https:\\\/\\\/elicrom.com\\\/wp-content\\\/uploads\\\/2026\\\/04\\\/logo-elicrom200X200.jpg\",\"contentUrl\":\"https:\\\/\\\/elicrom.com\\\/wp-content\\\/uploads\\\/2026\\\/04\\\/logo-elicrom200X200.jpg\",\"width\":200,\"height\":200,\"caption\":\"ELICROM CIA. LTDA.\"}]}<\/script>\n<!-- \/ Yoast SEO Premium plugin. -->","yoast_head_json":{"title":"Campana de extracci\u00f3n de gases FH1500(A) - ELICROM","robots":{"index":"index","follow":"follow","max-snippet":"max-snippet:-1","max-image-preview":"max-image-preview:large","max-video-preview":"max-video-preview:-1"},"canonical":"https:\/\/elicrom.com\/?product=498","og_locale":"es_ES","og_type":"article","og_title":"Campana de extracci\u00f3n de gases FH1500(A)","og_description":"La campana extractora es un tipo de sistema de ventilaci\u00f3n de presi\u00f3n negativa para proteger el operador y el entorno del laboratorio. El aire de la habitaci\u00f3n fluye hacia el","og_url":"https:\/\/elicrom.com\/?product=498","og_site_name":"ELICROM","article_publisher":"https:\/\/www.facebook.com\/elicromlatam","twitter_card":"summary_large_image","twitter_misc":{"Tiempo de lectura":"1 minuto"},"schema":{"@context":"https:\/\/schema.org","@graph":[{"@type":"WebPage","@id":"https:\/\/elicrom.com\/?product=498","url":"https:\/\/elicrom.com\/?product=498","name":"Campana de extracci\u00f3n de gases FH1500(A) - ELICROM","isPartOf":{"@id":"https:\/\/elicrom.com\/#website"},"primaryImageOfPage":{"@id":"https:\/\/elicrom.com\/?product=498#primaryimage"},"image":{"@id":"https:\/\/elicrom.com\/?product=498#primaryimage"},"thumbnailUrl":"https:\/\/elicrom.com\/wp-content\/uploads\/2013\/01\/498-0-scaled.jpg","datePublished":"2022-09-02T15:57:37+00:00","breadcrumb":{"@id":"https:\/\/elicrom.com\/?product=498#breadcrumb"},"inLanguage":"es","potentialAction":[{"@type":"ReadAction","target":["https:\/\/elicrom.com\/?product=498"]}]},{"@type":"ImageObject","inLanguage":"es","@id":"https:\/\/elicrom.com\/?product=498#primaryimage","url":"https:\/\/elicrom.com\/wp-content\/uploads\/2013\/01\/498-0-scaled.jpg","contentUrl":"https:\/\/elicrom.com\/wp-content\/uploads\/2013\/01\/498-0-scaled.jpg","width":1810,"height":2560},{"@type":"BreadcrumbList","@id":"https:\/\/elicrom.com\/?product=498#breadcrumb","itemListElement":[{"@type":"ListItem","position":1,"name":"Portada","item":"https:\/\/elicrom.com\/"},{"@type":"ListItem","position":2,"name":"Tienda en L\u00ednea","item":"https:\/\/elicrom.com\/?page_id=3853"},{"@type":"ListItem","position":3,"name":"Privado: Campana de extracci\u00f3n de gases FH1500(A)"}]},{"@type":"WebSite","@id":"https:\/\/elicrom.com\/#website","url":"https:\/\/elicrom.com\/","name":"ELICROM","description":"Especializados en actividades espec\u00edficas como son las \u00e1reas de Metrolog\u00eda, Medio Ambiente, Validaciones, Mantenimiento de Equipos de Laboratorio y Construcci\u00f3n\/Reformas de Laboratorios.","publisher":{"@id":"https:\/\/elicrom.com\/#organization"},"potentialAction":[{"@type":"SearchAction","target":{"@type":"EntryPoint","urlTemplate":"https:\/\/elicrom.com\/?s={search_term_string}"},"query-input":{"@type":"PropertyValueSpecification","valueRequired":true,"valueName":"search_term_string"}}],"inLanguage":"es"},{"@type":["Organization","Place"],"@id":"https:\/\/elicrom.com\/#organization","name":"ELICROM CIA. LTDA.","url":"https:\/\/elicrom.com\/","logo":{"@id":"https:\/\/elicrom.com\/?product=498#local-main-organization-logo"},"image":{"@id":"https:\/\/elicrom.com\/?product=498#local-main-organization-logo"},"sameAs":["https:\/\/www.facebook.com\/elicromlatam","https:\/\/www.linkedin.com\/company\/elicrom-cia-ltda\/","https:\/\/www.instagram.com\/elicromlatam\/","https:\/\/www.youtube.com\/channel\/UCdxnNtnb97QtSjABhpwY4Pw"],"telephone":[],"openingHoursSpecification":[{"@type":"OpeningHoursSpecification","dayOfWeek":["Monday","Tuesday","Wednesday","Thursday","Friday","Saturday","Sunday"],"opens":"09:00","closes":"17:00"}]},{"@type":"ImageObject","inLanguage":"es","@id":"https:\/\/elicrom.com\/?product=498#local-main-organization-logo","url":"https:\/\/elicrom.com\/wp-content\/uploads\/2026\/04\/logo-elicrom200X200.jpg","contentUrl":"https:\/\/elicrom.com\/wp-content\/uploads\/2026\/04\/logo-elicrom200X200.jpg","width":200,"height":200,"caption":"ELICROM CIA. LTDA."}]}},"_links":{"self":[{"href":"https:\/\/elicrom.com\/index.php?rest_route=\/wp\/v2\/product\/62883","targetHints":{"allow":["GET"]}}],"collection":[{"href":"https:\/\/elicrom.com\/index.php?rest_route=\/wp\/v2\/product"}],"about":[{"href":"https:\/\/elicrom.com\/index.php?rest_route=\/wp\/v2\/types\/product"}],"replies":[{"embeddable":true,"href":"https:\/\/elicrom.com\/index.php?rest_route=%2Fwp%2Fv2%2Fcomments&post=62883"}],"wp:featuredmedia":[{"embeddable":true,"href":"https:\/\/elicrom.com\/index.php?rest_route=\/wp\/v2\/media\/62884"}],"wp:attachment":[{"href":"https:\/\/elicrom.com\/index.php?rest_route=%2Fwp%2Fv2%2Fmedia&parent=62883"}],"wp:term":[{"taxonomy":"product_brand","embeddable":true,"href":"https:\/\/elicrom.com\/index.php?rest_route=%2Fwp%2Fv2%2Fproduct_brand&post=62883"},{"taxonomy":"product_cat","embeddable":true,"href":"https:\/\/elicrom.com\/index.php?rest_route=%2Fwp%2Fv2%2Fproduct_cat&post=62883"},{"taxonomy":"product_tag","embeddable":true,"href":"https:\/\/elicrom.com\/index.php?rest_route=%2Fwp%2Fv2%2Fproduct_tag&post=62883"}],"curies":[{"name":"wp","href":"https:\/\/api.w.org\/{rel}","templated":true}]}}