
{"id":61981,"date":"2022-09-02T15:25:16","date_gmt":"2022-09-02T15:25:16","guid":{"rendered":"https:\/\/elicrom.com\/?post_type=product&#038;p=61981"},"modified":"2022-09-02T15:25:16","modified_gmt":"2022-09-02T15:25:16","slug":"48-sensor-de-oxigeno-disuelto-luminicente-ldo-modelo-2","status":"publish","type":"product","link":"https:\/\/elicrom.com\/?product=48-sensor-de-oxigeno-disuelto-luminicente-ldo-modelo-2","title":{"rendered":"Sensor de ox\u00edgeno disuelto luminicente LDO modelo 2"},"content":{"rendered":"<p>Sensor de LDO en l\u00ednea con tecnolog\u00eda de medici\u00f3n luminiscente<br \/>\nRango de medici\u00f3n: 0 a 20.00 ppm \/ 0 a 200% de saturaci\u00f3n de aire.<br \/>\nResoluci\u00f3n: 0.01 ppm (mg\/L)\/0.1% de Saturaci\u00f3n<br \/>\nPrecisi\u00f3n: \u00b10.1 ppm hasta 5 ppm. \/ \u00b10.2 ppm arriba de 5 ppm.<br \/>\nRepetibilidad: \u00b10.1 ppm (mg\/L)<br \/>\nTemperatura de Operaci\u00f3n: 0 a 50\u00b0C<br \/>\nLongitud del cable: Incluye 10 metros de cable con terminaci\u00f3n M12 macho para conexi\u00f3n con controladores Hach sc4500 o SC1000.<br \/>\nFlujo requerido.  No requiere ning\u00fan flujo<br \/>\nProfundidad de inmersi\u00f3n del sensor:  35 metros m\u00e1ximo<br \/>\nL\u00edmite de presi\u00f3n: 0.5 bares, sin impulsos bruscos de presi\u00f3n o vibraciones.<br \/>\nMateriales: Sensor Cap: acr\u00edlico; Cuerpo del sensor: CPVC, Poliuretano, Viton, Noryl, acero inoxidable 316<\/p>\n","protected":false},"excerpt":{"rendered":"<p>Sensor de LDO en l\u00ednea con tecnolog\u00eda de medici\u00f3n luminiscente Rango de medici\u00f3n: 0 a 20.00 ppm \/ 0 a 200% de saturaci\u00f3n de aire. Resoluci\u00f3n: 0.01 ppm (mg\/L)\/0.1% de<\/p>\n","protected":false},"featured_media":140855,"comment_status":"open","ping_status":"closed","template":"","meta":[],"product_brand":[],"product_cat":[3486,3493,1950,3488],"product_tag":[],"class_list":{"0":"post-61981","1":"product","2":"type-product","3":"status-publish","4":"has-post-thumbnail","6":"product_cat-Analizadores-de-lquidos","7":"product_cat-Conductividad","8":"product_cat-instrumentacion-menu","9":"product_cat-Sensores1_05092022101442","11":"first","12":"instock","13":"taxable","14":"shipping-taxable","15":"product-type-simple"},"aioseo_notices":[],"yoast_head":"<!-- This site is optimized with the Yoast SEO Premium plugin v27.4 (Yoast SEO v27.5) - https:\/\/yoast.com\/product\/yoast-seo-premium-wordpress\/ -->\n<title>Sensor de ox\u00edgeno disuelto luminicente LDO modelo 2 - ELICROM<\/title>\n<meta name=\"robots\" content=\"index, follow, max-snippet:-1, max-image-preview:large, max-video-preview:-1\" \/>\n<link rel=\"canonical\" href=\"https:\/\/elicrom.com\/?product=48\" \/>\n<meta property=\"og:locale\" content=\"es_ES\" \/>\n<meta property=\"og:type\" content=\"article\" \/>\n<meta property=\"og:title\" content=\"Sensor de ox\u00edgeno disuelto luminicente LDO modelo 2\" \/>\n<meta property=\"og:description\" content=\"Sensor de LDO en l\u00ednea con tecnolog\u00eda de medici\u00f3n luminiscente Rango de medici\u00f3n: 0 a 20.00 ppm \/ 0 a 200% de saturaci\u00f3n de aire. Resoluci\u00f3n: 0.01 ppm (mg\/L)\/0.1% de\" \/>\n<meta property=\"og:url\" content=\"https:\/\/elicrom.com\/?product=48\" \/>\n<meta property=\"og:site_name\" content=\"ELICROM\" \/>\n<meta property=\"article:publisher\" content=\"https:\/\/www.facebook.com\/elicromlatam\" \/>\n<meta name=\"twitter:card\" content=\"summary_large_image\" \/>\n<meta name=\"twitter:label1\" content=\"Tiempo de lectura\" \/>\n\t<meta name=\"twitter:data1\" content=\"1 minuto\" \/>\n<script type=\"application\/ld+json\" class=\"yoast-schema-graph\">{\"@context\":\"https:\\\/\\\/schema.org\",\"@graph\":[{\"@type\":\"WebPage\",\"@id\":\"https:\\\/\\\/elicrom.com\\\/?product=48\",\"url\":\"https:\\\/\\\/elicrom.com\\\/?product=48\",\"name\":\"Sensor de ox\u00edgeno disuelto luminicente LDO modelo 2 - ELICROM\",\"isPartOf\":{\"@id\":\"https:\\\/\\\/elicrom.com\\\/#website\"},\"primaryImageOfPage\":{\"@id\":\"https:\\\/\\\/elicrom.com\\\/?product=48#primaryimage\"},\"image\":{\"@id\":\"https:\\\/\\\/elicrom.com\\\/?product=48#primaryimage\"},\"thumbnailUrl\":\"https:\\\/\\\/elicrom.com\\\/wp-content\\\/uploads\\\/2013\\\/01\\\/48-0.jpg\",\"datePublished\":\"2022-09-02T15:25:16+00:00\",\"breadcrumb\":{\"@id\":\"https:\\\/\\\/elicrom.com\\\/?product=48#breadcrumb\"},\"inLanguage\":\"es\",\"potentialAction\":[{\"@type\":\"ReadAction\",\"target\":[\"https:\\\/\\\/elicrom.com\\\/?product=48\"]}]},{\"@type\":\"ImageObject\",\"inLanguage\":\"es\",\"@id\":\"https:\\\/\\\/elicrom.com\\\/?product=48#primaryimage\",\"url\":\"https:\\\/\\\/elicrom.com\\\/wp-content\\\/uploads\\\/2013\\\/01\\\/48-0.jpg\",\"contentUrl\":\"https:\\\/\\\/elicrom.com\\\/wp-content\\\/uploads\\\/2013\\\/01\\\/48-0.jpg\",\"width\":800,\"height\":800},{\"@type\":\"BreadcrumbList\",\"@id\":\"https:\\\/\\\/elicrom.com\\\/?product=48#breadcrumb\",\"itemListElement\":[{\"@type\":\"ListItem\",\"position\":1,\"name\":\"Portada\",\"item\":\"https:\\\/\\\/elicrom.com\\\/\"},{\"@type\":\"ListItem\",\"position\":2,\"name\":\"Tienda en L\u00ednea\",\"item\":\"https:\\\/\\\/elicrom.com\\\/?page_id=3853\"},{\"@type\":\"ListItem\",\"position\":3,\"name\":\"Sensor de ox\u00edgeno disuelto luminicente LDO modelo 2\"}]},{\"@type\":\"WebSite\",\"@id\":\"https:\\\/\\\/elicrom.com\\\/#website\",\"url\":\"https:\\\/\\\/elicrom.com\\\/\",\"name\":\"ELICROM\",\"description\":\"Especializados en actividades espec\u00edficas como son las \u00e1reas de Metrolog\u00eda, Medio Ambiente, Validaciones, Mantenimiento de Equipos de Laboratorio y Construcci\u00f3n\\\/Reformas de Laboratorios.\",\"publisher\":{\"@id\":\"https:\\\/\\\/elicrom.com\\\/#organization\"},\"potentialAction\":[{\"@type\":\"SearchAction\",\"target\":{\"@type\":\"EntryPoint\",\"urlTemplate\":\"https:\\\/\\\/elicrom.com\\\/?s={search_term_string}\"},\"query-input\":{\"@type\":\"PropertyValueSpecification\",\"valueRequired\":true,\"valueName\":\"search_term_string\"}}],\"inLanguage\":\"es\"},{\"@type\":[\"Organization\",\"Place\"],\"@id\":\"https:\\\/\\\/elicrom.com\\\/#organization\",\"name\":\"ELICROM CIA. LTDA.\",\"url\":\"https:\\\/\\\/elicrom.com\\\/\",\"logo\":{\"@id\":\"https:\\\/\\\/elicrom.com\\\/?product=48#local-main-organization-logo\"},\"image\":{\"@id\":\"https:\\\/\\\/elicrom.com\\\/?product=48#local-main-organization-logo\"},\"sameAs\":[\"https:\\\/\\\/www.facebook.com\\\/elicromlatam\",\"https:\\\/\\\/www.linkedin.com\\\/company\\\/elicrom-cia-ltda\\\/\",\"https:\\\/\\\/www.instagram.com\\\/elicromlatam\\\/\",\"https:\\\/\\\/www.youtube.com\\\/channel\\\/UCdxnNtnb97QtSjABhpwY4Pw\"],\"telephone\":[],\"openingHoursSpecification\":[{\"@type\":\"OpeningHoursSpecification\",\"dayOfWeek\":[\"Monday\",\"Tuesday\",\"Wednesday\",\"Thursday\",\"Friday\",\"Saturday\",\"Sunday\"],\"opens\":\"09:00\",\"closes\":\"17:00\"}]},{\"@type\":\"ImageObject\",\"inLanguage\":\"es\",\"@id\":\"https:\\\/\\\/elicrom.com\\\/?product=48#local-main-organization-logo\",\"url\":\"https:\\\/\\\/elicrom.com\\\/wp-content\\\/uploads\\\/2026\\\/04\\\/logo-elicrom200X200.jpg\",\"contentUrl\":\"https:\\\/\\\/elicrom.com\\\/wp-content\\\/uploads\\\/2026\\\/04\\\/logo-elicrom200X200.jpg\",\"width\":200,\"height\":200,\"caption\":\"ELICROM CIA. LTDA.\"}]}<\/script>\n<!-- \/ Yoast SEO Premium plugin. -->","yoast_head_json":{"title":"Sensor de ox\u00edgeno disuelto luminicente LDO modelo 2 - ELICROM","robots":{"index":"index","follow":"follow","max-snippet":"max-snippet:-1","max-image-preview":"max-image-preview:large","max-video-preview":"max-video-preview:-1"},"canonical":"https:\/\/elicrom.com\/?product=48","og_locale":"es_ES","og_type":"article","og_title":"Sensor de ox\u00edgeno disuelto luminicente LDO modelo 2","og_description":"Sensor de LDO en l\u00ednea con tecnolog\u00eda de medici\u00f3n luminiscente Rango de medici\u00f3n: 0 a 20.00 ppm \/ 0 a 200% de saturaci\u00f3n de aire. Resoluci\u00f3n: 0.01 ppm (mg\/L)\/0.1% de","og_url":"https:\/\/elicrom.com\/?product=48","og_site_name":"ELICROM","article_publisher":"https:\/\/www.facebook.com\/elicromlatam","twitter_card":"summary_large_image","twitter_misc":{"Tiempo de lectura":"1 minuto"},"schema":{"@context":"https:\/\/schema.org","@graph":[{"@type":"WebPage","@id":"https:\/\/elicrom.com\/?product=48","url":"https:\/\/elicrom.com\/?product=48","name":"Sensor de ox\u00edgeno disuelto luminicente LDO modelo 2 - ELICROM","isPartOf":{"@id":"https:\/\/elicrom.com\/#website"},"primaryImageOfPage":{"@id":"https:\/\/elicrom.com\/?product=48#primaryimage"},"image":{"@id":"https:\/\/elicrom.com\/?product=48#primaryimage"},"thumbnailUrl":"https:\/\/elicrom.com\/wp-content\/uploads\/2013\/01\/48-0.jpg","datePublished":"2022-09-02T15:25:16+00:00","breadcrumb":{"@id":"https:\/\/elicrom.com\/?product=48#breadcrumb"},"inLanguage":"es","potentialAction":[{"@type":"ReadAction","target":["https:\/\/elicrom.com\/?product=48"]}]},{"@type":"ImageObject","inLanguage":"es","@id":"https:\/\/elicrom.com\/?product=48#primaryimage","url":"https:\/\/elicrom.com\/wp-content\/uploads\/2013\/01\/48-0.jpg","contentUrl":"https:\/\/elicrom.com\/wp-content\/uploads\/2013\/01\/48-0.jpg","width":800,"height":800},{"@type":"BreadcrumbList","@id":"https:\/\/elicrom.com\/?product=48#breadcrumb","itemListElement":[{"@type":"ListItem","position":1,"name":"Portada","item":"https:\/\/elicrom.com\/"},{"@type":"ListItem","position":2,"name":"Tienda en L\u00ednea","item":"https:\/\/elicrom.com\/?page_id=3853"},{"@type":"ListItem","position":3,"name":"Sensor de ox\u00edgeno disuelto luminicente LDO modelo 2"}]},{"@type":"WebSite","@id":"https:\/\/elicrom.com\/#website","url":"https:\/\/elicrom.com\/","name":"ELICROM","description":"Especializados en actividades espec\u00edficas como son las \u00e1reas de Metrolog\u00eda, Medio Ambiente, Validaciones, Mantenimiento de Equipos de Laboratorio y Construcci\u00f3n\/Reformas de Laboratorios.","publisher":{"@id":"https:\/\/elicrom.com\/#organization"},"potentialAction":[{"@type":"SearchAction","target":{"@type":"EntryPoint","urlTemplate":"https:\/\/elicrom.com\/?s={search_term_string}"},"query-input":{"@type":"PropertyValueSpecification","valueRequired":true,"valueName":"search_term_string"}}],"inLanguage":"es"},{"@type":["Organization","Place"],"@id":"https:\/\/elicrom.com\/#organization","name":"ELICROM CIA. LTDA.","url":"https:\/\/elicrom.com\/","logo":{"@id":"https:\/\/elicrom.com\/?product=48#local-main-organization-logo"},"image":{"@id":"https:\/\/elicrom.com\/?product=48#local-main-organization-logo"},"sameAs":["https:\/\/www.facebook.com\/elicromlatam","https:\/\/www.linkedin.com\/company\/elicrom-cia-ltda\/","https:\/\/www.instagram.com\/elicromlatam\/","https:\/\/www.youtube.com\/channel\/UCdxnNtnb97QtSjABhpwY4Pw"],"telephone":[],"openingHoursSpecification":[{"@type":"OpeningHoursSpecification","dayOfWeek":["Monday","Tuesday","Wednesday","Thursday","Friday","Saturday","Sunday"],"opens":"09:00","closes":"17:00"}]},{"@type":"ImageObject","inLanguage":"es","@id":"https:\/\/elicrom.com\/?product=48#local-main-organization-logo","url":"https:\/\/elicrom.com\/wp-content\/uploads\/2026\/04\/logo-elicrom200X200.jpg","contentUrl":"https:\/\/elicrom.com\/wp-content\/uploads\/2026\/04\/logo-elicrom200X200.jpg","width":200,"height":200,"caption":"ELICROM CIA. LTDA."}]}},"_links":{"self":[{"href":"https:\/\/elicrom.com\/index.php?rest_route=\/wp\/v2\/product\/61981","targetHints":{"allow":["GET"]}}],"collection":[{"href":"https:\/\/elicrom.com\/index.php?rest_route=\/wp\/v2\/product"}],"about":[{"href":"https:\/\/elicrom.com\/index.php?rest_route=\/wp\/v2\/types\/product"}],"replies":[{"embeddable":true,"href":"https:\/\/elicrom.com\/index.php?rest_route=%2Fwp%2Fv2%2Fcomments&post=61981"}],"wp:featuredmedia":[{"embeddable":true,"href":"https:\/\/elicrom.com\/index.php?rest_route=\/wp\/v2\/media\/140855"}],"wp:attachment":[{"href":"https:\/\/elicrom.com\/index.php?rest_route=%2Fwp%2Fv2%2Fmedia&parent=61981"}],"wp:term":[{"taxonomy":"product_brand","embeddable":true,"href":"https:\/\/elicrom.com\/index.php?rest_route=%2Fwp%2Fv2%2Fproduct_brand&post=61981"},{"taxonomy":"product_cat","embeddable":true,"href":"https:\/\/elicrom.com\/index.php?rest_route=%2Fwp%2Fv2%2Fproduct_cat&post=61981"},{"taxonomy":"product_tag","embeddable":true,"href":"https:\/\/elicrom.com\/index.php?rest_route=%2Fwp%2Fv2%2Fproduct_tag&post=61981"}],"curies":[{"name":"wp","href":"https:\/\/api.w.org\/{rel}","templated":true}]}}