
{"id":144447,"date":"2026-05-08T09:41:58","date_gmt":"2026-05-08T09:41:58","guid":{"rendered":"https:\/\/elicrom.com\/?post_type=product&#038;p=144447"},"modified":"2026-05-08T09:41:58","modified_gmt":"2026-05-08T09:41:58","slug":"61883-phmetro-de-bolsillo-impermeable-phtestr-30","status":"publish","type":"product","link":"https:\/\/elicrom.com\/?product=61883-phmetro-de-bolsillo-impermeable-phtestr-30","title":{"rendered":"Phmetro de bolsillo impermeable pHTestr\u00ae 30+"},"content":{"rendered":"<p>Los medidores de bolsillo de la serie 30 incluyen un sensor de electrodo reemplazable de doble uni\u00f3n, dise\u00f1ado para aplicaciones m\u00e1s agresivas, como aguas residuales y soluciones que contienen sulfuros, metales pesados \u200b\u200by TRIS. El sensor de electrodo ofrece una uni\u00f3n Kynar\u00ae resistente a obstrucciones y un bulbo de pH de vidrio empotrado para protegerlo contra roturas y facilitar su mantenimiento y sustituci\u00f3n.<\/p>\n<p>Un sistema de tres botones f\u00e1ciles de usar permite el uso y la medici\u00f3n a nivel t\u00e9cnico.<br \/>\nHasta 3 puntos de calibraci\u00f3n con reconocimiento autom\u00e1tico de tampones, tanto con tampones est\u00e1ndar de EE. UU. como del NIST.<br \/>\nLas caracter\u00edsticas adicionales incluyen compensaci\u00f3n autom\u00e1tica de temperatura (ATC)<br \/>\nFunci\u00f3n de retenci\u00f3n<br \/>\nApagado autom\u00e1tico<br \/>\nMensajes de error de autodiagn\u00f3stico y un indicador de duraci\u00f3n de la bater\u00eda de tres segmentos.<\/p>\n<p>El pHTestr 30, resistente al agua, es ideal para aplicaciones en exteriores, como la medici\u00f3n de pH en lagos y arroyos. Dise\u00f1ado para flotar en el agua, se puede conectar una l\u00ednea a la carcasa para facilitar su extracci\u00f3n. Adem\u00e1s, la carcasa del sensor Valox es resistente a la mayor\u00eda de los productos qu\u00edmicos.<\/p>\n<p>Especificaciones:<br \/>\n-Tipo de pantalla: LCD<br \/>\n-Ph m\u00edn. (pH) -2<br \/>\n-Ph m\u00e1x. (pH) 16<br \/>\n-Resoluci\u00f3n de pH: 0,01<br \/>\n-Precisi\u00f3n de pH: \u00b10,01<br \/>\n-Reconocimiento de tamp\u00f3n: NIST y EE. UU.<br \/>\n-Calibraci\u00f3n: Hasta 3 puntos<br \/>\n-Temperatura m\u00edn. (\u00b0C): 0<br \/>\n-Temperatura m\u00e1x. (\u00b0C): 50<br \/>\n-Temperatura m\u00edn. (\u00b0F): 32<br \/>\n-Temperatura m\u00e1x. (\u00b0F): 122<br \/>\n-Resoluci\u00f3n de temperatura: 0,1<br \/>\n-Precisi\u00f3n de temperatura: 0,5 \u00b0C (0,9 \u00b0F)<br \/>\n-Compensaci\u00f3n de temperatura: Autom\u00e1tica<br \/>\n-Impermeable: S\u00ed<br \/>\n-Pilas: 4 AAA (incluidas)<br \/>\n-Duraci\u00f3n de la pila: 500 h<\/p>\n<p>Caracter\u00edsticas:<br \/>\n-Sensores de electrodos de doble uni\u00f3n reemplazables para muestras altamente c\u00e1usticas, vol\u00e1tiles o peligrosas<br \/>\n-F\u00e1cil de manejar Sistema de tres botones<br \/>\n-La carcasa con clasificaci\u00f3n IP67 se apoya plana sobre la mesa y flota en el agua<br \/>\n-Precisi\u00f3n de pH de 0,01 junto con doble visualizaci\u00f3n de pH y temperatura C o F seleccionable<br \/>\n-La carcasa con clasificaci\u00f3n IP67 se apoya plana sobre la mesa y flota en el agua<br \/>\n-Sensores opcionales para pruebas ORP disponibles (de uni\u00f3n simple o doble) <\/p>\n","protected":false},"excerpt":{"rendered":"<p>Los medidores de bolsillo de la serie 30 incluyen un sensor de electrodo reemplazable de doble uni\u00f3n, dise\u00f1ado para aplicaciones m\u00e1s agresivas, como aguas residuales y soluciones que contienen sulfuros,<\/p>\n","protected":false},"featured_media":144452,"comment_status":"open","ping_status":"closed","template":"","meta":[],"product_brand":[],"product_cat":[3364,1,3372,3373],"product_tag":[],"class_list":{"0":"post-144447","1":"product","2":"type-product","3":"status-publish","4":"has-post-thumbnail","6":"product_cat-Electroqumica","7":"product_cat-uncategorized","8":"product_cat-Ph-metros","9":"product_cat-Porttil","11":"first","12":"instock","13":"taxable","14":"shipping-taxable","15":"purchasable","16":"product-type-simple"},"aioseo_notices":[],"yoast_head":"<!-- This site is optimized with the Yoast SEO Premium plugin v27.4 (Yoast SEO v27.5) - https:\/\/yoast.com\/product\/yoast-seo-premium-wordpress\/ -->\n<title>Phmetro de bolsillo impermeable pHTestr\u00ae 30+ - ELICROM<\/title>\n<meta name=\"robots\" content=\"index, follow, max-snippet:-1, max-image-preview:large, max-video-preview:-1\" \/>\n<link rel=\"canonical\" href=\"https:\/\/elicrom.com\/?product=61883\" \/>\n<meta property=\"og:locale\" content=\"es_ES\" \/>\n<meta property=\"og:type\" content=\"article\" \/>\n<meta property=\"og:title\" content=\"Phmetro de bolsillo impermeable pHTestr\u00ae 30+\" \/>\n<meta property=\"og:description\" content=\"Los medidores de bolsillo de la serie 30 incluyen un sensor de electrodo reemplazable de doble uni\u00f3n, dise\u00f1ado para aplicaciones m\u00e1s agresivas, como aguas residuales y soluciones que contienen sulfuros,\" \/>\n<meta property=\"og:url\" content=\"https:\/\/elicrom.com\/?product=61883\" \/>\n<meta property=\"og:site_name\" content=\"ELICROM\" \/>\n<meta property=\"article:publisher\" content=\"https:\/\/www.facebook.com\/elicromlatam\" \/>\n<meta property=\"og:image\" content=\"https:\/\/elicrom.com\/wp-content\/uploads\/2026\/05\/61883-0.png\" \/>\n\t<meta property=\"og:image:width\" content=\"800\" \/>\n\t<meta property=\"og:image:height\" content=\"800\" \/>\n\t<meta property=\"og:image:type\" content=\"image\/png\" \/>\n<meta name=\"twitter:card\" content=\"summary_large_image\" \/>\n<meta name=\"twitter:label1\" content=\"Tiempo de lectura\" \/>\n\t<meta name=\"twitter:data1\" content=\"2 minutos\" \/>\n<script type=\"application\/ld+json\" class=\"yoast-schema-graph\">{\"@context\":\"https:\\\/\\\/schema.org\",\"@graph\":[{\"@type\":\"WebPage\",\"@id\":\"https:\\\/\\\/elicrom.com\\\/?product=61883\",\"url\":\"https:\\\/\\\/elicrom.com\\\/?product=61883\",\"name\":\"Phmetro de bolsillo impermeable pHTestr\u00ae 30+ - ELICROM\",\"isPartOf\":{\"@id\":\"https:\\\/\\\/elicrom.com\\\/#website\"},\"primaryImageOfPage\":{\"@id\":\"https:\\\/\\\/elicrom.com\\\/?product=61883#primaryimage\"},\"image\":{\"@id\":\"https:\\\/\\\/elicrom.com\\\/?product=61883#primaryimage\"},\"thumbnailUrl\":\"https:\\\/\\\/elicrom.com\\\/wp-content\\\/uploads\\\/2026\\\/05\\\/61883-0.png\",\"datePublished\":\"2026-05-08T09:41:58+00:00\",\"breadcrumb\":{\"@id\":\"https:\\\/\\\/elicrom.com\\\/?product=61883#breadcrumb\"},\"inLanguage\":\"es\",\"potentialAction\":[{\"@type\":\"ReadAction\",\"target\":[\"https:\\\/\\\/elicrom.com\\\/?product=61883\"]}]},{\"@type\":\"ImageObject\",\"inLanguage\":\"es\",\"@id\":\"https:\\\/\\\/elicrom.com\\\/?product=61883#primaryimage\",\"url\":\"https:\\\/\\\/elicrom.com\\\/wp-content\\\/uploads\\\/2026\\\/05\\\/61883-0.png\",\"contentUrl\":\"https:\\\/\\\/elicrom.com\\\/wp-content\\\/uploads\\\/2026\\\/05\\\/61883-0.png\",\"width\":800,\"height\":800},{\"@type\":\"BreadcrumbList\",\"@id\":\"https:\\\/\\\/elicrom.com\\\/?product=61883#breadcrumb\",\"itemListElement\":[{\"@type\":\"ListItem\",\"position\":1,\"name\":\"Portada\",\"item\":\"https:\\\/\\\/elicrom.com\\\/\"},{\"@type\":\"ListItem\",\"position\":2,\"name\":\"Tienda en L\u00ednea\",\"item\":\"https:\\\/\\\/elicrom.com\\\/?page_id=3853\"},{\"@type\":\"ListItem\",\"position\":3,\"name\":\"Phmetro de bolsillo impermeable pHTestr\u00ae 30+\"}]},{\"@type\":\"WebSite\",\"@id\":\"https:\\\/\\\/elicrom.com\\\/#website\",\"url\":\"https:\\\/\\\/elicrom.com\\\/\",\"name\":\"ELICROM\",\"description\":\"Especializados en actividades espec\u00edficas como son las \u00e1reas de Metrolog\u00eda, Medio Ambiente, Validaciones, Mantenimiento de Equipos de Laboratorio y Construcci\u00f3n\\\/Reformas de Laboratorios.\",\"publisher\":{\"@id\":\"https:\\\/\\\/elicrom.com\\\/#organization\"},\"potentialAction\":[{\"@type\":\"SearchAction\",\"target\":{\"@type\":\"EntryPoint\",\"urlTemplate\":\"https:\\\/\\\/elicrom.com\\\/?s={search_term_string}\"},\"query-input\":{\"@type\":\"PropertyValueSpecification\",\"valueRequired\":true,\"valueName\":\"search_term_string\"}}],\"inLanguage\":\"es\"},{\"@type\":[\"Organization\",\"Place\"],\"@id\":\"https:\\\/\\\/elicrom.com\\\/#organization\",\"name\":\"ELICROM CIA. LTDA.\",\"url\":\"https:\\\/\\\/elicrom.com\\\/\",\"logo\":{\"@id\":\"https:\\\/\\\/elicrom.com\\\/?product=61883#local-main-organization-logo\"},\"image\":{\"@id\":\"https:\\\/\\\/elicrom.com\\\/?product=61883#local-main-organization-logo\"},\"sameAs\":[\"https:\\\/\\\/www.facebook.com\\\/elicromlatam\",\"https:\\\/\\\/www.linkedin.com\\\/company\\\/elicrom-cia-ltda\\\/\",\"https:\\\/\\\/www.instagram.com\\\/elicromlatam\\\/\",\"https:\\\/\\\/www.youtube.com\\\/channel\\\/UCdxnNtnb97QtSjABhpwY4Pw\"],\"telephone\":[],\"openingHoursSpecification\":[{\"@type\":\"OpeningHoursSpecification\",\"dayOfWeek\":[\"Monday\",\"Tuesday\",\"Wednesday\",\"Thursday\",\"Friday\",\"Saturday\",\"Sunday\"],\"opens\":\"09:00\",\"closes\":\"17:00\"}]},{\"@type\":\"ImageObject\",\"inLanguage\":\"es\",\"@id\":\"https:\\\/\\\/elicrom.com\\\/?product=61883#local-main-organization-logo\",\"url\":\"https:\\\/\\\/elicrom.com\\\/wp-content\\\/uploads\\\/2026\\\/04\\\/logo-elicrom200X200.jpg\",\"contentUrl\":\"https:\\\/\\\/elicrom.com\\\/wp-content\\\/uploads\\\/2026\\\/04\\\/logo-elicrom200X200.jpg\",\"width\":200,\"height\":200,\"caption\":\"ELICROM CIA. LTDA.\"}]}<\/script>\n<!-- \/ Yoast SEO Premium plugin. -->","yoast_head_json":{"title":"Phmetro de bolsillo impermeable pHTestr\u00ae 30+ - ELICROM","robots":{"index":"index","follow":"follow","max-snippet":"max-snippet:-1","max-image-preview":"max-image-preview:large","max-video-preview":"max-video-preview:-1"},"canonical":"https:\/\/elicrom.com\/?product=61883","og_locale":"es_ES","og_type":"article","og_title":"Phmetro de bolsillo impermeable pHTestr\u00ae 30+","og_description":"Los medidores de bolsillo de la serie 30 incluyen un sensor de electrodo reemplazable de doble uni\u00f3n, dise\u00f1ado para aplicaciones m\u00e1s agresivas, como aguas residuales y soluciones que contienen sulfuros,","og_url":"https:\/\/elicrom.com\/?product=61883","og_site_name":"ELICROM","article_publisher":"https:\/\/www.facebook.com\/elicromlatam","og_image":[{"width":800,"height":800,"url":"https:\/\/elicrom.com\/wp-content\/uploads\/2026\/05\/61883-0.png","type":"image\/png"}],"twitter_card":"summary_large_image","twitter_misc":{"Tiempo de lectura":"2 minutos"},"schema":{"@context":"https:\/\/schema.org","@graph":[{"@type":"WebPage","@id":"https:\/\/elicrom.com\/?product=61883","url":"https:\/\/elicrom.com\/?product=61883","name":"Phmetro de bolsillo impermeable pHTestr\u00ae 30+ - ELICROM","isPartOf":{"@id":"https:\/\/elicrom.com\/#website"},"primaryImageOfPage":{"@id":"https:\/\/elicrom.com\/?product=61883#primaryimage"},"image":{"@id":"https:\/\/elicrom.com\/?product=61883#primaryimage"},"thumbnailUrl":"https:\/\/elicrom.com\/wp-content\/uploads\/2026\/05\/61883-0.png","datePublished":"2026-05-08T09:41:58+00:00","breadcrumb":{"@id":"https:\/\/elicrom.com\/?product=61883#breadcrumb"},"inLanguage":"es","potentialAction":[{"@type":"ReadAction","target":["https:\/\/elicrom.com\/?product=61883"]}]},{"@type":"ImageObject","inLanguage":"es","@id":"https:\/\/elicrom.com\/?product=61883#primaryimage","url":"https:\/\/elicrom.com\/wp-content\/uploads\/2026\/05\/61883-0.png","contentUrl":"https:\/\/elicrom.com\/wp-content\/uploads\/2026\/05\/61883-0.png","width":800,"height":800},{"@type":"BreadcrumbList","@id":"https:\/\/elicrom.com\/?product=61883#breadcrumb","itemListElement":[{"@type":"ListItem","position":1,"name":"Portada","item":"https:\/\/elicrom.com\/"},{"@type":"ListItem","position":2,"name":"Tienda en L\u00ednea","item":"https:\/\/elicrom.com\/?page_id=3853"},{"@type":"ListItem","position":3,"name":"Phmetro de bolsillo impermeable pHTestr\u00ae 30+"}]},{"@type":"WebSite","@id":"https:\/\/elicrom.com\/#website","url":"https:\/\/elicrom.com\/","name":"ELICROM","description":"Especializados en actividades espec\u00edficas como son las \u00e1reas de Metrolog\u00eda, Medio Ambiente, Validaciones, Mantenimiento de Equipos de Laboratorio y Construcci\u00f3n\/Reformas de Laboratorios.","publisher":{"@id":"https:\/\/elicrom.com\/#organization"},"potentialAction":[{"@type":"SearchAction","target":{"@type":"EntryPoint","urlTemplate":"https:\/\/elicrom.com\/?s={search_term_string}"},"query-input":{"@type":"PropertyValueSpecification","valueRequired":true,"valueName":"search_term_string"}}],"inLanguage":"es"},{"@type":["Organization","Place"],"@id":"https:\/\/elicrom.com\/#organization","name":"ELICROM CIA. LTDA.","url":"https:\/\/elicrom.com\/","logo":{"@id":"https:\/\/elicrom.com\/?product=61883#local-main-organization-logo"},"image":{"@id":"https:\/\/elicrom.com\/?product=61883#local-main-organization-logo"},"sameAs":["https:\/\/www.facebook.com\/elicromlatam","https:\/\/www.linkedin.com\/company\/elicrom-cia-ltda\/","https:\/\/www.instagram.com\/elicromlatam\/","https:\/\/www.youtube.com\/channel\/UCdxnNtnb97QtSjABhpwY4Pw"],"telephone":[],"openingHoursSpecification":[{"@type":"OpeningHoursSpecification","dayOfWeek":["Monday","Tuesday","Wednesday","Thursday","Friday","Saturday","Sunday"],"opens":"09:00","closes":"17:00"}]},{"@type":"ImageObject","inLanguage":"es","@id":"https:\/\/elicrom.com\/?product=61883#local-main-organization-logo","url":"https:\/\/elicrom.com\/wp-content\/uploads\/2026\/04\/logo-elicrom200X200.jpg","contentUrl":"https:\/\/elicrom.com\/wp-content\/uploads\/2026\/04\/logo-elicrom200X200.jpg","width":200,"height":200,"caption":"ELICROM CIA. LTDA."}]}},"_links":{"self":[{"href":"https:\/\/elicrom.com\/index.php?rest_route=\/wp\/v2\/product\/144447","targetHints":{"allow":["GET"]}}],"collection":[{"href":"https:\/\/elicrom.com\/index.php?rest_route=\/wp\/v2\/product"}],"about":[{"href":"https:\/\/elicrom.com\/index.php?rest_route=\/wp\/v2\/types\/product"}],"replies":[{"embeddable":true,"href":"https:\/\/elicrom.com\/index.php?rest_route=%2Fwp%2Fv2%2Fcomments&post=144447"}],"wp:featuredmedia":[{"embeddable":true,"href":"https:\/\/elicrom.com\/index.php?rest_route=\/wp\/v2\/media\/144452"}],"wp:attachment":[{"href":"https:\/\/elicrom.com\/index.php?rest_route=%2Fwp%2Fv2%2Fmedia&parent=144447"}],"wp:term":[{"taxonomy":"product_brand","embeddable":true,"href":"https:\/\/elicrom.com\/index.php?rest_route=%2Fwp%2Fv2%2Fproduct_brand&post=144447"},{"taxonomy":"product_cat","embeddable":true,"href":"https:\/\/elicrom.com\/index.php?rest_route=%2Fwp%2Fv2%2Fproduct_cat&post=144447"},{"taxonomy":"product_tag","embeddable":true,"href":"https:\/\/elicrom.com\/index.php?rest_route=%2Fwp%2Fv2%2Fproduct_tag&post=144447"}],"curies":[{"name":"wp","href":"https:\/\/api.w.org\/{rel}","templated":true}]}}