
{"id":143407,"date":"2026-02-04T08:36:54","date_gmt":"2026-02-04T08:36:54","guid":{"rendered":"https:\/\/elicrom.com\/?post_type=product&#038;p=143407"},"modified":"2026-02-04T08:36:54","modified_gmt":"2026-02-04T08:36:54","slug":"52880-termoresistencia-para-enroscar-con-cable","status":"publish","type":"product","link":"https:\/\/elicrom.com\/?product=52880-termoresistencia-para-enroscar-con-cable","title":{"rendered":"Termoresistencia para enroscar con cable"},"content":{"rendered":"<p>*Termoresistencia para enroscar con cable<\/p>\n","protected":false},"excerpt":{"rendered":"<p>*Termoresistencia para enroscar con cable<\/p>\n","protected":false},"featured_media":143408,"comment_status":"open","ping_status":"closed","template":"","meta":[],"product_brand":[],"product_cat":[1950,3554,3498],"product_tag":[],"class_list":{"0":"post-143407","1":"product","2":"type-product","3":"status-publish","4":"has-post-thumbnail","6":"product_cat-instrumentacion-menu","7":"product_cat-Sensores","8":"product_cat-Temperatura","10":"first","11":"instock","12":"taxable","13":"shipping-taxable","14":"purchasable","15":"product-type-simple"},"aioseo_notices":[],"yoast_head":"<!-- This site is optimized with the Yoast SEO Premium plugin v27.4 (Yoast SEO v27.5) - https:\/\/yoast.com\/product\/yoast-seo-premium-wordpress\/ -->\n<title>Termoresistencia para enroscar con cable - ELICROM<\/title>\n<meta name=\"robots\" content=\"index, follow, max-snippet:-1, max-image-preview:large, max-video-preview:-1\" \/>\n<link rel=\"canonical\" href=\"https:\/\/elicrom.com\/?product=52880\" \/>\n<meta property=\"og:locale\" content=\"es_ES\" \/>\n<meta property=\"og:type\" content=\"article\" \/>\n<meta property=\"og:title\" content=\"Termoresistencia para enroscar con cable\" \/>\n<meta property=\"og:description\" content=\"*Termoresistencia para enroscar con cable\" \/>\n<meta property=\"og:url\" content=\"https:\/\/elicrom.com\/?product=52880\" \/>\n<meta property=\"og:site_name\" content=\"ELICROM\" \/>\n<meta property=\"article:publisher\" content=\"https:\/\/www.facebook.com\/elicromlatam\" \/>\n<meta property=\"og:image\" content=\"https:\/\/elicrom.com\/wp-content\/uploads\/2026\/02\/52880-0.jpeg\" \/>\n\t<meta property=\"og:image:width\" content=\"800\" \/>\n\t<meta property=\"og:image:height\" content=\"800\" \/>\n\t<meta property=\"og:image:type\" content=\"image\/jpeg\" \/>\n<meta name=\"twitter:card\" content=\"summary_large_image\" \/>\n<script type=\"application\/ld+json\" class=\"yoast-schema-graph\">{\"@context\":\"https:\\\/\\\/schema.org\",\"@graph\":[{\"@type\":\"WebPage\",\"@id\":\"https:\\\/\\\/elicrom.com\\\/?product=52880\",\"url\":\"https:\\\/\\\/elicrom.com\\\/?product=52880\",\"name\":\"Termoresistencia para enroscar con cable - ELICROM\",\"isPartOf\":{\"@id\":\"https:\\\/\\\/elicrom.com\\\/#website\"},\"primaryImageOfPage\":{\"@id\":\"https:\\\/\\\/elicrom.com\\\/?product=52880#primaryimage\"},\"image\":{\"@id\":\"https:\\\/\\\/elicrom.com\\\/?product=52880#primaryimage\"},\"thumbnailUrl\":\"https:\\\/\\\/elicrom.com\\\/wp-content\\\/uploads\\\/2026\\\/02\\\/52880-0.jpeg\",\"datePublished\":\"2026-02-04T08:36:54+00:00\",\"breadcrumb\":{\"@id\":\"https:\\\/\\\/elicrom.com\\\/?product=52880#breadcrumb\"},\"inLanguage\":\"es\",\"potentialAction\":[{\"@type\":\"ReadAction\",\"target\":[\"https:\\\/\\\/elicrom.com\\\/?product=52880\"]}]},{\"@type\":\"ImageObject\",\"inLanguage\":\"es\",\"@id\":\"https:\\\/\\\/elicrom.com\\\/?product=52880#primaryimage\",\"url\":\"https:\\\/\\\/elicrom.com\\\/wp-content\\\/uploads\\\/2026\\\/02\\\/52880-0.jpeg\",\"contentUrl\":\"https:\\\/\\\/elicrom.com\\\/wp-content\\\/uploads\\\/2026\\\/02\\\/52880-0.jpeg\",\"width\":800,\"height\":800},{\"@type\":\"BreadcrumbList\",\"@id\":\"https:\\\/\\\/elicrom.com\\\/?product=52880#breadcrumb\",\"itemListElement\":[{\"@type\":\"ListItem\",\"position\":1,\"name\":\"Portada\",\"item\":\"https:\\\/\\\/elicrom.com\\\/\"},{\"@type\":\"ListItem\",\"position\":2,\"name\":\"Tienda en L\u00ednea\",\"item\":\"https:\\\/\\\/elicrom.com\\\/?page_id=3853\"},{\"@type\":\"ListItem\",\"position\":3,\"name\":\"Termoresistencia para enroscar con cable\"}]},{\"@type\":\"WebSite\",\"@id\":\"https:\\\/\\\/elicrom.com\\\/#website\",\"url\":\"https:\\\/\\\/elicrom.com\\\/\",\"name\":\"ELICROM\",\"description\":\"Especializados en actividades espec\u00edficas como son las \u00e1reas de Metrolog\u00eda, Medio Ambiente, Validaciones, Mantenimiento de Equipos de Laboratorio y Construcci\u00f3n\\\/Reformas de Laboratorios.\",\"publisher\":{\"@id\":\"https:\\\/\\\/elicrom.com\\\/#organization\"},\"potentialAction\":[{\"@type\":\"SearchAction\",\"target\":{\"@type\":\"EntryPoint\",\"urlTemplate\":\"https:\\\/\\\/elicrom.com\\\/?s={search_term_string}\"},\"query-input\":{\"@type\":\"PropertyValueSpecification\",\"valueRequired\":true,\"valueName\":\"search_term_string\"}}],\"inLanguage\":\"es\"},{\"@type\":[\"Organization\",\"Place\"],\"@id\":\"https:\\\/\\\/elicrom.com\\\/#organization\",\"name\":\"ELICROM CIA. LTDA.\",\"url\":\"https:\\\/\\\/elicrom.com\\\/\",\"logo\":{\"@id\":\"https:\\\/\\\/elicrom.com\\\/?product=52880#local-main-organization-logo\"},\"image\":{\"@id\":\"https:\\\/\\\/elicrom.com\\\/?product=52880#local-main-organization-logo\"},\"sameAs\":[\"https:\\\/\\\/www.facebook.com\\\/elicromlatam\",\"https:\\\/\\\/www.linkedin.com\\\/company\\\/elicrom-cia-ltda\\\/\",\"https:\\\/\\\/www.instagram.com\\\/elicromlatam\\\/\",\"https:\\\/\\\/www.youtube.com\\\/channel\\\/UCdxnNtnb97QtSjABhpwY4Pw\"],\"telephone\":[],\"openingHoursSpecification\":[{\"@type\":\"OpeningHoursSpecification\",\"dayOfWeek\":[\"Monday\",\"Tuesday\",\"Wednesday\",\"Thursday\",\"Friday\",\"Saturday\",\"Sunday\"],\"opens\":\"09:00\",\"closes\":\"17:00\"}]},{\"@type\":\"ImageObject\",\"inLanguage\":\"es\",\"@id\":\"https:\\\/\\\/elicrom.com\\\/?product=52880#local-main-organization-logo\",\"url\":\"https:\\\/\\\/elicrom.com\\\/wp-content\\\/uploads\\\/2026\\\/04\\\/logo-elicrom200X200.jpg\",\"contentUrl\":\"https:\\\/\\\/elicrom.com\\\/wp-content\\\/uploads\\\/2026\\\/04\\\/logo-elicrom200X200.jpg\",\"width\":200,\"height\":200,\"caption\":\"ELICROM CIA. LTDA.\"}]}<\/script>\n<!-- \/ Yoast SEO Premium plugin. -->","yoast_head_json":{"title":"Termoresistencia para enroscar con cable - ELICROM","robots":{"index":"index","follow":"follow","max-snippet":"max-snippet:-1","max-image-preview":"max-image-preview:large","max-video-preview":"max-video-preview:-1"},"canonical":"https:\/\/elicrom.com\/?product=52880","og_locale":"es_ES","og_type":"article","og_title":"Termoresistencia para enroscar con cable","og_description":"*Termoresistencia para enroscar con cable","og_url":"https:\/\/elicrom.com\/?product=52880","og_site_name":"ELICROM","article_publisher":"https:\/\/www.facebook.com\/elicromlatam","og_image":[{"width":800,"height":800,"url":"https:\/\/elicrom.com\/wp-content\/uploads\/2026\/02\/52880-0.jpeg","type":"image\/jpeg"}],"twitter_card":"summary_large_image","schema":{"@context":"https:\/\/schema.org","@graph":[{"@type":"WebPage","@id":"https:\/\/elicrom.com\/?product=52880","url":"https:\/\/elicrom.com\/?product=52880","name":"Termoresistencia para enroscar con cable - ELICROM","isPartOf":{"@id":"https:\/\/elicrom.com\/#website"},"primaryImageOfPage":{"@id":"https:\/\/elicrom.com\/?product=52880#primaryimage"},"image":{"@id":"https:\/\/elicrom.com\/?product=52880#primaryimage"},"thumbnailUrl":"https:\/\/elicrom.com\/wp-content\/uploads\/2026\/02\/52880-0.jpeg","datePublished":"2026-02-04T08:36:54+00:00","breadcrumb":{"@id":"https:\/\/elicrom.com\/?product=52880#breadcrumb"},"inLanguage":"es","potentialAction":[{"@type":"ReadAction","target":["https:\/\/elicrom.com\/?product=52880"]}]},{"@type":"ImageObject","inLanguage":"es","@id":"https:\/\/elicrom.com\/?product=52880#primaryimage","url":"https:\/\/elicrom.com\/wp-content\/uploads\/2026\/02\/52880-0.jpeg","contentUrl":"https:\/\/elicrom.com\/wp-content\/uploads\/2026\/02\/52880-0.jpeg","width":800,"height":800},{"@type":"BreadcrumbList","@id":"https:\/\/elicrom.com\/?product=52880#breadcrumb","itemListElement":[{"@type":"ListItem","position":1,"name":"Portada","item":"https:\/\/elicrom.com\/"},{"@type":"ListItem","position":2,"name":"Tienda en L\u00ednea","item":"https:\/\/elicrom.com\/?page_id=3853"},{"@type":"ListItem","position":3,"name":"Termoresistencia para enroscar con cable"}]},{"@type":"WebSite","@id":"https:\/\/elicrom.com\/#website","url":"https:\/\/elicrom.com\/","name":"ELICROM","description":"Especializados en actividades espec\u00edficas como son las \u00e1reas de Metrolog\u00eda, Medio Ambiente, Validaciones, Mantenimiento de Equipos de Laboratorio y Construcci\u00f3n\/Reformas de Laboratorios.","publisher":{"@id":"https:\/\/elicrom.com\/#organization"},"potentialAction":[{"@type":"SearchAction","target":{"@type":"EntryPoint","urlTemplate":"https:\/\/elicrom.com\/?s={search_term_string}"},"query-input":{"@type":"PropertyValueSpecification","valueRequired":true,"valueName":"search_term_string"}}],"inLanguage":"es"},{"@type":["Organization","Place"],"@id":"https:\/\/elicrom.com\/#organization","name":"ELICROM CIA. LTDA.","url":"https:\/\/elicrom.com\/","logo":{"@id":"https:\/\/elicrom.com\/?product=52880#local-main-organization-logo"},"image":{"@id":"https:\/\/elicrom.com\/?product=52880#local-main-organization-logo"},"sameAs":["https:\/\/www.facebook.com\/elicromlatam","https:\/\/www.linkedin.com\/company\/elicrom-cia-ltda\/","https:\/\/www.instagram.com\/elicromlatam\/","https:\/\/www.youtube.com\/channel\/UCdxnNtnb97QtSjABhpwY4Pw"],"telephone":[],"openingHoursSpecification":[{"@type":"OpeningHoursSpecification","dayOfWeek":["Monday","Tuesday","Wednesday","Thursday","Friday","Saturday","Sunday"],"opens":"09:00","closes":"17:00"}]},{"@type":"ImageObject","inLanguage":"es","@id":"https:\/\/elicrom.com\/?product=52880#local-main-organization-logo","url":"https:\/\/elicrom.com\/wp-content\/uploads\/2026\/04\/logo-elicrom200X200.jpg","contentUrl":"https:\/\/elicrom.com\/wp-content\/uploads\/2026\/04\/logo-elicrom200X200.jpg","width":200,"height":200,"caption":"ELICROM CIA. LTDA."}]}},"_links":{"self":[{"href":"https:\/\/elicrom.com\/index.php?rest_route=\/wp\/v2\/product\/143407","targetHints":{"allow":["GET"]}}],"collection":[{"href":"https:\/\/elicrom.com\/index.php?rest_route=\/wp\/v2\/product"}],"about":[{"href":"https:\/\/elicrom.com\/index.php?rest_route=\/wp\/v2\/types\/product"}],"replies":[{"embeddable":true,"href":"https:\/\/elicrom.com\/index.php?rest_route=%2Fwp%2Fv2%2Fcomments&post=143407"}],"wp:featuredmedia":[{"embeddable":true,"href":"https:\/\/elicrom.com\/index.php?rest_route=\/wp\/v2\/media\/143408"}],"wp:attachment":[{"href":"https:\/\/elicrom.com\/index.php?rest_route=%2Fwp%2Fv2%2Fmedia&parent=143407"}],"wp:term":[{"taxonomy":"product_brand","embeddable":true,"href":"https:\/\/elicrom.com\/index.php?rest_route=%2Fwp%2Fv2%2Fproduct_brand&post=143407"},{"taxonomy":"product_cat","embeddable":true,"href":"https:\/\/elicrom.com\/index.php?rest_route=%2Fwp%2Fv2%2Fproduct_cat&post=143407"},{"taxonomy":"product_tag","embeddable":true,"href":"https:\/\/elicrom.com\/index.php?rest_route=%2Fwp%2Fv2%2Fproduct_tag&post=143407"}],"curies":[{"name":"wp","href":"https:\/\/api.w.org\/{rel}","templated":true}]}}