
{"id":141434,"date":"2025-07-03T15:36:18","date_gmt":"2025-07-03T15:36:18","guid":{"rendered":"https:\/\/elicrom.com\/?post_type=product&#038;p=141434"},"modified":"2026-02-26T17:02:36","modified_gmt":"2026-02-26T22:02:36","slug":"58355-datalogger-de-temperatura-y-humedad-con-bluetooth","status":"publish","type":"product","link":"https:\/\/elicrom.com\/?product=58355-datalogger-de-temperatura-y-humedad-con-bluetooth","title":{"rendered":"Datalogger de temperatura y humedad con bluetooth"},"content":{"rendered":"<p>El GSP-6 Pro es un registrador de datos de temperatura y humedad con sonda externa. Posee una gran pantalla LCD, alarma sonora y visual, intervalo de registro acortado autom\u00e1ticamente para alarmas y otras funciones; sus imanes incorporados tambi\u00e9n facilitan la fijaci\u00f3n durante el uso.<\/p>\n<p>Especificaciones:<br \/>\n-Modelo: GSP-6 PRO<br \/>\n-Rango de Medici\u00f3n de Temperatura: -40\u2103~+85\u2103 (-40\u2109~185\u2109)<br \/>\n-Precisi\u00f3n de temperatura: \u00b1 0.3 \u2103<br \/>\n-Rango de Medici\u00f3n de humedad: 0%RH~100%RH<br \/>\n-Precisi\u00f3n de Humedad: \u00b13%RH<br \/>\n-Resoluci\u00f3n: 0.1\u2103<br \/>\n-Capacidad: 1100.000 puntos<br \/>\n-Intervalo de Registro: 10 segundos a 24 horas<br \/>\n-Interfaz de Dato:  Type-C<\/p>\n<p>Caracter\u00edsticas:<br \/>\n-IP64<br \/>\n-Sonda Externa: Sonda de botella con glicol<br \/>\n-Software: ElitechLog, para sistemas macOS y Windows<br \/>\n-Tama\u00f1o de pantalla: 3.3 pulgadas<br \/>\n-Bluetooth: Configurar \/ leer \/ imprimir datos atreves de la aplicaci\u00f3n<br \/>\n-Valor m\u00e1ximo:  Valor m\u00e1ximo de 1 a 15 d\u00edas por registros<br \/>\n-Bater\u00eda AA 1.5V (14505) \/ Type-C (no recargable)<br \/>\n-Certificaciones:  CE, FCC, WEEE<br \/>\n-Cumplimiento: CDC, VFC, FDA<\/p>\n","protected":false},"excerpt":{"rendered":"<p>El GSP-6 Pro es un registrador de datos de temperatura y humedad con sonda externa. Posee una gran pantalla LCD, alarma sonora y visual, intervalo de registro acortado autom\u00e1ticamente para<\/p>\n","protected":false},"featured_media":141435,"comment_status":"open","ping_status":"closed","template":"","meta":[],"product_brand":[],"product_cat":[1,3443,3471],"product_tag":[],"class_list":{"0":"post-141434","1":"product","2":"type-product","3":"status-publish","4":"has-post-thumbnail","6":"product_cat-uncategorized","7":"product_cat-Temperatura1_05092022101209","8":"product_cat-Termohigrometros","10":"first","11":"instock","12":"taxable","13":"shipping-taxable","14":"purchasable","15":"product-type-simple"},"aioseo_notices":[],"yoast_head":"<!-- This site is optimized with the Yoast SEO Premium plugin v27.4 (Yoast SEO v27.5) - https:\/\/yoast.com\/product\/yoast-seo-premium-wordpress\/ -->\n<title>Datalogger de temperatura y humedad con bluetooth  - ELICROM<\/title>\n<meta name=\"robots\" content=\"index, follow, max-snippet:-1, max-image-preview:large, max-video-preview:-1\" \/>\n<link rel=\"canonical\" href=\"https:\/\/elicrom.com\/?product=58355\" \/>\n<meta property=\"og:locale\" content=\"es_ES\" \/>\n<meta property=\"og:type\" content=\"article\" \/>\n<meta property=\"og:title\" content=\"Datalogger de temperatura y humedad con bluetooth\" \/>\n<meta property=\"og:description\" content=\"El GSP-6 Pro es un registrador de datos de temperatura y humedad con sonda externa. Posee una gran pantalla LCD, alarma sonora y visual, intervalo de registro acortado autom\u00e1ticamente para\" \/>\n<meta property=\"og:url\" content=\"https:\/\/elicrom.com\/?product=58355\" \/>\n<meta property=\"og:site_name\" content=\"ELICROM\" \/>\n<meta property=\"article:publisher\" content=\"https:\/\/www.facebook.com\/elicromlatam\" \/>\n<meta property=\"article:modified_time\" content=\"2026-02-26T22:02:36+00:00\" \/>\n<meta property=\"og:image\" content=\"https:\/\/elicrom.com\/wp-content\/uploads\/2025\/07\/58355-0.jpeg\" \/>\n\t<meta property=\"og:image:width\" content=\"800\" \/>\n\t<meta property=\"og:image:height\" content=\"800\" \/>\n\t<meta property=\"og:image:type\" content=\"image\/jpeg\" \/>\n<meta name=\"twitter:card\" content=\"summary_large_image\" \/>\n<meta name=\"twitter:label1\" content=\"Tiempo de lectura\" \/>\n\t<meta name=\"twitter:data1\" content=\"1 minuto\" \/>\n<script type=\"application\/ld+json\" class=\"yoast-schema-graph\">{\"@context\":\"https:\\\/\\\/schema.org\",\"@graph\":[{\"@type\":\"WebPage\",\"@id\":\"https:\\\/\\\/elicrom.com\\\/?product=58355\",\"url\":\"https:\\\/\\\/elicrom.com\\\/?product=58355\",\"name\":\"Datalogger de temperatura y humedad con bluetooth - ELICROM\",\"isPartOf\":{\"@id\":\"https:\\\/\\\/elicrom.com\\\/#website\"},\"primaryImageOfPage\":{\"@id\":\"https:\\\/\\\/elicrom.com\\\/?product=58355#primaryimage\"},\"image\":{\"@id\":\"https:\\\/\\\/elicrom.com\\\/?product=58355#primaryimage\"},\"thumbnailUrl\":\"https:\\\/\\\/elicrom.com\\\/wp-content\\\/uploads\\\/2025\\\/07\\\/58355-0.jpeg\",\"datePublished\":\"2025-07-03T15:36:18+00:00\",\"dateModified\":\"2026-02-26T22:02:36+00:00\",\"breadcrumb\":{\"@id\":\"https:\\\/\\\/elicrom.com\\\/?product=58355#breadcrumb\"},\"inLanguage\":\"es\",\"potentialAction\":[{\"@type\":\"ReadAction\",\"target\":[\"https:\\\/\\\/elicrom.com\\\/?product=58355\"]}]},{\"@type\":\"ImageObject\",\"inLanguage\":\"es\",\"@id\":\"https:\\\/\\\/elicrom.com\\\/?product=58355#primaryimage\",\"url\":\"https:\\\/\\\/elicrom.com\\\/wp-content\\\/uploads\\\/2025\\\/07\\\/58355-0.jpeg\",\"contentUrl\":\"https:\\\/\\\/elicrom.com\\\/wp-content\\\/uploads\\\/2025\\\/07\\\/58355-0.jpeg\",\"width\":800,\"height\":800},{\"@type\":\"BreadcrumbList\",\"@id\":\"https:\\\/\\\/elicrom.com\\\/?product=58355#breadcrumb\",\"itemListElement\":[{\"@type\":\"ListItem\",\"position\":1,\"name\":\"Portada\",\"item\":\"https:\\\/\\\/elicrom.com\\\/\"},{\"@type\":\"ListItem\",\"position\":2,\"name\":\"Tienda en L\u00ednea\",\"item\":\"https:\\\/\\\/elicrom.com\\\/?page_id=3853\"},{\"@type\":\"ListItem\",\"position\":3,\"name\":\"Datalogger de temperatura y humedad con bluetooth\"}]},{\"@type\":\"WebSite\",\"@id\":\"https:\\\/\\\/elicrom.com\\\/#website\",\"url\":\"https:\\\/\\\/elicrom.com\\\/\",\"name\":\"ELICROM\",\"description\":\"Especializados en actividades espec\u00edficas como son las \u00e1reas de Metrolog\u00eda, Medio Ambiente, Validaciones, Mantenimiento de Equipos de Laboratorio y Construcci\u00f3n\\\/Reformas de Laboratorios.\",\"publisher\":{\"@id\":\"https:\\\/\\\/elicrom.com\\\/#organization\"},\"potentialAction\":[{\"@type\":\"SearchAction\",\"target\":{\"@type\":\"EntryPoint\",\"urlTemplate\":\"https:\\\/\\\/elicrom.com\\\/?s={search_term_string}\"},\"query-input\":{\"@type\":\"PropertyValueSpecification\",\"valueRequired\":true,\"valueName\":\"search_term_string\"}}],\"inLanguage\":\"es\"},{\"@type\":[\"Organization\",\"Place\"],\"@id\":\"https:\\\/\\\/elicrom.com\\\/#organization\",\"name\":\"ELICROM CIA. LTDA.\",\"url\":\"https:\\\/\\\/elicrom.com\\\/\",\"logo\":{\"@id\":\"https:\\\/\\\/elicrom.com\\\/?product=58355#local-main-organization-logo\"},\"image\":{\"@id\":\"https:\\\/\\\/elicrom.com\\\/?product=58355#local-main-organization-logo\"},\"sameAs\":[\"https:\\\/\\\/www.facebook.com\\\/elicromlatam\",\"https:\\\/\\\/www.linkedin.com\\\/company\\\/elicrom-cia-ltda\\\/\",\"https:\\\/\\\/www.instagram.com\\\/elicromlatam\\\/\",\"https:\\\/\\\/www.youtube.com\\\/channel\\\/UCdxnNtnb97QtSjABhpwY4Pw\"],\"telephone\":[],\"openingHoursSpecification\":[{\"@type\":\"OpeningHoursSpecification\",\"dayOfWeek\":[\"Monday\",\"Tuesday\",\"Wednesday\",\"Thursday\",\"Friday\",\"Saturday\",\"Sunday\"],\"opens\":\"09:00\",\"closes\":\"17:00\"}]},{\"@type\":\"ImageObject\",\"inLanguage\":\"es\",\"@id\":\"https:\\\/\\\/elicrom.com\\\/?product=58355#local-main-organization-logo\",\"url\":\"https:\\\/\\\/elicrom.com\\\/wp-content\\\/uploads\\\/2026\\\/04\\\/logo-elicrom200X200.jpg\",\"contentUrl\":\"https:\\\/\\\/elicrom.com\\\/wp-content\\\/uploads\\\/2026\\\/04\\\/logo-elicrom200X200.jpg\",\"width\":200,\"height\":200,\"caption\":\"ELICROM CIA. LTDA.\"}]}<\/script>\n<!-- \/ Yoast SEO Premium plugin. -->","yoast_head_json":{"title":"Datalogger de temperatura y humedad con bluetooth  - ELICROM","robots":{"index":"index","follow":"follow","max-snippet":"max-snippet:-1","max-image-preview":"max-image-preview:large","max-video-preview":"max-video-preview:-1"},"canonical":"https:\/\/elicrom.com\/?product=58355","og_locale":"es_ES","og_type":"article","og_title":"Datalogger de temperatura y humedad con bluetooth","og_description":"El GSP-6 Pro es un registrador de datos de temperatura y humedad con sonda externa. Posee una gran pantalla LCD, alarma sonora y visual, intervalo de registro acortado autom\u00e1ticamente para","og_url":"https:\/\/elicrom.com\/?product=58355","og_site_name":"ELICROM","article_publisher":"https:\/\/www.facebook.com\/elicromlatam","article_modified_time":"2026-02-26T22:02:36+00:00","og_image":[{"width":800,"height":800,"url":"https:\/\/elicrom.com\/wp-content\/uploads\/2025\/07\/58355-0.jpeg","type":"image\/jpeg"}],"twitter_card":"summary_large_image","twitter_misc":{"Tiempo de lectura":"1 minuto"},"schema":{"@context":"https:\/\/schema.org","@graph":[{"@type":"WebPage","@id":"https:\/\/elicrom.com\/?product=58355","url":"https:\/\/elicrom.com\/?product=58355","name":"Datalogger de temperatura y humedad con bluetooth - ELICROM","isPartOf":{"@id":"https:\/\/elicrom.com\/#website"},"primaryImageOfPage":{"@id":"https:\/\/elicrom.com\/?product=58355#primaryimage"},"image":{"@id":"https:\/\/elicrom.com\/?product=58355#primaryimage"},"thumbnailUrl":"https:\/\/elicrom.com\/wp-content\/uploads\/2025\/07\/58355-0.jpeg","datePublished":"2025-07-03T15:36:18+00:00","dateModified":"2026-02-26T22:02:36+00:00","breadcrumb":{"@id":"https:\/\/elicrom.com\/?product=58355#breadcrumb"},"inLanguage":"es","potentialAction":[{"@type":"ReadAction","target":["https:\/\/elicrom.com\/?product=58355"]}]},{"@type":"ImageObject","inLanguage":"es","@id":"https:\/\/elicrom.com\/?product=58355#primaryimage","url":"https:\/\/elicrom.com\/wp-content\/uploads\/2025\/07\/58355-0.jpeg","contentUrl":"https:\/\/elicrom.com\/wp-content\/uploads\/2025\/07\/58355-0.jpeg","width":800,"height":800},{"@type":"BreadcrumbList","@id":"https:\/\/elicrom.com\/?product=58355#breadcrumb","itemListElement":[{"@type":"ListItem","position":1,"name":"Portada","item":"https:\/\/elicrom.com\/"},{"@type":"ListItem","position":2,"name":"Tienda en L\u00ednea","item":"https:\/\/elicrom.com\/?page_id=3853"},{"@type":"ListItem","position":3,"name":"Datalogger de temperatura y humedad con bluetooth"}]},{"@type":"WebSite","@id":"https:\/\/elicrom.com\/#website","url":"https:\/\/elicrom.com\/","name":"ELICROM","description":"Especializados en actividades espec\u00edficas como son las \u00e1reas de Metrolog\u00eda, Medio Ambiente, Validaciones, Mantenimiento de Equipos de Laboratorio y Construcci\u00f3n\/Reformas de Laboratorios.","publisher":{"@id":"https:\/\/elicrom.com\/#organization"},"potentialAction":[{"@type":"SearchAction","target":{"@type":"EntryPoint","urlTemplate":"https:\/\/elicrom.com\/?s={search_term_string}"},"query-input":{"@type":"PropertyValueSpecification","valueRequired":true,"valueName":"search_term_string"}}],"inLanguage":"es"},{"@type":["Organization","Place"],"@id":"https:\/\/elicrom.com\/#organization","name":"ELICROM CIA. LTDA.","url":"https:\/\/elicrom.com\/","logo":{"@id":"https:\/\/elicrom.com\/?product=58355#local-main-organization-logo"},"image":{"@id":"https:\/\/elicrom.com\/?product=58355#local-main-organization-logo"},"sameAs":["https:\/\/www.facebook.com\/elicromlatam","https:\/\/www.linkedin.com\/company\/elicrom-cia-ltda\/","https:\/\/www.instagram.com\/elicromlatam\/","https:\/\/www.youtube.com\/channel\/UCdxnNtnb97QtSjABhpwY4Pw"],"telephone":[],"openingHoursSpecification":[{"@type":"OpeningHoursSpecification","dayOfWeek":["Monday","Tuesday","Wednesday","Thursday","Friday","Saturday","Sunday"],"opens":"09:00","closes":"17:00"}]},{"@type":"ImageObject","inLanguage":"es","@id":"https:\/\/elicrom.com\/?product=58355#local-main-organization-logo","url":"https:\/\/elicrom.com\/wp-content\/uploads\/2026\/04\/logo-elicrom200X200.jpg","contentUrl":"https:\/\/elicrom.com\/wp-content\/uploads\/2026\/04\/logo-elicrom200X200.jpg","width":200,"height":200,"caption":"ELICROM CIA. LTDA."}]}},"_links":{"self":[{"href":"https:\/\/elicrom.com\/index.php?rest_route=\/wp\/v2\/product\/141434","targetHints":{"allow":["GET"]}}],"collection":[{"href":"https:\/\/elicrom.com\/index.php?rest_route=\/wp\/v2\/product"}],"about":[{"href":"https:\/\/elicrom.com\/index.php?rest_route=\/wp\/v2\/types\/product"}],"replies":[{"embeddable":true,"href":"https:\/\/elicrom.com\/index.php?rest_route=%2Fwp%2Fv2%2Fcomments&post=141434"}],"wp:featuredmedia":[{"embeddable":true,"href":"https:\/\/elicrom.com\/index.php?rest_route=\/wp\/v2\/media\/141435"}],"wp:attachment":[{"href":"https:\/\/elicrom.com\/index.php?rest_route=%2Fwp%2Fv2%2Fmedia&parent=141434"}],"wp:term":[{"taxonomy":"product_brand","embeddable":true,"href":"https:\/\/elicrom.com\/index.php?rest_route=%2Fwp%2Fv2%2Fproduct_brand&post=141434"},{"taxonomy":"product_cat","embeddable":true,"href":"https:\/\/elicrom.com\/index.php?rest_route=%2Fwp%2Fv2%2Fproduct_cat&post=141434"},{"taxonomy":"product_tag","embeddable":true,"href":"https:\/\/elicrom.com\/index.php?rest_route=%2Fwp%2Fv2%2Fproduct_tag&post=141434"}],"curies":[{"name":"wp","href":"https:\/\/api.w.org\/{rel}","templated":true}]}}