{"id":138559,"date":"2024-07-04T15:38:07","date_gmt":"2024-07-04T15:38:07","guid":{"rendered":"https:\/\/elicrom.com\/?post_type=product&#038;p=138559"},"modified":"2024-07-04T15:38:07","modified_gmt":"2024-07-04T15:38:07","slug":"51199-guantes-de-latex-talla-l-pk-100","status":"publish","type":"product","link":"https:\/\/elicrom.com\/?product=51199-guantes-de-latex-talla-l-pk-100","title":{"rendered":"Guantes de l\u00e1tex talla L  pk\/100"},"content":{"rendered":"<p>Especificaciones:<br \/>\n-Talla: L<br \/>\n-Gramaje: 5.2 \u2013 5.4 gr.<br \/>\n-Dimensiones: Longitud (mm): Todas las tallas min. 240 \/ Ancho de la palma (mm): L 105+\/-3<br \/>\n-Conforme a las normas ASTM<br \/>\n-Buenas Pr\u00e1cticas de Manufactura<br \/>\n-ISO 9001:2015 e ISO13485:2012<br \/>\n-Aprobado por la FDA<\/p>\n<p>Caracter\u00edsticas:<br \/>\n-Guantes de examinaci\u00f3n de l\u00e1tex levemente empolvados<br \/>\n-Material: 100% l\u00e1tex natural, de alta resistencia y calidad.<br \/>\n-Dise\u00f1o y Caracter\u00edsticas: Pu\u00f1os ambidiestros, superficie lisa.<br \/>\n-Polvo: Almid\u00f3n de ma\u00edz micro pulverizado en el interior grado USP.<\/p>\n","protected":false},"excerpt":{"rendered":"<p>Especificaciones: -Talla: L -Gramaje: 5.2 \u2013 5.4 gr. -Dimensiones: Longitud (mm): Todas las tallas min. 240 \/ Ancho de la palma (mm): L 105+\/-3 -Conforme a las normas ASTM -Buenas<\/p>\n","protected":false},"featured_media":138562,"comment_status":"open","ping_status":"closed","template":"","meta":{"_acf_changed":false},"product_brand":[],"product_cat":[3348,1,3702,3706,3693,3695,3707],"product_tag":[],"class_list":{"0":"post-138559","1":"product","2":"type-product","3":"status-publish","4":"has-post-thumbnail","6":"product_cat-Accesorios-de-laboratorio","7":"product_cat-uncategorized","8":"product_cat-equipos-de-proteccin-personal","9":"product_cat-guantes1_22082024141138","10":"product_cat-guantes","11":"product_cat-ltex","12":"product_cat-ltex1_22082024145825","14":"first","15":"instock","16":"taxable","17":"shipping-taxable","18":"purchasable","19":"product-type-simple"},"acf":[],"aioseo_notices":[],"_links":{"self":[{"href":"https:\/\/elicrom.com\/index.php?rest_route=\/wp\/v2\/product\/138559","targetHints":{"allow":["GET"]}}],"collection":[{"href":"https:\/\/elicrom.com\/index.php?rest_route=\/wp\/v2\/product"}],"about":[{"href":"https:\/\/elicrom.com\/index.php?rest_route=\/wp\/v2\/types\/product"}],"replies":[{"embeddable":true,"href":"https:\/\/elicrom.com\/index.php?rest_route=%2Fwp%2Fv2%2Fcomments&post=138559"}],"wp:featuredmedia":[{"embeddable":true,"href":"https:\/\/elicrom.com\/index.php?rest_route=\/wp\/v2\/media\/138562"}],"wp:attachment":[{"href":"https:\/\/elicrom.com\/index.php?rest_route=%2Fwp%2Fv2%2Fmedia&parent=138559"}],"wp:term":[{"taxonomy":"product_brand","embeddable":true,"href":"https:\/\/elicrom.com\/index.php?rest_route=%2Fwp%2Fv2%2Fproduct_brand&post=138559"},{"taxonomy":"product_cat","embeddable":true,"href":"https:\/\/elicrom.com\/index.php?rest_route=%2Fwp%2Fv2%2Fproduct_cat&post=138559"},{"taxonomy":"product_tag","embeddable":true,"href":"https:\/\/elicrom.com\/index.php?rest_route=%2Fwp%2Fv2%2Fproduct_tag&post=138559"}],"curies":[{"name":"wp","href":"https:\/\/api.w.org\/{rel}","templated":true}]}}