
{"id":138388,"date":"2024-06-24T14:53:03","date_gmt":"2024-06-24T14:53:03","guid":{"rendered":"https:\/\/elicrom.com\/?post_type=product&#038;p=138388"},"modified":"2024-06-24T14:53:03","modified_gmt":"2024-06-24T14:53:03","slug":"52722-ultracentrifuga-optima-xpn-100-idv-beckman-coulter","status":"publish","type":"product","link":"https:\/\/elicrom.com\/?product=52722-ultracentrifuga-optima-xpn-100-idv-beckman-coulter","title":{"rendered":"Ultracentr\u00edfuga Optima XPN-100 IDV Beckman Coulter"},"content":{"rendered":"<p>Las ultracentr\u00edfugas se utilizan en laboratorios donde se realizan operaciones cient\u00edficas o complejas, se emplean en varios campos como la la bioqu\u00edmica, biolog\u00eda molecular, virolog\u00eda, la ciencia de pol\u00edmetros entre otros.<br \/>\nUsos para fraccionamiento de org\u00e1nulos, separaci\u00f3n de \u00e1cidos nucleicos, caracterizaci\u00f3n de macromol\u00e9culas, determinaci\u00f3n de propiedades moleculares, estudio de complejos biomoleculares, determinaci\u00f3n de densidad, purificaci\u00f3n de extractos biol\u00f3gicos.<\/p>\n<p>Especificaciones;<br \/>\n-Capacidad m\u00e1xima en volumen: 1500 ml<br \/>\n-Voltaje: 200-240V, 30A, 50\/60Hz<br \/>\n-Velocidad m\u00e1xima: 100.000 rpm<br \/>\n-Biocertificada: si<br \/>\n-Tiempo de ejecuci\u00f3n programada: 999 horas, 59 minutos (incluidas las carreras de espera)<br \/>\n-Aceleraci\u00f3n 10 perfiles de aceleraci\u00f3n<br \/>\n-Monitor: Pantalla t\u00e1ctil LCD a todo color<br \/>\n-Ancho: 94 cm (37 pulgadas)<br \/>\n-Altura: 125,7 cm (49,5 pulgadas)<br \/>\n-Rango de temperatura establecido: 0 a 40 \u00b0C en incrementos de 1 \u00b0C, rango de temperatura ambiente: 10 \u00b0C a 35 \u00b0C<br \/>\n-Restricciones de humedad\\ <80 % a <35 \u00b0C (sin condensaci\u00f3n)\n\nVariedad de rotores disponibles para diferentes usos y aplicaciones se venden por separado:\n-Rotores de \u00e1ngulo fijo\n-Rotores basculantes\n-Rotores verticales\n-Rotores de flujo continuo y zonales\n<\/p>\n","protected":false},"excerpt":{"rendered":"<p>Las ultracentr\u00edfugas se utilizan en laboratorios donde se realizan operaciones cient\u00edficas o complejas, se emplean en varios campos como la la bioqu\u00edmica, biolog\u00eda molecular, virolog\u00eda, la ciencia de pol\u00edmetros entre<\/p>\n","protected":false},"featured_media":138389,"comment_status":"open","ping_status":"closed","template":"","meta":[],"product_brand":[],"product_cat":[3677,1,3678],"product_tag":[],"class_list":{"0":"post-138388","1":"product","2":"type-product","3":"status-publish","4":"has-post-thumbnail","6":"product_cat-centrfugas","7":"product_cat-uncategorized","8":"product_cat-ultracentrfugas1_13062024110332","10":"first","11":"outofstock","12":"taxable","13":"shipping-taxable","14":"product-type-simple"},"aioseo_notices":[],"yoast_head":"<!-- This site is optimized with the Yoast SEO Premium plugin v27.4 (Yoast SEO v27.5) - https:\/\/yoast.com\/product\/yoast-seo-premium-wordpress\/ -->\n<title>Ultracentr\u00edfuga Optima XPN-100 IDV Beckman Coulter - ELICROM<\/title>\n<meta name=\"robots\" content=\"index, follow, max-snippet:-1, max-image-preview:large, max-video-preview:-1\" \/>\n<link rel=\"canonical\" href=\"https:\/\/elicrom.com\/?product=52722\" \/>\n<meta property=\"og:locale\" content=\"es_ES\" \/>\n<meta property=\"og:type\" content=\"article\" \/>\n<meta property=\"og:title\" content=\"Ultracentr\u00edfuga Optima XPN-100 IDV Beckman Coulter\" \/>\n<meta property=\"og:description\" content=\"Las ultracentr\u00edfugas se utilizan en laboratorios donde se realizan operaciones cient\u00edficas o complejas, se emplean en varios campos como la la bioqu\u00edmica, biolog\u00eda molecular, virolog\u00eda, la ciencia de pol\u00edmetros entre\" \/>\n<meta property=\"og:url\" content=\"https:\/\/elicrom.com\/?product=52722\" \/>\n<meta property=\"og:site_name\" content=\"ELICROM\" \/>\n<meta property=\"article:publisher\" content=\"https:\/\/www.facebook.com\/elicromlatam\" \/>\n<meta name=\"twitter:card\" content=\"summary_large_image\" \/>\n<meta name=\"twitter:label1\" content=\"Tiempo de lectura\" \/>\n\t<meta name=\"twitter:data1\" content=\"1 minuto\" \/>\n<script type=\"application\/ld+json\" class=\"yoast-schema-graph\">{\"@context\":\"https:\\\/\\\/schema.org\",\"@graph\":[{\"@type\":\"WebPage\",\"@id\":\"https:\\\/\\\/elicrom.com\\\/?product=52722\",\"url\":\"https:\\\/\\\/elicrom.com\\\/?product=52722\",\"name\":\"Ultracentr\u00edfuga Optima XPN-100 IDV Beckman Coulter - ELICROM\",\"isPartOf\":{\"@id\":\"https:\\\/\\\/elicrom.com\\\/#website\"},\"primaryImageOfPage\":{\"@id\":\"https:\\\/\\\/elicrom.com\\\/?product=52722#primaryimage\"},\"image\":{\"@id\":\"https:\\\/\\\/elicrom.com\\\/?product=52722#primaryimage\"},\"thumbnailUrl\":\"https:\\\/\\\/elicrom.com\\\/wp-content\\\/uploads\\\/2024\\\/06\\\/52722-0.jpg\",\"datePublished\":\"2024-06-24T14:53:03+00:00\",\"breadcrumb\":{\"@id\":\"https:\\\/\\\/elicrom.com\\\/?product=52722#breadcrumb\"},\"inLanguage\":\"es\",\"potentialAction\":[{\"@type\":\"ReadAction\",\"target\":[\"https:\\\/\\\/elicrom.com\\\/?product=52722\"]}]},{\"@type\":\"ImageObject\",\"inLanguage\":\"es\",\"@id\":\"https:\\\/\\\/elicrom.com\\\/?product=52722#primaryimage\",\"url\":\"https:\\\/\\\/elicrom.com\\\/wp-content\\\/uploads\\\/2024\\\/06\\\/52722-0.jpg\",\"contentUrl\":\"https:\\\/\\\/elicrom.com\\\/wp-content\\\/uploads\\\/2024\\\/06\\\/52722-0.jpg\",\"width\":800,\"height\":800},{\"@type\":\"BreadcrumbList\",\"@id\":\"https:\\\/\\\/elicrom.com\\\/?product=52722#breadcrumb\",\"itemListElement\":[{\"@type\":\"ListItem\",\"position\":1,\"name\":\"Portada\",\"item\":\"https:\\\/\\\/elicrom.com\\\/\"},{\"@type\":\"ListItem\",\"position\":2,\"name\":\"Tienda en L\u00ednea\",\"item\":\"https:\\\/\\\/elicrom.com\\\/?page_id=3853\"},{\"@type\":\"ListItem\",\"position\":3,\"name\":\"Ultracentr\u00edfuga Optima XPN-100 IDV Beckman Coulter\"}]},{\"@type\":\"WebSite\",\"@id\":\"https:\\\/\\\/elicrom.com\\\/#website\",\"url\":\"https:\\\/\\\/elicrom.com\\\/\",\"name\":\"ELICROM\",\"description\":\"Especializados en actividades espec\u00edficas como son las \u00e1reas de Metrolog\u00eda, Medio Ambiente, Validaciones, Mantenimiento de Equipos de Laboratorio y Construcci\u00f3n\\\/Reformas de Laboratorios.\",\"publisher\":{\"@id\":\"https:\\\/\\\/elicrom.com\\\/#organization\"},\"potentialAction\":[{\"@type\":\"SearchAction\",\"target\":{\"@type\":\"EntryPoint\",\"urlTemplate\":\"https:\\\/\\\/elicrom.com\\\/?s={search_term_string}\"},\"query-input\":{\"@type\":\"PropertyValueSpecification\",\"valueRequired\":true,\"valueName\":\"search_term_string\"}}],\"inLanguage\":\"es\"},{\"@type\":[\"Organization\",\"Place\"],\"@id\":\"https:\\\/\\\/elicrom.com\\\/#organization\",\"name\":\"ELICROM CIA. LTDA.\",\"url\":\"https:\\\/\\\/elicrom.com\\\/\",\"logo\":{\"@id\":\"https:\\\/\\\/elicrom.com\\\/?product=52722#local-main-organization-logo\"},\"image\":{\"@id\":\"https:\\\/\\\/elicrom.com\\\/?product=52722#local-main-organization-logo\"},\"sameAs\":[\"https:\\\/\\\/www.facebook.com\\\/elicromlatam\",\"https:\\\/\\\/www.linkedin.com\\\/company\\\/elicrom-cia-ltda\\\/\",\"https:\\\/\\\/www.instagram.com\\\/elicromlatam\\\/\",\"https:\\\/\\\/www.youtube.com\\\/channel\\\/UCdxnNtnb97QtSjABhpwY4Pw\"],\"telephone\":[],\"openingHoursSpecification\":[{\"@type\":\"OpeningHoursSpecification\",\"dayOfWeek\":[\"Monday\",\"Tuesday\",\"Wednesday\",\"Thursday\",\"Friday\",\"Saturday\",\"Sunday\"],\"opens\":\"09:00\",\"closes\":\"17:00\"}]},{\"@type\":\"ImageObject\",\"inLanguage\":\"es\",\"@id\":\"https:\\\/\\\/elicrom.com\\\/?product=52722#local-main-organization-logo\",\"url\":\"https:\\\/\\\/elicrom.com\\\/wp-content\\\/uploads\\\/2026\\\/04\\\/logo-elicrom200X200.jpg\",\"contentUrl\":\"https:\\\/\\\/elicrom.com\\\/wp-content\\\/uploads\\\/2026\\\/04\\\/logo-elicrom200X200.jpg\",\"width\":200,\"height\":200,\"caption\":\"ELICROM CIA. LTDA.\"}]}<\/script>\n<!-- \/ Yoast SEO Premium plugin. -->","yoast_head_json":{"title":"Ultracentr\u00edfuga Optima XPN-100 IDV Beckman Coulter - ELICROM","robots":{"index":"index","follow":"follow","max-snippet":"max-snippet:-1","max-image-preview":"max-image-preview:large","max-video-preview":"max-video-preview:-1"},"canonical":"https:\/\/elicrom.com\/?product=52722","og_locale":"es_ES","og_type":"article","og_title":"Ultracentr\u00edfuga Optima XPN-100 IDV Beckman Coulter","og_description":"Las ultracentr\u00edfugas se utilizan en laboratorios donde se realizan operaciones cient\u00edficas o complejas, se emplean en varios campos como la la bioqu\u00edmica, biolog\u00eda molecular, virolog\u00eda, la ciencia de pol\u00edmetros entre","og_url":"https:\/\/elicrom.com\/?product=52722","og_site_name":"ELICROM","article_publisher":"https:\/\/www.facebook.com\/elicromlatam","twitter_card":"summary_large_image","twitter_misc":{"Tiempo de lectura":"1 minuto"},"schema":{"@context":"https:\/\/schema.org","@graph":[{"@type":"WebPage","@id":"https:\/\/elicrom.com\/?product=52722","url":"https:\/\/elicrom.com\/?product=52722","name":"Ultracentr\u00edfuga Optima XPN-100 IDV Beckman Coulter - ELICROM","isPartOf":{"@id":"https:\/\/elicrom.com\/#website"},"primaryImageOfPage":{"@id":"https:\/\/elicrom.com\/?product=52722#primaryimage"},"image":{"@id":"https:\/\/elicrom.com\/?product=52722#primaryimage"},"thumbnailUrl":"https:\/\/elicrom.com\/wp-content\/uploads\/2024\/06\/52722-0.jpg","datePublished":"2024-06-24T14:53:03+00:00","breadcrumb":{"@id":"https:\/\/elicrom.com\/?product=52722#breadcrumb"},"inLanguage":"es","potentialAction":[{"@type":"ReadAction","target":["https:\/\/elicrom.com\/?product=52722"]}]},{"@type":"ImageObject","inLanguage":"es","@id":"https:\/\/elicrom.com\/?product=52722#primaryimage","url":"https:\/\/elicrom.com\/wp-content\/uploads\/2024\/06\/52722-0.jpg","contentUrl":"https:\/\/elicrom.com\/wp-content\/uploads\/2024\/06\/52722-0.jpg","width":800,"height":800},{"@type":"BreadcrumbList","@id":"https:\/\/elicrom.com\/?product=52722#breadcrumb","itemListElement":[{"@type":"ListItem","position":1,"name":"Portada","item":"https:\/\/elicrom.com\/"},{"@type":"ListItem","position":2,"name":"Tienda en L\u00ednea","item":"https:\/\/elicrom.com\/?page_id=3853"},{"@type":"ListItem","position":3,"name":"Ultracentr\u00edfuga Optima XPN-100 IDV Beckman Coulter"}]},{"@type":"WebSite","@id":"https:\/\/elicrom.com\/#website","url":"https:\/\/elicrom.com\/","name":"ELICROM","description":"Especializados en actividades espec\u00edficas como son las \u00e1reas de Metrolog\u00eda, Medio Ambiente, Validaciones, Mantenimiento de Equipos de Laboratorio y Construcci\u00f3n\/Reformas de Laboratorios.","publisher":{"@id":"https:\/\/elicrom.com\/#organization"},"potentialAction":[{"@type":"SearchAction","target":{"@type":"EntryPoint","urlTemplate":"https:\/\/elicrom.com\/?s={search_term_string}"},"query-input":{"@type":"PropertyValueSpecification","valueRequired":true,"valueName":"search_term_string"}}],"inLanguage":"es"},{"@type":["Organization","Place"],"@id":"https:\/\/elicrom.com\/#organization","name":"ELICROM CIA. LTDA.","url":"https:\/\/elicrom.com\/","logo":{"@id":"https:\/\/elicrom.com\/?product=52722#local-main-organization-logo"},"image":{"@id":"https:\/\/elicrom.com\/?product=52722#local-main-organization-logo"},"sameAs":["https:\/\/www.facebook.com\/elicromlatam","https:\/\/www.linkedin.com\/company\/elicrom-cia-ltda\/","https:\/\/www.instagram.com\/elicromlatam\/","https:\/\/www.youtube.com\/channel\/UCdxnNtnb97QtSjABhpwY4Pw"],"telephone":[],"openingHoursSpecification":[{"@type":"OpeningHoursSpecification","dayOfWeek":["Monday","Tuesday","Wednesday","Thursday","Friday","Saturday","Sunday"],"opens":"09:00","closes":"17:00"}]},{"@type":"ImageObject","inLanguage":"es","@id":"https:\/\/elicrom.com\/?product=52722#local-main-organization-logo","url":"https:\/\/elicrom.com\/wp-content\/uploads\/2026\/04\/logo-elicrom200X200.jpg","contentUrl":"https:\/\/elicrom.com\/wp-content\/uploads\/2026\/04\/logo-elicrom200X200.jpg","width":200,"height":200,"caption":"ELICROM CIA. LTDA."}]}},"_links":{"self":[{"href":"https:\/\/elicrom.com\/index.php?rest_route=\/wp\/v2\/product\/138388","targetHints":{"allow":["GET"]}}],"collection":[{"href":"https:\/\/elicrom.com\/index.php?rest_route=\/wp\/v2\/product"}],"about":[{"href":"https:\/\/elicrom.com\/index.php?rest_route=\/wp\/v2\/types\/product"}],"replies":[{"embeddable":true,"href":"https:\/\/elicrom.com\/index.php?rest_route=%2Fwp%2Fv2%2Fcomments&post=138388"}],"wp:featuredmedia":[{"embeddable":true,"href":"https:\/\/elicrom.com\/index.php?rest_route=\/wp\/v2\/media\/138389"}],"wp:attachment":[{"href":"https:\/\/elicrom.com\/index.php?rest_route=%2Fwp%2Fv2%2Fmedia&parent=138388"}],"wp:term":[{"taxonomy":"product_brand","embeddable":true,"href":"https:\/\/elicrom.com\/index.php?rest_route=%2Fwp%2Fv2%2Fproduct_brand&post=138388"},{"taxonomy":"product_cat","embeddable":true,"href":"https:\/\/elicrom.com\/index.php?rest_route=%2Fwp%2Fv2%2Fproduct_cat&post=138388"},{"taxonomy":"product_tag","embeddable":true,"href":"https:\/\/elicrom.com\/index.php?rest_route=%2Fwp%2Fv2%2Fproduct_tag&post=138388"}],"curies":[{"name":"wp","href":"https:\/\/api.w.org\/{rel}","templated":true}]}}