{"id":138063,"date":"2024-05-30T08:48:43","date_gmt":"2024-05-30T08:48:43","guid":{"rendered":"https:\/\/elicrom.com\/?post_type=product&#038;p=138063"},"modified":"2024-05-30T08:48:43","modified_gmt":"2024-05-30T08:48:43","slug":"39796-sobres-de-reactivo-en-polvo-qac-1-pk-50","status":"publish","type":"product","link":"https:\/\/elicrom.com\/?product=39796-sobres-de-reactivo-en-polvo-qac-1-pk-50","title":{"rendered":"Sobres de reactivo en polvo QAC 1, pk\/ 50"},"content":{"rendered":"<p>Para la determinaci\u00f3n de compuestos de amonio cuaternario (QAC) por el m\u00e9todo complejo binario directo.<\/p>\n<p>Especificaciones:<br \/>\nHach M\u00e9todo 8337.<br \/>\nRango: 0,2 a 5,0 mg \/ L como CTAB.<br \/>\nN\u00famero de pruebas: 50<br \/>\nPar\u00e1metro Compuestos de amonio cuaternario<br \/>\nPlataforma: almohadas de polvo<br \/>\nCantidad: 50\/paquete<\/p>\n","protected":false},"excerpt":{"rendered":"<p>Para la determinaci\u00f3n de compuestos de amonio cuaternario (QAC) por el m\u00e9todo complejo binario directo. Especificaciones: Hach M\u00e9todo 8337. Rango: 0,2 a 5,0 mg \/ L como CTAB. N\u00famero de<\/p>\n","protected":false},"featured_media":138064,"comment_status":"open","ping_status":"closed","template":"","meta":{"_acf_changed":false},"product_brand":[],"product_cat":[1,3439,3438],"product_tag":[],"class_list":{"0":"post-138063","1":"product","2":"type-product","3":"status-publish","4":"has-post-thumbnail","6":"product_cat-uncategorized","7":"product_cat-Hach","8":"product_cat-Reactivos-y-estndares","10":"first","11":"instock","12":"taxable","13":"shipping-taxable","14":"product-type-simple"},"acf":[],"aioseo_notices":[],"_links":{"self":[{"href":"https:\/\/elicrom.com\/index.php?rest_route=\/wp\/v2\/product\/138063","targetHints":{"allow":["GET"]}}],"collection":[{"href":"https:\/\/elicrom.com\/index.php?rest_route=\/wp\/v2\/product"}],"about":[{"href":"https:\/\/elicrom.com\/index.php?rest_route=\/wp\/v2\/types\/product"}],"replies":[{"embeddable":true,"href":"https:\/\/elicrom.com\/index.php?rest_route=%2Fwp%2Fv2%2Fcomments&post=138063"}],"wp:featuredmedia":[{"embeddable":true,"href":"https:\/\/elicrom.com\/index.php?rest_route=\/wp\/v2\/media\/138064"}],"wp:attachment":[{"href":"https:\/\/elicrom.com\/index.php?rest_route=%2Fwp%2Fv2%2Fmedia&parent=138063"}],"wp:term":[{"taxonomy":"product_brand","embeddable":true,"href":"https:\/\/elicrom.com\/index.php?rest_route=%2Fwp%2Fv2%2Fproduct_brand&post=138063"},{"taxonomy":"product_cat","embeddable":true,"href":"https:\/\/elicrom.com\/index.php?rest_route=%2Fwp%2Fv2%2Fproduct_cat&post=138063"},{"taxonomy":"product_tag","embeddable":true,"href":"https:\/\/elicrom.com\/index.php?rest_route=%2Fwp%2Fv2%2Fproduct_tag&post=138063"}],"curies":[{"name":"wp","href":"https:\/\/api.w.org\/{rel}","templated":true}]}}