
{"id":137571,"date":"2024-05-02T13:46:17","date_gmt":"2024-05-02T13:46:17","guid":{"rendered":"https:\/\/elicrom.com\/?post_type=product&#038;p=137571"},"modified":"2024-05-02T13:46:17","modified_gmt":"2024-05-02T13:46:17","slug":"51864-centrifuga-de-sobremesa-allegra-x-30-beckman-coulter","status":"publish","type":"product","link":"https:\/\/elicrom.com\/?product=51864-centrifuga-de-sobremesa-allegra-x-30-beckman-coulter","title":{"rendered":"Centr\u00edfuga de sobremesa, Allegra X-30 Beckman Coulter"},"content":{"rendered":"<p>La centr\u00edfuga de mesa Allegra X-30 brinda un excelente rendimiento. De manejo simple y f\u00e1cilmente adaptable al procesamiento de cultivos celulares, la preparaci\u00f3n de muestras de sangre y aplicaciones de microplacas. Con 13 rotores diferentes para m\u00faltiples aplicaciones que se pueden pedir por separado.<\/p>\n<p>Especificaciones:<br \/>\n-Desaceleraci\u00f3n: 10 perfiles de deceleraci\u00f3n<br \/>\n-Aceleraci\u00f3n: 10 perfiles de aceleraci\u00f3n<br \/>\n-Rango de volumen de capacidad m\u00e1xima: 4 &#8211; 400 ml<br \/>\n-Enfriamiento del tipo de unidad: Inducci\u00f3n sin escobillas<br \/>\n-Sistema de reducci\u00f3n de fricci\u00f3n: Accionamiento directo as\u00edncrono trif\u00e1sico<br \/>\n-Profundidad:55 cm (21,6 pulgadas)<br \/>\n-Requisitos de alimentaci\u00f3n: 50\/60 Hz, 220-240 VCA<br \/>\n-Velocidad m\u00e1xima: 16.000 rpm<br \/>\n-Tiempo de ejecuci\u00f3n: Hasta 9 horas y 59 minutos o 8 horas de carrera continua<br \/>\n-Sistema de refrigeraci\u00f3n: No<br \/>\n-Rango de temperatura ambiente: +4\u00b0 a +35\u00b0C<br \/>\n-Categor\u00eda de instalaci\u00f3n: II<br \/>\n-Ancho: 46 cm (18,1 pulgadas)<br \/>\n-Altura: 35,5 cm (14 pulgadas)<\/p>\n","protected":false},"excerpt":{"rendered":"<p>Rotores y accesorios se venden por separado, si desea m\u00e1s informaci\u00f3n consulte con un asesor. <\/p>\n","protected":false},"featured_media":137572,"comment_status":"open","ping_status":"closed","template":"","meta":[],"product_brand":[],"product_cat":[3677,3679,1],"product_tag":[],"class_list":{"0":"post-137571","1":"product","2":"type-product","3":"status-publish","4":"has-post-thumbnail","6":"product_cat-centrfugas","7":"product_cat-de-mesa1_13062024114648","8":"product_cat-uncategorized","10":"first","11":"outofstock","12":"taxable","13":"shipping-taxable","14":"product-type-simple"},"aioseo_notices":[],"yoast_head":"<!-- This site is optimized with the Yoast SEO Premium plugin v27.4 (Yoast SEO v27.5) - https:\/\/yoast.com\/product\/yoast-seo-premium-wordpress\/ -->\n<title>Centr\u00edfuga de sobremesa, Allegra X-30 Beckman Coulter - ELICROM<\/title>\n<meta name=\"robots\" content=\"index, follow, max-snippet:-1, max-image-preview:large, max-video-preview:-1\" \/>\n<link rel=\"canonical\" href=\"https:\/\/elicrom.com\/?product=51864\" \/>\n<meta property=\"og:locale\" content=\"es_ES\" \/>\n<meta property=\"og:type\" content=\"article\" \/>\n<meta property=\"og:title\" content=\"Centr\u00edfuga de sobremesa, Allegra X-30 Beckman Coulter\" \/>\n<meta property=\"og:description\" content=\"Rotores y accesorios se venden por separado, si desea m\u00e1s informaci\u00f3n consulte con un asesor.\" \/>\n<meta property=\"og:url\" content=\"https:\/\/elicrom.com\/?product=51864\" \/>\n<meta property=\"og:site_name\" content=\"ELICROM\" \/>\n<meta property=\"article:publisher\" content=\"https:\/\/www.facebook.com\/elicromlatam\" \/>\n<meta name=\"twitter:card\" content=\"summary_large_image\" \/>\n<meta name=\"twitter:label1\" content=\"Tiempo de lectura\" \/>\n\t<meta name=\"twitter:data1\" content=\"1 minuto\" \/>\n<script type=\"application\/ld+json\" class=\"yoast-schema-graph\">{\"@context\":\"https:\\\/\\\/schema.org\",\"@graph\":[{\"@type\":\"WebPage\",\"@id\":\"https:\\\/\\\/elicrom.com\\\/?product=51864\",\"url\":\"https:\\\/\\\/elicrom.com\\\/?product=51864\",\"name\":\"Centr\u00edfuga de sobremesa, Allegra X-30 Beckman Coulter - ELICROM\",\"isPartOf\":{\"@id\":\"https:\\\/\\\/elicrom.com\\\/#website\"},\"primaryImageOfPage\":{\"@id\":\"https:\\\/\\\/elicrom.com\\\/?product=51864#primaryimage\"},\"image\":{\"@id\":\"https:\\\/\\\/elicrom.com\\\/?product=51864#primaryimage\"},\"thumbnailUrl\":\"https:\\\/\\\/elicrom.com\\\/wp-content\\\/uploads\\\/2024\\\/05\\\/51864-0.jpg\",\"datePublished\":\"2024-05-02T13:46:17+00:00\",\"breadcrumb\":{\"@id\":\"https:\\\/\\\/elicrom.com\\\/?product=51864#breadcrumb\"},\"inLanguage\":\"es\",\"potentialAction\":[{\"@type\":\"ReadAction\",\"target\":[\"https:\\\/\\\/elicrom.com\\\/?product=51864\"]}]},{\"@type\":\"ImageObject\",\"inLanguage\":\"es\",\"@id\":\"https:\\\/\\\/elicrom.com\\\/?product=51864#primaryimage\",\"url\":\"https:\\\/\\\/elicrom.com\\\/wp-content\\\/uploads\\\/2024\\\/05\\\/51864-0.jpg\",\"contentUrl\":\"https:\\\/\\\/elicrom.com\\\/wp-content\\\/uploads\\\/2024\\\/05\\\/51864-0.jpg\",\"width\":800,\"height\":800},{\"@type\":\"BreadcrumbList\",\"@id\":\"https:\\\/\\\/elicrom.com\\\/?product=51864#breadcrumb\",\"itemListElement\":[{\"@type\":\"ListItem\",\"position\":1,\"name\":\"Portada\",\"item\":\"https:\\\/\\\/elicrom.com\\\/\"},{\"@type\":\"ListItem\",\"position\":2,\"name\":\"Tienda en L\u00ednea\",\"item\":\"https:\\\/\\\/elicrom.com\\\/?page_id=3853\"},{\"@type\":\"ListItem\",\"position\":3,\"name\":\"Centr\u00edfuga de sobremesa, Allegra X-30 Beckman Coulter\"}]},{\"@type\":\"WebSite\",\"@id\":\"https:\\\/\\\/elicrom.com\\\/#website\",\"url\":\"https:\\\/\\\/elicrom.com\\\/\",\"name\":\"ELICROM\",\"description\":\"Especializados en actividades espec\u00edficas como son las \u00e1reas de Metrolog\u00eda, Medio Ambiente, Validaciones, Mantenimiento de Equipos de Laboratorio y Construcci\u00f3n\\\/Reformas de Laboratorios.\",\"publisher\":{\"@id\":\"https:\\\/\\\/elicrom.com\\\/#organization\"},\"potentialAction\":[{\"@type\":\"SearchAction\",\"target\":{\"@type\":\"EntryPoint\",\"urlTemplate\":\"https:\\\/\\\/elicrom.com\\\/?s={search_term_string}\"},\"query-input\":{\"@type\":\"PropertyValueSpecification\",\"valueRequired\":true,\"valueName\":\"search_term_string\"}}],\"inLanguage\":\"es\"},{\"@type\":[\"Organization\",\"Place\"],\"@id\":\"https:\\\/\\\/elicrom.com\\\/#organization\",\"name\":\"ELICROM CIA. LTDA.\",\"url\":\"https:\\\/\\\/elicrom.com\\\/\",\"logo\":{\"@id\":\"https:\\\/\\\/elicrom.com\\\/?product=51864#local-main-organization-logo\"},\"image\":{\"@id\":\"https:\\\/\\\/elicrom.com\\\/?product=51864#local-main-organization-logo\"},\"sameAs\":[\"https:\\\/\\\/www.facebook.com\\\/elicromlatam\",\"https:\\\/\\\/www.linkedin.com\\\/company\\\/elicrom-cia-ltda\\\/\",\"https:\\\/\\\/www.instagram.com\\\/elicromlatam\\\/\",\"https:\\\/\\\/www.youtube.com\\\/channel\\\/UCdxnNtnb97QtSjABhpwY4Pw\"],\"telephone\":[],\"openingHoursSpecification\":[{\"@type\":\"OpeningHoursSpecification\",\"dayOfWeek\":[\"Monday\",\"Tuesday\",\"Wednesday\",\"Thursday\",\"Friday\",\"Saturday\",\"Sunday\"],\"opens\":\"09:00\",\"closes\":\"17:00\"}]},{\"@type\":\"ImageObject\",\"inLanguage\":\"es\",\"@id\":\"https:\\\/\\\/elicrom.com\\\/?product=51864#local-main-organization-logo\",\"url\":\"https:\\\/\\\/elicrom.com\\\/wp-content\\\/uploads\\\/2026\\\/04\\\/logo-elicrom200X200.jpg\",\"contentUrl\":\"https:\\\/\\\/elicrom.com\\\/wp-content\\\/uploads\\\/2026\\\/04\\\/logo-elicrom200X200.jpg\",\"width\":200,\"height\":200,\"caption\":\"ELICROM CIA. LTDA.\"}]}<\/script>\n<!-- \/ Yoast SEO Premium plugin. -->","yoast_head_json":{"title":"Centr\u00edfuga de sobremesa, Allegra X-30 Beckman Coulter - ELICROM","robots":{"index":"index","follow":"follow","max-snippet":"max-snippet:-1","max-image-preview":"max-image-preview:large","max-video-preview":"max-video-preview:-1"},"canonical":"https:\/\/elicrom.com\/?product=51864","og_locale":"es_ES","og_type":"article","og_title":"Centr\u00edfuga de sobremesa, Allegra X-30 Beckman Coulter","og_description":"Rotores y accesorios se venden por separado, si desea m\u00e1s informaci\u00f3n consulte con un asesor.","og_url":"https:\/\/elicrom.com\/?product=51864","og_site_name":"ELICROM","article_publisher":"https:\/\/www.facebook.com\/elicromlatam","twitter_card":"summary_large_image","twitter_misc":{"Tiempo de lectura":"1 minuto"},"schema":{"@context":"https:\/\/schema.org","@graph":[{"@type":"WebPage","@id":"https:\/\/elicrom.com\/?product=51864","url":"https:\/\/elicrom.com\/?product=51864","name":"Centr\u00edfuga de sobremesa, Allegra X-30 Beckman Coulter - ELICROM","isPartOf":{"@id":"https:\/\/elicrom.com\/#website"},"primaryImageOfPage":{"@id":"https:\/\/elicrom.com\/?product=51864#primaryimage"},"image":{"@id":"https:\/\/elicrom.com\/?product=51864#primaryimage"},"thumbnailUrl":"https:\/\/elicrom.com\/wp-content\/uploads\/2024\/05\/51864-0.jpg","datePublished":"2024-05-02T13:46:17+00:00","breadcrumb":{"@id":"https:\/\/elicrom.com\/?product=51864#breadcrumb"},"inLanguage":"es","potentialAction":[{"@type":"ReadAction","target":["https:\/\/elicrom.com\/?product=51864"]}]},{"@type":"ImageObject","inLanguage":"es","@id":"https:\/\/elicrom.com\/?product=51864#primaryimage","url":"https:\/\/elicrom.com\/wp-content\/uploads\/2024\/05\/51864-0.jpg","contentUrl":"https:\/\/elicrom.com\/wp-content\/uploads\/2024\/05\/51864-0.jpg","width":800,"height":800},{"@type":"BreadcrumbList","@id":"https:\/\/elicrom.com\/?product=51864#breadcrumb","itemListElement":[{"@type":"ListItem","position":1,"name":"Portada","item":"https:\/\/elicrom.com\/"},{"@type":"ListItem","position":2,"name":"Tienda en L\u00ednea","item":"https:\/\/elicrom.com\/?page_id=3853"},{"@type":"ListItem","position":3,"name":"Centr\u00edfuga de sobremesa, Allegra X-30 Beckman Coulter"}]},{"@type":"WebSite","@id":"https:\/\/elicrom.com\/#website","url":"https:\/\/elicrom.com\/","name":"ELICROM","description":"Especializados en actividades espec\u00edficas como son las \u00e1reas de Metrolog\u00eda, Medio Ambiente, Validaciones, Mantenimiento de Equipos de Laboratorio y Construcci\u00f3n\/Reformas de Laboratorios.","publisher":{"@id":"https:\/\/elicrom.com\/#organization"},"potentialAction":[{"@type":"SearchAction","target":{"@type":"EntryPoint","urlTemplate":"https:\/\/elicrom.com\/?s={search_term_string}"},"query-input":{"@type":"PropertyValueSpecification","valueRequired":true,"valueName":"search_term_string"}}],"inLanguage":"es"},{"@type":["Organization","Place"],"@id":"https:\/\/elicrom.com\/#organization","name":"ELICROM CIA. LTDA.","url":"https:\/\/elicrom.com\/","logo":{"@id":"https:\/\/elicrom.com\/?product=51864#local-main-organization-logo"},"image":{"@id":"https:\/\/elicrom.com\/?product=51864#local-main-organization-logo"},"sameAs":["https:\/\/www.facebook.com\/elicromlatam","https:\/\/www.linkedin.com\/company\/elicrom-cia-ltda\/","https:\/\/www.instagram.com\/elicromlatam\/","https:\/\/www.youtube.com\/channel\/UCdxnNtnb97QtSjABhpwY4Pw"],"telephone":[],"openingHoursSpecification":[{"@type":"OpeningHoursSpecification","dayOfWeek":["Monday","Tuesday","Wednesday","Thursday","Friday","Saturday","Sunday"],"opens":"09:00","closes":"17:00"}]},{"@type":"ImageObject","inLanguage":"es","@id":"https:\/\/elicrom.com\/?product=51864#local-main-organization-logo","url":"https:\/\/elicrom.com\/wp-content\/uploads\/2026\/04\/logo-elicrom200X200.jpg","contentUrl":"https:\/\/elicrom.com\/wp-content\/uploads\/2026\/04\/logo-elicrom200X200.jpg","width":200,"height":200,"caption":"ELICROM CIA. LTDA."}]}},"_links":{"self":[{"href":"https:\/\/elicrom.com\/index.php?rest_route=\/wp\/v2\/product\/137571","targetHints":{"allow":["GET"]}}],"collection":[{"href":"https:\/\/elicrom.com\/index.php?rest_route=\/wp\/v2\/product"}],"about":[{"href":"https:\/\/elicrom.com\/index.php?rest_route=\/wp\/v2\/types\/product"}],"replies":[{"embeddable":true,"href":"https:\/\/elicrom.com\/index.php?rest_route=%2Fwp%2Fv2%2Fcomments&post=137571"}],"wp:featuredmedia":[{"embeddable":true,"href":"https:\/\/elicrom.com\/index.php?rest_route=\/wp\/v2\/media\/137572"}],"wp:attachment":[{"href":"https:\/\/elicrom.com\/index.php?rest_route=%2Fwp%2Fv2%2Fmedia&parent=137571"}],"wp:term":[{"taxonomy":"product_brand","embeddable":true,"href":"https:\/\/elicrom.com\/index.php?rest_route=%2Fwp%2Fv2%2Fproduct_brand&post=137571"},{"taxonomy":"product_cat","embeddable":true,"href":"https:\/\/elicrom.com\/index.php?rest_route=%2Fwp%2Fv2%2Fproduct_cat&post=137571"},{"taxonomy":"product_tag","embeddable":true,"href":"https:\/\/elicrom.com\/index.php?rest_route=%2Fwp%2Fv2%2Fproduct_tag&post=137571"}],"curies":[{"name":"wp","href":"https:\/\/api.w.org\/{rel}","templated":true}]}}