
{"id":137565,"date":"2024-05-02T12:09:46","date_gmt":"2024-05-02T12:09:46","guid":{"rendered":"https:\/\/elicrom.com\/?post_type=product&#038;p=137565"},"modified":"2024-05-02T12:09:46","modified_gmt":"2024-05-02T12:09:46","slug":"47875-ultracentrifuga-optima-xpn-100-beckman-coulter","status":"publish","type":"product","link":"https:\/\/elicrom.com\/?product=47875-ultracentrifuga-optima-xpn-100-beckman-coulter","title":{"rendered":"Ultracentr\u00edfuga Optima XPN-100 Beckman Coulter"},"content":{"rendered":"<p>La Serie Optima XPN posee caracter\u00edsticas que optimizan el control e incrementan la productividad ya que pueden ser manejados a control remoto mediante ordenador o dispositivos m\u00f3viles inteligentes, para iniciar, detener, supervisar, enviar mensajes de aviso o alerta.<br \/>\nProtecci\u00f3n mediante de contrase\u00f1a y firmas electr\u00f3nicas ayudan a mantener la cadena de vigilancia y el cumplimiento en el laboratorio. <\/p>\n<p>Especificaciones:<br \/>\n&#8211; 10 perfiles de aceleraci\u00f3n<br \/>\n&#8211; 11 perfiles de desaceleraci\u00f3n<br \/>\n&#8211; Tiempo de ejecuci\u00f3n programada: 999 horas, 59 minutos<br \/>\n-Volumen de capacidad m\u00e1xima:  1500 mL<br \/>\n-Velocidad m\u00e1xima: 100,000 rpm<br \/>\n-Fuerza g: 802,000 x gramo<br \/>\n-Control de temperatura \u00b1 0,5 \u00b0C de temperatura ajustada<br \/>\n-Rango de temperatura establecido: 0 a 40 \u00b0C en incrementos de 1 \u00b0C,<br \/>\n-Rango de temperatura ambiente: 10\u00b0C a 35 \u00b0C<br \/>\n-Pantalla t\u00e1ctil LCD a todo color<br \/>\n-Voltaje: 200-240V, 30A, 50\/60Hz<\/p>\n<p>Variedad de rotores disponibles para diferentes usos y aplicaciones se venden por separado:<br \/>\n-Rotores de \u00e1ngulo fijo<br \/>\n-Rotores basculantes<br \/>\n-Rotores verticales<br \/>\n-Rotores de flujo continuo y zonales<\/p>\n","protected":false},"excerpt":{"rendered":"<p>La Serie Optima XPN posee caracter\u00edsticas que optimizan el control e incrementan la productividad ya que pueden ser manejados a control remoto mediante ordenador o dispositivos m\u00f3viles inteligentes, para iniciar,<\/p>\n","protected":false},"featured_media":138156,"comment_status":"open","ping_status":"closed","template":"","meta":[],"product_brand":[],"product_cat":[3677,1,3678],"product_tag":[],"class_list":{"0":"post-137565","1":"product","2":"type-product","3":"status-publish","4":"has-post-thumbnail","6":"product_cat-centrfugas","7":"product_cat-uncategorized","8":"product_cat-ultracentrfugas1_13062024110332","10":"first","11":"outofstock","12":"taxable","13":"shipping-taxable","14":"product-type-simple"},"aioseo_notices":[],"yoast_head":"<!-- This site is optimized with the Yoast SEO Premium plugin v27.4 (Yoast SEO v27.5) - https:\/\/yoast.com\/product\/yoast-seo-premium-wordpress\/ -->\n<title>Ultracentr\u00edfuga Optima XPN-100 Beckman Coulter - ELICROM<\/title>\n<meta name=\"robots\" content=\"index, follow, max-snippet:-1, max-image-preview:large, max-video-preview:-1\" \/>\n<link rel=\"canonical\" href=\"https:\/\/elicrom.com\/?product=47875\" \/>\n<meta property=\"og:locale\" content=\"es_ES\" \/>\n<meta property=\"og:type\" content=\"article\" \/>\n<meta property=\"og:title\" content=\"Ultracentr\u00edfuga Optima XPN-100 Beckman Coulter\" \/>\n<meta property=\"og:description\" content=\"La Serie Optima XPN posee caracter\u00edsticas que optimizan el control e incrementan la productividad ya que pueden ser manejados a control remoto mediante ordenador o dispositivos m\u00f3viles inteligentes, para iniciar,\" \/>\n<meta property=\"og:url\" content=\"https:\/\/elicrom.com\/?product=47875\" \/>\n<meta property=\"og:site_name\" content=\"ELICROM\" \/>\n<meta property=\"article:publisher\" content=\"https:\/\/www.facebook.com\/elicromlatam\" \/>\n<meta name=\"twitter:card\" content=\"summary_large_image\" \/>\n<meta name=\"twitter:label1\" content=\"Tiempo de lectura\" \/>\n\t<meta name=\"twitter:data1\" content=\"1 minuto\" \/>\n<script type=\"application\/ld+json\" class=\"yoast-schema-graph\">{\"@context\":\"https:\\\/\\\/schema.org\",\"@graph\":[{\"@type\":\"WebPage\",\"@id\":\"https:\\\/\\\/elicrom.com\\\/?product=47875\",\"url\":\"https:\\\/\\\/elicrom.com\\\/?product=47875\",\"name\":\"Ultracentr\u00edfuga Optima XPN-100 Beckman Coulter - ELICROM\",\"isPartOf\":{\"@id\":\"https:\\\/\\\/elicrom.com\\\/#website\"},\"primaryImageOfPage\":{\"@id\":\"https:\\\/\\\/elicrom.com\\\/?product=47875#primaryimage\"},\"image\":{\"@id\":\"https:\\\/\\\/elicrom.com\\\/?product=47875#primaryimage\"},\"thumbnailUrl\":\"https:\\\/\\\/elicrom.com\\\/wp-content\\\/uploads\\\/2024\\\/05\\\/47875-0.jpg\",\"datePublished\":\"2024-05-02T12:09:46+00:00\",\"breadcrumb\":{\"@id\":\"https:\\\/\\\/elicrom.com\\\/?product=47875#breadcrumb\"},\"inLanguage\":\"es\",\"potentialAction\":[{\"@type\":\"ReadAction\",\"target\":[\"https:\\\/\\\/elicrom.com\\\/?product=47875\"]}]},{\"@type\":\"ImageObject\",\"inLanguage\":\"es\",\"@id\":\"https:\\\/\\\/elicrom.com\\\/?product=47875#primaryimage\",\"url\":\"https:\\\/\\\/elicrom.com\\\/wp-content\\\/uploads\\\/2024\\\/05\\\/47875-0.jpg\",\"contentUrl\":\"https:\\\/\\\/elicrom.com\\\/wp-content\\\/uploads\\\/2024\\\/05\\\/47875-0.jpg\",\"width\":800,\"height\":800},{\"@type\":\"BreadcrumbList\",\"@id\":\"https:\\\/\\\/elicrom.com\\\/?product=47875#breadcrumb\",\"itemListElement\":[{\"@type\":\"ListItem\",\"position\":1,\"name\":\"Portada\",\"item\":\"https:\\\/\\\/elicrom.com\\\/\"},{\"@type\":\"ListItem\",\"position\":2,\"name\":\"Tienda en L\u00ednea\",\"item\":\"https:\\\/\\\/elicrom.com\\\/?page_id=3853\"},{\"@type\":\"ListItem\",\"position\":3,\"name\":\"Ultracentr\u00edfuga Optima XPN-100 Beckman Coulter\"}]},{\"@type\":\"WebSite\",\"@id\":\"https:\\\/\\\/elicrom.com\\\/#website\",\"url\":\"https:\\\/\\\/elicrom.com\\\/\",\"name\":\"ELICROM\",\"description\":\"Especializados en actividades espec\u00edficas como son las \u00e1reas de Metrolog\u00eda, Medio Ambiente, Validaciones, Mantenimiento de Equipos de Laboratorio y Construcci\u00f3n\\\/Reformas de Laboratorios.\",\"publisher\":{\"@id\":\"https:\\\/\\\/elicrom.com\\\/#organization\"},\"potentialAction\":[{\"@type\":\"SearchAction\",\"target\":{\"@type\":\"EntryPoint\",\"urlTemplate\":\"https:\\\/\\\/elicrom.com\\\/?s={search_term_string}\"},\"query-input\":{\"@type\":\"PropertyValueSpecification\",\"valueRequired\":true,\"valueName\":\"search_term_string\"}}],\"inLanguage\":\"es\"},{\"@type\":[\"Organization\",\"Place\"],\"@id\":\"https:\\\/\\\/elicrom.com\\\/#organization\",\"name\":\"ELICROM CIA. LTDA.\",\"url\":\"https:\\\/\\\/elicrom.com\\\/\",\"logo\":{\"@id\":\"https:\\\/\\\/elicrom.com\\\/?product=47875#local-main-organization-logo\"},\"image\":{\"@id\":\"https:\\\/\\\/elicrom.com\\\/?product=47875#local-main-organization-logo\"},\"sameAs\":[\"https:\\\/\\\/www.facebook.com\\\/elicromlatam\",\"https:\\\/\\\/www.linkedin.com\\\/company\\\/elicrom-cia-ltda\\\/\",\"https:\\\/\\\/www.instagram.com\\\/elicromlatam\\\/\",\"https:\\\/\\\/www.youtube.com\\\/channel\\\/UCdxnNtnb97QtSjABhpwY4Pw\"],\"telephone\":[],\"openingHoursSpecification\":[{\"@type\":\"OpeningHoursSpecification\",\"dayOfWeek\":[\"Monday\",\"Tuesday\",\"Wednesday\",\"Thursday\",\"Friday\",\"Saturday\",\"Sunday\"],\"opens\":\"09:00\",\"closes\":\"17:00\"}]},{\"@type\":\"ImageObject\",\"inLanguage\":\"es\",\"@id\":\"https:\\\/\\\/elicrom.com\\\/?product=47875#local-main-organization-logo\",\"url\":\"https:\\\/\\\/elicrom.com\\\/wp-content\\\/uploads\\\/2026\\\/04\\\/logo-elicrom200X200.jpg\",\"contentUrl\":\"https:\\\/\\\/elicrom.com\\\/wp-content\\\/uploads\\\/2026\\\/04\\\/logo-elicrom200X200.jpg\",\"width\":200,\"height\":200,\"caption\":\"ELICROM CIA. LTDA.\"}]}<\/script>\n<!-- \/ Yoast SEO Premium plugin. -->","yoast_head_json":{"title":"Ultracentr\u00edfuga Optima XPN-100 Beckman Coulter - ELICROM","robots":{"index":"index","follow":"follow","max-snippet":"max-snippet:-1","max-image-preview":"max-image-preview:large","max-video-preview":"max-video-preview:-1"},"canonical":"https:\/\/elicrom.com\/?product=47875","og_locale":"es_ES","og_type":"article","og_title":"Ultracentr\u00edfuga Optima XPN-100 Beckman Coulter","og_description":"La Serie Optima XPN posee caracter\u00edsticas que optimizan el control e incrementan la productividad ya que pueden ser manejados a control remoto mediante ordenador o dispositivos m\u00f3viles inteligentes, para iniciar,","og_url":"https:\/\/elicrom.com\/?product=47875","og_site_name":"ELICROM","article_publisher":"https:\/\/www.facebook.com\/elicromlatam","twitter_card":"summary_large_image","twitter_misc":{"Tiempo de lectura":"1 minuto"},"schema":{"@context":"https:\/\/schema.org","@graph":[{"@type":"WebPage","@id":"https:\/\/elicrom.com\/?product=47875","url":"https:\/\/elicrom.com\/?product=47875","name":"Ultracentr\u00edfuga Optima XPN-100 Beckman Coulter - ELICROM","isPartOf":{"@id":"https:\/\/elicrom.com\/#website"},"primaryImageOfPage":{"@id":"https:\/\/elicrom.com\/?product=47875#primaryimage"},"image":{"@id":"https:\/\/elicrom.com\/?product=47875#primaryimage"},"thumbnailUrl":"https:\/\/elicrom.com\/wp-content\/uploads\/2024\/05\/47875-0.jpg","datePublished":"2024-05-02T12:09:46+00:00","breadcrumb":{"@id":"https:\/\/elicrom.com\/?product=47875#breadcrumb"},"inLanguage":"es","potentialAction":[{"@type":"ReadAction","target":["https:\/\/elicrom.com\/?product=47875"]}]},{"@type":"ImageObject","inLanguage":"es","@id":"https:\/\/elicrom.com\/?product=47875#primaryimage","url":"https:\/\/elicrom.com\/wp-content\/uploads\/2024\/05\/47875-0.jpg","contentUrl":"https:\/\/elicrom.com\/wp-content\/uploads\/2024\/05\/47875-0.jpg","width":800,"height":800},{"@type":"BreadcrumbList","@id":"https:\/\/elicrom.com\/?product=47875#breadcrumb","itemListElement":[{"@type":"ListItem","position":1,"name":"Portada","item":"https:\/\/elicrom.com\/"},{"@type":"ListItem","position":2,"name":"Tienda en L\u00ednea","item":"https:\/\/elicrom.com\/?page_id=3853"},{"@type":"ListItem","position":3,"name":"Ultracentr\u00edfuga Optima XPN-100 Beckman Coulter"}]},{"@type":"WebSite","@id":"https:\/\/elicrom.com\/#website","url":"https:\/\/elicrom.com\/","name":"ELICROM","description":"Especializados en actividades espec\u00edficas como son las \u00e1reas de Metrolog\u00eda, Medio Ambiente, Validaciones, Mantenimiento de Equipos de Laboratorio y Construcci\u00f3n\/Reformas de Laboratorios.","publisher":{"@id":"https:\/\/elicrom.com\/#organization"},"potentialAction":[{"@type":"SearchAction","target":{"@type":"EntryPoint","urlTemplate":"https:\/\/elicrom.com\/?s={search_term_string}"},"query-input":{"@type":"PropertyValueSpecification","valueRequired":true,"valueName":"search_term_string"}}],"inLanguage":"es"},{"@type":["Organization","Place"],"@id":"https:\/\/elicrom.com\/#organization","name":"ELICROM CIA. LTDA.","url":"https:\/\/elicrom.com\/","logo":{"@id":"https:\/\/elicrom.com\/?product=47875#local-main-organization-logo"},"image":{"@id":"https:\/\/elicrom.com\/?product=47875#local-main-organization-logo"},"sameAs":["https:\/\/www.facebook.com\/elicromlatam","https:\/\/www.linkedin.com\/company\/elicrom-cia-ltda\/","https:\/\/www.instagram.com\/elicromlatam\/","https:\/\/www.youtube.com\/channel\/UCdxnNtnb97QtSjABhpwY4Pw"],"telephone":[],"openingHoursSpecification":[{"@type":"OpeningHoursSpecification","dayOfWeek":["Monday","Tuesday","Wednesday","Thursday","Friday","Saturday","Sunday"],"opens":"09:00","closes":"17:00"}]},{"@type":"ImageObject","inLanguage":"es","@id":"https:\/\/elicrom.com\/?product=47875#local-main-organization-logo","url":"https:\/\/elicrom.com\/wp-content\/uploads\/2026\/04\/logo-elicrom200X200.jpg","contentUrl":"https:\/\/elicrom.com\/wp-content\/uploads\/2026\/04\/logo-elicrom200X200.jpg","width":200,"height":200,"caption":"ELICROM CIA. LTDA."}]}},"_links":{"self":[{"href":"https:\/\/elicrom.com\/index.php?rest_route=\/wp\/v2\/product\/137565","targetHints":{"allow":["GET"]}}],"collection":[{"href":"https:\/\/elicrom.com\/index.php?rest_route=\/wp\/v2\/product"}],"about":[{"href":"https:\/\/elicrom.com\/index.php?rest_route=\/wp\/v2\/types\/product"}],"replies":[{"embeddable":true,"href":"https:\/\/elicrom.com\/index.php?rest_route=%2Fwp%2Fv2%2Fcomments&post=137565"}],"wp:featuredmedia":[{"embeddable":true,"href":"https:\/\/elicrom.com\/index.php?rest_route=\/wp\/v2\/media\/138156"}],"wp:attachment":[{"href":"https:\/\/elicrom.com\/index.php?rest_route=%2Fwp%2Fv2%2Fmedia&parent=137565"}],"wp:term":[{"taxonomy":"product_brand","embeddable":true,"href":"https:\/\/elicrom.com\/index.php?rest_route=%2Fwp%2Fv2%2Fproduct_brand&post=137565"},{"taxonomy":"product_cat","embeddable":true,"href":"https:\/\/elicrom.com\/index.php?rest_route=%2Fwp%2Fv2%2Fproduct_cat&post=137565"},{"taxonomy":"product_tag","embeddable":true,"href":"https:\/\/elicrom.com\/index.php?rest_route=%2Fwp%2Fv2%2Fproduct_tag&post=137565"}],"curies":[{"name":"wp","href":"https:\/\/api.w.org\/{rel}","templated":true}]}}