
{"id":136668,"date":"2024-01-23T11:20:28","date_gmt":"2024-01-23T11:20:28","guid":{"rendered":"https:\/\/elicrom.com\/?post_type=product&#038;p=136668"},"modified":"2025-08-01T20:31:20","modified_gmt":"2025-08-02T01:31:20","slug":"49842-pinza-amperimetrica-profesional-ut219ds","status":"publish","type":"product","link":"https:\/\/elicrom.com\/?product=49842-pinza-amperimetrica-profesional-ut219ds","title":{"rendered":"Pinza amperim\u00e9trica profesional UT219DS"},"content":{"rendered":"<p>Caracter\u00edsticas t\u00e9cnicas:<br \/>\nCorriente alterna (A):    600A    \u00b1(1.8%+6)<br \/>\nCorriente continua (A): 600A    \u00b1(1.8%+6)<br \/>\nVoltaje de CA (V):        1000V   \u00b1(1%+6)<br \/>\nVoltaje de CC (V):       1000V    \u00b1(0.6%+3)<br \/>\nLoZ ACV:  \t             600V     \u00b1(2.5%+6)<br \/>\nResistencia (\u03a9):\t    60M\u03a9    \u00b1(1%+3)<br \/>\nCapacitancia (F):         60 mF   \u00b1(4%+7)<br \/>\nFrecuencia (Hz):         600Hz ~ 40MHz    \u00b1(0.1%+6)<br \/>\nCiclo de trabajo:         0.1%~99.9%   \u00b1(2.6%+7)<br \/>\nTemperatura:             -40 \u00b0C ~ 1000\u00b0C<br \/>\nRecuento de pantallas: 6000<br \/>\nBater\u00eda de 1,5 V (R03) x 3<\/p>\n","protected":false},"excerpt":{"rendered":"<p>Caracter\u00edsticas t\u00e9cnicas: Corriente alterna (A): 600A \u00b1(1.8%+6) Corriente continua (A): 600A \u00b1(1.8%+6) Voltaje de CA (V): 1000V \u00b1(1%+6) Voltaje de CC (V): 1000V \u00b1(0.6%+3) LoZ ACV: 600V \u00b1(2.5%+6) Resistencia (\u03a9):<\/p>\n","protected":false},"featured_media":137054,"comment_status":"open","ping_status":"closed","template":"","meta":[],"product_brand":[],"product_cat":[1,3501,3453,1950,3532,3456],"product_tag":[],"class_list":{"0":"post-136668","1":"product","2":"type-product","3":"status-publish","4":"has-post-thumbnail","6":"product_cat-uncategorized","7":"product_cat-Equipos-Uni-trend","8":"product_cat-Equipos-y-materiales-elctricos","9":"product_cat-instrumentacion-menu","10":"product_cat-Pinzas-amperimtricas1_05092022101723","11":"product_cat-Pinzas-amperimtricas","13":"first","14":"instock","15":"taxable","16":"shipping-taxable","17":"purchasable","18":"product-type-simple"},"aioseo_notices":[],"yoast_head":"<!-- This site is optimized with the Yoast SEO Premium plugin v27.4 (Yoast SEO v27.5) - https:\/\/yoast.com\/product\/yoast-seo-premium-wordpress\/ -->\n<title>Pinza amperim\u00e9trica profesional UT219DS - ELICROM<\/title>\n<meta name=\"robots\" content=\"index, follow, max-snippet:-1, max-image-preview:large, max-video-preview:-1\" \/>\n<link rel=\"canonical\" href=\"https:\/\/elicrom.com\/?product=49842\" \/>\n<meta property=\"og:locale\" content=\"es_ES\" \/>\n<meta property=\"og:type\" content=\"article\" \/>\n<meta property=\"og:title\" content=\"Pinza amperim\u00e9trica profesional UT219DS\" \/>\n<meta property=\"og:description\" content=\"Caracter\u00edsticas t\u00e9cnicas: Corriente alterna (A): 600A \u00b1(1.8%+6) Corriente continua (A): 600A \u00b1(1.8%+6) Voltaje de CA (V): 1000V \u00b1(1%+6) Voltaje de CC (V): 1000V \u00b1(0.6%+3) LoZ ACV: 600V \u00b1(2.5%+6) Resistencia (\u03a9):\" \/>\n<meta property=\"og:url\" content=\"https:\/\/elicrom.com\/?product=49842\" \/>\n<meta property=\"og:site_name\" content=\"ELICROM\" \/>\n<meta property=\"article:publisher\" content=\"https:\/\/www.facebook.com\/elicromlatam\" \/>\n<meta property=\"article:modified_time\" content=\"2025-08-02T01:31:20+00:00\" \/>\n<meta property=\"og:image\" content=\"https:\/\/elicrom.com\/wp-content\/uploads\/2024\/01\/49842-0.jpeg\" \/>\n\t<meta property=\"og:image:width\" content=\"800\" \/>\n\t<meta property=\"og:image:height\" content=\"800\" \/>\n\t<meta property=\"og:image:type\" content=\"image\/jpeg\" \/>\n<meta name=\"twitter:card\" content=\"summary_large_image\" \/>\n<script type=\"application\/ld+json\" class=\"yoast-schema-graph\">{\"@context\":\"https:\\\/\\\/schema.org\",\"@graph\":[{\"@type\":\"WebPage\",\"@id\":\"https:\\\/\\\/elicrom.com\\\/?product=49842\",\"url\":\"https:\\\/\\\/elicrom.com\\\/?product=49842\",\"name\":\"Pinza amperim\u00e9trica profesional UT219DS - ELICROM\",\"isPartOf\":{\"@id\":\"https:\\\/\\\/elicrom.com\\\/#website\"},\"primaryImageOfPage\":{\"@id\":\"https:\\\/\\\/elicrom.com\\\/?product=49842#primaryimage\"},\"image\":{\"@id\":\"https:\\\/\\\/elicrom.com\\\/?product=49842#primaryimage\"},\"thumbnailUrl\":\"https:\\\/\\\/elicrom.com\\\/wp-content\\\/uploads\\\/2024\\\/01\\\/49842-0.jpeg\",\"datePublished\":\"2024-01-23T11:20:28+00:00\",\"dateModified\":\"2025-08-02T01:31:20+00:00\",\"breadcrumb\":{\"@id\":\"https:\\\/\\\/elicrom.com\\\/?product=49842#breadcrumb\"},\"inLanguage\":\"es\",\"potentialAction\":[{\"@type\":\"ReadAction\",\"target\":[\"https:\\\/\\\/elicrom.com\\\/?product=49842\"]}]},{\"@type\":\"ImageObject\",\"inLanguage\":\"es\",\"@id\":\"https:\\\/\\\/elicrom.com\\\/?product=49842#primaryimage\",\"url\":\"https:\\\/\\\/elicrom.com\\\/wp-content\\\/uploads\\\/2024\\\/01\\\/49842-0.jpeg\",\"contentUrl\":\"https:\\\/\\\/elicrom.com\\\/wp-content\\\/uploads\\\/2024\\\/01\\\/49842-0.jpeg\",\"width\":800,\"height\":800},{\"@type\":\"BreadcrumbList\",\"@id\":\"https:\\\/\\\/elicrom.com\\\/?product=49842#breadcrumb\",\"itemListElement\":[{\"@type\":\"ListItem\",\"position\":1,\"name\":\"Portada\",\"item\":\"https:\\\/\\\/elicrom.com\\\/\"},{\"@type\":\"ListItem\",\"position\":2,\"name\":\"Tienda en L\u00ednea\",\"item\":\"https:\\\/\\\/elicrom.com\\\/?page_id=3853\"},{\"@type\":\"ListItem\",\"position\":3,\"name\":\"Pinza amperim\u00e9trica profesional UT219DS\"}]},{\"@type\":\"WebSite\",\"@id\":\"https:\\\/\\\/elicrom.com\\\/#website\",\"url\":\"https:\\\/\\\/elicrom.com\\\/\",\"name\":\"ELICROM\",\"description\":\"Especializados en actividades espec\u00edficas como son las \u00e1reas de Metrolog\u00eda, Medio Ambiente, Validaciones, Mantenimiento de Equipos de Laboratorio y Construcci\u00f3n\\\/Reformas de Laboratorios.\",\"publisher\":{\"@id\":\"https:\\\/\\\/elicrom.com\\\/#organization\"},\"potentialAction\":[{\"@type\":\"SearchAction\",\"target\":{\"@type\":\"EntryPoint\",\"urlTemplate\":\"https:\\\/\\\/elicrom.com\\\/?s={search_term_string}\"},\"query-input\":{\"@type\":\"PropertyValueSpecification\",\"valueRequired\":true,\"valueName\":\"search_term_string\"}}],\"inLanguage\":\"es\"},{\"@type\":[\"Organization\",\"Place\"],\"@id\":\"https:\\\/\\\/elicrom.com\\\/#organization\",\"name\":\"ELICROM CIA. LTDA.\",\"url\":\"https:\\\/\\\/elicrom.com\\\/\",\"logo\":{\"@id\":\"https:\\\/\\\/elicrom.com\\\/?product=49842#local-main-organization-logo\"},\"image\":{\"@id\":\"https:\\\/\\\/elicrom.com\\\/?product=49842#local-main-organization-logo\"},\"sameAs\":[\"https:\\\/\\\/www.facebook.com\\\/elicromlatam\",\"https:\\\/\\\/www.linkedin.com\\\/company\\\/elicrom-cia-ltda\\\/\",\"https:\\\/\\\/www.instagram.com\\\/elicromlatam\\\/\",\"https:\\\/\\\/www.youtube.com\\\/channel\\\/UCdxnNtnb97QtSjABhpwY4Pw\"],\"telephone\":[],\"openingHoursSpecification\":[{\"@type\":\"OpeningHoursSpecification\",\"dayOfWeek\":[\"Monday\",\"Tuesday\",\"Wednesday\",\"Thursday\",\"Friday\",\"Saturday\",\"Sunday\"],\"opens\":\"09:00\",\"closes\":\"17:00\"}]},{\"@type\":\"ImageObject\",\"inLanguage\":\"es\",\"@id\":\"https:\\\/\\\/elicrom.com\\\/?product=49842#local-main-organization-logo\",\"url\":\"https:\\\/\\\/elicrom.com\\\/wp-content\\\/uploads\\\/2026\\\/04\\\/logo-elicrom200X200.jpg\",\"contentUrl\":\"https:\\\/\\\/elicrom.com\\\/wp-content\\\/uploads\\\/2026\\\/04\\\/logo-elicrom200X200.jpg\",\"width\":200,\"height\":200,\"caption\":\"ELICROM CIA. LTDA.\"}]}<\/script>\n<!-- \/ Yoast SEO Premium plugin. -->","yoast_head_json":{"title":"Pinza amperim\u00e9trica profesional UT219DS - ELICROM","robots":{"index":"index","follow":"follow","max-snippet":"max-snippet:-1","max-image-preview":"max-image-preview:large","max-video-preview":"max-video-preview:-1"},"canonical":"https:\/\/elicrom.com\/?product=49842","og_locale":"es_ES","og_type":"article","og_title":"Pinza amperim\u00e9trica profesional UT219DS","og_description":"Caracter\u00edsticas t\u00e9cnicas: Corriente alterna (A): 600A \u00b1(1.8%+6) Corriente continua (A): 600A \u00b1(1.8%+6) Voltaje de CA (V): 1000V \u00b1(1%+6) Voltaje de CC (V): 1000V \u00b1(0.6%+3) LoZ ACV: 600V \u00b1(2.5%+6) Resistencia (\u03a9):","og_url":"https:\/\/elicrom.com\/?product=49842","og_site_name":"ELICROM","article_publisher":"https:\/\/www.facebook.com\/elicromlatam","article_modified_time":"2025-08-02T01:31:20+00:00","og_image":[{"width":800,"height":800,"url":"https:\/\/elicrom.com\/wp-content\/uploads\/2024\/01\/49842-0.jpeg","type":"image\/jpeg"}],"twitter_card":"summary_large_image","schema":{"@context":"https:\/\/schema.org","@graph":[{"@type":"WebPage","@id":"https:\/\/elicrom.com\/?product=49842","url":"https:\/\/elicrom.com\/?product=49842","name":"Pinza amperim\u00e9trica profesional UT219DS - ELICROM","isPartOf":{"@id":"https:\/\/elicrom.com\/#website"},"primaryImageOfPage":{"@id":"https:\/\/elicrom.com\/?product=49842#primaryimage"},"image":{"@id":"https:\/\/elicrom.com\/?product=49842#primaryimage"},"thumbnailUrl":"https:\/\/elicrom.com\/wp-content\/uploads\/2024\/01\/49842-0.jpeg","datePublished":"2024-01-23T11:20:28+00:00","dateModified":"2025-08-02T01:31:20+00:00","breadcrumb":{"@id":"https:\/\/elicrom.com\/?product=49842#breadcrumb"},"inLanguage":"es","potentialAction":[{"@type":"ReadAction","target":["https:\/\/elicrom.com\/?product=49842"]}]},{"@type":"ImageObject","inLanguage":"es","@id":"https:\/\/elicrom.com\/?product=49842#primaryimage","url":"https:\/\/elicrom.com\/wp-content\/uploads\/2024\/01\/49842-0.jpeg","contentUrl":"https:\/\/elicrom.com\/wp-content\/uploads\/2024\/01\/49842-0.jpeg","width":800,"height":800},{"@type":"BreadcrumbList","@id":"https:\/\/elicrom.com\/?product=49842#breadcrumb","itemListElement":[{"@type":"ListItem","position":1,"name":"Portada","item":"https:\/\/elicrom.com\/"},{"@type":"ListItem","position":2,"name":"Tienda en L\u00ednea","item":"https:\/\/elicrom.com\/?page_id=3853"},{"@type":"ListItem","position":3,"name":"Pinza amperim\u00e9trica profesional UT219DS"}]},{"@type":"WebSite","@id":"https:\/\/elicrom.com\/#website","url":"https:\/\/elicrom.com\/","name":"ELICROM","description":"Especializados en actividades espec\u00edficas como son las \u00e1reas de Metrolog\u00eda, Medio Ambiente, Validaciones, Mantenimiento de Equipos de Laboratorio y Construcci\u00f3n\/Reformas de Laboratorios.","publisher":{"@id":"https:\/\/elicrom.com\/#organization"},"potentialAction":[{"@type":"SearchAction","target":{"@type":"EntryPoint","urlTemplate":"https:\/\/elicrom.com\/?s={search_term_string}"},"query-input":{"@type":"PropertyValueSpecification","valueRequired":true,"valueName":"search_term_string"}}],"inLanguage":"es"},{"@type":["Organization","Place"],"@id":"https:\/\/elicrom.com\/#organization","name":"ELICROM CIA. LTDA.","url":"https:\/\/elicrom.com\/","logo":{"@id":"https:\/\/elicrom.com\/?product=49842#local-main-organization-logo"},"image":{"@id":"https:\/\/elicrom.com\/?product=49842#local-main-organization-logo"},"sameAs":["https:\/\/www.facebook.com\/elicromlatam","https:\/\/www.linkedin.com\/company\/elicrom-cia-ltda\/","https:\/\/www.instagram.com\/elicromlatam\/","https:\/\/www.youtube.com\/channel\/UCdxnNtnb97QtSjABhpwY4Pw"],"telephone":[],"openingHoursSpecification":[{"@type":"OpeningHoursSpecification","dayOfWeek":["Monday","Tuesday","Wednesday","Thursday","Friday","Saturday","Sunday"],"opens":"09:00","closes":"17:00"}]},{"@type":"ImageObject","inLanguage":"es","@id":"https:\/\/elicrom.com\/?product=49842#local-main-organization-logo","url":"https:\/\/elicrom.com\/wp-content\/uploads\/2026\/04\/logo-elicrom200X200.jpg","contentUrl":"https:\/\/elicrom.com\/wp-content\/uploads\/2026\/04\/logo-elicrom200X200.jpg","width":200,"height":200,"caption":"ELICROM CIA. LTDA."}]}},"_links":{"self":[{"href":"https:\/\/elicrom.com\/index.php?rest_route=\/wp\/v2\/product\/136668","targetHints":{"allow":["GET"]}}],"collection":[{"href":"https:\/\/elicrom.com\/index.php?rest_route=\/wp\/v2\/product"}],"about":[{"href":"https:\/\/elicrom.com\/index.php?rest_route=\/wp\/v2\/types\/product"}],"replies":[{"embeddable":true,"href":"https:\/\/elicrom.com\/index.php?rest_route=%2Fwp%2Fv2%2Fcomments&post=136668"}],"wp:featuredmedia":[{"embeddable":true,"href":"https:\/\/elicrom.com\/index.php?rest_route=\/wp\/v2\/media\/137054"}],"wp:attachment":[{"href":"https:\/\/elicrom.com\/index.php?rest_route=%2Fwp%2Fv2%2Fmedia&parent=136668"}],"wp:term":[{"taxonomy":"product_brand","embeddable":true,"href":"https:\/\/elicrom.com\/index.php?rest_route=%2Fwp%2Fv2%2Fproduct_brand&post=136668"},{"taxonomy":"product_cat","embeddable":true,"href":"https:\/\/elicrom.com\/index.php?rest_route=%2Fwp%2Fv2%2Fproduct_cat&post=136668"},{"taxonomy":"product_tag","embeddable":true,"href":"https:\/\/elicrom.com\/index.php?rest_route=%2Fwp%2Fv2%2Fproduct_tag&post=136668"}],"curies":[{"name":"wp","href":"https:\/\/api.w.org\/{rel}","templated":true}]}}