
{"id":128807,"date":"2022-09-05T03:37:54","date_gmt":"2022-09-05T03:37:54","guid":{"rendered":"https:\/\/elicrom.com\/?post_type=product&#038;p=128807"},"modified":"2022-09-05T03:37:54","modified_gmt":"2022-09-05T03:37:54","slug":"33945-indicador-de-peso-combics-1","status":"publish","type":"product","link":"https:\/\/elicrom.com\/?product=33945-indicador-de-peso-combics-1","title":{"rendered":"Indicador de peso Combics 1"},"content":{"rendered":"<p>El indicador industrial Combics 1 se caracteriza por su extrema robustez y su manejo sencillo.<br \/>\nSu pantalla de alto contraste aporta una buena legibilidad, mientras que la disposici\u00f3n de las teclas garantiza un manejo intuitivo haciendo f\u00e1cil alternar con una sola tecla el cambio de valores de peso neto y bruto, tara autom\u00e1tica de peso del contenedor, cambio de unidad de peso.<br \/>\nImpresiones de etiquetas, impresi\u00f3n conforme a GMP, impresi\u00f3n con salida de peso autom\u00e1tica o env\u00edo de datos a su sistema inform\u00e1tico.<\/p>\n<p>Indicador Combics 1: Pantalla grande LCD de 14 segmentos de 20 mm y 6 teclas<br \/>\nMaterial del Indicador: Acero inoxidable<br \/>\nResoluci\u00f3n: hasta 3 \u00d7 3.000 e  opcionalmente hasta 60.000d<br \/>\nProtecci\u00f3n IP: IP44<br \/>\nInterfaz COM1: RS 232<br \/>\nInterfaz UniCOM: Sin interfaz.<br \/>\nWP1: Interfaz ADC para plataforma anal\u00f3gica 2x 3.000e (30.000d)<br \/>\nWP2: Sin Interfaz <\/p>\n<p>Alimentaci\u00f3n el\u00e9ctrica: 100\u2013240 VCA (-15 %\/+10 %), 50\u201360 Hz, m\u00e1x. 17 W\/23 VA<br \/>\nEmisi\u00f3n de interferencias: Seg\u00fan EN 61326-1, clase B (IEC 61326-1)<br \/>\nSeguridad el\u00e9ctrica: Seg\u00fan EN 61010-1 (IEC 61010-1) EN 60950 (IEC950)<br \/>\nResistencia a interferencias: Seg\u00fan EN 61326-1, sectores industriales (IEC 61326-1)<\/p>\n<p>Opcional:<br \/>\nRS 485\/422, Anal\u00f3gicas 4-20 mA, Entradas\/salidas digitales, Profibus DP, Ethernet TCP\/IP, ProfiNet, Ethernet\/IP<\/p>\n","protected":false},"excerpt":{"rendered":"<p>El indicador industrial Combics 1 se caracteriza por su extrema robustez y su manejo sencillo. Su pantalla de alto contraste aporta una buena legibilidad, mientras que la disposici\u00f3n de las<\/p>\n","protected":false},"featured_media":142267,"comment_status":"open","ping_status":"closed","template":"","meta":[],"product_brand":[],"product_cat":[3715,1950,3502],"product_tag":[],"class_list":{"0":"post-128807","1":"product","2":"type-product","3":"status-publish","4":"has-post-thumbnail","6":"product_cat-indicadores-de-peso1_16092024092028","7":"product_cat-instrumentacion-menu","8":"product_cat-Peso","10":"first","11":"instock","12":"taxable","13":"shipping-taxable","14":"product-type-simple"},"aioseo_notices":[],"yoast_head":"<!-- This site is optimized with the Yoast SEO Premium plugin v27.4 (Yoast SEO v27.5) - https:\/\/yoast.com\/product\/yoast-seo-premium-wordpress\/ -->\n<title>Indicador de peso Combics 1 - ELICROM<\/title>\n<meta name=\"robots\" content=\"index, follow, max-snippet:-1, max-image-preview:large, max-video-preview:-1\" \/>\n<link rel=\"canonical\" href=\"https:\/\/elicrom.com\/?product=33945\" \/>\n<meta property=\"og:locale\" content=\"es_ES\" \/>\n<meta property=\"og:type\" content=\"article\" \/>\n<meta property=\"og:title\" content=\"Indicador de peso Combics 1\" \/>\n<meta property=\"og:description\" content=\"El indicador industrial Combics 1 se caracteriza por su extrema robustez y su manejo sencillo. Su pantalla de alto contraste aporta una buena legibilidad, mientras que la disposici\u00f3n de las\" \/>\n<meta property=\"og:url\" content=\"https:\/\/elicrom.com\/?product=33945\" \/>\n<meta property=\"og:site_name\" content=\"ELICROM\" \/>\n<meta property=\"article:publisher\" content=\"https:\/\/www.facebook.com\/elicromlatam\" \/>\n<meta name=\"twitter:card\" content=\"summary_large_image\" \/>\n<meta name=\"twitter:label1\" content=\"Tiempo de lectura\" \/>\n\t<meta name=\"twitter:data1\" content=\"1 minuto\" \/>\n<script type=\"application\/ld+json\" class=\"yoast-schema-graph\">{\"@context\":\"https:\\\/\\\/schema.org\",\"@graph\":[{\"@type\":\"WebPage\",\"@id\":\"https:\\\/\\\/elicrom.com\\\/?product=33945\",\"url\":\"https:\\\/\\\/elicrom.com\\\/?product=33945\",\"name\":\"Indicador de peso Combics 1 - ELICROM\",\"isPartOf\":{\"@id\":\"https:\\\/\\\/elicrom.com\\\/#website\"},\"primaryImageOfPage\":{\"@id\":\"https:\\\/\\\/elicrom.com\\\/?product=33945#primaryimage\"},\"image\":{\"@id\":\"https:\\\/\\\/elicrom.com\\\/?product=33945#primaryimage\"},\"thumbnailUrl\":\"https:\\\/\\\/elicrom.com\\\/wp-content\\\/uploads\\\/2014\\\/07\\\/33945-0.jpg\",\"datePublished\":\"2022-09-05T03:37:54+00:00\",\"breadcrumb\":{\"@id\":\"https:\\\/\\\/elicrom.com\\\/?product=33945#breadcrumb\"},\"inLanguage\":\"es\",\"potentialAction\":[{\"@type\":\"ReadAction\",\"target\":[\"https:\\\/\\\/elicrom.com\\\/?product=33945\"]}]},{\"@type\":\"ImageObject\",\"inLanguage\":\"es\",\"@id\":\"https:\\\/\\\/elicrom.com\\\/?product=33945#primaryimage\",\"url\":\"https:\\\/\\\/elicrom.com\\\/wp-content\\\/uploads\\\/2014\\\/07\\\/33945-0.jpg\",\"contentUrl\":\"https:\\\/\\\/elicrom.com\\\/wp-content\\\/uploads\\\/2014\\\/07\\\/33945-0.jpg\",\"width\":800,\"height\":800},{\"@type\":\"BreadcrumbList\",\"@id\":\"https:\\\/\\\/elicrom.com\\\/?product=33945#breadcrumb\",\"itemListElement\":[{\"@type\":\"ListItem\",\"position\":1,\"name\":\"Portada\",\"item\":\"https:\\\/\\\/elicrom.com\\\/\"},{\"@type\":\"ListItem\",\"position\":2,\"name\":\"Tienda en L\u00ednea\",\"item\":\"https:\\\/\\\/elicrom.com\\\/?page_id=3853\"},{\"@type\":\"ListItem\",\"position\":3,\"name\":\"Indicador de peso Combics 1\"}]},{\"@type\":\"WebSite\",\"@id\":\"https:\\\/\\\/elicrom.com\\\/#website\",\"url\":\"https:\\\/\\\/elicrom.com\\\/\",\"name\":\"ELICROM\",\"description\":\"Especializados en actividades espec\u00edficas como son las \u00e1reas de Metrolog\u00eda, Medio Ambiente, Validaciones, Mantenimiento de Equipos de Laboratorio y Construcci\u00f3n\\\/Reformas de Laboratorios.\",\"publisher\":{\"@id\":\"https:\\\/\\\/elicrom.com\\\/#organization\"},\"potentialAction\":[{\"@type\":\"SearchAction\",\"target\":{\"@type\":\"EntryPoint\",\"urlTemplate\":\"https:\\\/\\\/elicrom.com\\\/?s={search_term_string}\"},\"query-input\":{\"@type\":\"PropertyValueSpecification\",\"valueRequired\":true,\"valueName\":\"search_term_string\"}}],\"inLanguage\":\"es\"},{\"@type\":[\"Organization\",\"Place\"],\"@id\":\"https:\\\/\\\/elicrom.com\\\/#organization\",\"name\":\"ELICROM CIA. LTDA.\",\"url\":\"https:\\\/\\\/elicrom.com\\\/\",\"logo\":{\"@id\":\"https:\\\/\\\/elicrom.com\\\/?product=33945#local-main-organization-logo\"},\"image\":{\"@id\":\"https:\\\/\\\/elicrom.com\\\/?product=33945#local-main-organization-logo\"},\"sameAs\":[\"https:\\\/\\\/www.facebook.com\\\/elicromlatam\",\"https:\\\/\\\/www.linkedin.com\\\/company\\\/elicrom-cia-ltda\\\/\",\"https:\\\/\\\/www.instagram.com\\\/elicromlatam\\\/\",\"https:\\\/\\\/www.youtube.com\\\/channel\\\/UCdxnNtnb97QtSjABhpwY4Pw\"],\"telephone\":[],\"openingHoursSpecification\":[{\"@type\":\"OpeningHoursSpecification\",\"dayOfWeek\":[\"Monday\",\"Tuesday\",\"Wednesday\",\"Thursday\",\"Friday\",\"Saturday\",\"Sunday\"],\"opens\":\"09:00\",\"closes\":\"17:00\"}]},{\"@type\":\"ImageObject\",\"inLanguage\":\"es\",\"@id\":\"https:\\\/\\\/elicrom.com\\\/?product=33945#local-main-organization-logo\",\"url\":\"https:\\\/\\\/elicrom.com\\\/wp-content\\\/uploads\\\/2026\\\/04\\\/logo-elicrom200X200.jpg\",\"contentUrl\":\"https:\\\/\\\/elicrom.com\\\/wp-content\\\/uploads\\\/2026\\\/04\\\/logo-elicrom200X200.jpg\",\"width\":200,\"height\":200,\"caption\":\"ELICROM CIA. LTDA.\"}]}<\/script>\n<!-- \/ Yoast SEO Premium plugin. -->","yoast_head_json":{"title":"Indicador de peso Combics 1 - ELICROM","robots":{"index":"index","follow":"follow","max-snippet":"max-snippet:-1","max-image-preview":"max-image-preview:large","max-video-preview":"max-video-preview:-1"},"canonical":"https:\/\/elicrom.com\/?product=33945","og_locale":"es_ES","og_type":"article","og_title":"Indicador de peso Combics 1","og_description":"El indicador industrial Combics 1 se caracteriza por su extrema robustez y su manejo sencillo. Su pantalla de alto contraste aporta una buena legibilidad, mientras que la disposici\u00f3n de las","og_url":"https:\/\/elicrom.com\/?product=33945","og_site_name":"ELICROM","article_publisher":"https:\/\/www.facebook.com\/elicromlatam","twitter_card":"summary_large_image","twitter_misc":{"Tiempo de lectura":"1 minuto"},"schema":{"@context":"https:\/\/schema.org","@graph":[{"@type":"WebPage","@id":"https:\/\/elicrom.com\/?product=33945","url":"https:\/\/elicrom.com\/?product=33945","name":"Indicador de peso Combics 1 - ELICROM","isPartOf":{"@id":"https:\/\/elicrom.com\/#website"},"primaryImageOfPage":{"@id":"https:\/\/elicrom.com\/?product=33945#primaryimage"},"image":{"@id":"https:\/\/elicrom.com\/?product=33945#primaryimage"},"thumbnailUrl":"https:\/\/elicrom.com\/wp-content\/uploads\/2014\/07\/33945-0.jpg","datePublished":"2022-09-05T03:37:54+00:00","breadcrumb":{"@id":"https:\/\/elicrom.com\/?product=33945#breadcrumb"},"inLanguage":"es","potentialAction":[{"@type":"ReadAction","target":["https:\/\/elicrom.com\/?product=33945"]}]},{"@type":"ImageObject","inLanguage":"es","@id":"https:\/\/elicrom.com\/?product=33945#primaryimage","url":"https:\/\/elicrom.com\/wp-content\/uploads\/2014\/07\/33945-0.jpg","contentUrl":"https:\/\/elicrom.com\/wp-content\/uploads\/2014\/07\/33945-0.jpg","width":800,"height":800},{"@type":"BreadcrumbList","@id":"https:\/\/elicrom.com\/?product=33945#breadcrumb","itemListElement":[{"@type":"ListItem","position":1,"name":"Portada","item":"https:\/\/elicrom.com\/"},{"@type":"ListItem","position":2,"name":"Tienda en L\u00ednea","item":"https:\/\/elicrom.com\/?page_id=3853"},{"@type":"ListItem","position":3,"name":"Indicador de peso Combics 1"}]},{"@type":"WebSite","@id":"https:\/\/elicrom.com\/#website","url":"https:\/\/elicrom.com\/","name":"ELICROM","description":"Especializados en actividades espec\u00edficas como son las \u00e1reas de Metrolog\u00eda, Medio Ambiente, Validaciones, Mantenimiento de Equipos de Laboratorio y Construcci\u00f3n\/Reformas de Laboratorios.","publisher":{"@id":"https:\/\/elicrom.com\/#organization"},"potentialAction":[{"@type":"SearchAction","target":{"@type":"EntryPoint","urlTemplate":"https:\/\/elicrom.com\/?s={search_term_string}"},"query-input":{"@type":"PropertyValueSpecification","valueRequired":true,"valueName":"search_term_string"}}],"inLanguage":"es"},{"@type":["Organization","Place"],"@id":"https:\/\/elicrom.com\/#organization","name":"ELICROM CIA. LTDA.","url":"https:\/\/elicrom.com\/","logo":{"@id":"https:\/\/elicrom.com\/?product=33945#local-main-organization-logo"},"image":{"@id":"https:\/\/elicrom.com\/?product=33945#local-main-organization-logo"},"sameAs":["https:\/\/www.facebook.com\/elicromlatam","https:\/\/www.linkedin.com\/company\/elicrom-cia-ltda\/","https:\/\/www.instagram.com\/elicromlatam\/","https:\/\/www.youtube.com\/channel\/UCdxnNtnb97QtSjABhpwY4Pw"],"telephone":[],"openingHoursSpecification":[{"@type":"OpeningHoursSpecification","dayOfWeek":["Monday","Tuesday","Wednesday","Thursday","Friday","Saturday","Sunday"],"opens":"09:00","closes":"17:00"}]},{"@type":"ImageObject","inLanguage":"es","@id":"https:\/\/elicrom.com\/?product=33945#local-main-organization-logo","url":"https:\/\/elicrom.com\/wp-content\/uploads\/2026\/04\/logo-elicrom200X200.jpg","contentUrl":"https:\/\/elicrom.com\/wp-content\/uploads\/2026\/04\/logo-elicrom200X200.jpg","width":200,"height":200,"caption":"ELICROM CIA. LTDA."}]}},"_links":{"self":[{"href":"https:\/\/elicrom.com\/index.php?rest_route=\/wp\/v2\/product\/128807","targetHints":{"allow":["GET"]}}],"collection":[{"href":"https:\/\/elicrom.com\/index.php?rest_route=\/wp\/v2\/product"}],"about":[{"href":"https:\/\/elicrom.com\/index.php?rest_route=\/wp\/v2\/types\/product"}],"replies":[{"embeddable":true,"href":"https:\/\/elicrom.com\/index.php?rest_route=%2Fwp%2Fv2%2Fcomments&post=128807"}],"wp:featuredmedia":[{"embeddable":true,"href":"https:\/\/elicrom.com\/index.php?rest_route=\/wp\/v2\/media\/142267"}],"wp:attachment":[{"href":"https:\/\/elicrom.com\/index.php?rest_route=%2Fwp%2Fv2%2Fmedia&parent=128807"}],"wp:term":[{"taxonomy":"product_brand","embeddable":true,"href":"https:\/\/elicrom.com\/index.php?rest_route=%2Fwp%2Fv2%2Fproduct_brand&post=128807"},{"taxonomy":"product_cat","embeddable":true,"href":"https:\/\/elicrom.com\/index.php?rest_route=%2Fwp%2Fv2%2Fproduct_cat&post=128807"},{"taxonomy":"product_tag","embeddable":true,"href":"https:\/\/elicrom.com\/index.php?rest_route=%2Fwp%2Fv2%2Fproduct_tag&post=128807"}],"curies":[{"name":"wp","href":"https:\/\/api.w.org\/{rel}","templated":true}]}}