{"id":127239,"date":"2022-09-05T02:38:55","date_gmt":"2022-09-05T02:38:55","guid":{"rendered":"https:\/\/elicrom.com\/?post_type=product&#038;p=127239"},"modified":"2022-09-05T02:38:55","modified_gmt":"2022-09-05T02:38:55","slug":"33131-multimetro-pequeno-ut33b","status":"publish","type":"product","link":"https:\/\/elicrom.com\/?product=33131-multimetro-pequeno-ut33b","title":{"rendered":"Mult\u00edmetro peque\u00f1o  UT33B+"},"content":{"rendered":"<p>Esta serie redefine los est\u00e1ndares de desempe\u00f1o de nivel de entrada de los mult\u00edmetros digitales.<\/p>\n<p>Caracter\u00edsticas t\u00e9cnicas:<br \/>\nVoltaje de CC (V):  200mV\/2V\/20V\/200V\/600V    \u00b1 (0,5%+2)<br \/>\nVoltaje de CA (V): 200V\/600V                               \u00b1 (1,2%+3)<br \/>\nCorriente continua (A): 200\u03bcA\/200mA\/10A           \u00b1 (1%+2)<br \/>\nResistencia (\u03a9): 200\u03a9\/2k\u03a9\/20k\u03a9 \/200k\u03a9\/20M\u03a9   \u00b1 (0,8%+2)<br \/>\nBater\u00eda de 1,5 V (R03) x 2<\/p>\n","protected":false},"excerpt":{"rendered":"<p>Esta serie redefine los est\u00e1ndares de desempe\u00f1o de nivel de entrada de los mult\u00edmetros digitales. Caracter\u00edsticas t\u00e9cnicas: Voltaje de CC (V): 200mV\/2V\/20V\/200V\/600V \u00b1 (0,5%+2) Voltaje de CA (V): 200V\/600V \u00b1<\/p>\n","protected":false},"featured_media":135991,"comment_status":"open","ping_status":"closed","template":"","meta":{"_acf_changed":false},"product_brand":[],"product_cat":[1,3501,3453,1950,3454,3534],"product_tag":[],"class_list":{"0":"post-127239","1":"product","2":"type-product","3":"status-publish","4":"has-post-thumbnail","6":"product_cat-uncategorized","7":"product_cat-Equipos-Uni-trend","8":"product_cat-Equipos-y-materiales-elctricos","9":"product_cat-instrumentacion-menu","10":"product_cat-Multmetros","11":"product_cat-Multmetros1_05092022101729","13":"first","14":"instock","15":"taxable","16":"shipping-taxable","17":"purchasable","18":"product-type-simple"},"acf":[],"aioseo_notices":[],"_links":{"self":[{"href":"https:\/\/elicrom.com\/index.php?rest_route=\/wp\/v2\/product\/127239","targetHints":{"allow":["GET"]}}],"collection":[{"href":"https:\/\/elicrom.com\/index.php?rest_route=\/wp\/v2\/product"}],"about":[{"href":"https:\/\/elicrom.com\/index.php?rest_route=\/wp\/v2\/types\/product"}],"replies":[{"embeddable":true,"href":"https:\/\/elicrom.com\/index.php?rest_route=%2Fwp%2Fv2%2Fcomments&post=127239"}],"wp:featuredmedia":[{"embeddable":true,"href":"https:\/\/elicrom.com\/index.php?rest_route=\/wp\/v2\/media\/135991"}],"wp:attachment":[{"href":"https:\/\/elicrom.com\/index.php?rest_route=%2Fwp%2Fv2%2Fmedia&parent=127239"}],"wp:term":[{"taxonomy":"product_brand","embeddable":true,"href":"https:\/\/elicrom.com\/index.php?rest_route=%2Fwp%2Fv2%2Fproduct_brand&post=127239"},{"taxonomy":"product_cat","embeddable":true,"href":"https:\/\/elicrom.com\/index.php?rest_route=%2Fwp%2Fv2%2Fproduct_cat&post=127239"},{"taxonomy":"product_tag","embeddable":true,"href":"https:\/\/elicrom.com\/index.php?rest_route=%2Fwp%2Fv2%2Fproduct_tag&post=127239"}],"curies":[{"name":"wp","href":"https:\/\/api.w.org\/{rel}","templated":true}]}}