
{"id":123937,"date":"2022-09-05T00:18:26","date_gmt":"2022-09-05T00:18:26","guid":{"rendered":"https:\/\/elicrom.com\/?post_type=product&#038;p=123937"},"modified":"2022-09-05T00:18:26","modified_gmt":"2022-09-05T00:18:26","slug":"31379-balanza-plataforma-de-300x005-kg-65x50x14-cm-con-usb","status":"publish","type":"product","link":"https:\/\/elicrom.com\/?product=31379-balanza-plataforma-de-300x005-kg-65x50x14-cm-con-usb","title":{"rendered":"Balanza plataforma de 300&#215;0.05 kg, 65x50x14 cm, con USB"},"content":{"rendered":"<p>Las b\u00e1sculas de sobremesa Puro\u00ae son una soluci\u00f3n de pesaje multifuncional para diversas necesidades de pesaje industrial.<\/p>\n<p>Especificaciones:<br \/>\nIndicador:<br \/>\n-Capacidad: 300 kg<br \/>\n-Resoluci\u00f3n: 0.05 kg<br \/>\n-Unidades de pesaje kg, g, lb, oz, lb:oz<br \/>\n-Nivel de \u00edndice de protecci\u00f3n IP43<br \/>\n-Pantalla LCD con luz de fondo blanca, altura 35 mm\/1,4 pulgadas, 6 d\u00edgitos, 14 segmentos<br \/>\n-Indicadores de pesaje de control 3 led (amarilla, verde, roja) con funcionamiento configurable y pitido de alerta<br \/>\n-Teclado 5 teclas mec\u00e1nicas<br \/>\n-Rango Zero 2 % o 10 % de capacidad de pesaje<br \/>\n-Rango Tara Capacidad completa por resta<br \/>\n-Tiempo de estabilizado 1 segundo<br \/>\n-Puesta a cero autom\u00e1ticas Desactivada, divisiones de 0,5, 1 o 3<br \/>\n-Alimentaci\u00f3n Adaptador de 100\u2013240 V &#8211; 50\/60 Hz CA o bater\u00eda de litio interna recargable<br \/>\n-Funcionamiento de la bater\u00eda Hasta 500 horas de funcionamiento entre recargas, con tiempos de recarga de 12 horas<br \/>\n-Calibraci\u00f3n Externa, con pesa de calibraci\u00f3n<br \/>\n-Interfaz USB-C, USB-A, RS232 incorporado<br \/>\n-Temperatura de funcionamiento -10 \u00b0C a 40 \u00b0C<br \/>\n-Dimensiones del producto en mm 230 \u00d7 128 \u00d7 57 mm (An \u00d7 P \u00d7 Al)<\/p>\n<p>Plataforma:<br \/>\n-Dimensi\u00f3n en mm: 650 x 500 x 145 mm (Altura de la columna: 600 mm)<br \/>\n-Temperatura de funcionamiento -10 \u00b0C a 40 \u00b0C<br \/>\n-Sobrecarga segura 150 % de capacidad m\u00e1xima nominal<br \/>\n-Componentes de nivelaci\u00f3n Indicador de nivel visible desde el exterior con pies de nivelaci\u00f3n ajustables<br \/>\nCertificaci\u00f3n de compatibilidad electromagn\u00e9tica: FCC Parte 15, Clase B, IEC 61326-1 (emisiones Clase B, requisitos de inmunidad industriales)<\/p>\n<p>&#8211; Aplicaciones del indicador: Pesaje, Contaje, Pesaje de control, Control de contaje, Calculo de Totales<\/p>\n","protected":false},"excerpt":{"rendered":"<p>Las b\u00e1sculas de sobremesa Puro\u00ae son una soluci\u00f3n de pesaje multifuncional para diversas necesidades de pesaje industrial. Especificaciones: Indicador: -Capacidad: 300 kg -Resoluci\u00f3n: 0.05 kg -Unidades de pesaje kg, g,<\/p>\n","protected":false},"featured_media":139409,"comment_status":"open","ping_status":"closed","template":"","meta":[],"product_brand":[],"product_cat":[3329,3344,1],"product_tag":[],"class_list":{"0":"post-123937","1":"product","2":"type-product","3":"status-publish","4":"has-post-thumbnail","6":"product_cat-Balanzas","7":"product_cat-de-plataforma","8":"product_cat-uncategorized","10":"first","11":"outofstock","12":"taxable","13":"shipping-taxable","14":"purchasable","15":"product-type-simple"},"aioseo_notices":[],"yoast_head":"<!-- This site is optimized with the Yoast SEO Premium plugin v27.4 (Yoast SEO v27.5) - https:\/\/yoast.com\/product\/yoast-seo-premium-wordpress\/ -->\n<title>Balanza plataforma de 300x0.05 kg, 65x50x14 cm, con USB - ELICROM<\/title>\n<meta name=\"robots\" content=\"index, follow, max-snippet:-1, max-image-preview:large, max-video-preview:-1\" \/>\n<link rel=\"canonical\" href=\"https:\/\/elicrom.com\/?product=31379\" \/>\n<meta property=\"og:locale\" content=\"es_ES\" \/>\n<meta property=\"og:type\" content=\"article\" \/>\n<meta property=\"og:title\" content=\"Balanza plataforma de 300x0.05 kg, 65x50x14 cm, con USB\" \/>\n<meta property=\"og:description\" content=\"Las b\u00e1sculas de sobremesa Puro\u00ae son una soluci\u00f3n de pesaje multifuncional para diversas necesidades de pesaje industrial. Especificaciones: Indicador: -Capacidad: 300 kg -Resoluci\u00f3n: 0.05 kg -Unidades de pesaje kg, g,\" \/>\n<meta property=\"og:url\" content=\"https:\/\/elicrom.com\/?product=31379\" \/>\n<meta property=\"og:site_name\" content=\"ELICROM\" \/>\n<meta property=\"article:publisher\" content=\"https:\/\/www.facebook.com\/elicromlatam\" \/>\n<meta name=\"twitter:card\" content=\"summary_large_image\" \/>\n<meta name=\"twitter:label1\" content=\"Tiempo de lectura\" \/>\n\t<meta name=\"twitter:data1\" content=\"1 minuto\" \/>\n<script type=\"application\/ld+json\" class=\"yoast-schema-graph\">{\"@context\":\"https:\\\/\\\/schema.org\",\"@graph\":[{\"@type\":\"WebPage\",\"@id\":\"https:\\\/\\\/elicrom.com\\\/?product=31379\",\"url\":\"https:\\\/\\\/elicrom.com\\\/?product=31379\",\"name\":\"Balanza plataforma de 300x0.05 kg, 65x50x14 cm, con USB - ELICROM\",\"isPartOf\":{\"@id\":\"https:\\\/\\\/elicrom.com\\\/#website\"},\"primaryImageOfPage\":{\"@id\":\"https:\\\/\\\/elicrom.com\\\/?product=31379#primaryimage\"},\"image\":{\"@id\":\"https:\\\/\\\/elicrom.com\\\/?product=31379#primaryimage\"},\"thumbnailUrl\":\"https:\\\/\\\/elicrom.com\\\/wp-content\\\/uploads\\\/2022\\\/12\\\/31379-0.jpg\",\"datePublished\":\"2022-09-05T00:18:26+00:00\",\"breadcrumb\":{\"@id\":\"https:\\\/\\\/elicrom.com\\\/?product=31379#breadcrumb\"},\"inLanguage\":\"es\",\"potentialAction\":[{\"@type\":\"ReadAction\",\"target\":[\"https:\\\/\\\/elicrom.com\\\/?product=31379\"]}]},{\"@type\":\"ImageObject\",\"inLanguage\":\"es\",\"@id\":\"https:\\\/\\\/elicrom.com\\\/?product=31379#primaryimage\",\"url\":\"https:\\\/\\\/elicrom.com\\\/wp-content\\\/uploads\\\/2022\\\/12\\\/31379-0.jpg\",\"contentUrl\":\"https:\\\/\\\/elicrom.com\\\/wp-content\\\/uploads\\\/2022\\\/12\\\/31379-0.jpg\",\"width\":800,\"height\":800},{\"@type\":\"BreadcrumbList\",\"@id\":\"https:\\\/\\\/elicrom.com\\\/?product=31379#breadcrumb\",\"itemListElement\":[{\"@type\":\"ListItem\",\"position\":1,\"name\":\"Portada\",\"item\":\"https:\\\/\\\/elicrom.com\\\/\"},{\"@type\":\"ListItem\",\"position\":2,\"name\":\"Tienda en L\u00ednea\",\"item\":\"https:\\\/\\\/elicrom.com\\\/?page_id=3853\"},{\"@type\":\"ListItem\",\"position\":3,\"name\":\"Balanza plataforma de 300&#215;0.05 kg, 65x50x14 cm, con USB\"}]},{\"@type\":\"WebSite\",\"@id\":\"https:\\\/\\\/elicrom.com\\\/#website\",\"url\":\"https:\\\/\\\/elicrom.com\\\/\",\"name\":\"ELICROM\",\"description\":\"Especializados en actividades espec\u00edficas como son las \u00e1reas de Metrolog\u00eda, Medio Ambiente, Validaciones, Mantenimiento de Equipos de Laboratorio y Construcci\u00f3n\\\/Reformas de Laboratorios.\",\"publisher\":{\"@id\":\"https:\\\/\\\/elicrom.com\\\/#organization\"},\"potentialAction\":[{\"@type\":\"SearchAction\",\"target\":{\"@type\":\"EntryPoint\",\"urlTemplate\":\"https:\\\/\\\/elicrom.com\\\/?s={search_term_string}\"},\"query-input\":{\"@type\":\"PropertyValueSpecification\",\"valueRequired\":true,\"valueName\":\"search_term_string\"}}],\"inLanguage\":\"es\"},{\"@type\":[\"Organization\",\"Place\"],\"@id\":\"https:\\\/\\\/elicrom.com\\\/#organization\",\"name\":\"ELICROM CIA. LTDA.\",\"url\":\"https:\\\/\\\/elicrom.com\\\/\",\"logo\":{\"@id\":\"https:\\\/\\\/elicrom.com\\\/?product=31379#local-main-organization-logo\"},\"image\":{\"@id\":\"https:\\\/\\\/elicrom.com\\\/?product=31379#local-main-organization-logo\"},\"sameAs\":[\"https:\\\/\\\/www.facebook.com\\\/elicromlatam\",\"https:\\\/\\\/www.linkedin.com\\\/company\\\/elicrom-cia-ltda\\\/\",\"https:\\\/\\\/www.instagram.com\\\/elicromlatam\\\/\",\"https:\\\/\\\/www.youtube.com\\\/channel\\\/UCdxnNtnb97QtSjABhpwY4Pw\"],\"telephone\":[],\"openingHoursSpecification\":[{\"@type\":\"OpeningHoursSpecification\",\"dayOfWeek\":[\"Monday\",\"Tuesday\",\"Wednesday\",\"Thursday\",\"Friday\",\"Saturday\",\"Sunday\"],\"opens\":\"09:00\",\"closes\":\"17:00\"}]},{\"@type\":\"ImageObject\",\"inLanguage\":\"es\",\"@id\":\"https:\\\/\\\/elicrom.com\\\/?product=31379#local-main-organization-logo\",\"url\":\"https:\\\/\\\/elicrom.com\\\/wp-content\\\/uploads\\\/2026\\\/04\\\/logo-elicrom200X200.jpg\",\"contentUrl\":\"https:\\\/\\\/elicrom.com\\\/wp-content\\\/uploads\\\/2026\\\/04\\\/logo-elicrom200X200.jpg\",\"width\":200,\"height\":200,\"caption\":\"ELICROM CIA. LTDA.\"}]}<\/script>\n<!-- \/ Yoast SEO Premium plugin. -->","yoast_head_json":{"title":"Balanza plataforma de 300x0.05 kg, 65x50x14 cm, con USB - ELICROM","robots":{"index":"index","follow":"follow","max-snippet":"max-snippet:-1","max-image-preview":"max-image-preview:large","max-video-preview":"max-video-preview:-1"},"canonical":"https:\/\/elicrom.com\/?product=31379","og_locale":"es_ES","og_type":"article","og_title":"Balanza plataforma de 300x0.05 kg, 65x50x14 cm, con USB","og_description":"Las b\u00e1sculas de sobremesa Puro\u00ae son una soluci\u00f3n de pesaje multifuncional para diversas necesidades de pesaje industrial. Especificaciones: Indicador: -Capacidad: 300 kg -Resoluci\u00f3n: 0.05 kg -Unidades de pesaje kg, g,","og_url":"https:\/\/elicrom.com\/?product=31379","og_site_name":"ELICROM","article_publisher":"https:\/\/www.facebook.com\/elicromlatam","twitter_card":"summary_large_image","twitter_misc":{"Tiempo de lectura":"1 minuto"},"schema":{"@context":"https:\/\/schema.org","@graph":[{"@type":"WebPage","@id":"https:\/\/elicrom.com\/?product=31379","url":"https:\/\/elicrom.com\/?product=31379","name":"Balanza plataforma de 300x0.05 kg, 65x50x14 cm, con USB - ELICROM","isPartOf":{"@id":"https:\/\/elicrom.com\/#website"},"primaryImageOfPage":{"@id":"https:\/\/elicrom.com\/?product=31379#primaryimage"},"image":{"@id":"https:\/\/elicrom.com\/?product=31379#primaryimage"},"thumbnailUrl":"https:\/\/elicrom.com\/wp-content\/uploads\/2022\/12\/31379-0.jpg","datePublished":"2022-09-05T00:18:26+00:00","breadcrumb":{"@id":"https:\/\/elicrom.com\/?product=31379#breadcrumb"},"inLanguage":"es","potentialAction":[{"@type":"ReadAction","target":["https:\/\/elicrom.com\/?product=31379"]}]},{"@type":"ImageObject","inLanguage":"es","@id":"https:\/\/elicrom.com\/?product=31379#primaryimage","url":"https:\/\/elicrom.com\/wp-content\/uploads\/2022\/12\/31379-0.jpg","contentUrl":"https:\/\/elicrom.com\/wp-content\/uploads\/2022\/12\/31379-0.jpg","width":800,"height":800},{"@type":"BreadcrumbList","@id":"https:\/\/elicrom.com\/?product=31379#breadcrumb","itemListElement":[{"@type":"ListItem","position":1,"name":"Portada","item":"https:\/\/elicrom.com\/"},{"@type":"ListItem","position":2,"name":"Tienda en L\u00ednea","item":"https:\/\/elicrom.com\/?page_id=3853"},{"@type":"ListItem","position":3,"name":"Balanza plataforma de 300&#215;0.05 kg, 65x50x14 cm, con USB"}]},{"@type":"WebSite","@id":"https:\/\/elicrom.com\/#website","url":"https:\/\/elicrom.com\/","name":"ELICROM","description":"Especializados en actividades espec\u00edficas como son las \u00e1reas de Metrolog\u00eda, Medio Ambiente, Validaciones, Mantenimiento de Equipos de Laboratorio y Construcci\u00f3n\/Reformas de Laboratorios.","publisher":{"@id":"https:\/\/elicrom.com\/#organization"},"potentialAction":[{"@type":"SearchAction","target":{"@type":"EntryPoint","urlTemplate":"https:\/\/elicrom.com\/?s={search_term_string}"},"query-input":{"@type":"PropertyValueSpecification","valueRequired":true,"valueName":"search_term_string"}}],"inLanguage":"es"},{"@type":["Organization","Place"],"@id":"https:\/\/elicrom.com\/#organization","name":"ELICROM CIA. LTDA.","url":"https:\/\/elicrom.com\/","logo":{"@id":"https:\/\/elicrom.com\/?product=31379#local-main-organization-logo"},"image":{"@id":"https:\/\/elicrom.com\/?product=31379#local-main-organization-logo"},"sameAs":["https:\/\/www.facebook.com\/elicromlatam","https:\/\/www.linkedin.com\/company\/elicrom-cia-ltda\/","https:\/\/www.instagram.com\/elicromlatam\/","https:\/\/www.youtube.com\/channel\/UCdxnNtnb97QtSjABhpwY4Pw"],"telephone":[],"openingHoursSpecification":[{"@type":"OpeningHoursSpecification","dayOfWeek":["Monday","Tuesday","Wednesday","Thursday","Friday","Saturday","Sunday"],"opens":"09:00","closes":"17:00"}]},{"@type":"ImageObject","inLanguage":"es","@id":"https:\/\/elicrom.com\/?product=31379#local-main-organization-logo","url":"https:\/\/elicrom.com\/wp-content\/uploads\/2026\/04\/logo-elicrom200X200.jpg","contentUrl":"https:\/\/elicrom.com\/wp-content\/uploads\/2026\/04\/logo-elicrom200X200.jpg","width":200,"height":200,"caption":"ELICROM CIA. LTDA."}]}},"_links":{"self":[{"href":"https:\/\/elicrom.com\/index.php?rest_route=\/wp\/v2\/product\/123937","targetHints":{"allow":["GET"]}}],"collection":[{"href":"https:\/\/elicrom.com\/index.php?rest_route=\/wp\/v2\/product"}],"about":[{"href":"https:\/\/elicrom.com\/index.php?rest_route=\/wp\/v2\/types\/product"}],"replies":[{"embeddable":true,"href":"https:\/\/elicrom.com\/index.php?rest_route=%2Fwp%2Fv2%2Fcomments&post=123937"}],"wp:featuredmedia":[{"embeddable":true,"href":"https:\/\/elicrom.com\/index.php?rest_route=\/wp\/v2\/media\/139409"}],"wp:attachment":[{"href":"https:\/\/elicrom.com\/index.php?rest_route=%2Fwp%2Fv2%2Fmedia&parent=123937"}],"wp:term":[{"taxonomy":"product_brand","embeddable":true,"href":"https:\/\/elicrom.com\/index.php?rest_route=%2Fwp%2Fv2%2Fproduct_brand&post=123937"},{"taxonomy":"product_cat","embeddable":true,"href":"https:\/\/elicrom.com\/index.php?rest_route=%2Fwp%2Fv2%2Fproduct_cat&post=123937"},{"taxonomy":"product_tag","embeddable":true,"href":"https:\/\/elicrom.com\/index.php?rest_route=%2Fwp%2Fv2%2Fproduct_tag&post=123937"}],"curies":[{"name":"wp","href":"https:\/\/api.w.org\/{rel}","templated":true}]}}