
{"id":121311,"date":"2022-09-04T19:03:17","date_gmt":"2022-09-04T19:03:17","guid":{"rendered":"https:\/\/elicrom.com\/?post_type=product&#038;p=121311"},"modified":"2022-09-04T19:03:17","modified_gmt":"2022-09-04T19:03:17","slug":"29955-balanza-de-precision-30x0001-kg-2118-cm-con-usb","status":"publish","type":"product","link":"https:\/\/elicrom.com\/?product=29955-balanza-de-precision-30x0001-kg-2118-cm-con-usb","title":{"rendered":"Balanza de precisi\u00f3n 30&#215;0.001 kg, 21\u00d718 cm, con USB"},"content":{"rendered":"<p>Especificaciones:<br \/>\n-Modelo: Smallflat<br \/>\n-Capacidad: 30 kg<br \/>\n-Resoluci\u00f3n: 0,001 kg<br \/>\n-Protecci\u00f3n: IP43<br \/>\n-Unidades de pesaje kg, g, lb, oz, lb:oz<br \/>\n-Tama\u00f1o de la plataforma: 218 \u00d7 180 mm (ancho \u00d7 largo)<br \/>\n-USB-C, USB-A incorporado<br \/>\n-Pantalla LCD con luz de fondo blanca, altura 35 mm\/1,4 pulgadas, 6 d\u00edgitos, 14 segmentos<br \/>\n-Estabilizaci\u00f3n Instant\u00e1nea<br \/>\n-Clase de protecci\u00f3n: IP43<br \/>\n-Materia: Carcasa de pl\u00e1stico ABS, plataforma de pesaje de acero inoxidable 304<br \/>\n-Indicadores de pesaje de control 3 led (amarilla, verde, roja) funci\u00f3n configurable, se\u00f1al de alarma ac\u00fastica<br \/>\n-Alimentaci\u00f3n: UCC = 5 V, 2 A, fuente de alimentaci\u00f3n o bater\u00eda de litio recargable port\u00e1til<br \/>\n-Funcionamiento de la bater\u00eda: Hasta 500 horas de funcionamiento continuo entre recargas, con tiempos de recarga de 12 horas<br \/>\n-Calibraci\u00f3n Externa: con pesa de calibraci\u00f3n<br \/>\n-Interfaz: USB-C, USB-A incorporado<br \/>\n-Dimensi\u00f3n en mm: 246 x 302 x 90<br \/>\n-Temperatura de funcionamiento-10 \u00b0C a 40 \u00b0C<br \/>\n-Dimensiones del producto: 246 \u00d7 302 \u00d7 107 mm (An \u00d7 P \u00d7 Al)<br \/>\n-Tama\u00f1o de la plataforma: 218 \u00d7 180 mm (An \u00d7 L)<\/p>\n<p>Aplicaciones:<br \/>\nPesaje, Tara autom\u00e1tica, C\u00e1lculo de totales, Impresi\u00f3n autom\u00e1tica<\/p>\n","protected":false},"excerpt":{"rendered":"<p>Especificaciones: -Modelo: Smallflat -Capacidad: 30 kg -Resoluci\u00f3n: 0,001 kg -Protecci\u00f3n: IP43 -Unidades de pesaje kg, g, lb, oz, lb:oz -Tama\u00f1o de la plataforma: 218 \u00d7 180 mm (ancho \u00d7 largo)<\/p>\n","protected":false},"featured_media":139396,"comment_status":"open","ping_status":"closed","template":"","meta":[],"product_brand":[],"product_cat":[3329,3347,1],"product_tag":[],"class_list":{"0":"post-121311","1":"product","2":"type-product","3":"status-publish","4":"has-post-thumbnail","6":"product_cat-Balanzas","7":"product_cat-De-precisin","8":"product_cat-uncategorized","10":"first","11":"instock","12":"taxable","13":"shipping-taxable","14":"product-type-simple"},"aioseo_notices":[],"yoast_head":"<!-- This site is optimized with the Yoast SEO Premium plugin v27.4 (Yoast SEO v27.5) - https:\/\/yoast.com\/product\/yoast-seo-premium-wordpress\/ -->\n<title>Balanza de precisi\u00f3n 30x0.001 kg, 21\u00d718 cm, con USB - ELICROM<\/title>\n<meta name=\"robots\" content=\"index, follow, max-snippet:-1, max-image-preview:large, max-video-preview:-1\" \/>\n<link rel=\"canonical\" href=\"https:\/\/elicrom.com\/?product=29955\" \/>\n<meta property=\"og:locale\" content=\"es_ES\" \/>\n<meta property=\"og:type\" content=\"article\" \/>\n<meta property=\"og:title\" content=\"Balanza de precisi\u00f3n 30x0.001 kg, 21\u00d718 cm, con USB\" \/>\n<meta property=\"og:description\" content=\"Especificaciones: -Modelo: Smallflat -Capacidad: 30 kg -Resoluci\u00f3n: 0,001 kg -Protecci\u00f3n: IP43 -Unidades de pesaje kg, g, lb, oz, lb:oz -Tama\u00f1o de la plataforma: 218 \u00d7 180 mm (ancho \u00d7 largo)\" \/>\n<meta property=\"og:url\" content=\"https:\/\/elicrom.com\/?product=29955\" \/>\n<meta property=\"og:site_name\" content=\"ELICROM\" \/>\n<meta property=\"article:publisher\" content=\"https:\/\/www.facebook.com\/elicromlatam\" \/>\n<meta name=\"twitter:card\" content=\"summary_large_image\" \/>\n<meta name=\"twitter:label1\" content=\"Tiempo de lectura\" \/>\n\t<meta name=\"twitter:data1\" content=\"1 minuto\" \/>\n<script type=\"application\/ld+json\" class=\"yoast-schema-graph\">{\"@context\":\"https:\\\/\\\/schema.org\",\"@graph\":[{\"@type\":\"WebPage\",\"@id\":\"https:\\\/\\\/elicrom.com\\\/?product=29955\",\"url\":\"https:\\\/\\\/elicrom.com\\\/?product=29955\",\"name\":\"Balanza de precisi\u00f3n 30x0.001 kg, 21\u00d718 cm, con USB - ELICROM\",\"isPartOf\":{\"@id\":\"https:\\\/\\\/elicrom.com\\\/#website\"},\"primaryImageOfPage\":{\"@id\":\"https:\\\/\\\/elicrom.com\\\/?product=29955#primaryimage\"},\"image\":{\"@id\":\"https:\\\/\\\/elicrom.com\\\/?product=29955#primaryimage\"},\"thumbnailUrl\":\"https:\\\/\\\/elicrom.com\\\/wp-content\\\/uploads\\\/2022\\\/12\\\/29955-0.jpg\",\"datePublished\":\"2022-09-04T19:03:17+00:00\",\"breadcrumb\":{\"@id\":\"https:\\\/\\\/elicrom.com\\\/?product=29955#breadcrumb\"},\"inLanguage\":\"es\",\"potentialAction\":[{\"@type\":\"ReadAction\",\"target\":[\"https:\\\/\\\/elicrom.com\\\/?product=29955\"]}]},{\"@type\":\"ImageObject\",\"inLanguage\":\"es\",\"@id\":\"https:\\\/\\\/elicrom.com\\\/?product=29955#primaryimage\",\"url\":\"https:\\\/\\\/elicrom.com\\\/wp-content\\\/uploads\\\/2022\\\/12\\\/29955-0.jpg\",\"contentUrl\":\"https:\\\/\\\/elicrom.com\\\/wp-content\\\/uploads\\\/2022\\\/12\\\/29955-0.jpg\",\"width\":800,\"height\":800},{\"@type\":\"BreadcrumbList\",\"@id\":\"https:\\\/\\\/elicrom.com\\\/?product=29955#breadcrumb\",\"itemListElement\":[{\"@type\":\"ListItem\",\"position\":1,\"name\":\"Portada\",\"item\":\"https:\\\/\\\/elicrom.com\\\/\"},{\"@type\":\"ListItem\",\"position\":2,\"name\":\"Tienda en L\u00ednea\",\"item\":\"https:\\\/\\\/elicrom.com\\\/?page_id=3853\"},{\"@type\":\"ListItem\",\"position\":3,\"name\":\"Balanza de precisi\u00f3n 30&#215;0.001 kg, 21\u00d718 cm, con USB\"}]},{\"@type\":\"WebSite\",\"@id\":\"https:\\\/\\\/elicrom.com\\\/#website\",\"url\":\"https:\\\/\\\/elicrom.com\\\/\",\"name\":\"ELICROM\",\"description\":\"Especializados en actividades espec\u00edficas como son las \u00e1reas de Metrolog\u00eda, Medio Ambiente, Validaciones, Mantenimiento de Equipos de Laboratorio y Construcci\u00f3n\\\/Reformas de Laboratorios.\",\"publisher\":{\"@id\":\"https:\\\/\\\/elicrom.com\\\/#organization\"},\"potentialAction\":[{\"@type\":\"SearchAction\",\"target\":{\"@type\":\"EntryPoint\",\"urlTemplate\":\"https:\\\/\\\/elicrom.com\\\/?s={search_term_string}\"},\"query-input\":{\"@type\":\"PropertyValueSpecification\",\"valueRequired\":true,\"valueName\":\"search_term_string\"}}],\"inLanguage\":\"es\"},{\"@type\":[\"Organization\",\"Place\"],\"@id\":\"https:\\\/\\\/elicrom.com\\\/#organization\",\"name\":\"ELICROM CIA. LTDA.\",\"url\":\"https:\\\/\\\/elicrom.com\\\/\",\"logo\":{\"@id\":\"https:\\\/\\\/elicrom.com\\\/?product=29955#local-main-organization-logo\"},\"image\":{\"@id\":\"https:\\\/\\\/elicrom.com\\\/?product=29955#local-main-organization-logo\"},\"sameAs\":[\"https:\\\/\\\/www.facebook.com\\\/elicromlatam\",\"https:\\\/\\\/www.linkedin.com\\\/company\\\/elicrom-cia-ltda\\\/\",\"https:\\\/\\\/www.instagram.com\\\/elicromlatam\\\/\",\"https:\\\/\\\/www.youtube.com\\\/channel\\\/UCdxnNtnb97QtSjABhpwY4Pw\"],\"telephone\":[],\"openingHoursSpecification\":[{\"@type\":\"OpeningHoursSpecification\",\"dayOfWeek\":[\"Monday\",\"Tuesday\",\"Wednesday\",\"Thursday\",\"Friday\",\"Saturday\",\"Sunday\"],\"opens\":\"09:00\",\"closes\":\"17:00\"}]},{\"@type\":\"ImageObject\",\"inLanguage\":\"es\",\"@id\":\"https:\\\/\\\/elicrom.com\\\/?product=29955#local-main-organization-logo\",\"url\":\"https:\\\/\\\/elicrom.com\\\/wp-content\\\/uploads\\\/2026\\\/04\\\/logo-elicrom200X200.jpg\",\"contentUrl\":\"https:\\\/\\\/elicrom.com\\\/wp-content\\\/uploads\\\/2026\\\/04\\\/logo-elicrom200X200.jpg\",\"width\":200,\"height\":200,\"caption\":\"ELICROM CIA. LTDA.\"}]}<\/script>\n<!-- \/ Yoast SEO Premium plugin. -->","yoast_head_json":{"title":"Balanza de precisi\u00f3n 30x0.001 kg, 21\u00d718 cm, con USB - ELICROM","robots":{"index":"index","follow":"follow","max-snippet":"max-snippet:-1","max-image-preview":"max-image-preview:large","max-video-preview":"max-video-preview:-1"},"canonical":"https:\/\/elicrom.com\/?product=29955","og_locale":"es_ES","og_type":"article","og_title":"Balanza de precisi\u00f3n 30x0.001 kg, 21\u00d718 cm, con USB","og_description":"Especificaciones: -Modelo: Smallflat -Capacidad: 30 kg -Resoluci\u00f3n: 0,001 kg -Protecci\u00f3n: IP43 -Unidades de pesaje kg, g, lb, oz, lb:oz -Tama\u00f1o de la plataforma: 218 \u00d7 180 mm (ancho \u00d7 largo)","og_url":"https:\/\/elicrom.com\/?product=29955","og_site_name":"ELICROM","article_publisher":"https:\/\/www.facebook.com\/elicromlatam","twitter_card":"summary_large_image","twitter_misc":{"Tiempo de lectura":"1 minuto"},"schema":{"@context":"https:\/\/schema.org","@graph":[{"@type":"WebPage","@id":"https:\/\/elicrom.com\/?product=29955","url":"https:\/\/elicrom.com\/?product=29955","name":"Balanza de precisi\u00f3n 30x0.001 kg, 21\u00d718 cm, con USB - ELICROM","isPartOf":{"@id":"https:\/\/elicrom.com\/#website"},"primaryImageOfPage":{"@id":"https:\/\/elicrom.com\/?product=29955#primaryimage"},"image":{"@id":"https:\/\/elicrom.com\/?product=29955#primaryimage"},"thumbnailUrl":"https:\/\/elicrom.com\/wp-content\/uploads\/2022\/12\/29955-0.jpg","datePublished":"2022-09-04T19:03:17+00:00","breadcrumb":{"@id":"https:\/\/elicrom.com\/?product=29955#breadcrumb"},"inLanguage":"es","potentialAction":[{"@type":"ReadAction","target":["https:\/\/elicrom.com\/?product=29955"]}]},{"@type":"ImageObject","inLanguage":"es","@id":"https:\/\/elicrom.com\/?product=29955#primaryimage","url":"https:\/\/elicrom.com\/wp-content\/uploads\/2022\/12\/29955-0.jpg","contentUrl":"https:\/\/elicrom.com\/wp-content\/uploads\/2022\/12\/29955-0.jpg","width":800,"height":800},{"@type":"BreadcrumbList","@id":"https:\/\/elicrom.com\/?product=29955#breadcrumb","itemListElement":[{"@type":"ListItem","position":1,"name":"Portada","item":"https:\/\/elicrom.com\/"},{"@type":"ListItem","position":2,"name":"Tienda en L\u00ednea","item":"https:\/\/elicrom.com\/?page_id=3853"},{"@type":"ListItem","position":3,"name":"Balanza de precisi\u00f3n 30&#215;0.001 kg, 21\u00d718 cm, con USB"}]},{"@type":"WebSite","@id":"https:\/\/elicrom.com\/#website","url":"https:\/\/elicrom.com\/","name":"ELICROM","description":"Especializados en actividades espec\u00edficas como son las \u00e1reas de Metrolog\u00eda, Medio Ambiente, Validaciones, Mantenimiento de Equipos de Laboratorio y Construcci\u00f3n\/Reformas de Laboratorios.","publisher":{"@id":"https:\/\/elicrom.com\/#organization"},"potentialAction":[{"@type":"SearchAction","target":{"@type":"EntryPoint","urlTemplate":"https:\/\/elicrom.com\/?s={search_term_string}"},"query-input":{"@type":"PropertyValueSpecification","valueRequired":true,"valueName":"search_term_string"}}],"inLanguage":"es"},{"@type":["Organization","Place"],"@id":"https:\/\/elicrom.com\/#organization","name":"ELICROM CIA. LTDA.","url":"https:\/\/elicrom.com\/","logo":{"@id":"https:\/\/elicrom.com\/?product=29955#local-main-organization-logo"},"image":{"@id":"https:\/\/elicrom.com\/?product=29955#local-main-organization-logo"},"sameAs":["https:\/\/www.facebook.com\/elicromlatam","https:\/\/www.linkedin.com\/company\/elicrom-cia-ltda\/","https:\/\/www.instagram.com\/elicromlatam\/","https:\/\/www.youtube.com\/channel\/UCdxnNtnb97QtSjABhpwY4Pw"],"telephone":[],"openingHoursSpecification":[{"@type":"OpeningHoursSpecification","dayOfWeek":["Monday","Tuesday","Wednesday","Thursday","Friday","Saturday","Sunday"],"opens":"09:00","closes":"17:00"}]},{"@type":"ImageObject","inLanguage":"es","@id":"https:\/\/elicrom.com\/?product=29955#local-main-organization-logo","url":"https:\/\/elicrom.com\/wp-content\/uploads\/2026\/04\/logo-elicrom200X200.jpg","contentUrl":"https:\/\/elicrom.com\/wp-content\/uploads\/2026\/04\/logo-elicrom200X200.jpg","width":200,"height":200,"caption":"ELICROM CIA. LTDA."}]}},"_links":{"self":[{"href":"https:\/\/elicrom.com\/index.php?rest_route=\/wp\/v2\/product\/121311","targetHints":{"allow":["GET"]}}],"collection":[{"href":"https:\/\/elicrom.com\/index.php?rest_route=\/wp\/v2\/product"}],"about":[{"href":"https:\/\/elicrom.com\/index.php?rest_route=\/wp\/v2\/types\/product"}],"replies":[{"embeddable":true,"href":"https:\/\/elicrom.com\/index.php?rest_route=%2Fwp%2Fv2%2Fcomments&post=121311"}],"wp:featuredmedia":[{"embeddable":true,"href":"https:\/\/elicrom.com\/index.php?rest_route=\/wp\/v2\/media\/139396"}],"wp:attachment":[{"href":"https:\/\/elicrom.com\/index.php?rest_route=%2Fwp%2Fv2%2Fmedia&parent=121311"}],"wp:term":[{"taxonomy":"product_brand","embeddable":true,"href":"https:\/\/elicrom.com\/index.php?rest_route=%2Fwp%2Fv2%2Fproduct_brand&post=121311"},{"taxonomy":"product_cat","embeddable":true,"href":"https:\/\/elicrom.com\/index.php?rest_route=%2Fwp%2Fv2%2Fproduct_cat&post=121311"},{"taxonomy":"product_tag","embeddable":true,"href":"https:\/\/elicrom.com\/index.php?rest_route=%2Fwp%2Fv2%2Fproduct_tag&post=121311"}],"curies":[{"name":"wp","href":"https:\/\/api.w.org\/{rel}","templated":true}]}}