
{"id":118595,"date":"2022-09-04T17:14:24","date_gmt":"2022-09-04T17:14:24","guid":{"rendered":"https:\/\/elicrom.com\/?post_type=product&#038;p=118595"},"modified":"2022-09-04T17:14:24","modified_gmt":"2022-09-04T17:14:24","slug":"28578-medidor-de-gas-cloro-si-100r-cl2","status":"publish","type":"product","link":"https:\/\/elicrom.com\/?product=28578-medidor-de-gas-cloro-si-100r-cl2","title":{"rendered":"Medidor de gas cloro SI-100R CL2"},"content":{"rendered":"<p>Especificaciones:<br \/>\n-Gas de medici\u00f3n: Cloro<br \/>\n-M\u00e9todo de medici\u00f3n: Celda electroqu\u00edmica<br \/>\n-Rango de medici\u00f3n: 0 ~ 5ppm<br \/>\n-Resoluci\u00f3n: 0.1 ppm<br \/>\n-Precisi\u00f3n: \u00b1 3% \/ escala completa<br \/>\n-Control de par\u00e1metros: Interruptor magn\u00e9tico frontal 3 (calibraci\u00f3n, mantenimiento, ajuste de alarma)<br \/>\n-Visualizaci\u00f3n del modo de funcionamiento Visual: Pantalla LCD de alarma, retroiluminaci\u00f3n LCD, 3 indicadores LED<br \/>\n-Pantalla de valor de medici\u00f3n Pantalla LCD digital (4 d\u00edgitos)<br \/>\n-Visualizaci\u00f3n de alarma Visual: pantalla de alarma LCD, retroiluminaci\u00f3n de LCD, LED indicador<br \/>\n-Se\u00f1al de salida de alarma: Contacto de rel\u00e9 (M\u00e1x.30 V CC, 5 A) cuando ocurri\u00f3 la alarma<br \/>\n-Nivel de alarma establecido: Programable dentro del rango de detecci\u00f3n<br \/>\n-Se\u00f1al de salida Anal\u00f3gica: 4-20 mA<br \/>\n-Conexi\u00f3n de conducto NPT 3\/4 &#8220;(2 v\u00edas)<br \/>\n-Tipo de montaje Montaje en pared<br \/>\n-Modo de configuraci\u00f3n de programa: Valor de alarma (alarma 1,2), tiempo de alarma (retardo @ instant\u00e1neo) 1 ~ 30 min, banda muerta de alarma, salida activada \/ desactivada<br \/>\n-Temperatura de funcionamiento -20\u00baC ~ + 55\u00baC<br \/>\n-Humedad de funcionamiento 5% a 95% RH (sin condensaci\u00f3n)<br \/>\n-Potencia de funcionamiento 9 ~ 34Vdc 600mA<br \/>\n-Material: Aluminio, acero inoxidable (STS304)<br \/>\n-Tama\u00f1o de LCD: 55 (W) \u00d7 30 (H) mm<br \/>\n-Dimensiones: 150 (W) \u00d7 165 (H) \u00d7 110 (D) mm<br \/>\n-Peso Tipo est\u00e1ndar: 1,9 kg<\/p>\n<p>Aprobaci\u00f3n:<br \/>\nATEX Ex d IIC T5 Gb IP65<br \/>\nCSA (bajo certificaci\u00f3n)<br \/>\nIECEx Ex d IIC T5 IP65<br \/>\nINMETRO Ex d IIC T5 Gb IP65 <\/p>\n<p>\t\t\tManual: <a href=\"https:\/\/elisa.elicrom.com\/documentos\/PRODUCTOS\/28001-29000\/28578\/manual_28578(1).pdf\" target=\"_blank\" >Ver archivo<\/a><br \/>\n\t\t\tDataSheet: <a href=\"https:\/\/elisa.elicrom.com\/documentos\/PRODUCTOS\/28001-29000\/28578\/data_28578(1).pdf\" target=\"_blank\" >Ver archivo<\/a><\/p>\n","protected":false},"excerpt":{"rendered":"<p>Especificaciones: -Gas de medici\u00f3n: Cloro -M\u00e9todo de medici\u00f3n: Celda electroqu\u00edmica -Rango de medici\u00f3n: 0 ~ 5ppm -Resoluci\u00f3n: 0.1 ppm -Precisi\u00f3n: \u00b1 3% \/ escala completa -Control de par\u00e1metros: Interruptor magn\u00e9tico<\/p>\n","protected":false},"featured_media":134183,"comment_status":"open","ping_status":"closed","template":"","meta":[],"product_brand":[],"product_cat":[3503,3514,1950],"product_tag":[],"class_list":{"0":"post-118595","1":"product","2":"type-product","3":"status-publish","4":"has-post-thumbnail","6":"product_cat-Analizadores-de-gases","7":"product_cat-Estacionarios","8":"product_cat-instrumentacion-menu","10":"first","11":"instock","12":"taxable","13":"shipping-taxable","14":"purchasable","15":"product-type-simple"},"aioseo_notices":[],"yoast_head":"<!-- This site is optimized with the Yoast SEO Premium plugin v27.4 (Yoast SEO v27.5) - https:\/\/yoast.com\/product\/yoast-seo-premium-wordpress\/ -->\n<title>Medidor de gas cloro SI-100R CL2 - ELICROM<\/title>\n<meta name=\"robots\" content=\"index, follow, max-snippet:-1, max-image-preview:large, max-video-preview:-1\" \/>\n<link rel=\"canonical\" href=\"https:\/\/elicrom.com\/?product=28578\" \/>\n<meta property=\"og:locale\" content=\"es_ES\" \/>\n<meta property=\"og:type\" content=\"article\" \/>\n<meta property=\"og:title\" content=\"Medidor de gas cloro SI-100R CL2\" \/>\n<meta property=\"og:description\" content=\"Especificaciones: -Gas de medici\u00f3n: Cloro -M\u00e9todo de medici\u00f3n: Celda electroqu\u00edmica -Rango de medici\u00f3n: 0 ~ 5ppm -Resoluci\u00f3n: 0.1 ppm -Precisi\u00f3n: \u00b1 3% \/ escala completa -Control de par\u00e1metros: Interruptor magn\u00e9tico\" \/>\n<meta property=\"og:url\" content=\"https:\/\/elicrom.com\/?product=28578\" \/>\n<meta property=\"og:site_name\" content=\"ELICROM\" \/>\n<meta property=\"article:publisher\" content=\"https:\/\/www.facebook.com\/elicromlatam\" \/>\n<meta property=\"og:image\" content=\"https:\/\/elicrom.com\/wp-content\/uploads\/2023\/03\/28578-0.jpeg\" \/>\n\t<meta property=\"og:image:width\" content=\"800\" \/>\n\t<meta property=\"og:image:height\" content=\"800\" \/>\n\t<meta property=\"og:image:type\" content=\"image\/jpeg\" \/>\n<meta name=\"twitter:card\" content=\"summary_large_image\" \/>\n<meta name=\"twitter:label1\" content=\"Tiempo de lectura\" \/>\n\t<meta name=\"twitter:data1\" content=\"1 minuto\" \/>\n<script type=\"application\/ld+json\" class=\"yoast-schema-graph\">{\"@context\":\"https:\\\/\\\/schema.org\",\"@graph\":[{\"@type\":\"WebPage\",\"@id\":\"https:\\\/\\\/elicrom.com\\\/?product=28578\",\"url\":\"https:\\\/\\\/elicrom.com\\\/?product=28578\",\"name\":\"Medidor de gas cloro SI-100R CL2 - ELICROM\",\"isPartOf\":{\"@id\":\"https:\\\/\\\/elicrom.com\\\/#website\"},\"primaryImageOfPage\":{\"@id\":\"https:\\\/\\\/elicrom.com\\\/?product=28578#primaryimage\"},\"image\":{\"@id\":\"https:\\\/\\\/elicrom.com\\\/?product=28578#primaryimage\"},\"thumbnailUrl\":\"https:\\\/\\\/elicrom.com\\\/wp-content\\\/uploads\\\/2023\\\/03\\\/28578-0.jpeg\",\"datePublished\":\"2022-09-04T17:14:24+00:00\",\"breadcrumb\":{\"@id\":\"https:\\\/\\\/elicrom.com\\\/?product=28578#breadcrumb\"},\"inLanguage\":\"es\",\"potentialAction\":[{\"@type\":\"ReadAction\",\"target\":[\"https:\\\/\\\/elicrom.com\\\/?product=28578\"]}]},{\"@type\":\"ImageObject\",\"inLanguage\":\"es\",\"@id\":\"https:\\\/\\\/elicrom.com\\\/?product=28578#primaryimage\",\"url\":\"https:\\\/\\\/elicrom.com\\\/wp-content\\\/uploads\\\/2023\\\/03\\\/28578-0.jpeg\",\"contentUrl\":\"https:\\\/\\\/elicrom.com\\\/wp-content\\\/uploads\\\/2023\\\/03\\\/28578-0.jpeg\",\"width\":800,\"height\":800},{\"@type\":\"BreadcrumbList\",\"@id\":\"https:\\\/\\\/elicrom.com\\\/?product=28578#breadcrumb\",\"itemListElement\":[{\"@type\":\"ListItem\",\"position\":1,\"name\":\"Portada\",\"item\":\"https:\\\/\\\/elicrom.com\\\/\"},{\"@type\":\"ListItem\",\"position\":2,\"name\":\"Tienda en L\u00ednea\",\"item\":\"https:\\\/\\\/elicrom.com\\\/?page_id=3853\"},{\"@type\":\"ListItem\",\"position\":3,\"name\":\"Medidor de gas cloro SI-100R CL2\"}]},{\"@type\":\"WebSite\",\"@id\":\"https:\\\/\\\/elicrom.com\\\/#website\",\"url\":\"https:\\\/\\\/elicrom.com\\\/\",\"name\":\"ELICROM\",\"description\":\"Especializados en actividades espec\u00edficas como son las \u00e1reas de Metrolog\u00eda, Medio Ambiente, Validaciones, Mantenimiento de Equipos de Laboratorio y Construcci\u00f3n\\\/Reformas de Laboratorios.\",\"publisher\":{\"@id\":\"https:\\\/\\\/elicrom.com\\\/#organization\"},\"potentialAction\":[{\"@type\":\"SearchAction\",\"target\":{\"@type\":\"EntryPoint\",\"urlTemplate\":\"https:\\\/\\\/elicrom.com\\\/?s={search_term_string}\"},\"query-input\":{\"@type\":\"PropertyValueSpecification\",\"valueRequired\":true,\"valueName\":\"search_term_string\"}}],\"inLanguage\":\"es\"},{\"@type\":[\"Organization\",\"Place\"],\"@id\":\"https:\\\/\\\/elicrom.com\\\/#organization\",\"name\":\"ELICROM CIA. LTDA.\",\"url\":\"https:\\\/\\\/elicrom.com\\\/\",\"logo\":{\"@id\":\"https:\\\/\\\/elicrom.com\\\/?product=28578#local-main-organization-logo\"},\"image\":{\"@id\":\"https:\\\/\\\/elicrom.com\\\/?product=28578#local-main-organization-logo\"},\"sameAs\":[\"https:\\\/\\\/www.facebook.com\\\/elicromlatam\",\"https:\\\/\\\/www.linkedin.com\\\/company\\\/elicrom-cia-ltda\\\/\",\"https:\\\/\\\/www.instagram.com\\\/elicromlatam\\\/\",\"https:\\\/\\\/www.youtube.com\\\/channel\\\/UCdxnNtnb97QtSjABhpwY4Pw\"],\"telephone\":[],\"openingHoursSpecification\":[{\"@type\":\"OpeningHoursSpecification\",\"dayOfWeek\":[\"Monday\",\"Tuesday\",\"Wednesday\",\"Thursday\",\"Friday\",\"Saturday\",\"Sunday\"],\"opens\":\"09:00\",\"closes\":\"17:00\"}]},{\"@type\":\"ImageObject\",\"inLanguage\":\"es\",\"@id\":\"https:\\\/\\\/elicrom.com\\\/?product=28578#local-main-organization-logo\",\"url\":\"https:\\\/\\\/elicrom.com\\\/wp-content\\\/uploads\\\/2026\\\/04\\\/logo-elicrom200X200.jpg\",\"contentUrl\":\"https:\\\/\\\/elicrom.com\\\/wp-content\\\/uploads\\\/2026\\\/04\\\/logo-elicrom200X200.jpg\",\"width\":200,\"height\":200,\"caption\":\"ELICROM CIA. LTDA.\"}]}<\/script>\n<!-- \/ Yoast SEO Premium plugin. -->","yoast_head_json":{"title":"Medidor de gas cloro SI-100R CL2 - ELICROM","robots":{"index":"index","follow":"follow","max-snippet":"max-snippet:-1","max-image-preview":"max-image-preview:large","max-video-preview":"max-video-preview:-1"},"canonical":"https:\/\/elicrom.com\/?product=28578","og_locale":"es_ES","og_type":"article","og_title":"Medidor de gas cloro SI-100R CL2","og_description":"Especificaciones: -Gas de medici\u00f3n: Cloro -M\u00e9todo de medici\u00f3n: Celda electroqu\u00edmica -Rango de medici\u00f3n: 0 ~ 5ppm -Resoluci\u00f3n: 0.1 ppm -Precisi\u00f3n: \u00b1 3% \/ escala completa -Control de par\u00e1metros: Interruptor magn\u00e9tico","og_url":"https:\/\/elicrom.com\/?product=28578","og_site_name":"ELICROM","article_publisher":"https:\/\/www.facebook.com\/elicromlatam","og_image":[{"width":800,"height":800,"url":"https:\/\/elicrom.com\/wp-content\/uploads\/2023\/03\/28578-0.jpeg","type":"image\/jpeg"}],"twitter_card":"summary_large_image","twitter_misc":{"Tiempo de lectura":"1 minuto"},"schema":{"@context":"https:\/\/schema.org","@graph":[{"@type":"WebPage","@id":"https:\/\/elicrom.com\/?product=28578","url":"https:\/\/elicrom.com\/?product=28578","name":"Medidor de gas cloro SI-100R CL2 - ELICROM","isPartOf":{"@id":"https:\/\/elicrom.com\/#website"},"primaryImageOfPage":{"@id":"https:\/\/elicrom.com\/?product=28578#primaryimage"},"image":{"@id":"https:\/\/elicrom.com\/?product=28578#primaryimage"},"thumbnailUrl":"https:\/\/elicrom.com\/wp-content\/uploads\/2023\/03\/28578-0.jpeg","datePublished":"2022-09-04T17:14:24+00:00","breadcrumb":{"@id":"https:\/\/elicrom.com\/?product=28578#breadcrumb"},"inLanguage":"es","potentialAction":[{"@type":"ReadAction","target":["https:\/\/elicrom.com\/?product=28578"]}]},{"@type":"ImageObject","inLanguage":"es","@id":"https:\/\/elicrom.com\/?product=28578#primaryimage","url":"https:\/\/elicrom.com\/wp-content\/uploads\/2023\/03\/28578-0.jpeg","contentUrl":"https:\/\/elicrom.com\/wp-content\/uploads\/2023\/03\/28578-0.jpeg","width":800,"height":800},{"@type":"BreadcrumbList","@id":"https:\/\/elicrom.com\/?product=28578#breadcrumb","itemListElement":[{"@type":"ListItem","position":1,"name":"Portada","item":"https:\/\/elicrom.com\/"},{"@type":"ListItem","position":2,"name":"Tienda en L\u00ednea","item":"https:\/\/elicrom.com\/?page_id=3853"},{"@type":"ListItem","position":3,"name":"Medidor de gas cloro SI-100R CL2"}]},{"@type":"WebSite","@id":"https:\/\/elicrom.com\/#website","url":"https:\/\/elicrom.com\/","name":"ELICROM","description":"Especializados en actividades espec\u00edficas como son las \u00e1reas de Metrolog\u00eda, Medio Ambiente, Validaciones, Mantenimiento de Equipos de Laboratorio y Construcci\u00f3n\/Reformas de Laboratorios.","publisher":{"@id":"https:\/\/elicrom.com\/#organization"},"potentialAction":[{"@type":"SearchAction","target":{"@type":"EntryPoint","urlTemplate":"https:\/\/elicrom.com\/?s={search_term_string}"},"query-input":{"@type":"PropertyValueSpecification","valueRequired":true,"valueName":"search_term_string"}}],"inLanguage":"es"},{"@type":["Organization","Place"],"@id":"https:\/\/elicrom.com\/#organization","name":"ELICROM CIA. LTDA.","url":"https:\/\/elicrom.com\/","logo":{"@id":"https:\/\/elicrom.com\/?product=28578#local-main-organization-logo"},"image":{"@id":"https:\/\/elicrom.com\/?product=28578#local-main-organization-logo"},"sameAs":["https:\/\/www.facebook.com\/elicromlatam","https:\/\/www.linkedin.com\/company\/elicrom-cia-ltda\/","https:\/\/www.instagram.com\/elicromlatam\/","https:\/\/www.youtube.com\/channel\/UCdxnNtnb97QtSjABhpwY4Pw"],"telephone":[],"openingHoursSpecification":[{"@type":"OpeningHoursSpecification","dayOfWeek":["Monday","Tuesday","Wednesday","Thursday","Friday","Saturday","Sunday"],"opens":"09:00","closes":"17:00"}]},{"@type":"ImageObject","inLanguage":"es","@id":"https:\/\/elicrom.com\/?product=28578#local-main-organization-logo","url":"https:\/\/elicrom.com\/wp-content\/uploads\/2026\/04\/logo-elicrom200X200.jpg","contentUrl":"https:\/\/elicrom.com\/wp-content\/uploads\/2026\/04\/logo-elicrom200X200.jpg","width":200,"height":200,"caption":"ELICROM CIA. LTDA."}]}},"_links":{"self":[{"href":"https:\/\/elicrom.com\/index.php?rest_route=\/wp\/v2\/product\/118595","targetHints":{"allow":["GET"]}}],"collection":[{"href":"https:\/\/elicrom.com\/index.php?rest_route=\/wp\/v2\/product"}],"about":[{"href":"https:\/\/elicrom.com\/index.php?rest_route=\/wp\/v2\/types\/product"}],"replies":[{"embeddable":true,"href":"https:\/\/elicrom.com\/index.php?rest_route=%2Fwp%2Fv2%2Fcomments&post=118595"}],"wp:featuredmedia":[{"embeddable":true,"href":"https:\/\/elicrom.com\/index.php?rest_route=\/wp\/v2\/media\/134183"}],"wp:attachment":[{"href":"https:\/\/elicrom.com\/index.php?rest_route=%2Fwp%2Fv2%2Fmedia&parent=118595"}],"wp:term":[{"taxonomy":"product_brand","embeddable":true,"href":"https:\/\/elicrom.com\/index.php?rest_route=%2Fwp%2Fv2%2Fproduct_brand&post=118595"},{"taxonomy":"product_cat","embeddable":true,"href":"https:\/\/elicrom.com\/index.php?rest_route=%2Fwp%2Fv2%2Fproduct_cat&post=118595"},{"taxonomy":"product_tag","embeddable":true,"href":"https:\/\/elicrom.com\/index.php?rest_route=%2Fwp%2Fv2%2Fproduct_tag&post=118595"}],"curies":[{"name":"wp","href":"https:\/\/api.w.org\/{rel}","templated":true}]}}