{"id":116985,"date":"2022-09-04T16:14:09","date_gmt":"2022-09-04T16:14:09","guid":{"rendered":"https:\/\/elicrom.com\/?post_type=product&#038;p=116985"},"modified":"2022-09-04T16:14:09","modified_gmt":"2022-09-04T16:14:09","slug":"27770-cartucho-sartopure-gf-plus-065-m","status":"publish","type":"product","link":"https:\/\/elicrom.com\/?product=27770-cartucho-sartopure-gf-plus-065-m","title":{"rendered":"Cartucho sartopure GF plus  0.65 \u00b5m"},"content":{"rendered":"<p>Los cartuchos de filtro Sartopure GF Plus son filtros de profundidad adsorbentes. Dise\u00f1ado para la eliminaci\u00f3n de contaminantes como coloides, l\u00edpidos, agregados de prote\u00ednas (prote\u00edna de la c\u00e9lula hu\u00e9sped) y part\u00edculas de fluidos biofarmac\u00e9uticos.<\/p>\n<p>-Adaptador: Conector de manguera de un solo paso de \u00bd &#8221;<br \/>\n-Aplicaciones: Aclaraci\u00f3n,industria, industria farmac\u00e9utica<br \/>\nInformaci\u00f3n de cumplimiento:<br \/>\n-Bioseguridad: Todos los materiales de este elemento filtrante cumplen los requisitos de las pruebas actuales de reactividad biol\u00f3gica USP <88> para pl\u00e1sticos de clase VI, pruebas de inyecci\u00f3n sist\u00e9mica, intracut\u00e1nea y de implantaci\u00f3n).<br \/>\nCumplimiento de las buenas pr\u00e1cticas de fabricaci\u00f3n (GMP): El producto fue fabricado de acuerdo con los est\u00e1ndares establecidos actualmente de Buenas Pr\u00e1cticas de Fabricaci\u00f3n (cGMP).<br \/>\n-Conexiones (f\u00edsicas): Conector de entrada, Adaptador de bayoneta de 2 bridas con junta t\u00f3rica doble 226 (25), Conector de salida A.<\/p>\n<p>Dimensiones:<br \/>\n-Altura 321 mil\u00edmetros<br \/>\n-Di\u00e1metro externo 70 mm<br \/>\n-Tama\u00f1o de filtro 10 &#8220;(0,4 m\u00b2 \/ 4,3 pies\u00b2)<br \/>\n-\u00c1rea de filtraci\u00f3n 0,4 m\u00b2<br \/>\nCartuchos:<br \/>\n-Contrapesan m\u00e1xima permitida 2 bar (29 psi) a 20 \u00b0 C<br \/>\nMateriales de construcci\u00f3n:<br \/>\n-Materiales de prefiltro: Fibra de vidrio, Material de la Caja, Polipropileno (PP)<br \/>\n-Junta t\u00f3rica | materiales de sellado: Silicona (SI), Soporte de vell\u00f3n, Polipropileno (PP)<br \/>\n-Presi\u00f3n diferencial m\u00e1xima; 5 bares<br \/>\n-Sin liberaci\u00f3n de fibra<br \/>\n-Este producto de filtro cumple con el art\u00edculo 21 del C\u00f3digo de Regulaciones Federales (CFR), secci\u00f3n 210.3 (b) (6) y 211.72.<br \/>\n-Tasa de retenci\u00f3n: 0,65 \u00b5m<br \/>\n-M\u00e9todo de esterilizaci\u00f3n: Autoclavable y esterilizable con vapor en l\u00ednea<br \/>\n-Procedimientos de esterilizaci\u00f3n: Esterilizaci\u00f3n por vapor en l\u00ednea: a 134 \u00b0 C, 20 min., 0,5 bar. Autoclave: a 134 \u00b0 C, 30 min, 2 bar<br \/>\n\t\t\t\t\t\t<\/p>\n","protected":false},"excerpt":{"rendered":"<p>Los cartuchos de filtro Sartopure GF Plus son filtros de profundidad adsorbentes. Dise\u00f1ado para la eliminaci\u00f3n de contaminantes como coloides, l\u00edpidos, agregados de prote\u00ednas (prote\u00edna de la c\u00e9lula hu\u00e9sped) y<\/p>\n","protected":false},"featured_media":134998,"comment_status":"open","ping_status":"closed","template":"","meta":{"_acf_changed":false},"product_brand":[],"product_cat":[3348,1],"product_tag":[],"class_list":{"0":"post-116985","1":"product","2":"type-product","3":"status-publish","4":"has-post-thumbnail","6":"product_cat-Accesorios-de-laboratorio","7":"product_cat-uncategorized","9":"first","10":"instock","11":"taxable","12":"shipping-taxable","13":"purchasable","14":"product-type-simple"},"acf":[],"aioseo_notices":[],"_links":{"self":[{"href":"https:\/\/elicrom.com\/index.php?rest_route=\/wp\/v2\/product\/116985","targetHints":{"allow":["GET"]}}],"collection":[{"href":"https:\/\/elicrom.com\/index.php?rest_route=\/wp\/v2\/product"}],"about":[{"href":"https:\/\/elicrom.com\/index.php?rest_route=\/wp\/v2\/types\/product"}],"replies":[{"embeddable":true,"href":"https:\/\/elicrom.com\/index.php?rest_route=%2Fwp%2Fv2%2Fcomments&post=116985"}],"wp:featuredmedia":[{"embeddable":true,"href":"https:\/\/elicrom.com\/index.php?rest_route=\/wp\/v2\/media\/134998"}],"wp:attachment":[{"href":"https:\/\/elicrom.com\/index.php?rest_route=%2Fwp%2Fv2%2Fmedia&parent=116985"}],"wp:term":[{"taxonomy":"product_brand","embeddable":true,"href":"https:\/\/elicrom.com\/index.php?rest_route=%2Fwp%2Fv2%2Fproduct_brand&post=116985"},{"taxonomy":"product_cat","embeddable":true,"href":"https:\/\/elicrom.com\/index.php?rest_route=%2Fwp%2Fv2%2Fproduct_cat&post=116985"},{"taxonomy":"product_tag","embeddable":true,"href":"https:\/\/elicrom.com\/index.php?rest_route=%2Fwp%2Fv2%2Fproduct_tag&post=116985"}],"curies":[{"name":"wp","href":"https:\/\/api.w.org\/{rel}","templated":true}]}}