
{"id":115415,"date":"2022-09-04T12:01:40","date_gmt":"2022-09-04T12:01:40","guid":{"rendered":"https:\/\/elicrom.com\/?post_type=product&#038;p=115415"},"modified":"2022-09-04T12:01:40","modified_gmt":"2022-09-04T12:01:40","slug":"26969-manifold-de-acero-inoxidable-500-ml-3-posiciones","status":"publish","type":"product","link":"https:\/\/elicrom.com\/?product=26969-manifold-de-acero-inoxidable-500-ml-3-posiciones","title":{"rendered":"Manifold de acero inoxidable 500 ml, 3 posiciones"},"content":{"rendered":"<p>La capacidad de detectar y cuantificar con precisi\u00f3n microorganismos en muestras l\u00edquidas es de suma importancia para cualquier laboratorio de control de calidad (QC). Esta es la raz\u00f3n por la que la filtraci\u00f3n por membrana es el m\u00e9todo de elecci\u00f3n establecido para las pruebas de l\u00edquidos, ya que proporciona resultados fiables y reproducibles. Facilite sus procedimientos diarios de an\u00e1lisis microbiol\u00f3gicos con el nuevo Microsart\u00ae Manifold.<\/p>\n<p>Especificaciones:<br \/>\n-Dimensiones:<br \/>\nDi\u00e1metro de filtro de membrana adecuado;<br \/>\n-47 mm<br \/>\n-50 mm<br \/>\n-Materiales de construcci\u00f3n: Material junta t\u00f3rica &#8211; sello Silicona<br \/>\n-Protocolos de uso Autoclave; 121\u00b0C durante 30 minutos<br \/>\n-Volumen del embudo: 500 ml<\/p>\n<p>Caracter\u00edsticas:<br \/>\n-Dise\u00f1o \u00fanico para una f\u00e1cil limpieza y descontaminaci\u00f3n.<br \/>\n-Dise\u00f1o ergon\u00f3mico y baja altura para uso en el flujo laminar.<br \/>\n-Acero inoxidable de alta gama.<br \/>\n-Sistema para filtraci\u00f3n por membrana para 3 puestos para membranas de 47 mm di\u00e1metro, en acero inoxidable 304.  <\/p>\n<p>Incluye:<br \/>\n&#8211; Soporte M\u00faltiple de tres puestos (Manifold) para filtraciones simultaneas o individuales al vaci\u00f3, en acero inoxidable.<br \/>\n&#8211; 3 Portafiltros bacteriol\u00f3gicos en acero inoxidable, capacidad del embudo 500 mL, con frita  en acero inoxidable.<br \/>\n-Autoclavables 121\u00b0C x 30 min y flameables.<\/p>\n","protected":false},"excerpt":{"rendered":"<p>La capacidad de detectar y cuantificar con precisi\u00f3n microorganismos en muestras l\u00edquidas es de suma importancia para cualquier laboratorio de control de calidad (QC). Esta es la raz\u00f3n por la<\/p>\n","protected":false},"featured_media":134061,"comment_status":"open","ping_status":"closed","template":"","meta":[],"product_brand":[],"product_cat":[3405,1,3402,3403],"product_tag":[],"class_list":{"0":"post-115415","1":"product","2":"type-product","3":"status-publish","4":"has-post-thumbnail","6":"product_cat-De-acero-inoxidable","7":"product_cat-uncategorized","8":"product_cat-Filtracin","9":"product_cat-Sistemas-de-filtracion","11":"first","12":"instock","13":"taxable","14":"shipping-taxable","15":"product-type-simple"},"aioseo_notices":[],"yoast_head":"<!-- This site is optimized with the Yoast SEO Premium plugin v27.4 (Yoast SEO v27.5) - https:\/\/yoast.com\/product\/yoast-seo-premium-wordpress\/ -->\n<title>Manifold de acero inoxidable 500 ml, 3 posiciones - ELICROM<\/title>\n<meta name=\"robots\" content=\"index, follow, max-snippet:-1, max-image-preview:large, max-video-preview:-1\" \/>\n<link rel=\"canonical\" href=\"https:\/\/elicrom.com\/?product=26969\" \/>\n<meta property=\"og:locale\" content=\"es_ES\" \/>\n<meta property=\"og:type\" content=\"article\" \/>\n<meta property=\"og:title\" content=\"Manifold de acero inoxidable 500 ml, 3 posiciones\" \/>\n<meta property=\"og:description\" content=\"La capacidad de detectar y cuantificar con precisi\u00f3n microorganismos en muestras l\u00edquidas es de suma importancia para cualquier laboratorio de control de calidad (QC). Esta es la raz\u00f3n por la\" \/>\n<meta property=\"og:url\" content=\"https:\/\/elicrom.com\/?product=26969\" \/>\n<meta property=\"og:site_name\" content=\"ELICROM\" \/>\n<meta property=\"article:publisher\" content=\"https:\/\/www.facebook.com\/elicromlatam\" \/>\n<meta property=\"og:image\" content=\"https:\/\/elicrom.com\/wp-content\/uploads\/2023\/02\/26969-0.jpeg\" \/>\n\t<meta property=\"og:image:width\" content=\"800\" \/>\n\t<meta property=\"og:image:height\" content=\"800\" \/>\n\t<meta property=\"og:image:type\" content=\"image\/jpeg\" \/>\n<meta name=\"twitter:card\" content=\"summary_large_image\" \/>\n<meta name=\"twitter:label1\" content=\"Tiempo de lectura\" \/>\n\t<meta name=\"twitter:data1\" content=\"1 minuto\" \/>\n<script type=\"application\/ld+json\" class=\"yoast-schema-graph\">{\"@context\":\"https:\\\/\\\/schema.org\",\"@graph\":[{\"@type\":\"WebPage\",\"@id\":\"https:\\\/\\\/elicrom.com\\\/?product=26969\",\"url\":\"https:\\\/\\\/elicrom.com\\\/?product=26969\",\"name\":\"Manifold de acero inoxidable 500 ml, 3 posiciones - ELICROM\",\"isPartOf\":{\"@id\":\"https:\\\/\\\/elicrom.com\\\/#website\"},\"primaryImageOfPage\":{\"@id\":\"https:\\\/\\\/elicrom.com\\\/?product=26969#primaryimage\"},\"image\":{\"@id\":\"https:\\\/\\\/elicrom.com\\\/?product=26969#primaryimage\"},\"thumbnailUrl\":\"https:\\\/\\\/elicrom.com\\\/wp-content\\\/uploads\\\/2023\\\/02\\\/26969-0.jpeg\",\"datePublished\":\"2022-09-04T12:01:40+00:00\",\"breadcrumb\":{\"@id\":\"https:\\\/\\\/elicrom.com\\\/?product=26969#breadcrumb\"},\"inLanguage\":\"es\",\"potentialAction\":[{\"@type\":\"ReadAction\",\"target\":[\"https:\\\/\\\/elicrom.com\\\/?product=26969\"]}]},{\"@type\":\"ImageObject\",\"inLanguage\":\"es\",\"@id\":\"https:\\\/\\\/elicrom.com\\\/?product=26969#primaryimage\",\"url\":\"https:\\\/\\\/elicrom.com\\\/wp-content\\\/uploads\\\/2023\\\/02\\\/26969-0.jpeg\",\"contentUrl\":\"https:\\\/\\\/elicrom.com\\\/wp-content\\\/uploads\\\/2023\\\/02\\\/26969-0.jpeg\",\"width\":800,\"height\":800},{\"@type\":\"BreadcrumbList\",\"@id\":\"https:\\\/\\\/elicrom.com\\\/?product=26969#breadcrumb\",\"itemListElement\":[{\"@type\":\"ListItem\",\"position\":1,\"name\":\"Portada\",\"item\":\"https:\\\/\\\/elicrom.com\\\/\"},{\"@type\":\"ListItem\",\"position\":2,\"name\":\"Tienda en L\u00ednea\",\"item\":\"https:\\\/\\\/elicrom.com\\\/?page_id=3853\"},{\"@type\":\"ListItem\",\"position\":3,\"name\":\"Manifold de acero inoxidable 500 ml, 3 posiciones\"}]},{\"@type\":\"WebSite\",\"@id\":\"https:\\\/\\\/elicrom.com\\\/#website\",\"url\":\"https:\\\/\\\/elicrom.com\\\/\",\"name\":\"ELICROM\",\"description\":\"Especializados en actividades espec\u00edficas como son las \u00e1reas de Metrolog\u00eda, Medio Ambiente, Validaciones, Mantenimiento de Equipos de Laboratorio y Construcci\u00f3n\\\/Reformas de Laboratorios.\",\"publisher\":{\"@id\":\"https:\\\/\\\/elicrom.com\\\/#organization\"},\"potentialAction\":[{\"@type\":\"SearchAction\",\"target\":{\"@type\":\"EntryPoint\",\"urlTemplate\":\"https:\\\/\\\/elicrom.com\\\/?s={search_term_string}\"},\"query-input\":{\"@type\":\"PropertyValueSpecification\",\"valueRequired\":true,\"valueName\":\"search_term_string\"}}],\"inLanguage\":\"es\"},{\"@type\":[\"Organization\",\"Place\"],\"@id\":\"https:\\\/\\\/elicrom.com\\\/#organization\",\"name\":\"ELICROM CIA. LTDA.\",\"url\":\"https:\\\/\\\/elicrom.com\\\/\",\"logo\":{\"@id\":\"https:\\\/\\\/elicrom.com\\\/?product=26969#local-main-organization-logo\"},\"image\":{\"@id\":\"https:\\\/\\\/elicrom.com\\\/?product=26969#local-main-organization-logo\"},\"sameAs\":[\"https:\\\/\\\/www.facebook.com\\\/elicromlatam\",\"https:\\\/\\\/www.linkedin.com\\\/company\\\/elicrom-cia-ltda\\\/\",\"https:\\\/\\\/www.instagram.com\\\/elicromlatam\\\/\",\"https:\\\/\\\/www.youtube.com\\\/channel\\\/UCdxnNtnb97QtSjABhpwY4Pw\"],\"telephone\":[],\"openingHoursSpecification\":[{\"@type\":\"OpeningHoursSpecification\",\"dayOfWeek\":[\"Monday\",\"Tuesday\",\"Wednesday\",\"Thursday\",\"Friday\",\"Saturday\",\"Sunday\"],\"opens\":\"09:00\",\"closes\":\"17:00\"}]},{\"@type\":\"ImageObject\",\"inLanguage\":\"es\",\"@id\":\"https:\\\/\\\/elicrom.com\\\/?product=26969#local-main-organization-logo\",\"url\":\"https:\\\/\\\/elicrom.com\\\/wp-content\\\/uploads\\\/2026\\\/04\\\/logo-elicrom200X200.jpg\",\"contentUrl\":\"https:\\\/\\\/elicrom.com\\\/wp-content\\\/uploads\\\/2026\\\/04\\\/logo-elicrom200X200.jpg\",\"width\":200,\"height\":200,\"caption\":\"ELICROM CIA. LTDA.\"}]}<\/script>\n<!-- \/ Yoast SEO Premium plugin. -->","yoast_head_json":{"title":"Manifold de acero inoxidable 500 ml, 3 posiciones - ELICROM","robots":{"index":"index","follow":"follow","max-snippet":"max-snippet:-1","max-image-preview":"max-image-preview:large","max-video-preview":"max-video-preview:-1"},"canonical":"https:\/\/elicrom.com\/?product=26969","og_locale":"es_ES","og_type":"article","og_title":"Manifold de acero inoxidable 500 ml, 3 posiciones","og_description":"La capacidad de detectar y cuantificar con precisi\u00f3n microorganismos en muestras l\u00edquidas es de suma importancia para cualquier laboratorio de control de calidad (QC). Esta es la raz\u00f3n por la","og_url":"https:\/\/elicrom.com\/?product=26969","og_site_name":"ELICROM","article_publisher":"https:\/\/www.facebook.com\/elicromlatam","og_image":[{"width":800,"height":800,"url":"https:\/\/elicrom.com\/wp-content\/uploads\/2023\/02\/26969-0.jpeg","type":"image\/jpeg"}],"twitter_card":"summary_large_image","twitter_misc":{"Tiempo de lectura":"1 minuto"},"schema":{"@context":"https:\/\/schema.org","@graph":[{"@type":"WebPage","@id":"https:\/\/elicrom.com\/?product=26969","url":"https:\/\/elicrom.com\/?product=26969","name":"Manifold de acero inoxidable 500 ml, 3 posiciones - ELICROM","isPartOf":{"@id":"https:\/\/elicrom.com\/#website"},"primaryImageOfPage":{"@id":"https:\/\/elicrom.com\/?product=26969#primaryimage"},"image":{"@id":"https:\/\/elicrom.com\/?product=26969#primaryimage"},"thumbnailUrl":"https:\/\/elicrom.com\/wp-content\/uploads\/2023\/02\/26969-0.jpeg","datePublished":"2022-09-04T12:01:40+00:00","breadcrumb":{"@id":"https:\/\/elicrom.com\/?product=26969#breadcrumb"},"inLanguage":"es","potentialAction":[{"@type":"ReadAction","target":["https:\/\/elicrom.com\/?product=26969"]}]},{"@type":"ImageObject","inLanguage":"es","@id":"https:\/\/elicrom.com\/?product=26969#primaryimage","url":"https:\/\/elicrom.com\/wp-content\/uploads\/2023\/02\/26969-0.jpeg","contentUrl":"https:\/\/elicrom.com\/wp-content\/uploads\/2023\/02\/26969-0.jpeg","width":800,"height":800},{"@type":"BreadcrumbList","@id":"https:\/\/elicrom.com\/?product=26969#breadcrumb","itemListElement":[{"@type":"ListItem","position":1,"name":"Portada","item":"https:\/\/elicrom.com\/"},{"@type":"ListItem","position":2,"name":"Tienda en L\u00ednea","item":"https:\/\/elicrom.com\/?page_id=3853"},{"@type":"ListItem","position":3,"name":"Manifold de acero inoxidable 500 ml, 3 posiciones"}]},{"@type":"WebSite","@id":"https:\/\/elicrom.com\/#website","url":"https:\/\/elicrom.com\/","name":"ELICROM","description":"Especializados en actividades espec\u00edficas como son las \u00e1reas de Metrolog\u00eda, Medio Ambiente, Validaciones, Mantenimiento de Equipos de Laboratorio y Construcci\u00f3n\/Reformas de Laboratorios.","publisher":{"@id":"https:\/\/elicrom.com\/#organization"},"potentialAction":[{"@type":"SearchAction","target":{"@type":"EntryPoint","urlTemplate":"https:\/\/elicrom.com\/?s={search_term_string}"},"query-input":{"@type":"PropertyValueSpecification","valueRequired":true,"valueName":"search_term_string"}}],"inLanguage":"es"},{"@type":["Organization","Place"],"@id":"https:\/\/elicrom.com\/#organization","name":"ELICROM CIA. LTDA.","url":"https:\/\/elicrom.com\/","logo":{"@id":"https:\/\/elicrom.com\/?product=26969#local-main-organization-logo"},"image":{"@id":"https:\/\/elicrom.com\/?product=26969#local-main-organization-logo"},"sameAs":["https:\/\/www.facebook.com\/elicromlatam","https:\/\/www.linkedin.com\/company\/elicrom-cia-ltda\/","https:\/\/www.instagram.com\/elicromlatam\/","https:\/\/www.youtube.com\/channel\/UCdxnNtnb97QtSjABhpwY4Pw"],"telephone":[],"openingHoursSpecification":[{"@type":"OpeningHoursSpecification","dayOfWeek":["Monday","Tuesday","Wednesday","Thursday","Friday","Saturday","Sunday"],"opens":"09:00","closes":"17:00"}]},{"@type":"ImageObject","inLanguage":"es","@id":"https:\/\/elicrom.com\/?product=26969#local-main-organization-logo","url":"https:\/\/elicrom.com\/wp-content\/uploads\/2026\/04\/logo-elicrom200X200.jpg","contentUrl":"https:\/\/elicrom.com\/wp-content\/uploads\/2026\/04\/logo-elicrom200X200.jpg","width":200,"height":200,"caption":"ELICROM CIA. LTDA."}]}},"_links":{"self":[{"href":"https:\/\/elicrom.com\/index.php?rest_route=\/wp\/v2\/product\/115415","targetHints":{"allow":["GET"]}}],"collection":[{"href":"https:\/\/elicrom.com\/index.php?rest_route=\/wp\/v2\/product"}],"about":[{"href":"https:\/\/elicrom.com\/index.php?rest_route=\/wp\/v2\/types\/product"}],"replies":[{"embeddable":true,"href":"https:\/\/elicrom.com\/index.php?rest_route=%2Fwp%2Fv2%2Fcomments&post=115415"}],"wp:featuredmedia":[{"embeddable":true,"href":"https:\/\/elicrom.com\/index.php?rest_route=\/wp\/v2\/media\/134061"}],"wp:attachment":[{"href":"https:\/\/elicrom.com\/index.php?rest_route=%2Fwp%2Fv2%2Fmedia&parent=115415"}],"wp:term":[{"taxonomy":"product_brand","embeddable":true,"href":"https:\/\/elicrom.com\/index.php?rest_route=%2Fwp%2Fv2%2Fproduct_brand&post=115415"},{"taxonomy":"product_cat","embeddable":true,"href":"https:\/\/elicrom.com\/index.php?rest_route=%2Fwp%2Fv2%2Fproduct_cat&post=115415"},{"taxonomy":"product_tag","embeddable":true,"href":"https:\/\/elicrom.com\/index.php?rest_route=%2Fwp%2Fv2%2Fproduct_tag&post=115415"}],"curies":[{"name":"wp","href":"https:\/\/api.w.org\/{rel}","templated":true}]}}