{"id":109857,"date":"2022-09-04T06:14:44","date_gmt":"2022-09-04T06:14:44","guid":{"rendered":"https:\/\/elicrom.com\/?post_type=product&#038;p=109857"},"modified":"2022-09-04T06:14:44","modified_gmt":"2022-09-04T06:14:44","slug":"24089-protector-transparente-de-panel-164x98x31-mm","status":"publish","type":"product","link":"https:\/\/elicrom.com\/?product=24089-protector-transparente-de-panel-164x98x31-mm","title":{"rendered":"Protector transparente de panel 164x98x31 mm"},"content":{"rendered":"<p>Especificaci\u00f3n:<br \/>\nProtector de contacto transparente<br \/>\nDimensiones: 164 \u00d7 98 \u00d7 31 (ancho\/alto\/fondo mm)<\/p>\n","protected":false},"excerpt":{"rendered":"<p>Especificaci\u00f3n: Protector de contacto transparente Dimensiones: 164 \u00d7 98 \u00d7 31 (ancho\/alto\/fondo mm)<\/p>\n","protected":false},"featured_media":109858,"comment_status":"open","ping_status":"closed","template":"","meta":{"_acf_changed":false},"product_brand":[],"product_cat":[1950,3627],"product_tag":[],"class_list":{"0":"post-109857","1":"product","2":"type-product","3":"status-publish","4":"has-post-thumbnail","6":"product_cat-instrumentacion-menu","7":"product_cat-tibox","9":"first","10":"instock","11":"sale","12":"taxable","13":"shipping-taxable","14":"purchasable","15":"product-type-simple"},"acf":[],"aioseo_notices":[],"_links":{"self":[{"href":"https:\/\/elicrom.com\/index.php?rest_route=\/wp\/v2\/product\/109857","targetHints":{"allow":["GET"]}}],"collection":[{"href":"https:\/\/elicrom.com\/index.php?rest_route=\/wp\/v2\/product"}],"about":[{"href":"https:\/\/elicrom.com\/index.php?rest_route=\/wp\/v2\/types\/product"}],"replies":[{"embeddable":true,"href":"https:\/\/elicrom.com\/index.php?rest_route=%2Fwp%2Fv2%2Fcomments&post=109857"}],"wp:featuredmedia":[{"embeddable":true,"href":"https:\/\/elicrom.com\/index.php?rest_route=\/wp\/v2\/media\/109858"}],"wp:attachment":[{"href":"https:\/\/elicrom.com\/index.php?rest_route=%2Fwp%2Fv2%2Fmedia&parent=109857"}],"wp:term":[{"taxonomy":"product_brand","embeddable":true,"href":"https:\/\/elicrom.com\/index.php?rest_route=%2Fwp%2Fv2%2Fproduct_brand&post=109857"},{"taxonomy":"product_cat","embeddable":true,"href":"https:\/\/elicrom.com\/index.php?rest_route=%2Fwp%2Fv2%2Fproduct_cat&post=109857"},{"taxonomy":"product_tag","embeddable":true,"href":"https:\/\/elicrom.com\/index.php?rest_route=%2Fwp%2Fv2%2Fproduct_tag&post=109857"}],"curies":[{"name":"wp","href":"https:\/\/api.w.org\/{rel}","templated":true}]}}