{"id":109849,"date":"2022-09-04T06:14:32","date_gmt":"2022-09-04T06:14:32","guid":{"rendered":"https:\/\/elicrom.com\/?post_type=product&#038;p=109849"},"modified":"2022-09-04T06:14:32","modified_gmt":"2022-09-04T06:14:32","slug":"24085-protector-para-tablero-12013732-mm","status":"publish","type":"product","link":"https:\/\/elicrom.com\/?product=24085-protector-para-tablero-12013732-mm","title":{"rendered":"Protector para tablero 120\u00d7137\u00d732 mm"},"content":{"rendered":"<p>Especificaciones:<br \/>\n-Dimensiones: 120\u00d7137\u00d732 (ancho x alto x fondo)<br \/>\n-Para medidor de panel de tama\u00f1o 96&#215;96 mm, controlador de temperatura, Interruptor, disyuntor, etc.<\/p>\n","protected":false},"excerpt":{"rendered":"<p>Especificaciones: -Dimensiones: 120\u00d7137\u00d732 (ancho x alto x fondo) -Para medidor de panel de tama\u00f1o 96&#215;96 mm, controlador de temperatura, Interruptor, disyuntor, etc.<\/p>\n","protected":false},"featured_media":137002,"comment_status":"open","ping_status":"closed","template":"","meta":{"_acf_changed":false},"product_brand":[],"product_cat":[1950,3627],"product_tag":[],"class_list":{"0":"post-109849","1":"product","2":"type-product","3":"status-publish","4":"has-post-thumbnail","6":"product_cat-instrumentacion-menu","7":"product_cat-tibox","9":"first","10":"instock","11":"sale","12":"taxable","13":"shipping-taxable","14":"purchasable","15":"product-type-simple"},"acf":[],"aioseo_notices":[],"_links":{"self":[{"href":"https:\/\/elicrom.com\/index.php?rest_route=\/wp\/v2\/product\/109849","targetHints":{"allow":["GET"]}}],"collection":[{"href":"https:\/\/elicrom.com\/index.php?rest_route=\/wp\/v2\/product"}],"about":[{"href":"https:\/\/elicrom.com\/index.php?rest_route=\/wp\/v2\/types\/product"}],"replies":[{"embeddable":true,"href":"https:\/\/elicrom.com\/index.php?rest_route=%2Fwp%2Fv2%2Fcomments&post=109849"}],"wp:featuredmedia":[{"embeddable":true,"href":"https:\/\/elicrom.com\/index.php?rest_route=\/wp\/v2\/media\/137002"}],"wp:attachment":[{"href":"https:\/\/elicrom.com\/index.php?rest_route=%2Fwp%2Fv2%2Fmedia&parent=109849"}],"wp:term":[{"taxonomy":"product_brand","embeddable":true,"href":"https:\/\/elicrom.com\/index.php?rest_route=%2Fwp%2Fv2%2Fproduct_brand&post=109849"},{"taxonomy":"product_cat","embeddable":true,"href":"https:\/\/elicrom.com\/index.php?rest_route=%2Fwp%2Fv2%2Fproduct_cat&post=109849"},{"taxonomy":"product_tag","embeddable":true,"href":"https:\/\/elicrom.com\/index.php?rest_route=%2Fwp%2Fv2%2Fproduct_tag&post=109849"}],"curies":[{"name":"wp","href":"https:\/\/api.w.org\/{rel}","templated":true}]}}