{"id":109841,"date":"2022-09-04T06:14:20","date_gmt":"2022-09-04T06:14:20","guid":{"rendered":"https:\/\/elicrom.com\/?post_type=product&#038;p=109841"},"modified":"2022-09-04T06:14:20","modified_gmt":"2022-09-04T06:14:20","slug":"24081-caja-de-plastico-de-interruptores-grandes-280560130-mm","status":"publish","type":"product","link":"https:\/\/elicrom.com\/?product=24081-caja-de-plastico-de-interruptores-grandes-280560130-mm","title":{"rendered":"Caja de pl\u00e1stico de interruptores grandes 280\u00d7560\u00d7130 mm"},"content":{"rendered":"<p>Especificaciones:<br \/>\n-Caja de interruptores grande<br \/>\n-Puerta gris<br \/>\n-Fijado por placa interior<br \/>\n-Accesorios de fijaci\u00f3n para placa interior<br \/>\n-Rango de temperatura: -40 \u2103 a + 120 \u2103<\/p>\n","protected":false},"excerpt":{"rendered":"<p>Especificaciones: -Caja de interruptores grande -Puerta gris -Fijado por placa interior -Accesorios de fijaci\u00f3n para placa interior -Rango de temperatura: -40 \u2103 a + 120 \u2103<\/p>\n","protected":false},"featured_media":137011,"comment_status":"open","ping_status":"closed","template":"","meta":{"_acf_changed":false},"product_brand":[],"product_cat":[1950,3627],"product_tag":[],"class_list":{"0":"post-109841","1":"product","2":"type-product","3":"status-publish","4":"has-post-thumbnail","6":"product_cat-instrumentacion-menu","7":"product_cat-tibox","9":"first","10":"instock","11":"sale","12":"taxable","13":"shipping-taxable","14":"purchasable","15":"product-type-simple"},"acf":[],"aioseo_notices":[],"_links":{"self":[{"href":"https:\/\/elicrom.com\/index.php?rest_route=\/wp\/v2\/product\/109841","targetHints":{"allow":["GET"]}}],"collection":[{"href":"https:\/\/elicrom.com\/index.php?rest_route=\/wp\/v2\/product"}],"about":[{"href":"https:\/\/elicrom.com\/index.php?rest_route=\/wp\/v2\/types\/product"}],"replies":[{"embeddable":true,"href":"https:\/\/elicrom.com\/index.php?rest_route=%2Fwp%2Fv2%2Fcomments&post=109841"}],"wp:featuredmedia":[{"embeddable":true,"href":"https:\/\/elicrom.com\/index.php?rest_route=\/wp\/v2\/media\/137011"}],"wp:attachment":[{"href":"https:\/\/elicrom.com\/index.php?rest_route=%2Fwp%2Fv2%2Fmedia&parent=109841"}],"wp:term":[{"taxonomy":"product_brand","embeddable":true,"href":"https:\/\/elicrom.com\/index.php?rest_route=%2Fwp%2Fv2%2Fproduct_brand&post=109841"},{"taxonomy":"product_cat","embeddable":true,"href":"https:\/\/elicrom.com\/index.php?rest_route=%2Fwp%2Fv2%2Fproduct_cat&post=109841"},{"taxonomy":"product_tag","embeddable":true,"href":"https:\/\/elicrom.com\/index.php?rest_route=%2Fwp%2Fv2%2Fproduct_tag&post=109841"}],"curies":[{"name":"wp","href":"https:\/\/api.w.org\/{rel}","templated":true}]}}