
{"id":107977,"date":"2022-09-04T04:08:16","date_gmt":"2022-09-04T04:08:16","guid":{"rendered":"https:\/\/elicrom.com\/?post_type=product&#038;p=107977"},"modified":"2022-09-04T04:08:16","modified_gmt":"2022-09-04T04:08:16","slug":"23149-transmisor-de-presion-diferencial","status":"publish","type":"product","link":"https:\/\/elicrom.com\/?product=23149-transmisor-de-presion-diferencial","title":{"rendered":"Transmisor de presi\u00f3n diferencial"},"content":{"rendered":"<p>Unidad profesional de transmisor de presi\u00f3n diferencial, montaje en pared, salidas universales de corriente\/voltaje, bidireccional, rango 0 (60, 75, 100, 125 PA) con pantalla LCD.<br \/>\nPrecisi\u00f3n t\u00edpica: \u00b1 1% FS<br \/>\nL\u00edmites de temperatura: -18 a 66 \u00b0 C.<br \/>\nL\u00edmites de presi\u00f3n: 1 psi m\u00e1x., Operaci\u00f3n; Explosi\u00f3n de 10 psi.<br \/>\nRequerimientos de energ\u00eda: 10 a 35 VCC (2 hilos).<br \/>\nSe\u00f1ales de salida: 4 a 20 mA (2 hilos), 0 a 5 VCC, 0 a 10 VCC (3 hilos) configurable.<br \/>\nTiempo de respuesta: 0.5 a 15 seg.<br \/>\nAjustes de cero y rango: Botones digitales.<br \/>\nResistencia de bucle:<br \/>\n    Salida de corriente: 0 a 1250 \u03a9 m\u00e1x.<br \/>\n    Salida de voltaje: Min. resistencia de carga 1 k\u03a9.<br \/>\nConsumo actual: 40 mA m\u00e1x.<br \/>\nConexiones el\u00e9ctricas: Bloque de terminales de estilo europeo extra\u00edble de 3 hilos para 16 a 22 AWG.<br \/>\nEntrada electrica: 1\/2 &#8220;rosca NPS.<br \/>\nProceso de conexi\u00f3n: Tubo de 3\/16 &#8220;de di\u00e1metro interno (5 mm de di\u00e1metro interno); di\u00e1metro externo m\u00e1ximo de 9 mm.<br \/>\nGrado de protecci\u00f3n: IP66.<\/p>\n<p>\t\t\tManual: <a href=\"https:\/\/elisa.elicrom.com\/documentos\/PRODUCTOS\/23001-24000\/23149\/manual_23149(1).pdf\" target=\"_blank\" >Ver archivo<\/a><br \/>\n\t\t\tDataSheet: <a href=\"https:\/\/elisa.elicrom.com\/documentos\/PRODUCTOS\/23001-24000\/23149\/data_23149(1).pdf\" target=\"_blank\" >Ver archivo<\/a><\/p>\n","protected":false},"excerpt":{"rendered":"<p>Unidad profesional de transmisor de presi\u00f3n diferencial, montaje en pared, salidas universales de corriente\/voltaje, bidireccional, rango 0 (60, 75, 100, 125 PA) con pantalla LCD. Precisi\u00f3n t\u00edpica: \u00b1 1% FS<\/p>\n","protected":false},"featured_media":107978,"comment_status":"open","ping_status":"closed","template":"","meta":[],"product_brand":[],"product_cat":[1950,3496,3517,3526],"product_tag":[],"class_list":{"0":"post-107977","1":"product","2":"type-product","3":"status-publish","4":"has-post-thumbnail","6":"product_cat-instrumentacion-menu","7":"product_cat-Presin","8":"product_cat-Presin-diferencial","9":"product_cat-Transmisores","11":"first","12":"instock","13":"taxable","14":"shipping-taxable","15":"product-type-simple"},"aioseo_notices":[],"yoast_head":"<!-- This site is optimized with the Yoast SEO Premium plugin v27.4 (Yoast SEO v27.5) - https:\/\/yoast.com\/product\/yoast-seo-premium-wordpress\/ -->\n<title>Transmisor de presi\u00f3n diferencial - ELICROM<\/title>\n<meta name=\"robots\" content=\"index, follow, max-snippet:-1, max-image-preview:large, max-video-preview:-1\" \/>\n<link rel=\"canonical\" href=\"https:\/\/elicrom.com\/?product=23149\" \/>\n<meta property=\"og:locale\" content=\"es_ES\" \/>\n<meta property=\"og:type\" content=\"article\" \/>\n<meta property=\"og:title\" content=\"Transmisor de presi\u00f3n diferencial\" \/>\n<meta property=\"og:description\" content=\"Unidad profesional de transmisor de presi\u00f3n diferencial, montaje en pared, salidas universales de corriente\/voltaje, bidireccional, rango 0 (60, 75, 100, 125 PA) con pantalla LCD. Precisi\u00f3n t\u00edpica: \u00b1 1% FS\" \/>\n<meta property=\"og:url\" content=\"https:\/\/elicrom.com\/?product=23149\" \/>\n<meta property=\"og:site_name\" content=\"ELICROM\" \/>\n<meta property=\"article:publisher\" content=\"https:\/\/www.facebook.com\/elicromlatam\" \/>\n<meta property=\"og:image\" content=\"https:\/\/elicrom.com\/wp-content\/uploads\/2013\/07\/23149-0.jpeg\" \/>\n\t<meta property=\"og:image:width\" content=\"800\" \/>\n\t<meta property=\"og:image:height\" content=\"800\" \/>\n\t<meta property=\"og:image:type\" content=\"image\/jpeg\" \/>\n<meta name=\"twitter:card\" content=\"summary_large_image\" \/>\n<meta name=\"twitter:label1\" content=\"Tiempo de lectura\" \/>\n\t<meta name=\"twitter:data1\" content=\"1 minuto\" \/>\n<script type=\"application\/ld+json\" class=\"yoast-schema-graph\">{\"@context\":\"https:\\\/\\\/schema.org\",\"@graph\":[{\"@type\":\"WebPage\",\"@id\":\"https:\\\/\\\/elicrom.com\\\/?product=23149\",\"url\":\"https:\\\/\\\/elicrom.com\\\/?product=23149\",\"name\":\"Transmisor de presi\u00f3n diferencial - ELICROM\",\"isPartOf\":{\"@id\":\"https:\\\/\\\/elicrom.com\\\/#website\"},\"primaryImageOfPage\":{\"@id\":\"https:\\\/\\\/elicrom.com\\\/?product=23149#primaryimage\"},\"image\":{\"@id\":\"https:\\\/\\\/elicrom.com\\\/?product=23149#primaryimage\"},\"thumbnailUrl\":\"https:\\\/\\\/elicrom.com\\\/wp-content\\\/uploads\\\/2013\\\/07\\\/23149-0.jpeg\",\"datePublished\":\"2022-09-04T04:08:16+00:00\",\"breadcrumb\":{\"@id\":\"https:\\\/\\\/elicrom.com\\\/?product=23149#breadcrumb\"},\"inLanguage\":\"es\",\"potentialAction\":[{\"@type\":\"ReadAction\",\"target\":[\"https:\\\/\\\/elicrom.com\\\/?product=23149\"]}]},{\"@type\":\"ImageObject\",\"inLanguage\":\"es\",\"@id\":\"https:\\\/\\\/elicrom.com\\\/?product=23149#primaryimage\",\"url\":\"https:\\\/\\\/elicrom.com\\\/wp-content\\\/uploads\\\/2013\\\/07\\\/23149-0.jpeg\",\"contentUrl\":\"https:\\\/\\\/elicrom.com\\\/wp-content\\\/uploads\\\/2013\\\/07\\\/23149-0.jpeg\",\"width\":800,\"height\":800},{\"@type\":\"BreadcrumbList\",\"@id\":\"https:\\\/\\\/elicrom.com\\\/?product=23149#breadcrumb\",\"itemListElement\":[{\"@type\":\"ListItem\",\"position\":1,\"name\":\"Portada\",\"item\":\"https:\\\/\\\/elicrom.com\\\/\"},{\"@type\":\"ListItem\",\"position\":2,\"name\":\"Tienda en L\u00ednea\",\"item\":\"https:\\\/\\\/elicrom.com\\\/?page_id=3853\"},{\"@type\":\"ListItem\",\"position\":3,\"name\":\"Transmisor de presi\u00f3n diferencial\"}]},{\"@type\":\"WebSite\",\"@id\":\"https:\\\/\\\/elicrom.com\\\/#website\",\"url\":\"https:\\\/\\\/elicrom.com\\\/\",\"name\":\"ELICROM\",\"description\":\"Especializados en actividades espec\u00edficas como son las \u00e1reas de Metrolog\u00eda, Medio Ambiente, Validaciones, Mantenimiento de Equipos de Laboratorio y Construcci\u00f3n\\\/Reformas de Laboratorios.\",\"publisher\":{\"@id\":\"https:\\\/\\\/elicrom.com\\\/#organization\"},\"potentialAction\":[{\"@type\":\"SearchAction\",\"target\":{\"@type\":\"EntryPoint\",\"urlTemplate\":\"https:\\\/\\\/elicrom.com\\\/?s={search_term_string}\"},\"query-input\":{\"@type\":\"PropertyValueSpecification\",\"valueRequired\":true,\"valueName\":\"search_term_string\"}}],\"inLanguage\":\"es\"},{\"@type\":[\"Organization\",\"Place\"],\"@id\":\"https:\\\/\\\/elicrom.com\\\/#organization\",\"name\":\"ELICROM CIA. LTDA.\",\"url\":\"https:\\\/\\\/elicrom.com\\\/\",\"logo\":{\"@id\":\"https:\\\/\\\/elicrom.com\\\/?product=23149#local-main-organization-logo\"},\"image\":{\"@id\":\"https:\\\/\\\/elicrom.com\\\/?product=23149#local-main-organization-logo\"},\"sameAs\":[\"https:\\\/\\\/www.facebook.com\\\/elicromlatam\",\"https:\\\/\\\/www.linkedin.com\\\/company\\\/elicrom-cia-ltda\\\/\",\"https:\\\/\\\/www.instagram.com\\\/elicromlatam\\\/\",\"https:\\\/\\\/www.youtube.com\\\/channel\\\/UCdxnNtnb97QtSjABhpwY4Pw\"],\"telephone\":[],\"openingHoursSpecification\":[{\"@type\":\"OpeningHoursSpecification\",\"dayOfWeek\":[\"Monday\",\"Tuesday\",\"Wednesday\",\"Thursday\",\"Friday\",\"Saturday\",\"Sunday\"],\"opens\":\"09:00\",\"closes\":\"17:00\"}]},{\"@type\":\"ImageObject\",\"inLanguage\":\"es\",\"@id\":\"https:\\\/\\\/elicrom.com\\\/?product=23149#local-main-organization-logo\",\"url\":\"https:\\\/\\\/elicrom.com\\\/wp-content\\\/uploads\\\/2026\\\/04\\\/logo-elicrom200X200.jpg\",\"contentUrl\":\"https:\\\/\\\/elicrom.com\\\/wp-content\\\/uploads\\\/2026\\\/04\\\/logo-elicrom200X200.jpg\",\"width\":200,\"height\":200,\"caption\":\"ELICROM CIA. LTDA.\"}]}<\/script>\n<!-- \/ Yoast SEO Premium plugin. -->","yoast_head_json":{"title":"Transmisor de presi\u00f3n diferencial - ELICROM","robots":{"index":"index","follow":"follow","max-snippet":"max-snippet:-1","max-image-preview":"max-image-preview:large","max-video-preview":"max-video-preview:-1"},"canonical":"https:\/\/elicrom.com\/?product=23149","og_locale":"es_ES","og_type":"article","og_title":"Transmisor de presi\u00f3n diferencial","og_description":"Unidad profesional de transmisor de presi\u00f3n diferencial, montaje en pared, salidas universales de corriente\/voltaje, bidireccional, rango 0 (60, 75, 100, 125 PA) con pantalla LCD. Precisi\u00f3n t\u00edpica: \u00b1 1% FS","og_url":"https:\/\/elicrom.com\/?product=23149","og_site_name":"ELICROM","article_publisher":"https:\/\/www.facebook.com\/elicromlatam","og_image":[{"width":800,"height":800,"url":"https:\/\/elicrom.com\/wp-content\/uploads\/2013\/07\/23149-0.jpeg","type":"image\/jpeg"}],"twitter_card":"summary_large_image","twitter_misc":{"Tiempo de lectura":"1 minuto"},"schema":{"@context":"https:\/\/schema.org","@graph":[{"@type":"WebPage","@id":"https:\/\/elicrom.com\/?product=23149","url":"https:\/\/elicrom.com\/?product=23149","name":"Transmisor de presi\u00f3n diferencial - ELICROM","isPartOf":{"@id":"https:\/\/elicrom.com\/#website"},"primaryImageOfPage":{"@id":"https:\/\/elicrom.com\/?product=23149#primaryimage"},"image":{"@id":"https:\/\/elicrom.com\/?product=23149#primaryimage"},"thumbnailUrl":"https:\/\/elicrom.com\/wp-content\/uploads\/2013\/07\/23149-0.jpeg","datePublished":"2022-09-04T04:08:16+00:00","breadcrumb":{"@id":"https:\/\/elicrom.com\/?product=23149#breadcrumb"},"inLanguage":"es","potentialAction":[{"@type":"ReadAction","target":["https:\/\/elicrom.com\/?product=23149"]}]},{"@type":"ImageObject","inLanguage":"es","@id":"https:\/\/elicrom.com\/?product=23149#primaryimage","url":"https:\/\/elicrom.com\/wp-content\/uploads\/2013\/07\/23149-0.jpeg","contentUrl":"https:\/\/elicrom.com\/wp-content\/uploads\/2013\/07\/23149-0.jpeg","width":800,"height":800},{"@type":"BreadcrumbList","@id":"https:\/\/elicrom.com\/?product=23149#breadcrumb","itemListElement":[{"@type":"ListItem","position":1,"name":"Portada","item":"https:\/\/elicrom.com\/"},{"@type":"ListItem","position":2,"name":"Tienda en L\u00ednea","item":"https:\/\/elicrom.com\/?page_id=3853"},{"@type":"ListItem","position":3,"name":"Transmisor de presi\u00f3n diferencial"}]},{"@type":"WebSite","@id":"https:\/\/elicrom.com\/#website","url":"https:\/\/elicrom.com\/","name":"ELICROM","description":"Especializados en actividades espec\u00edficas como son las \u00e1reas de Metrolog\u00eda, Medio Ambiente, Validaciones, Mantenimiento de Equipos de Laboratorio y Construcci\u00f3n\/Reformas de Laboratorios.","publisher":{"@id":"https:\/\/elicrom.com\/#organization"},"potentialAction":[{"@type":"SearchAction","target":{"@type":"EntryPoint","urlTemplate":"https:\/\/elicrom.com\/?s={search_term_string}"},"query-input":{"@type":"PropertyValueSpecification","valueRequired":true,"valueName":"search_term_string"}}],"inLanguage":"es"},{"@type":["Organization","Place"],"@id":"https:\/\/elicrom.com\/#organization","name":"ELICROM CIA. LTDA.","url":"https:\/\/elicrom.com\/","logo":{"@id":"https:\/\/elicrom.com\/?product=23149#local-main-organization-logo"},"image":{"@id":"https:\/\/elicrom.com\/?product=23149#local-main-organization-logo"},"sameAs":["https:\/\/www.facebook.com\/elicromlatam","https:\/\/www.linkedin.com\/company\/elicrom-cia-ltda\/","https:\/\/www.instagram.com\/elicromlatam\/","https:\/\/www.youtube.com\/channel\/UCdxnNtnb97QtSjABhpwY4Pw"],"telephone":[],"openingHoursSpecification":[{"@type":"OpeningHoursSpecification","dayOfWeek":["Monday","Tuesday","Wednesday","Thursday","Friday","Saturday","Sunday"],"opens":"09:00","closes":"17:00"}]},{"@type":"ImageObject","inLanguage":"es","@id":"https:\/\/elicrom.com\/?product=23149#local-main-organization-logo","url":"https:\/\/elicrom.com\/wp-content\/uploads\/2026\/04\/logo-elicrom200X200.jpg","contentUrl":"https:\/\/elicrom.com\/wp-content\/uploads\/2026\/04\/logo-elicrom200X200.jpg","width":200,"height":200,"caption":"ELICROM CIA. LTDA."}]}},"_links":{"self":[{"href":"https:\/\/elicrom.com\/index.php?rest_route=\/wp\/v2\/product\/107977","targetHints":{"allow":["GET"]}}],"collection":[{"href":"https:\/\/elicrom.com\/index.php?rest_route=\/wp\/v2\/product"}],"about":[{"href":"https:\/\/elicrom.com\/index.php?rest_route=\/wp\/v2\/types\/product"}],"replies":[{"embeddable":true,"href":"https:\/\/elicrom.com\/index.php?rest_route=%2Fwp%2Fv2%2Fcomments&post=107977"}],"wp:featuredmedia":[{"embeddable":true,"href":"https:\/\/elicrom.com\/index.php?rest_route=\/wp\/v2\/media\/107978"}],"wp:attachment":[{"href":"https:\/\/elicrom.com\/index.php?rest_route=%2Fwp%2Fv2%2Fmedia&parent=107977"}],"wp:term":[{"taxonomy":"product_brand","embeddable":true,"href":"https:\/\/elicrom.com\/index.php?rest_route=%2Fwp%2Fv2%2Fproduct_brand&post=107977"},{"taxonomy":"product_cat","embeddable":true,"href":"https:\/\/elicrom.com\/index.php?rest_route=%2Fwp%2Fv2%2Fproduct_cat&post=107977"},{"taxonomy":"product_tag","embeddable":true,"href":"https:\/\/elicrom.com\/index.php?rest_route=%2Fwp%2Fv2%2Fproduct_tag&post=107977"}],"curies":[{"name":"wp","href":"https:\/\/api.w.org\/{rel}","templated":true}]}}