
{"id":106965,"date":"2022-09-04T03:15:25","date_gmt":"2022-09-04T03:15:25","guid":{"rendered":"https:\/\/elicrom.com\/?post_type=product&#038;p=106965"},"modified":"2022-09-04T03:15:25","modified_gmt":"2022-09-04T03:15:25","slug":"22643-bano-maria-10-l-120v","status":"publish","type":"product","link":"https:\/\/elicrom.com\/?product=22643-bano-maria-10-l-120v","title":{"rendered":"Ba\u00f1o Mar\u00eda 10 L, 120V"},"content":{"rendered":"<p>Especificaciones:<br \/>\n-Ba\u00f1o de agua de uso general digital<br \/>\n-Capacidad: 10 Litros<br \/>\n-Conexi\u00f3n: 120v, 60Hz<br \/>\n-monito: TFT a todo color<br \/>\n-idiomas admitidos 5: franc\u00e9s, alem\u00e1n, espa\u00f1ol, chino, ingl\u00e9s<br \/>\n-Rango de temperatura de trabajo \u00b0c: ambiente + 5 \u00b0 a 100 \u00b0<br \/>\n-Estabilidad de temperatura \u00b0 c: \u00b1 0.1 \u00b0<br \/>\n-Capacidad de calibraci\u00f3n de temperatura: 1 punto<br \/>\n-Acceso de trabajo (l x w x d) (cm): 26,9 x 29,5 x 15,2<br \/>\n-Clase de inflamabilidad (din 12876-1)\tyo (nfl)<br \/>\n-Hardware incluido: bandeja de muestra<br \/>\n-Potencia del calentador\t1000<br \/>\n-Requisitos el\u00e9ctricos (vac \/ hz \/ ph \/ a)120\/60\/1 \/ 8.6<\/p>\n<p>Caracter\u00edsticas:<br \/>\n-Muestra la temperatura real y el punto de ajuste simult\u00e1neamente<br \/>\n-Preajustes programables para temperaturas de uso frecuente<br \/>\n-Temporizador integrado<br \/>\n-Cubierta a dos aguas con bisagras<br \/>\n-Capacidad de calibraci\u00f3n<br \/>\n-Dep\u00f3sitos de 2 a 28 litros.<br \/>\n-Dep\u00f3sito de acero inoxidable 304<br \/>\n-Drenaje del dep\u00f3sito (ba\u00f1os de 10 litros y m\u00e1s grandes)<br \/>\n-Termostatos de seguridad primarios y autom\u00e1ticos,tambi\u00e9n compatible con cuentas de ba\u00f1o sin agua<br \/><\/p>\n","protected":false},"excerpt":{"rendered":"<p>Especificaciones: -Ba\u00f1o de agua de uso general digital -Capacidad: 10 Litros -Conexi\u00f3n: 120v, 60Hz -monito: TFT a todo color -idiomas admitidos 5: franc\u00e9s, alem\u00e1n, espa\u00f1ol, chino, ingl\u00e9s -Rango de temperatura<\/p>\n","protected":false},"featured_media":137696,"comment_status":"open","ping_status":"closed","template":"","meta":[],"product_brand":[],"product_cat":[3444,1,3443],"product_tag":[],"class_list":{"0":"post-106965","1":"product","2":"type-product","3":"status-publish","4":"has-post-thumbnail","6":"product_cat-Bao-mara","7":"product_cat-uncategorized","8":"product_cat-Temperatura1_05092022101209","10":"first","11":"instock","12":"taxable","13":"shipping-taxable","14":"product-type-simple"},"aioseo_notices":[],"yoast_head":"<!-- This site is optimized with the Yoast SEO Premium plugin v27.4 (Yoast SEO v27.5) - https:\/\/yoast.com\/product\/yoast-seo-premium-wordpress\/ -->\n<title>Ba\u00f1o Mar\u00eda 10 L, 120V - ELICROM<\/title>\n<meta name=\"robots\" content=\"index, follow, max-snippet:-1, max-image-preview:large, max-video-preview:-1\" \/>\n<link rel=\"canonical\" href=\"https:\/\/elicrom.com\/?product=22643\" \/>\n<meta property=\"og:locale\" content=\"es_ES\" \/>\n<meta property=\"og:type\" content=\"article\" \/>\n<meta property=\"og:title\" content=\"Ba\u00f1o Mar\u00eda 10 L, 120V\" \/>\n<meta property=\"og:description\" content=\"Especificaciones: -Ba\u00f1o de agua de uso general digital -Capacidad: 10 Litros -Conexi\u00f3n: 120v, 60Hz -monito: TFT a todo color -idiomas admitidos 5: franc\u00e9s, alem\u00e1n, espa\u00f1ol, chino, ingl\u00e9s -Rango de temperatura\" \/>\n<meta property=\"og:url\" content=\"https:\/\/elicrom.com\/?product=22643\" \/>\n<meta property=\"og:site_name\" content=\"ELICROM\" \/>\n<meta property=\"article:publisher\" content=\"https:\/\/www.facebook.com\/elicromlatam\" \/>\n<meta name=\"twitter:card\" content=\"summary_large_image\" \/>\n<meta name=\"twitter:label1\" content=\"Tiempo de lectura\" \/>\n\t<meta name=\"twitter:data1\" content=\"1 minuto\" \/>\n<script type=\"application\/ld+json\" class=\"yoast-schema-graph\">{\"@context\":\"https:\\\/\\\/schema.org\",\"@graph\":[{\"@type\":\"WebPage\",\"@id\":\"https:\\\/\\\/elicrom.com\\\/?product=22643\",\"url\":\"https:\\\/\\\/elicrom.com\\\/?product=22643\",\"name\":\"Ba\u00f1o Mar\u00eda 10 L, 120V - ELICROM\",\"isPartOf\":{\"@id\":\"https:\\\/\\\/elicrom.com\\\/#website\"},\"primaryImageOfPage\":{\"@id\":\"https:\\\/\\\/elicrom.com\\\/?product=22643#primaryimage\"},\"image\":{\"@id\":\"https:\\\/\\\/elicrom.com\\\/?product=22643#primaryimage\"},\"thumbnailUrl\":\"https:\\\/\\\/elicrom.com\\\/wp-content\\\/uploads\\\/2013\\\/07\\\/22643-0.jpg\",\"datePublished\":\"2022-09-04T03:15:25+00:00\",\"breadcrumb\":{\"@id\":\"https:\\\/\\\/elicrom.com\\\/?product=22643#breadcrumb\"},\"inLanguage\":\"es\",\"potentialAction\":[{\"@type\":\"ReadAction\",\"target\":[\"https:\\\/\\\/elicrom.com\\\/?product=22643\"]}]},{\"@type\":\"ImageObject\",\"inLanguage\":\"es\",\"@id\":\"https:\\\/\\\/elicrom.com\\\/?product=22643#primaryimage\",\"url\":\"https:\\\/\\\/elicrom.com\\\/wp-content\\\/uploads\\\/2013\\\/07\\\/22643-0.jpg\",\"contentUrl\":\"https:\\\/\\\/elicrom.com\\\/wp-content\\\/uploads\\\/2013\\\/07\\\/22643-0.jpg\",\"width\":800,\"height\":800},{\"@type\":\"BreadcrumbList\",\"@id\":\"https:\\\/\\\/elicrom.com\\\/?product=22643#breadcrumb\",\"itemListElement\":[{\"@type\":\"ListItem\",\"position\":1,\"name\":\"Portada\",\"item\":\"https:\\\/\\\/elicrom.com\\\/\"},{\"@type\":\"ListItem\",\"position\":2,\"name\":\"Tienda en L\u00ednea\",\"item\":\"https:\\\/\\\/elicrom.com\\\/?page_id=3853\"},{\"@type\":\"ListItem\",\"position\":3,\"name\":\"Privado: Ba\u00f1o Mar\u00eda 10 L, 120V\"}]},{\"@type\":\"WebSite\",\"@id\":\"https:\\\/\\\/elicrom.com\\\/#website\",\"url\":\"https:\\\/\\\/elicrom.com\\\/\",\"name\":\"ELICROM\",\"description\":\"Especializados en actividades espec\u00edficas como son las \u00e1reas de Metrolog\u00eda, Medio Ambiente, Validaciones, Mantenimiento de Equipos de Laboratorio y Construcci\u00f3n\\\/Reformas de Laboratorios.\",\"publisher\":{\"@id\":\"https:\\\/\\\/elicrom.com\\\/#organization\"},\"potentialAction\":[{\"@type\":\"SearchAction\",\"target\":{\"@type\":\"EntryPoint\",\"urlTemplate\":\"https:\\\/\\\/elicrom.com\\\/?s={search_term_string}\"},\"query-input\":{\"@type\":\"PropertyValueSpecification\",\"valueRequired\":true,\"valueName\":\"search_term_string\"}}],\"inLanguage\":\"es\"},{\"@type\":[\"Organization\",\"Place\"],\"@id\":\"https:\\\/\\\/elicrom.com\\\/#organization\",\"name\":\"ELICROM CIA. LTDA.\",\"url\":\"https:\\\/\\\/elicrom.com\\\/\",\"logo\":{\"@id\":\"https:\\\/\\\/elicrom.com\\\/?product=22643#local-main-organization-logo\"},\"image\":{\"@id\":\"https:\\\/\\\/elicrom.com\\\/?product=22643#local-main-organization-logo\"},\"sameAs\":[\"https:\\\/\\\/www.facebook.com\\\/elicromlatam\",\"https:\\\/\\\/www.linkedin.com\\\/company\\\/elicrom-cia-ltda\\\/\",\"https:\\\/\\\/www.instagram.com\\\/elicromlatam\\\/\",\"https:\\\/\\\/www.youtube.com\\\/channel\\\/UCdxnNtnb97QtSjABhpwY4Pw\"],\"telephone\":[],\"openingHoursSpecification\":[{\"@type\":\"OpeningHoursSpecification\",\"dayOfWeek\":[\"Monday\",\"Tuesday\",\"Wednesday\",\"Thursday\",\"Friday\",\"Saturday\",\"Sunday\"],\"opens\":\"09:00\",\"closes\":\"17:00\"}]},{\"@type\":\"ImageObject\",\"inLanguage\":\"es\",\"@id\":\"https:\\\/\\\/elicrom.com\\\/?product=22643#local-main-organization-logo\",\"url\":\"https:\\\/\\\/elicrom.com\\\/wp-content\\\/uploads\\\/2026\\\/04\\\/logo-elicrom200X200.jpg\",\"contentUrl\":\"https:\\\/\\\/elicrom.com\\\/wp-content\\\/uploads\\\/2026\\\/04\\\/logo-elicrom200X200.jpg\",\"width\":200,\"height\":200,\"caption\":\"ELICROM CIA. LTDA.\"}]}<\/script>\n<!-- \/ Yoast SEO Premium plugin. -->","yoast_head_json":{"title":"Ba\u00f1o Mar\u00eda 10 L, 120V - ELICROM","robots":{"index":"index","follow":"follow","max-snippet":"max-snippet:-1","max-image-preview":"max-image-preview:large","max-video-preview":"max-video-preview:-1"},"canonical":"https:\/\/elicrom.com\/?product=22643","og_locale":"es_ES","og_type":"article","og_title":"Ba\u00f1o Mar\u00eda 10 L, 120V","og_description":"Especificaciones: -Ba\u00f1o de agua de uso general digital -Capacidad: 10 Litros -Conexi\u00f3n: 120v, 60Hz -monito: TFT a todo color -idiomas admitidos 5: franc\u00e9s, alem\u00e1n, espa\u00f1ol, chino, ingl\u00e9s -Rango de temperatura","og_url":"https:\/\/elicrom.com\/?product=22643","og_site_name":"ELICROM","article_publisher":"https:\/\/www.facebook.com\/elicromlatam","twitter_card":"summary_large_image","twitter_misc":{"Tiempo de lectura":"1 minuto"},"schema":{"@context":"https:\/\/schema.org","@graph":[{"@type":"WebPage","@id":"https:\/\/elicrom.com\/?product=22643","url":"https:\/\/elicrom.com\/?product=22643","name":"Ba\u00f1o Mar\u00eda 10 L, 120V - ELICROM","isPartOf":{"@id":"https:\/\/elicrom.com\/#website"},"primaryImageOfPage":{"@id":"https:\/\/elicrom.com\/?product=22643#primaryimage"},"image":{"@id":"https:\/\/elicrom.com\/?product=22643#primaryimage"},"thumbnailUrl":"https:\/\/elicrom.com\/wp-content\/uploads\/2013\/07\/22643-0.jpg","datePublished":"2022-09-04T03:15:25+00:00","breadcrumb":{"@id":"https:\/\/elicrom.com\/?product=22643#breadcrumb"},"inLanguage":"es","potentialAction":[{"@type":"ReadAction","target":["https:\/\/elicrom.com\/?product=22643"]}]},{"@type":"ImageObject","inLanguage":"es","@id":"https:\/\/elicrom.com\/?product=22643#primaryimage","url":"https:\/\/elicrom.com\/wp-content\/uploads\/2013\/07\/22643-0.jpg","contentUrl":"https:\/\/elicrom.com\/wp-content\/uploads\/2013\/07\/22643-0.jpg","width":800,"height":800},{"@type":"BreadcrumbList","@id":"https:\/\/elicrom.com\/?product=22643#breadcrumb","itemListElement":[{"@type":"ListItem","position":1,"name":"Portada","item":"https:\/\/elicrom.com\/"},{"@type":"ListItem","position":2,"name":"Tienda en L\u00ednea","item":"https:\/\/elicrom.com\/?page_id=3853"},{"@type":"ListItem","position":3,"name":"Privado: Ba\u00f1o Mar\u00eda 10 L, 120V"}]},{"@type":"WebSite","@id":"https:\/\/elicrom.com\/#website","url":"https:\/\/elicrom.com\/","name":"ELICROM","description":"Especializados en actividades espec\u00edficas como son las \u00e1reas de Metrolog\u00eda, Medio Ambiente, Validaciones, Mantenimiento de Equipos de Laboratorio y Construcci\u00f3n\/Reformas de Laboratorios.","publisher":{"@id":"https:\/\/elicrom.com\/#organization"},"potentialAction":[{"@type":"SearchAction","target":{"@type":"EntryPoint","urlTemplate":"https:\/\/elicrom.com\/?s={search_term_string}"},"query-input":{"@type":"PropertyValueSpecification","valueRequired":true,"valueName":"search_term_string"}}],"inLanguage":"es"},{"@type":["Organization","Place"],"@id":"https:\/\/elicrom.com\/#organization","name":"ELICROM CIA. LTDA.","url":"https:\/\/elicrom.com\/","logo":{"@id":"https:\/\/elicrom.com\/?product=22643#local-main-organization-logo"},"image":{"@id":"https:\/\/elicrom.com\/?product=22643#local-main-organization-logo"},"sameAs":["https:\/\/www.facebook.com\/elicromlatam","https:\/\/www.linkedin.com\/company\/elicrom-cia-ltda\/","https:\/\/www.instagram.com\/elicromlatam\/","https:\/\/www.youtube.com\/channel\/UCdxnNtnb97QtSjABhpwY4Pw"],"telephone":[],"openingHoursSpecification":[{"@type":"OpeningHoursSpecification","dayOfWeek":["Monday","Tuesday","Wednesday","Thursday","Friday","Saturday","Sunday"],"opens":"09:00","closes":"17:00"}]},{"@type":"ImageObject","inLanguage":"es","@id":"https:\/\/elicrom.com\/?product=22643#local-main-organization-logo","url":"https:\/\/elicrom.com\/wp-content\/uploads\/2026\/04\/logo-elicrom200X200.jpg","contentUrl":"https:\/\/elicrom.com\/wp-content\/uploads\/2026\/04\/logo-elicrom200X200.jpg","width":200,"height":200,"caption":"ELICROM CIA. LTDA."}]}},"_links":{"self":[{"href":"https:\/\/elicrom.com\/index.php?rest_route=\/wp\/v2\/product\/106965","targetHints":{"allow":["GET"]}}],"collection":[{"href":"https:\/\/elicrom.com\/index.php?rest_route=\/wp\/v2\/product"}],"about":[{"href":"https:\/\/elicrom.com\/index.php?rest_route=\/wp\/v2\/types\/product"}],"replies":[{"embeddable":true,"href":"https:\/\/elicrom.com\/index.php?rest_route=%2Fwp%2Fv2%2Fcomments&post=106965"}],"wp:featuredmedia":[{"embeddable":true,"href":"https:\/\/elicrom.com\/index.php?rest_route=\/wp\/v2\/media\/137696"}],"wp:attachment":[{"href":"https:\/\/elicrom.com\/index.php?rest_route=%2Fwp%2Fv2%2Fmedia&parent=106965"}],"wp:term":[{"taxonomy":"product_brand","embeddable":true,"href":"https:\/\/elicrom.com\/index.php?rest_route=%2Fwp%2Fv2%2Fproduct_brand&post=106965"},{"taxonomy":"product_cat","embeddable":true,"href":"https:\/\/elicrom.com\/index.php?rest_route=%2Fwp%2Fv2%2Fproduct_cat&post=106965"},{"taxonomy":"product_tag","embeddable":true,"href":"https:\/\/elicrom.com\/index.php?rest_route=%2Fwp%2Fv2%2Fproduct_tag&post=106965"}],"curies":[{"name":"wp","href":"https:\/\/api.w.org\/{rel}","templated":true}]}}