
{"id":106925,"date":"2022-09-04T03:14:26","date_gmt":"2022-09-04T03:14:26","guid":{"rendered":"https:\/\/elicrom.com\/?post_type=product&#038;p=106925"},"modified":"2022-09-04T03:14:26","modified_gmt":"2022-09-04T03:14:26","slug":"22623-cabina-de-flujo-laminar-vertical-110v-1800x750x2040-mm","status":"publish","type":"product","link":"https:\/\/elicrom.com\/?product=22623-cabina-de-flujo-laminar-vertical-110v-1800x750x2040-mm","title":{"rendered":"Cabina de flujo laminar Vertical 110V, 1800x750x2040 mm"},"content":{"rendered":"<p>El gabinete de flujo laminar es un banco de trabajo o gabinete similar, que crea un ambiente de trabajo libre de part\u00edculas al tomar aire a trav\u00e9s de un sistema de filtraci\u00f3n y expulsarlo a trav\u00e9s de una superficie de trabajo en una corriente de aire laminar o unidireccional. <\/p>\n<p>El gabinete de flujo laminar es ampliamente utilizado en laboratorios de investigaci\u00f3n m\u00e9dica, hospitales, instalaciones de fabricaci\u00f3n y otros entornos de investigaci\u00f3n y producci\u00f3n.<\/p>\n<p>-Modelo: BBS-V1800<br \/>\n-Altura de la superficie de trabajo: 750 mm<br \/>\n-Pantalla: Pantalla LCD<br \/>\n-Velocidad del flujo de aire: promedio de 0,3 ~ 0,5 m \/ s<br \/>\nMaterial:<br \/>\n-Cuerpo principal: acero laminado en fr\u00edo con recubrimiento en polvo antibacteriano<br \/>\n-Mesa de trabajo: acero inoxidable 304<br \/>\n-Ventanas laterales y delanteras: vidrio templado de 5 mm anti-UV<br \/>\n-Prefiltro: fibra de poli\u00e9ster, lavable<br \/>\n-Filtro HEPA: 99.999% de eficiencia a 0.3um<br \/>\n-Ruido: <65dB\n-Ventana delantera: motorizada\n-Apertura m\u00e1xima: 430 mm\n-L\u00e1mpara LED: 16W * 1\n-L\u00e1mpara UV: 40W * 1 Emisi\u00f3n de 253.7 nan\u00f3metros\n-Z\u00f3calo impermeable: Dos, carga total\u2264500W\n-Lanzador: Lanzador universal con pies niveladores.\n-Fuente de alimentaci\u00f3n: AC110V \u00b1 10%, 60Hz\n-Tama\u00f1o externo\uff08W * D * H): 1800x750x2040 mm\n-Tama\u00f1o interno \uff08W * D * H): 1700x645x610 mm\n\n-Accesorio est\u00e1ndar: L\u00e1mpara LED, l\u00e1mpara UV*2, base de apoyo, grifo de gas, enchufe impermeable*2\n\n<\/p>\n","protected":false},"excerpt":{"rendered":"<p>El gabinete de flujo laminar es un banco de trabajo o gabinete similar, que crea un ambiente de trabajo libre de part\u00edculas al tomar aire a trav\u00e9s de un sistema<\/p>\n","protected":false},"featured_media":142311,"comment_status":"open","ping_status":"closed","template":"","meta":[],"product_brand":[],"product_cat":[3330,1,3370],"product_tag":[],"class_list":{"0":"post-106925","1":"product","2":"type-product","3":"status-publish","4":"has-post-thumbnail","6":"product_cat-Cabinas-y-campanas","7":"product_cat-uncategorized","8":"product_cat-Flujo-laminar","10":"first","11":"instock","12":"taxable","13":"shipping-taxable","14":"product-type-simple"},"aioseo_notices":[],"yoast_head":"<!-- This site is optimized with the Yoast SEO Premium plugin v27.4 (Yoast SEO v27.5) - https:\/\/yoast.com\/product\/yoast-seo-premium-wordpress\/ -->\n<title>Cabina de flujo laminar Vertical 110V, 1800x750x2040 mm - ELICROM<\/title>\n<meta name=\"robots\" content=\"index, follow, max-snippet:-1, max-image-preview:large, max-video-preview:-1\" \/>\n<link rel=\"canonical\" href=\"https:\/\/elicrom.com\/?product=22623\" \/>\n<meta property=\"og:locale\" content=\"es_ES\" \/>\n<meta property=\"og:type\" content=\"article\" \/>\n<meta property=\"og:title\" content=\"Cabina de flujo laminar Vertical 110V, 1800x750x2040 mm\" \/>\n<meta property=\"og:description\" content=\"El gabinete de flujo laminar es un banco de trabajo o gabinete similar, que crea un ambiente de trabajo libre de part\u00edculas al tomar aire a trav\u00e9s de un sistema\" \/>\n<meta property=\"og:url\" content=\"https:\/\/elicrom.com\/?product=22623\" \/>\n<meta property=\"og:site_name\" content=\"ELICROM\" \/>\n<meta property=\"article:publisher\" content=\"https:\/\/www.facebook.com\/elicromlatam\" \/>\n<meta name=\"twitter:card\" content=\"summary_large_image\" \/>\n<meta name=\"twitter:label1\" content=\"Tiempo de lectura\" \/>\n\t<meta name=\"twitter:data1\" content=\"1 minuto\" \/>\n<script type=\"application\/ld+json\" class=\"yoast-schema-graph\">{\"@context\":\"https:\\\/\\\/schema.org\",\"@graph\":[{\"@type\":\"WebPage\",\"@id\":\"https:\\\/\\\/elicrom.com\\\/?product=22623\",\"url\":\"https:\\\/\\\/elicrom.com\\\/?product=22623\",\"name\":\"Cabina de flujo laminar Vertical 110V, 1800x750x2040 mm - ELICROM\",\"isPartOf\":{\"@id\":\"https:\\\/\\\/elicrom.com\\\/#website\"},\"primaryImageOfPage\":{\"@id\":\"https:\\\/\\\/elicrom.com\\\/?product=22623#primaryimage\"},\"image\":{\"@id\":\"https:\\\/\\\/elicrom.com\\\/?product=22623#primaryimage\"},\"thumbnailUrl\":\"https:\\\/\\\/elicrom.com\\\/wp-content\\\/uploads\\\/2013\\\/07\\\/22623-0.jpg\",\"datePublished\":\"2022-09-04T03:14:26+00:00\",\"breadcrumb\":{\"@id\":\"https:\\\/\\\/elicrom.com\\\/?product=22623#breadcrumb\"},\"inLanguage\":\"es\",\"potentialAction\":[{\"@type\":\"ReadAction\",\"target\":[\"https:\\\/\\\/elicrom.com\\\/?product=22623\"]}]},{\"@type\":\"ImageObject\",\"inLanguage\":\"es\",\"@id\":\"https:\\\/\\\/elicrom.com\\\/?product=22623#primaryimage\",\"url\":\"https:\\\/\\\/elicrom.com\\\/wp-content\\\/uploads\\\/2013\\\/07\\\/22623-0.jpg\",\"contentUrl\":\"https:\\\/\\\/elicrom.com\\\/wp-content\\\/uploads\\\/2013\\\/07\\\/22623-0.jpg\",\"width\":800,\"height\":800},{\"@type\":\"BreadcrumbList\",\"@id\":\"https:\\\/\\\/elicrom.com\\\/?product=22623#breadcrumb\",\"itemListElement\":[{\"@type\":\"ListItem\",\"position\":1,\"name\":\"Portada\",\"item\":\"https:\\\/\\\/elicrom.com\\\/\"},{\"@type\":\"ListItem\",\"position\":2,\"name\":\"Tienda en L\u00ednea\",\"item\":\"https:\\\/\\\/elicrom.com\\\/?page_id=3853\"},{\"@type\":\"ListItem\",\"position\":3,\"name\":\"Cabina de flujo laminar Vertical 110V, 1800x750x2040 mm\"}]},{\"@type\":\"WebSite\",\"@id\":\"https:\\\/\\\/elicrom.com\\\/#website\",\"url\":\"https:\\\/\\\/elicrom.com\\\/\",\"name\":\"ELICROM\",\"description\":\"Especializados en actividades espec\u00edficas como son las \u00e1reas de Metrolog\u00eda, Medio Ambiente, Validaciones, Mantenimiento de Equipos de Laboratorio y Construcci\u00f3n\\\/Reformas de Laboratorios.\",\"publisher\":{\"@id\":\"https:\\\/\\\/elicrom.com\\\/#organization\"},\"potentialAction\":[{\"@type\":\"SearchAction\",\"target\":{\"@type\":\"EntryPoint\",\"urlTemplate\":\"https:\\\/\\\/elicrom.com\\\/?s={search_term_string}\"},\"query-input\":{\"@type\":\"PropertyValueSpecification\",\"valueRequired\":true,\"valueName\":\"search_term_string\"}}],\"inLanguage\":\"es\"},{\"@type\":[\"Organization\",\"Place\"],\"@id\":\"https:\\\/\\\/elicrom.com\\\/#organization\",\"name\":\"ELICROM CIA. LTDA.\",\"url\":\"https:\\\/\\\/elicrom.com\\\/\",\"logo\":{\"@id\":\"https:\\\/\\\/elicrom.com\\\/?product=22623#local-main-organization-logo\"},\"image\":{\"@id\":\"https:\\\/\\\/elicrom.com\\\/?product=22623#local-main-organization-logo\"},\"sameAs\":[\"https:\\\/\\\/www.facebook.com\\\/elicromlatam\",\"https:\\\/\\\/www.linkedin.com\\\/company\\\/elicrom-cia-ltda\\\/\",\"https:\\\/\\\/www.instagram.com\\\/elicromlatam\\\/\",\"https:\\\/\\\/www.youtube.com\\\/channel\\\/UCdxnNtnb97QtSjABhpwY4Pw\"],\"telephone\":[],\"openingHoursSpecification\":[{\"@type\":\"OpeningHoursSpecification\",\"dayOfWeek\":[\"Monday\",\"Tuesday\",\"Wednesday\",\"Thursday\",\"Friday\",\"Saturday\",\"Sunday\"],\"opens\":\"09:00\",\"closes\":\"17:00\"}]},{\"@type\":\"ImageObject\",\"inLanguage\":\"es\",\"@id\":\"https:\\\/\\\/elicrom.com\\\/?product=22623#local-main-organization-logo\",\"url\":\"https:\\\/\\\/elicrom.com\\\/wp-content\\\/uploads\\\/2026\\\/04\\\/logo-elicrom200X200.jpg\",\"contentUrl\":\"https:\\\/\\\/elicrom.com\\\/wp-content\\\/uploads\\\/2026\\\/04\\\/logo-elicrom200X200.jpg\",\"width\":200,\"height\":200,\"caption\":\"ELICROM CIA. LTDA.\"}]}<\/script>\n<!-- \/ Yoast SEO Premium plugin. -->","yoast_head_json":{"title":"Cabina de flujo laminar Vertical 110V, 1800x750x2040 mm - ELICROM","robots":{"index":"index","follow":"follow","max-snippet":"max-snippet:-1","max-image-preview":"max-image-preview:large","max-video-preview":"max-video-preview:-1"},"canonical":"https:\/\/elicrom.com\/?product=22623","og_locale":"es_ES","og_type":"article","og_title":"Cabina de flujo laminar Vertical 110V, 1800x750x2040 mm","og_description":"El gabinete de flujo laminar es un banco de trabajo o gabinete similar, que crea un ambiente de trabajo libre de part\u00edculas al tomar aire a trav\u00e9s de un sistema","og_url":"https:\/\/elicrom.com\/?product=22623","og_site_name":"ELICROM","article_publisher":"https:\/\/www.facebook.com\/elicromlatam","twitter_card":"summary_large_image","twitter_misc":{"Tiempo de lectura":"1 minuto"},"schema":{"@context":"https:\/\/schema.org","@graph":[{"@type":"WebPage","@id":"https:\/\/elicrom.com\/?product=22623","url":"https:\/\/elicrom.com\/?product=22623","name":"Cabina de flujo laminar Vertical 110V, 1800x750x2040 mm - ELICROM","isPartOf":{"@id":"https:\/\/elicrom.com\/#website"},"primaryImageOfPage":{"@id":"https:\/\/elicrom.com\/?product=22623#primaryimage"},"image":{"@id":"https:\/\/elicrom.com\/?product=22623#primaryimage"},"thumbnailUrl":"https:\/\/elicrom.com\/wp-content\/uploads\/2013\/07\/22623-0.jpg","datePublished":"2022-09-04T03:14:26+00:00","breadcrumb":{"@id":"https:\/\/elicrom.com\/?product=22623#breadcrumb"},"inLanguage":"es","potentialAction":[{"@type":"ReadAction","target":["https:\/\/elicrom.com\/?product=22623"]}]},{"@type":"ImageObject","inLanguage":"es","@id":"https:\/\/elicrom.com\/?product=22623#primaryimage","url":"https:\/\/elicrom.com\/wp-content\/uploads\/2013\/07\/22623-0.jpg","contentUrl":"https:\/\/elicrom.com\/wp-content\/uploads\/2013\/07\/22623-0.jpg","width":800,"height":800},{"@type":"BreadcrumbList","@id":"https:\/\/elicrom.com\/?product=22623#breadcrumb","itemListElement":[{"@type":"ListItem","position":1,"name":"Portada","item":"https:\/\/elicrom.com\/"},{"@type":"ListItem","position":2,"name":"Tienda en L\u00ednea","item":"https:\/\/elicrom.com\/?page_id=3853"},{"@type":"ListItem","position":3,"name":"Cabina de flujo laminar Vertical 110V, 1800x750x2040 mm"}]},{"@type":"WebSite","@id":"https:\/\/elicrom.com\/#website","url":"https:\/\/elicrom.com\/","name":"ELICROM","description":"Especializados en actividades espec\u00edficas como son las \u00e1reas de Metrolog\u00eda, Medio Ambiente, Validaciones, Mantenimiento de Equipos de Laboratorio y Construcci\u00f3n\/Reformas de Laboratorios.","publisher":{"@id":"https:\/\/elicrom.com\/#organization"},"potentialAction":[{"@type":"SearchAction","target":{"@type":"EntryPoint","urlTemplate":"https:\/\/elicrom.com\/?s={search_term_string}"},"query-input":{"@type":"PropertyValueSpecification","valueRequired":true,"valueName":"search_term_string"}}],"inLanguage":"es"},{"@type":["Organization","Place"],"@id":"https:\/\/elicrom.com\/#organization","name":"ELICROM CIA. LTDA.","url":"https:\/\/elicrom.com\/","logo":{"@id":"https:\/\/elicrom.com\/?product=22623#local-main-organization-logo"},"image":{"@id":"https:\/\/elicrom.com\/?product=22623#local-main-organization-logo"},"sameAs":["https:\/\/www.facebook.com\/elicromlatam","https:\/\/www.linkedin.com\/company\/elicrom-cia-ltda\/","https:\/\/www.instagram.com\/elicromlatam\/","https:\/\/www.youtube.com\/channel\/UCdxnNtnb97QtSjABhpwY4Pw"],"telephone":[],"openingHoursSpecification":[{"@type":"OpeningHoursSpecification","dayOfWeek":["Monday","Tuesday","Wednesday","Thursday","Friday","Saturday","Sunday"],"opens":"09:00","closes":"17:00"}]},{"@type":"ImageObject","inLanguage":"es","@id":"https:\/\/elicrom.com\/?product=22623#local-main-organization-logo","url":"https:\/\/elicrom.com\/wp-content\/uploads\/2026\/04\/logo-elicrom200X200.jpg","contentUrl":"https:\/\/elicrom.com\/wp-content\/uploads\/2026\/04\/logo-elicrom200X200.jpg","width":200,"height":200,"caption":"ELICROM CIA. LTDA."}]}},"_links":{"self":[{"href":"https:\/\/elicrom.com\/index.php?rest_route=\/wp\/v2\/product\/106925","targetHints":{"allow":["GET"]}}],"collection":[{"href":"https:\/\/elicrom.com\/index.php?rest_route=\/wp\/v2\/product"}],"about":[{"href":"https:\/\/elicrom.com\/index.php?rest_route=\/wp\/v2\/types\/product"}],"replies":[{"embeddable":true,"href":"https:\/\/elicrom.com\/index.php?rest_route=%2Fwp%2Fv2%2Fcomments&post=106925"}],"wp:featuredmedia":[{"embeddable":true,"href":"https:\/\/elicrom.com\/index.php?rest_route=\/wp\/v2\/media\/142311"}],"wp:attachment":[{"href":"https:\/\/elicrom.com\/index.php?rest_route=%2Fwp%2Fv2%2Fmedia&parent=106925"}],"wp:term":[{"taxonomy":"product_brand","embeddable":true,"href":"https:\/\/elicrom.com\/index.php?rest_route=%2Fwp%2Fv2%2Fproduct_brand&post=106925"},{"taxonomy":"product_cat","embeddable":true,"href":"https:\/\/elicrom.com\/index.php?rest_route=%2Fwp%2Fv2%2Fproduct_cat&post=106925"},{"taxonomy":"product_tag","embeddable":true,"href":"https:\/\/elicrom.com\/index.php?rest_route=%2Fwp%2Fv2%2Fproduct_tag&post=106925"}],"curies":[{"name":"wp","href":"https:\/\/api.w.org\/{rel}","templated":true}]}}