
{"id":2183,"date":"2020-10-28T08:28:22","date_gmt":"2020-10-28T13:28:22","guid":{"rendered":"https:\/\/demo2.chethemes.com\/electro\/?page_id=2183"},"modified":"2026-05-05T11:00:46","modified_gmt":"2026-05-05T16:00:46","slug":"terms-and-conditions","status":"publish","type":"page","link":"https:\/\/elicrom.com\/?page_id=2183","title":{"rendered":"T\u00e9rminos y Condiciones"},"content":{"rendered":"<h3 data-section-id=\"g3xhq4\" data-start=\"166\" data-end=\"193\">\ud83d\udccc Alcance y aceptaci\u00f3n<\/h3>\n<p data-start=\"194\" data-end=\"475\">El acceso y uso de este sitio web se rige por los presentes t\u00e9rminos y condiciones. Al navegar o realizar una compra, el usuario acepta de forma expresa y sin reservas todas las disposiciones aqu\u00ed descritas. En caso de no estar de acuerdo, deber\u00e1 abstenerse de utilizar este sitio.<\/p>\n<hr data-start=\"477\" data-end=\"480\" \/>\n<h3 data-section-id=\"1o01oo8\" data-start=\"482\" data-end=\"509\">\ud83c\udf0e \u00c1mbito de aplicaci\u00f3n<\/h3>\n<p data-start=\"510\" data-end=\"773\">Las compras realizadas a trav\u00e9s de este sitio web aplican exclusivamente dentro de la Rep\u00fablica del Ecuador. Asimismo, todas las transacciones se rigen por la legislaci\u00f3n ecuatoriana vigente, por lo que estos t\u00e9rminos tienen car\u00e1cter vinculante para ambas partes.<\/p>\n<hr data-start=\"775\" data-end=\"778\" \/>\n<h3 data-section-id=\"kbnc78\" data-start=\"780\" data-end=\"802\">\ud83d\udc64 Capacidad legal<\/h3>\n<p data-start=\"803\" data-end=\"969\">El uso de este sitio est\u00e1 permitido \u00fanicamente a personas con capacidad legal para contratar. Por lo tanto, los servicios no deben ser utilizados por menores de edad.<\/p>\n<hr data-start=\"971\" data-end=\"974\" \/>\n<h3 data-section-id=\"1uaauuc\" data-start=\"976\" data-end=\"1013\">\ud83d\uded2 Proceso de compra y validaci\u00f3n<\/h3>\n<p data-start=\"1014\" data-end=\"1085\">Toda compra est\u00e1 sujeta a un proceso de verificaci\u00f3n que puede incluir:<\/p>\n<ul data-start=\"1087\" data-end=\"1302\">\n<li data-section-id=\"1muvdod\" data-start=\"1087\" data-end=\"1129\">Confirmaci\u00f3n de disponibilidad y stock<\/li>\n<li data-section-id=\"13xzvp0\" data-start=\"1130\" data-end=\"1176\">Validaci\u00f3n del m\u00e9todo de pago seleccionado<\/li>\n<li data-section-id=\"ml6zd0\" data-start=\"1177\" data-end=\"1225\">Cumplimiento de requisitos del medio de pago<\/li>\n<li data-section-id=\"1gtzyqm\" data-start=\"1226\" data-end=\"1302\">Verificaci\u00f3n adicional mediante correo electr\u00f3nico, cuando sea necesario<\/li>\n<\/ul>\n<hr data-start=\"1304\" data-end=\"1307\" \/>\n<h3 data-section-id=\"bxo0jd\" data-start=\"1309\" data-end=\"1341\">\ud83d\uddbc\ufe0f Informaci\u00f3n de productos<\/h3>\n<p data-start=\"1342\" data-end=\"1548\">Los productos publicados se presentan mediante im\u00e1genes, descripciones, fichas t\u00e9cnicas y otros elementos visuales con fines informativos. Sin embargo, pueden existir variaciones respecto al producto final.<\/p>\n<p data-start=\"1550\" data-end=\"1731\">En este sentido, ELICROM CIA. LTDA. no garantiza la exactitud total, disponibilidad permanente o adecuaci\u00f3n espec\u00edfica de la informaci\u00f3n mostrada, en la medida permitida por la ley.<\/p>\n<hr data-start=\"1733\" data-end=\"1736\" \/>\n<h3 data-section-id=\"19i7lre\" data-start=\"1738\" data-end=\"1772\">\u26a0\ufe0f Responsabilidad del usuario<\/h3>\n<p data-start=\"1773\" data-end=\"2064\">El usuario es responsable del uso, selecci\u00f3n y destino de los productos adquiridos. En consecuencia, exonera a ELICROM CIA. LTDA. de cualquier responsabilidad derivada de un uso inadecuado, conforme a lo establecido en la Ley de Comercio Electr\u00f3nico, Firmas Electr\u00f3nicas y Mensajes de Datos.<\/p>\n<hr data-start=\"2066\" data-end=\"2069\" \/>\n<h3 data-section-id=\"ao4ngg\" data-start=\"2071\" data-end=\"2099\">\u00a9\ufe0f Propiedad intelectual<\/h3>\n<p data-start=\"2100\" data-end=\"2352\">Todo el contenido de este sitio web, incluyendo dise\u00f1o, textos, im\u00e1genes, logotipos y gr\u00e1ficos, es propiedad de ELICROM CIA. LTDA. o cuenta con licencia para su uso. Por lo tanto, queda prohibida su reproducci\u00f3n total o parcial sin autorizaci\u00f3n previa.<\/p>\n<hr data-start=\"2354\" data-end=\"2357\" \/>\n<h3 data-section-id=\"1suynhw\" data-start=\"2359\" data-end=\"2399\">\ud83d\udcb2 Precios y condiciones comerciales<\/h3>\n<p data-start=\"2400\" data-end=\"2581\">Los precios se expresan en d\u00f3lares estadounidenses (USD) e incluyen impuestos aplicables. Adem\u00e1s, los costos de env\u00edo y gesti\u00f3n ser\u00e1n detallados al momento de confirmar cada pedido.<\/p>\n<hr data-start=\"2583\" data-end=\"2586\" \/>\n<h3 data-section-id=\"7vpy7l\" data-start=\"2588\" data-end=\"2623\">\ud83c\udf9f\ufe0f Uso de c\u00f3digos de descuento<\/h3>\n<p data-start=\"2624\" data-end=\"2720\">Los c\u00f3digos promocionales deber\u00e1n utilizarse conforme a sus condiciones espec\u00edficas. En general:<\/p>\n<ul data-start=\"2722\" data-end=\"2860\">\n<li data-section-id=\"1a8lcv7\" data-start=\"2722\" data-end=\"2762\">Se permite un solo c\u00f3digo por pedido<\/li>\n<li data-section-id=\"10yfwcq\" data-start=\"2763\" data-end=\"2807\">No son acumulables con otras promociones<\/li>\n<li data-section-id=\"1k0ehtf\" data-start=\"2808\" data-end=\"2860\">Pueden no aplicar a ciertos productos o campa\u00f1as<\/li>\n<\/ul>\n<hr data-start=\"2862\" data-end=\"2865\" \/>\n<h3 data-section-id=\"w2qwd1\" data-start=\"2867\" data-end=\"2892\">\ud83d\udd17 Enlaces a terceros<\/h3>\n<p data-start=\"2893\" data-end=\"3122\">Este sitio puede contener enlaces a p\u00e1ginas externas. No obstante, ELICROM CIA. LTDA. no tiene control sobre dichos sitios, por lo que no se responsabiliza por su contenido, pol\u00edticas de privacidad o pr\u00e1cticas de manejo de datos.<\/p>\n<hr data-start=\"3124\" data-end=\"3127\" \/>\n<h3 data-section-id=\"rtjenv\" data-start=\"3129\" data-end=\"3161\">\u2705 Consentimiento del usuario<\/h3>\n<p data-start=\"3162\" data-end=\"3318\">Se entender\u00e1 que el usuario otorga su consentimiento libre, expreso y voluntario a estos t\u00e9rminos al utilizar el sitio web o realizar cualquier transacci\u00f3n.<\/p>\n","protected":false},"excerpt":{"rendered":"<p>\ud83d\udccc Alcance y aceptaci\u00f3n El acceso y uso de este sitio web se rige por los presentes t\u00e9rminos y condiciones. Al navegar o realizar una compra, el usuario acepta de<\/p>\n","protected":false},"author":4831,"featured_media":0,"parent":0,"menu_order":0,"comment_status":"closed","ping_status":"closed","template":"","meta":{"footnotes":""},"class_list":["post-2183","page","type-page","status-publish","hentry"],"aioseo_notices":[],"yoast_head":"<!-- This site is optimized with the Yoast SEO Premium plugin v27.4 (Yoast SEO v27.5) - https:\/\/yoast.com\/product\/yoast-seo-premium-wordpress\/ -->\n<title>T\u00e9rminos y Condiciones - ELICROM<\/title>\n<meta name=\"description\" content=\"El acceso y uso de este sitio web se rige bajo los t\u00e9rminos descritos\" \/>\n<meta name=\"robots\" content=\"noindex, follow\" \/>\n<meta property=\"og:locale\" content=\"es_ES\" \/>\n<meta property=\"og:type\" content=\"article\" \/>\n<meta property=\"og:title\" content=\"T\u00e9rminos y Condiciones\" \/>\n<meta property=\"og:description\" content=\"El acceso y uso de este sitio web se rige bajo los t\u00e9rminos descritos\" \/>\n<meta property=\"og:url\" content=\"https:\/\/elicrom.com\/?page_id=2183\" \/>\n<meta property=\"og:site_name\" content=\"ELICROM\" \/>\n<meta property=\"article:publisher\" content=\"https:\/\/www.facebook.com\/elicromlatam\" \/>\n<meta property=\"article:modified_time\" content=\"2026-05-05T16:00:46+00:00\" \/>\n<meta name=\"twitter:card\" content=\"summary_large_image\" \/>\n<meta name=\"twitter:label1\" content=\"Tiempo de lectura\" \/>\n\t<meta name=\"twitter:data1\" content=\"3 minutos\" \/>\n<script type=\"application\/ld+json\" class=\"yoast-schema-graph\">{\"@context\":\"https:\\\/\\\/schema.org\",\"@graph\":[{\"@type\":\"WebPage\",\"@id\":\"https:\\\/\\\/elicrom.com\\\/?page_id=2183\",\"url\":\"https:\\\/\\\/elicrom.com\\\/?page_id=2183\",\"name\":\"T\u00e9rminos y Condiciones - ELICROM\",\"isPartOf\":{\"@id\":\"https:\\\/\\\/elicrom.com\\\/#website\"},\"datePublished\":\"2020-10-28T13:28:22+00:00\",\"dateModified\":\"2026-05-05T16:00:46+00:00\",\"description\":\"El acceso y uso de este sitio web se rige bajo los t\u00e9rminos descritos\",\"breadcrumb\":{\"@id\":\"https:\\\/\\\/elicrom.com\\\/?page_id=2183#breadcrumb\"},\"inLanguage\":\"es\",\"potentialAction\":[{\"@type\":\"ReadAction\",\"target\":[\"https:\\\/\\\/elicrom.com\\\/?page_id=2183\"]}]},{\"@type\":\"BreadcrumbList\",\"@id\":\"https:\\\/\\\/elicrom.com\\\/?page_id=2183#breadcrumb\",\"itemListElement\":[{\"@type\":\"ListItem\",\"position\":1,\"name\":\"Portada\",\"item\":\"https:\\\/\\\/elicrom.com\\\/\"},{\"@type\":\"ListItem\",\"position\":2,\"name\":\"T\u00e9rminos y Condiciones\"}]},{\"@type\":\"WebSite\",\"@id\":\"https:\\\/\\\/elicrom.com\\\/#website\",\"url\":\"https:\\\/\\\/elicrom.com\\\/\",\"name\":\"ELICROM\",\"description\":\"Especializados en actividades espec\u00edficas como son las \u00e1reas de Metrolog\u00eda, Medio Ambiente, Validaciones, Mantenimiento de Equipos de Laboratorio y Construcci\u00f3n\\\/Reformas de Laboratorios.\",\"publisher\":{\"@id\":\"https:\\\/\\\/elicrom.com\\\/#organization\"},\"potentialAction\":[{\"@type\":\"SearchAction\",\"target\":{\"@type\":\"EntryPoint\",\"urlTemplate\":\"https:\\\/\\\/elicrom.com\\\/?s={search_term_string}\"},\"query-input\":{\"@type\":\"PropertyValueSpecification\",\"valueRequired\":true,\"valueName\":\"search_term_string\"}}],\"inLanguage\":\"es\"},{\"@type\":[\"Organization\",\"Place\"],\"@id\":\"https:\\\/\\\/elicrom.com\\\/#organization\",\"name\":\"ELICROM CIA. LTDA.\",\"url\":\"https:\\\/\\\/elicrom.com\\\/\",\"logo\":{\"@id\":\"https:\\\/\\\/elicrom.com\\\/?page_id=2183#local-main-organization-logo\"},\"image\":{\"@id\":\"https:\\\/\\\/elicrom.com\\\/?page_id=2183#local-main-organization-logo\"},\"sameAs\":[\"https:\\\/\\\/www.facebook.com\\\/elicromlatam\",\"https:\\\/\\\/www.linkedin.com\\\/company\\\/elicrom-cia-ltda\\\/\",\"https:\\\/\\\/www.instagram.com\\\/elicromlatam\\\/\",\"https:\\\/\\\/www.youtube.com\\\/channel\\\/UCdxnNtnb97QtSjABhpwY4Pw\"],\"telephone\":[],\"openingHoursSpecification\":[{\"@type\":\"OpeningHoursSpecification\",\"dayOfWeek\":[\"Monday\",\"Tuesday\",\"Wednesday\",\"Thursday\",\"Friday\",\"Saturday\",\"Sunday\"],\"opens\":\"09:00\",\"closes\":\"17:00\"}]},{\"@type\":\"ImageObject\",\"inLanguage\":\"es\",\"@id\":\"https:\\\/\\\/elicrom.com\\\/?page_id=2183#local-main-organization-logo\",\"url\":\"https:\\\/\\\/elicrom.com\\\/wp-content\\\/uploads\\\/2026\\\/04\\\/logo-elicrom200X200.jpg\",\"contentUrl\":\"https:\\\/\\\/elicrom.com\\\/wp-content\\\/uploads\\\/2026\\\/04\\\/logo-elicrom200X200.jpg\",\"width\":200,\"height\":200,\"caption\":\"ELICROM CIA. LTDA.\"}]}<\/script>\n<!-- \/ Yoast SEO Premium plugin. -->","yoast_head_json":{"title":"T\u00e9rminos y Condiciones - ELICROM","description":"El acceso y uso de este sitio web se rige bajo los t\u00e9rminos descritos","robots":{"index":"noindex","follow":"follow"},"og_locale":"es_ES","og_type":"article","og_title":"T\u00e9rminos y Condiciones","og_description":"El acceso y uso de este sitio web se rige bajo los t\u00e9rminos descritos","og_url":"https:\/\/elicrom.com\/?page_id=2183","og_site_name":"ELICROM","article_publisher":"https:\/\/www.facebook.com\/elicromlatam","article_modified_time":"2026-05-05T16:00:46+00:00","twitter_card":"summary_large_image","twitter_misc":{"Tiempo de lectura":"3 minutos"},"schema":{"@context":"https:\/\/schema.org","@graph":[{"@type":"WebPage","@id":"https:\/\/elicrom.com\/?page_id=2183","url":"https:\/\/elicrom.com\/?page_id=2183","name":"T\u00e9rminos y Condiciones - ELICROM","isPartOf":{"@id":"https:\/\/elicrom.com\/#website"},"datePublished":"2020-10-28T13:28:22+00:00","dateModified":"2026-05-05T16:00:46+00:00","description":"El acceso y uso de este sitio web se rige bajo los t\u00e9rminos descritos","breadcrumb":{"@id":"https:\/\/elicrom.com\/?page_id=2183#breadcrumb"},"inLanguage":"es","potentialAction":[{"@type":"ReadAction","target":["https:\/\/elicrom.com\/?page_id=2183"]}]},{"@type":"BreadcrumbList","@id":"https:\/\/elicrom.com\/?page_id=2183#breadcrumb","itemListElement":[{"@type":"ListItem","position":1,"name":"Portada","item":"https:\/\/elicrom.com\/"},{"@type":"ListItem","position":2,"name":"T\u00e9rminos y Condiciones"}]},{"@type":"WebSite","@id":"https:\/\/elicrom.com\/#website","url":"https:\/\/elicrom.com\/","name":"ELICROM","description":"Especializados en actividades espec\u00edficas como son las \u00e1reas de Metrolog\u00eda, Medio Ambiente, Validaciones, Mantenimiento de Equipos de Laboratorio y Construcci\u00f3n\/Reformas de Laboratorios.","publisher":{"@id":"https:\/\/elicrom.com\/#organization"},"potentialAction":[{"@type":"SearchAction","target":{"@type":"EntryPoint","urlTemplate":"https:\/\/elicrom.com\/?s={search_term_string}"},"query-input":{"@type":"PropertyValueSpecification","valueRequired":true,"valueName":"search_term_string"}}],"inLanguage":"es"},{"@type":["Organization","Place"],"@id":"https:\/\/elicrom.com\/#organization","name":"ELICROM CIA. LTDA.","url":"https:\/\/elicrom.com\/","logo":{"@id":"https:\/\/elicrom.com\/?page_id=2183#local-main-organization-logo"},"image":{"@id":"https:\/\/elicrom.com\/?page_id=2183#local-main-organization-logo"},"sameAs":["https:\/\/www.facebook.com\/elicromlatam","https:\/\/www.linkedin.com\/company\/elicrom-cia-ltda\/","https:\/\/www.instagram.com\/elicromlatam\/","https:\/\/www.youtube.com\/channel\/UCdxnNtnb97QtSjABhpwY4Pw"],"telephone":[],"openingHoursSpecification":[{"@type":"OpeningHoursSpecification","dayOfWeek":["Monday","Tuesday","Wednesday","Thursday","Friday","Saturday","Sunday"],"opens":"09:00","closes":"17:00"}]},{"@type":"ImageObject","inLanguage":"es","@id":"https:\/\/elicrom.com\/?page_id=2183#local-main-organization-logo","url":"https:\/\/elicrom.com\/wp-content\/uploads\/2026\/04\/logo-elicrom200X200.jpg","contentUrl":"https:\/\/elicrom.com\/wp-content\/uploads\/2026\/04\/logo-elicrom200X200.jpg","width":200,"height":200,"caption":"ELICROM CIA. LTDA."}]}},"_links":{"self":[{"href":"https:\/\/elicrom.com\/index.php?rest_route=\/wp\/v2\/pages\/2183","targetHints":{"allow":["GET"]}}],"collection":[{"href":"https:\/\/elicrom.com\/index.php?rest_route=\/wp\/v2\/pages"}],"about":[{"href":"https:\/\/elicrom.com\/index.php?rest_route=\/wp\/v2\/types\/page"}],"author":[{"embeddable":true,"href":"https:\/\/elicrom.com\/index.php?rest_route=\/wp\/v2\/users\/4831"}],"replies":[{"embeddable":true,"href":"https:\/\/elicrom.com\/index.php?rest_route=%2Fwp%2Fv2%2Fcomments&post=2183"}],"version-history":[{"count":5,"href":"https:\/\/elicrom.com\/index.php?rest_route=\/wp\/v2\/pages\/2183\/revisions"}],"predecessor-version":[{"id":144353,"href":"https:\/\/elicrom.com\/index.php?rest_route=\/wp\/v2\/pages\/2183\/revisions\/144353"}],"wp:attachment":[{"href":"https:\/\/elicrom.com\/index.php?rest_route=%2Fwp%2Fv2%2Fmedia&parent=2183"}],"curies":[{"name":"wp","href":"https:\/\/api.w.org\/{rel}","templated":true}]}}